{"id":2770,"date":"2024-02-16T10:05:28","date_gmt":"2024-02-16T09:05:28","guid":{"rendered":"https:\/\/34.88.231.180\/?page_id=2770"},"modified":"2024-06-14T10:13:34","modified_gmt":"2024-06-14T08:13:34","slug":"privacy-policy","status":"publish","type":"page","link":"https:\/\/www.selfprotein.com\/sv\/privacy-policy\/","title":{"rendered":"Integritetspolicy"},"content":{"rendered":"<div data-elementor-type=\"wp-page\" data-elementor-id=\"2770\" class=\"elementor elementor-2770\" data-elementor-post-type=\"page\">\n\t\t\t\t<div class=\"elementor-element elementor-element-7e34914 e-flex e-con-boxed e-con e-parent\" data-id=\"7e34914\" data-element_type=\"container\">\n\t\t\t\t\t<div class=\"e-con-inner\">\n\t\t\t\t<div class=\"elementor-element elementor-element-c526cbd elementor-widget elementor-widget-heading\" data-id=\"c526cbd\" data-element_type=\"widget\" data-widget_type=\"heading.default\">\n\t\t\t\t<div class=\"elementor-widget-container\">\n\t\t\t\t\t<h1 class=\"elementor-heading-title elementor-size-default\">Integritetspolicy<\/h1>\t\t\t\t<\/div>\n\t\t\t\t<\/div>\n\t\t\t\t\t<\/div>\n\t\t\t\t<\/div>\n\t\t<div class=\"elementor-element elementor-element-dff0ae9 e-flex e-con-boxed e-con e-parent\" data-id=\"dff0ae9\" data-element_type=\"container\">\n\t\t\t\t\t<div class=\"e-con-inner\">\n\t\t\t\t<div class=\"elementor-element elementor-element-7eec3f1 elementor-widget elementor-widget-heading\" data-id=\"7eec3f1\" data-element_type=\"widget\" data-widget_type=\"heading.default\">\n\t\t\t\t<div class=\"elementor-widget-container\">\n\t\t\t\t\t<h2 class=\"elementor-heading-title elementor-size-default\">13 Protein Import AB | Self omninutrition (13PIAB | SELF)<\/h2>\t\t\t\t<\/div>\n\t\t\t\t<\/div>\n\t\t\t\t\t<\/div>\n\t\t\t\t<\/div>\n\t\t<div class=\"elementor-element elementor-element-f2554a9 e-flex e-con-boxed e-con e-parent\" data-id=\"f2554a9\" data-element_type=\"container\">\n\t\t\t\t\t<div class=\"e-con-inner\">\n\t\t\t\t<div class=\"elementor-element elementor-element-00b6ae9 elementor-widget elementor-widget-text-editor\" data-id=\"00b6ae9\" data-element_type=\"widget\" data-widget_type=\"text-editor.default\">\n\t\t\t\t<div class=\"elementor-widget-container\">\n\t\t\t\t\t\t\t\t\tDatasekretess \u00e4r viktigt f\u00f6r 13PIAB | SELF \u00e4r det viktigt att dina personuppgifter hanteras ansvarsfullt med h\u00e4nsyn till din integritet och du kan f\u00e5 reda p\u00e5 vilken information vi har om dig och hur vi anv\u00e4nder den. Denna policy beskriver ocks\u00e5 dina r\u00e4ttigheter och hur du ut\u00f6var dina r\u00e4ttigheter.\n<h3 style=\"font-family: average sans;\"><strong>Vem \u00e4r personuppgiftsansvarig f\u00f6r dina personuppgifter?<\/strong><\/h3>\nDet svenska f\u00f6retaget, med nedanst\u00e5ende adress, med s\u00e4te i Stockholm ansvarar i enlighet med g\u00e4llande dataskyddsbest\u00e4mmelser, f\u00f6r de personuppgifter som du har l\u00e4mnat eller l\u00e4mnat till oss: 13 Protein Import AB Speditionsv\u00e4gen 45 SE-142 50 SKOG\u00c5S\/ STOCKHOLM SVERIGE F\u00f6retagsregister: Bolagsverket F\u00f6retagsnummer: 556641-1830 Momsnummer: SE556641183001\n<h3 style=\"font-family: average sans;\"><strong>Kontakta oss<\/strong><\/h3>\nOm du har fr\u00e5gor eller funderingar kring hanteringen av dina personuppgifter och din information \u00e4r du v\u00e4lkommen att mejla oss p\u00e5 f\u00f6ljande kontaktuppgifter: E-post: <a href=\"mailto:privacy@13protein.com\">privacy@13protein.com<\/a> Tfn: + 46 (0) 8 645 79 59\n<h3 style=\"font-family: average sans;\"><strong>Vilken information samlar vi in?<\/strong><\/h3>\n13PIAB | SELF samlar in information inom f\u00f6ljande omr\u00e5den och funktioner. N\u00e4r du anv\u00e4nder v\u00e5ra tj\u00e4nster eller handlar hos oss kan du direkt eller indirekt komma att ge oss information om dig sj\u00e4lv p\u00e5 ett antal s\u00e4tt, till exempel n\u00e4r du g\u00f6r ett k\u00f6p via v\u00e5r hemsida eller kontaktar oss d\u00e4r du l\u00e4mnar bort personlig information av n\u00e5got slag .\n<h3 style=\"font-family: average sans;\"><strong>Information som du l\u00e4mnar till oss och som vi samlar in om dig<\/strong><\/h3>\n<ul>\n \t<li>Kontaktuppgifter (namn, e-postadress, telefonnummer, fakturerings- och leveransadress).<\/li>\n \t<li>Betalningsinformation (kreditkortsinformation, faktureringsinformation etc.).<\/li>\n \t<li>Adressinformation (adressinformation kommer att fyllas i av dig, kunden, eller om det beg\u00e4rs av dig, fr\u00e5n partners som t.ex: Klarna, Paypal)<\/li>\n \t<li>Information om produkter\/tj\u00e4nster (uppgifter om de produkter\/tj\u00e4nster som du har k\u00f6pt)<\/li>\n \t<li>Finansiell information (godk\u00e4nda krediter via v\u00e5ra partners. (Exempel p\u00e5 k\u00e4llor: Klarna, PayPal).<\/li>\n \t<li>Information om hur du anv\u00e4nder v\u00e5r webbplats, hur du n\u00e5dde oss och hur du anv\u00e4nder v\u00e5ra tj\u00e4nster.<\/li>\n<\/ul>\n<h3 style=\"font-family: average sans;\"><strong>Vad g\u00f6r vi med din information?<\/strong><\/h3>\nN\u00e4r du k\u00f6per produkter eller tj\u00e4nster fr\u00e5n 13PIAB | SELF, dina personuppgifter lagras och anv\u00e4nds f\u00f6r att f\u00f6rb\u00e4ttra v\u00e5r tj\u00e4nst och v\u00e5ra tj\u00e4nster. N\u00e4r och om du bekr\u00e4ftar en best\u00e4llning kommer dina personuppgifter att behandlas med:\n<ul>\n \t<li>Slutf\u00f6ra ditt k\u00f6p av produkter eller tj\u00e4nster och, om n\u00f6dv\u00e4ndigt, verifiera din identitet.<\/li>\n \t<li>kunna ge dig kundsupport och information om produkter eller tj\u00e4nster<\/li>\n \t<li>Administrera, utveckla, f\u00f6rb\u00e4ttra och testa v\u00e5ra tj\u00e4nster samt det system som de tillhandah\u00e5lls i.<\/li>\n \t<li>Marknadsf\u00f6ra produkter eller tj\u00e4nster.<\/li>\n<\/ul>\nOm du ger ditt samtycke kommer dina personuppgifter att behandlas f\u00f6r att:\n<ul>\n \t<li>Skicka nyhetsbrev med aktuella eller personliga erbjudanden<\/li>\n \t<li>Genom cookies spara dina webbinst\u00e4llningar f\u00f6r att skapa en personlig anv\u00e4ndarupplevelse, och kunna rikta marknadsf\u00f6ringserbjudanden till dig.<\/li>\n \t<li>Utv\u00e4rdera och f\u00f6rb\u00e4ttra v\u00e5ra produkter och tj\u00e4nster, och de system som de tillhandah\u00e5lls i, t.ex. genom fels\u00f6kning, dataanalys och liknande<\/li>\n \t<li>Hantera kundtj\u00e4nst\u00e4renden (f\u00f6rfr\u00e5gningar, klagom\u00e5l och liknande)<\/li>\n \t<li>F\u00f6rebygga missbruk av tj\u00e4nsten (f\u00f6rebygga, f\u00f6rhindra och utreda brott)<\/li>\n<\/ul>\n13PIAB | SELF kommer \u00e4ven att samla in och behandla personuppgifter f\u00f6r att f\u00f6lja till\u00e4mplig lagstiftning t.ex. bokf\u00f6ringslag, skatter\u00e4tt.\n<h3 style=\"font-family: average sans;\"><strong>Kommunicera med dig<\/strong><\/h3>\n13PIAB | SELF kan ocks\u00e5 anv\u00e4nda din information f\u00f6r att kommunicera med dig via analoga och digitala marknadsf\u00f6ringskanaler. Om du inte vill f\u00e5 riktad kommunikation fr\u00e5n oss kan du avsluta prenumerationen genom att logga in p\u00e5 mitt konto och hantera ditt konto. Observera att till\u00e4gget inte g\u00e4ller omedelbart och det kan f\u00f6rekomma f\u00f6rseningar i inst\u00e4llningarna.\n<h3 style=\"font-family: average sans;\"><strong>Vad vi kan dela din information med<\/strong><\/h3>\nF\u00f6r att kunna tillhandah\u00e5lla v\u00e5ra tj\u00e4nster, och f\u00f6r att leverera dina produkter till dig, kan vi \u00f6verf\u00f6ra till eller dela din information med utvalda tredje parter. Leverant\u00f6rer, underleverant\u00f6rer: F\u00f6r att uppfylla v\u00e5ra skyldigheter gentemot dig och f\u00f6r andra \u00e4ndam\u00e5l som beskrivs i denna policy, 13PIAB | SELF kan komma att dela dina personuppgifter och information till leverant\u00f6rer eller entrepren\u00f6rer (inklusive. Logistikf\u00f6retag) och \u00e4r strikt reglerade av ett avtal mellan f\u00f6retagen. Kreditinstitut: F\u00f6r att hantera dina betalningar delas dina uppgifter med finansiella akt\u00f6rer och som du kanske redan har ett avtal med (Klarna, PayPal). Om du v\u00e4ljer att anv\u00e4nda kredittj\u00e4nster via v\u00e5ra partners kommer dina personuppgifter att delas med finansiella f\u00f6retag. F\u00f6rs\u00e4kringsbolag: Om du i samband med ditt k\u00f6p v\u00e4ljer att f\u00f6rs\u00e4kra n\u00e5gon av dina produkter, dina personuppgifter, samt produktinformation delas med f\u00f6rs\u00e4kringsgivaren. Myndigheter: PGA. lag eller med ditt samtycke, 13PIAB | SELF kan komma att dela din information med statliga myndigheter som skatteverket, polisen eller andra myndigheter.\n<h3 style=\"font-family: average sans;\"><strong>S\u00e4kerhet<\/strong><\/h3>\n13PIAB\/SELF str\u00e4var efter att skydda dina personuppgifter och uppr\u00e4tth\u00e5ller l\u00e4mpliga tekniska och organisatoriska \u00e5tg\u00e4rder f\u00f6r att f\u00f6rhindra ol\u00e4mpliga eller ofrivilliga utel\u00e4mnanden, anv\u00e4ndning, \u00e5tkomst, f\u00f6rlust, \u00e4ndring eller skada av dina personuppgifter. 13PIAB | SELF eller v\u00e5ra leverant\u00f6rers anst\u00e4llda som beh\u00f6ver tillg\u00e5ng till din personliga information f\u00f6r en specifik uppgift kommer att ha tillg\u00e5ng till din personliga information.\n<h3 style=\"font-family: average sans;\"><strong>Vad vi inte kommer att g\u00f6ra med din information<\/strong><\/h3>\nVi kommer inte att vidarebefordra, s\u00e4lja eller utbyta dina personuppgifter eller information f\u00f6r marknadsf\u00f6rings\u00e4ndam\u00e5l till tredje part.\n<h3 style=\"font-family: average sans;\"><strong>Var vi lagrar din information<\/strong><\/h3>\nVi kommer till den allra st\u00f6rsta delen av att hantera dina personuppgifter inom EU\/EES. Om personuppgifter \u00f6verf\u00f6rs eller behandlas i ett land utanf\u00f6r EU\/EES kommer 13PIAB | SELF vidtar alla rimliga juridiska, tekniska och organisatoriska \u00e5tg\u00e4rder f\u00f6r att s\u00e4kerst\u00e4lla att dina personuppgifter hanteras s\u00e4kert och med en adekvat skyddsniv\u00e5 j\u00e4mf\u00f6rbar med det skydd som erbjuds inom EU\/EES.\n<h3 style=\"font-family: average sans;\"><strong>Hur l\u00e4nge beh\u00e5ller vi din information<\/strong><\/h3>\nVi kommer endast att beh\u00e5lla din personliga information s\u00e5 l\u00e4nge det \u00e4r n\u00f6dv\u00e4ndigt f\u00f6r att uppfylla de syften som anges i denna policy. N\u00e4r vi sparar dina uppgifter f\u00f6r andra \u00e4ndam\u00e5l, t.ex. f\u00f6r att uppfylla kraven f\u00f6r publicering beh\u00e5ller vi dina uppgifter endast s\u00e5 l\u00e4nge det \u00e4r n\u00f6dv\u00e4ndigt och\/eller lagstadgat f\u00f6r respektive \u00e4ndam\u00e5l. Vi kommer att genomf\u00f6ra regelbundna sk\u00e4rmar och ta bort personlig information om den inte l\u00e4ngre beh\u00f6vs och om du inte \u00e4r en aktiv kund (k\u00f6pta produkter, hanterat konto) under en period av ett (1) \u00e5r.\n<h3 style=\"font-family: average sans;\"><strong>Dina r\u00e4ttigheter, r\u00e4tten till r\u00e4ttelse och begr\u00e4nsning<\/strong><\/h3>\nDu har r\u00e4tt att f\u00e5 tillg\u00e5ng till dina uppgifter, logga in p\u00e5 mina sidor d\u00e4r du kan hantera din data och information 24 timmar om dygnet. Du kan \u00e4ndra felaktig eller ofullst\u00e4ndig information om dig sj\u00e4lv. Du kan v\u00e4lja att f\u00e5 din profil raderad (\u201dr\u00e4tt att bli gl\u00f6md\u201d) Om du v\u00e4ljer att radera dina uppgifter raderas dessa. Det kan dock finnas r\u00e4ttsliga skyldigheter t.ex. bokf\u00f6ringslag, vilket inneb\u00e4r att vi omedelbart kan radera delar av dina uppgifter. Vi kommer endast att spara uppgifterna enligt den tidsregel som vi enligt lag \u00e4r skyldiga att beh\u00e5lla. Du har r\u00e4tt att kr\u00e4va att behandlingen begr\u00e4nsas om n\u00e5got av f\u00f6ljande g\u00e4ller: Om du bestrider att personuppgifter \u00e4r korrekta anser du att behandlingen \u00e4r olaglig, vi beh\u00f6ver inte l\u00e4ngre informationen men du beh\u00f6ver dem f\u00f6r att kunna fastst\u00e4lla, ut\u00f6va eller f\u00f6rsvara ett r\u00e4ttsligt anspr\u00e5k. Du har r\u00e4tt att inv\u00e4nda mot behandlingen av den r\u00e4ttsliga grunden f\u00f6r din behandling \u00e4r intresseavv\u00e4gning.\n<h3 style=\"font-family: average sans;\"><strong>Tillsynsmyndighet<\/strong><\/h3>\nIntegritetsskyddsmyndigheten (fr.o.m. den 25 maj 2018, dessf\u00f6rinnan Datainspektionen) \u00e4r den tillsynsmyndighet i Sverige som \u00f6vervakar att behandlingen av personuppgifter sker i enlighet med dataskyddsf\u00f6rordningen. Om du anser att 13PIAB | SELF behandlar dina personuppgifter i strid med dataskyddsf\u00f6rordningen har du r\u00e4tt att l\u00e4mna in ett klagom\u00e5l till Integritetsskyddsmyndigheten.\n\nKontaktuppgifter till oss: Telefon: 08-657 6100 08-657 6100 E-post: <a href=\"mailto:datainspektionen@datainspektionen.se\">datainspektionen@datainspektionen.se<\/a> \u00a0 13PIAB | SELF f\u00f6rbeh\u00e5ller sig r\u00e4tten att \u00e4ndra och uppdatera denna policy.\t\t\t\t\t\t\t\t<\/div>\n\t\t\t\t<\/div>\n\t\t\t\t\t<\/div>\n\t\t\t\t<\/div>\n\t\t\t\t<\/div>","protected":false},"excerpt":{"rendered":"<p>Integritetspolicy 13 Protein Import AB | Self omninutrition (13PIAB | SELF) Dataskydd \u00e4r viktigt f\u00f6r 13PIAB | SELF, det \u00e4r viktigt att dina personuppgifter hanteras p\u00e5 ett ansvarsfullt s\u00e4tt med h\u00e4nsyn till din integritet och du kan ta reda p\u00e5 vilken information vi har om dig och hur vi anv\u00e4nder den. Denna policy beskriver ocks\u00e5 [...]<\/p>","protected":false},"author":1,"featured_media":0,"parent":0,"menu_order":0,"comment_status":"closed","ping_status":"closed","template":"","meta":{"footnotes":""},"class_list":["post-2770","page","type-page","status-publish","hentry"],"aioseo_notices":[],"_links":{"self":[{"href":"https:\/\/www.selfprotein.com\/sv\/wp-json\/wp\/v2\/pages\/2770"}],"collection":[{"href":"https:\/\/www.selfprotein.com\/sv\/wp-json\/wp\/v2\/pages"}],"about":[{"href":"https:\/\/www.selfprotein.com\/sv\/wp-json\/wp\/v2\/types\/page"}],"author":[{"embeddable":true,"href":"https:\/\/www.selfprotein.com\/sv\/wp-json\/wp\/v2\/users\/1"}],"replies":[{"embeddable":true,"href":"https:\/\/www.selfprotein.com\/sv\/wp-json\/wp\/v2\/comments?post=2770"}],"version-history":[{"count":125,"href":"https:\/\/www.selfprotein.com\/sv\/wp-json\/wp\/v2\/pages\/2770\/revisions"}],"predecessor-version":[{"id":6765,"href":"https:\/\/www.selfprotein.com\/sv\/wp-json\/wp\/v2\/pages\/2770\/revisions\/6765"}],"wp:attachment":[{"href":"https:\/\/www.selfprotein.com\/sv\/wp-json\/wp\/v2\/media?parent=2770"}],"curies":[{"name":"wp","href":"https:\/\/api.w.org\/{rel}","templated":true}]}}