{"id":2819,"date":"2024-02-16T10:46:02","date_gmt":"2024-02-16T09:46:02","guid":{"rendered":"https:\/\/34.88.231.180\/?page_id=2819"},"modified":"2024-08-21T10:00:35","modified_gmt":"2024-08-21T08:00:35","slug":"about-us","status":"publish","type":"page","link":"https:\/\/www.selfprotein.com\/sv\/about-us\/","title":{"rendered":"Om oss"},"content":{"rendered":"<div data-elementor-type=\"wp-page\" data-elementor-id=\"2819\" class=\"elementor elementor-2819\" data-elementor-post-type=\"page\">\n\t\t\t\t<div class=\"elementor-element elementor-element-1a1d228 e-con-full e-flex e-con e-parent\" data-id=\"1a1d228\" data-element_type=\"container\" data-settings=\"{&quot;background_background&quot;:&quot;classic&quot;}\">\n\t\t<div class=\"elementor-element elementor-element-676a3e0 e-flex e-con-boxed e-con e-child\" data-id=\"676a3e0\" data-element_type=\"container\">\n\t\t\t\t\t<div class=\"e-con-inner\">\n\t\t\t\t<div class=\"elementor-element elementor-element-7ac98c8 elementor-widget elementor-widget-text-editor\" data-id=\"7ac98c8\" data-element_type=\"widget\" data-widget_type=\"text-editor.default\">\n\t\t\t\t<div class=\"elementor-widget-container\">\n\t\t\t\t\t\t\t\t\t<p>VAR DIG SJ\u00c4LV<\/p>\t\t\t\t\t\t\t\t<\/div>\n\t\t\t\t<\/div>\n\t\t\t\t<div class=\"elementor-element elementor-element-73cceef elementor-widget elementor-widget-heading\" data-id=\"73cceef\" data-element_type=\"widget\" data-widget_type=\"heading.default\">\n\t\t\t\t<div class=\"elementor-widget-container\">\n\t\t\t\t\t<h2 class=\"elementor-heading-title elementor-size-default\">Om oss<\/h2>\t\t\t\t<\/div>\n\t\t\t\t<\/div>\n\t\t\t\t\t<\/div>\n\t\t\t\t<\/div>\n\t\t\t\t<\/div>\n\t\t<div class=\"elementor-element elementor-element-ace9339 e-flex e-con-boxed e-con e-parent\" data-id=\"ace9339\" data-element_type=\"container\">\n\t\t\t\t\t<div class=\"e-con-inner\">\n\t\t<div class=\"elementor-element elementor-element-d120d62 e-con-full e-flex e-con e-child\" data-id=\"d120d62\" data-element_type=\"container\">\n\t\t\t\t<div class=\"elementor-element elementor-element-91c8f78 elementor-widget__width-inherit elementor-widget-mobile_extra__width-initial elementor-widget elementor-widget-gallery\" data-id=\"91c8f78\" data-element_type=\"widget\" data-settings=\"{&quot;columns&quot;:2,&quot;aspect_ratio&quot;:&quot;1:1&quot;,&quot;lazyload&quot;:&quot;yes&quot;,&quot;gallery_layout&quot;:&quot;grid&quot;,&quot;columns_tablet&quot;:2,&quot;columns_mobile&quot;:1,&quot;gap&quot;:{&quot;unit&quot;:&quot;px&quot;,&quot;size&quot;:10,&quot;sizes&quot;:[]},&quot;gap_tablet_extra&quot;:{&quot;unit&quot;:&quot;px&quot;,&quot;size&quot;:10,&quot;sizes&quot;:[]},&quot;gap_tablet&quot;:{&quot;unit&quot;:&quot;px&quot;,&quot;size&quot;:10,&quot;sizes&quot;:[]},&quot;gap_mobile_extra&quot;:{&quot;unit&quot;:&quot;px&quot;,&quot;size&quot;:10,&quot;sizes&quot;:[]},&quot;gap_mobile&quot;:{&quot;unit&quot;:&quot;px&quot;,&quot;size&quot;:10,&quot;sizes&quot;:[]},&quot;overlay_background&quot;:&quot;yes&quot;,&quot;content_hover_animation&quot;:&quot;fade-in&quot;}\" data-widget_type=\"gallery.default\">\n\t\t\t\t<div class=\"elementor-widget-container\">\n\t\t\t\t\t\t\t<div class=\"elementor-gallery__container\">\n\t\t\t\t\t\t\t<div class=\"e-gallery-item elementor-gallery-item elementor-animated-content\">\n\t\t\t\t\t<div class=\"e-gallery-image elementor-gallery-item__image\" data-thumbnail=\"https:\/\/www.selfprotein.com\/wp-content\/uploads\/2024\/02\/pancake-protein-honey.jpg\" data-width=\"1320\" data-height=\"1600\" aria-label=\"pannkaka-protein-honung\" role=\"img\" ><\/div>\n\t\t\t\t\t\t\t\t\t\t\t<div class=\"elementor-gallery-item__overlay\"><\/div>\n\t\t\t\t\t\t\t\t\t\t\t\t\t\t<\/div>\n\t\t\t\t\t\t\t<div class=\"e-gallery-item elementor-gallery-item elementor-animated-content\">\n\t\t\t\t\t<div class=\"e-gallery-image elementor-gallery-item__image\" data-thumbnail=\"https:\/\/www.selfprotein.com\/wp-content\/uploads\/2024\/02\/multivitamin-sponsor.jpg\" data-width=\"659\" data-height=\"960\" aria-label=\"multivitamin-sponsor\" role=\"img\" ><\/div>\n\t\t\t\t\t\t\t\t\t\t\t<div class=\"elementor-gallery-item__overlay\"><\/div>\n\t\t\t\t\t\t\t\t\t\t\t\t\t\t<\/div>\n\t\t\t\t\t\t\t<div class=\"e-gallery-item elementor-gallery-item elementor-animated-content\">\n\t\t\t\t\t<div class=\"e-gallery-image elementor-gallery-item__image\" data-thumbnail=\"https:\/\/www.selfprotein.com\/wp-content\/uploads\/2024\/02\/mass-active-gainer-sponsor.jpg\" data-width=\"1080\" data-height=\"1920\" aria-label=\"mass-active-gainer-sponsor\" role=\"img\" ><\/div>\n\t\t\t\t\t\t\t\t\t\t\t<div class=\"elementor-gallery-item__overlay\"><\/div>\n\t\t\t\t\t\t\t\t\t\t\t\t\t\t<\/div>\n\t\t\t\t\t\t\t<div class=\"e-gallery-item elementor-gallery-item elementor-animated-content\">\n\t\t\t\t\t<div class=\"e-gallery-image elementor-gallery-item__image\" data-thumbnail=\"https:\/\/www.selfprotein.com\/wp-content\/uploads\/2024\/02\/micro-whey-active.jpg\" data-width=\"768\" data-height=\"1024\" aria-label=\"mikro-whey-aktiv\" role=\"img\" ><\/div>\n\t\t\t\t\t\t\t\t\t\t\t<div class=\"elementor-gallery-item__overlay\"><\/div>\n\t\t\t\t\t\t\t\t\t\t\t\t\t\t<\/div>\n\t\t\t\t\t<\/div>\n\t\t\t\t\t<\/div>\n\t\t\t\t<\/div>\n\t\t\t\t<\/div>\n\t\t<div class=\"elementor-element elementor-element-9c6a07c e-con-full e-flex e-con e-child\" data-id=\"9c6a07c\" data-element_type=\"container\">\n\t\t\t\t<div class=\"elementor-element elementor-element-e5f0d55 elementor-widget elementor-widget-heading\" data-id=\"e5f0d55\" data-element_type=\"widget\" data-widget_type=\"heading.default\">\n\t\t\t\t<div class=\"elementor-widget-container\">\n\t\t\t\t\t<h2 class=\"elementor-heading-title elementor-size-default\">DETTA \u00c4R SELF<br>OMNINUTRITION<\/h2>\t\t\t\t<\/div>\n\t\t\t\t<\/div>\n\t\t\t\t<div class=\"elementor-element elementor-element-73fffb7 elementor-widget elementor-widget-text-editor\" data-id=\"73fffb7\" data-element_type=\"widget\" data-widget_type=\"text-editor.default\">\n\t\t\t\t<div class=\"elementor-widget-container\">\n\t\t\t\t\t\t\t\t\t<p>13: e Protein Import AB (SELF Omninutrition) \u00e4r stolt \u00f6ver att kunna erbjuda det b\u00e4sta utbudet av kosttillskott p\u00e5 marknaden och hj\u00e4lpa m\u00e4nniskor att leva b\u00e4ttre genom att f\u00e5 in v\u00e4lbefinnande och gl\u00e4dje i att \u00e4ta kosttillskott i deras dagliga liv.<\/p><p>I \u00f6ver 20 \u00e5r har vi alltid legat i framkant n\u00e4r det g\u00e4ller att erbjuda innovativa produkter, och vi erbjuder alltid b\u00e4sta kvalitet p\u00e5 v\u00e5rt breda sortiment av sportprodukter som \u00e4r framtagna f\u00f6r att hj\u00e4lpa dig att uppn\u00e5 alla m\u00e5l.<br \/>I alla v\u00e5ra produkter anv\u00e4nder vi endast h\u00f6gkvalitativa ingredienser som finns p\u00e5 marknaden.<\/p><p>P\u00e5 s\u00e5 s\u00e4tt omvandlas ingredienser av h\u00f6g kvalitet till h\u00e4lsosamma och s\u00e4kra kosttillskott. F\u00f6r att st\u00e4rka detta i v\u00e5ra produktionslinjer f\u00f6ljs HACCP och GMP f\u00f6r s\u00e4kerhet och kvalitet p\u00e5 de produkter som sl\u00e4pps ut p\u00e5 marknaden.<\/p><p>Dessutom anv\u00e4nder v\u00e5rt kvalitetskontor oberoende laboratorier f\u00f6r att ytterligare s\u00e4kerst\u00e4lla den fullst\u00e4ndiga mikrobiologiska s\u00e4kerheten hos alla material som anv\u00e4nds. N\u00e4r det g\u00e4ller smaken \u00e4r dessa o\u00f6vertr\u00e4ffade.<\/p><p>V\u00e5r utvecklingsavdelning har skapat en ny <br \/>\"New Flavour Technology\" f\u00f6r att smaks\u00e4tta alla v\u00e5ra produkter. <br \/>D\u00e4rf\u00f6r \u00e4r vi s\u00e4kra p\u00e5 att du kan hitta den perfekta smaken f\u00f6r dig i hela v\u00e5rt produktsortiment.<\/p>\t\t\t\t\t\t\t\t<\/div>\n\t\t\t\t<\/div>\n\t\t\t\t<\/div>\n\t\t\t\t\t<\/div>\n\t\t\t\t<\/div>\n\t\t<div class=\"elementor-element elementor-element-f9f0cf6 e-flex e-con-boxed e-con e-parent\" data-id=\"f9f0cf6\" data-element_type=\"container\">\n\t\t\t\t\t<div class=\"e-con-inner\">\n\t\t<div class=\"elementor-element elementor-element-c9cb915 e-con-full e-flex e-con e-child\" data-id=\"c9cb915\" data-element_type=\"container\">\n\t\t\t\t<div class=\"elementor-element elementor-element-dff1e00 elementor-widget elementor-widget-heading\" data-id=\"dff1e00\" data-element_type=\"widget\" data-widget_type=\"heading.default\">\n\t\t\t\t<div class=\"elementor-widget-container\">\n\t\t\t\t\t<h2 class=\"elementor-heading-title elementor-size-default\">F\u00d6RETAGSINFORMATION<\/h2>\t\t\t\t<\/div>\n\t\t\t\t<\/div>\n\t\t\t\t<div class=\"elementor-element elementor-element-501063b elementor-widget elementor-widget-text-editor\" data-id=\"501063b\" data-element_type=\"widget\" data-widget_type=\"text-editor.default\">\n\t\t\t\t<div class=\"elementor-widget-container\">\n\t\t\t\t\t\t\t\t\t<p>Speditionsv\u00e4gen 45, 142 50 Skog\u00e5s, Sverige<\/p><p>Tel: +46 (8)-645 79 59<\/p><p>Org. nr: 5566411830<\/p>\t\t\t\t\t\t\t\t<\/div>\n\t\t\t\t<\/div>\n\t\t\t\t<\/div>\n\t\t<div class=\"elementor-element elementor-element-6df420b e-con-full e-flex e-con e-child\" data-id=\"6df420b\" data-element_type=\"container\">\n\t\t\t\t<div class=\"elementor-element elementor-element-1d90707 elementor-widget elementor-widget-gallery\" data-id=\"1d90707\" data-element_type=\"widget\" data-settings=\"{&quot;columns&quot;:2,&quot;lazyload&quot;:&quot;yes&quot;,&quot;gallery_layout&quot;:&quot;grid&quot;,&quot;columns_tablet&quot;:2,&quot;columns_mobile&quot;:1,&quot;gap&quot;:{&quot;unit&quot;:&quot;px&quot;,&quot;size&quot;:10,&quot;sizes&quot;:[]},&quot;gap_tablet_extra&quot;:{&quot;unit&quot;:&quot;px&quot;,&quot;size&quot;:10,&quot;sizes&quot;:[]},&quot;gap_tablet&quot;:{&quot;unit&quot;:&quot;px&quot;,&quot;size&quot;:10,&quot;sizes&quot;:[]},&quot;gap_mobile_extra&quot;:{&quot;unit&quot;:&quot;px&quot;,&quot;size&quot;:10,&quot;sizes&quot;:[]},&quot;gap_mobile&quot;:{&quot;unit&quot;:&quot;px&quot;,&quot;size&quot;:10,&quot;sizes&quot;:[]},&quot;aspect_ratio&quot;:&quot;3:2&quot;,&quot;overlay_background&quot;:&quot;yes&quot;,&quot;content_hover_animation&quot;:&quot;fade-in&quot;}\" data-widget_type=\"gallery.default\">\n\t\t\t\t<div class=\"elementor-widget-container\">\n\t\t\t\t\t\t\t<div class=\"elementor-gallery__container\">\n\t\t\t\t\t\t\t<div class=\"e-gallery-item elementor-gallery-item elementor-animated-content\">\n\t\t\t\t\t<div class=\"e-gallery-image elementor-gallery-item__image\" data-thumbnail=\"https:\/\/www.selfprotein.com\/wp-content\/uploads\/2024\/02\/iso-whey-premium-sponsor.jpg\" data-width=\"455\" data-height=\"610\" aria-label=\"iso-whey-premium-sponsor\" role=\"img\" ><\/div>\n\t\t\t\t\t\t\t\t\t\t\t<div class=\"elementor-gallery-item__overlay\"><\/div>\n\t\t\t\t\t\t\t\t\t\t\t\t\t\t<\/div>\n\t\t\t\t\t\t\t<div class=\"e-gallery-item elementor-gallery-item elementor-animated-content\">\n\t\t\t\t\t<div class=\"e-gallery-image elementor-gallery-item__image\" data-thumbnail=\"https:\/\/www.selfprotein.com\/wp-content\/uploads\/2024\/02\/arm-back-muscles-scaled.jpg\" data-width=\"1920\" data-height=\"1281\" aria-label=\"arm-rygg-muskler\" role=\"img\" ><\/div>\n\t\t\t\t\t\t\t\t\t\t\t<div class=\"elementor-gallery-item__overlay\"><\/div>\n\t\t\t\t\t\t\t\t\t\t\t\t\t\t<\/div>\n\t\t\t\t\t\t\t<div class=\"e-gallery-item elementor-gallery-item elementor-animated-content\">\n\t\t\t\t\t<div class=\"e-gallery-image elementor-gallery-item__image\" data-thumbnail=\"https:\/\/www.selfprotein.com\/wp-content\/uploads\/2024\/02\/trainings-tools-scaled.jpg\" data-width=\"1283\" data-height=\"1920\" aria-label=\"utbildningar-verktyg\" role=\"img\" ><\/div>\n\t\t\t\t\t\t\t\t\t\t\t<div class=\"elementor-gallery-item__overlay\"><\/div>\n\t\t\t\t\t\t\t\t\t\t\t\t\t\t<\/div>\n\t\t\t\t\t\t\t<div class=\"e-gallery-item elementor-gallery-item elementor-animated-content\">\n\t\t\t\t\t<div class=\"e-gallery-image elementor-gallery-item__image\" data-thumbnail=\"https:\/\/www.selfprotein.com\/wp-content\/uploads\/2024\/02\/barbells-training.jpg\" data-width=\"1600\" data-height=\"1067\" aria-label=\"skivst\u00e5ngs-tr\u00e4ning\" role=\"img\" ><\/div>\n\t\t\t\t\t\t\t\t\t\t\t<div class=\"elementor-gallery-item__overlay\"><\/div>\n\t\t\t\t\t\t\t\t\t\t\t\t\t\t<\/div>\n\t\t\t\t\t<\/div>\n\t\t\t\t\t<\/div>\n\t\t\t\t<\/div>\n\t\t\t\t<\/div>\n\t\t\t\t\t<\/div>\n\t\t\t\t<\/div>\n\t\t\t\t<\/div>","protected":false},"excerpt":{"rendered":"<p>VAR DIG SJ\u00c4LV Om oss DET H\u00c4R \u00c4R SELFOMNINUTRITION De 13: e Protein Import AB (SELF Omninutrition) \u00e4r stolta \u00f6ver att erbjuda det b\u00e4sta utbudet av kosttillskott p\u00e5 marknaden och hj\u00e4lpa m\u00e4nniskor att leva b\u00e4ttre genom att ge v\u00e4lbefinnande och gl\u00e4dje av att \u00e4ta kosttillskott i deras dagliga liv. I \u00f6ver 20 \u00e5r har vi alltid legat i framkant [...]<\/p>","protected":false},"author":1,"featured_media":0,"parent":0,"menu_order":0,"comment_status":"closed","ping_status":"closed","template":"","meta":{"footnotes":""},"class_list":["post-2819","page","type-page","status-publish","hentry"],"aioseo_notices":[],"_links":{"self":[{"href":"https:\/\/www.selfprotein.com\/sv\/wp-json\/wp\/v2\/pages\/2819"}],"collection":[{"href":"https:\/\/www.selfprotein.com\/sv\/wp-json\/wp\/v2\/pages"}],"about":[{"href":"https:\/\/www.selfprotein.com\/sv\/wp-json\/wp\/v2\/types\/page"}],"author":[{"embeddable":true,"href":"https:\/\/www.selfprotein.com\/sv\/wp-json\/wp\/v2\/users\/1"}],"replies":[{"embeddable":true,"href":"https:\/\/www.selfprotein.com\/sv\/wp-json\/wp\/v2\/comments?post=2819"}],"version-history":[{"count":138,"href":"https:\/\/www.selfprotein.com\/sv\/wp-json\/wp\/v2\/pages\/2819\/revisions"}],"predecessor-version":[{"id":8797,"href":"https:\/\/www.selfprotein.com\/sv\/wp-json\/wp\/v2\/pages\/2819\/revisions\/8797"}],"wp:attachment":[{"href":"https:\/\/www.selfprotein.com\/sv\/wp-json\/wp\/v2\/media?parent=2819"}],"curies":[{"name":"wp","href":"https:\/\/api.w.org\/{rel}","templated":true}]}}