{"id":2851,"date":"2024-02-16T12:58:50","date_gmt":"2024-02-16T11:58:50","guid":{"rendered":"https:\/\/34.88.231.180\/?page_id=2851"},"modified":"2024-10-25T11:55:56","modified_gmt":"2024-10-25T09:55:56","slug":"faq","status":"publish","type":"page","link":"https:\/\/www.selfprotein.com\/sv\/faq\/","title":{"rendered":"VANLIGA FR\u00c5GOR"},"content":{"rendered":"<div data-elementor-type=\"wp-page\" data-elementor-id=\"2851\" class=\"elementor elementor-2851\" data-elementor-post-type=\"page\">\n\t\t\t\t<div class=\"elementor-element elementor-element-e92a26a e-con-full e-flex e-con e-parent\" data-id=\"e92a26a\" data-element_type=\"container\" data-settings=\"{&quot;background_background&quot;:&quot;classic&quot;}\">\n\t\t<div class=\"elementor-element elementor-element-1c63a76 e-flex e-con-boxed e-con e-child\" data-id=\"1c63a76\" data-element_type=\"container\">\n\t\t\t\t\t<div class=\"e-con-inner\">\n\t\t\t\t<div class=\"elementor-element elementor-element-5db078a elementor-widget elementor-widget-heading\" data-id=\"5db078a\" data-element_type=\"widget\" data-widget_type=\"heading.default\">\n\t\t\t\t<div class=\"elementor-widget-container\">\n\t\t\t\t\t<h2 class=\"elementor-heading-title elementor-size-default\">VANLIGA FR\u00c5GOR<\/h2>\t\t\t\t<\/div>\n\t\t\t\t<\/div>\n\t\t\t\t<div class=\"elementor-element elementor-element-ac8bd9d elementor-widget elementor-widget-text-editor\" data-id=\"ac8bd9d\" data-element_type=\"widget\" data-widget_type=\"text-editor.default\">\n\t\t\t\t<div class=\"elementor-widget-container\">\n\t\t\t\t\t\t\t\t\t<p>Svar p\u00e5 dina fr\u00e5gor<\/p>\t\t\t\t\t\t\t\t<\/div>\n\t\t\t\t<\/div>\n\t\t\t\t\t<\/div>\n\t\t\t\t<\/div>\n\t\t\t\t<\/div>\n\t\t<div class=\"elementor-element elementor-element-5128fb3 e-flex e-con-boxed e-con e-parent\" data-id=\"5128fb3\" data-element_type=\"container\">\n\t\t\t\t\t<div class=\"e-con-inner\">\n\t\t\t\t<div class=\"elementor-element elementor-element-8a52ff6 elementor-widget elementor-widget-toggle\" data-id=\"8a52ff6\" data-element_type=\"widget\" data-widget_type=\"toggle.default\">\n\t\t\t\t<div class=\"elementor-widget-container\">\n\t\t\t\t\t\t\t<div class=\"elementor-toggle\">\n\t\t\t\t\t\t\t<div class=\"elementor-toggle-item\">\n\t\t\t\t\t<div id=\"elementor-tab-title-1451\" class=\"elementor-tab-title\" data-tab=\"1\" role=\"button\" aria-controls=\"elementor-tab-content-1451\" aria-expanded=\"false\">\n\t\t\t\t\t\t\t\t\t\t\t\t<a class=\"elementor-toggle-title\" tabindex=\"0\">Vilken \u00e4r den rekommenderade dosen f\u00f6r dina kosttillskott?<\/a>\n\t\t\t\t\t<\/div>\n\n\t\t\t\t\t<div id=\"elementor-tab-content-1451\" class=\"elementor-tab-content elementor-clearfix\" data-tab=\"1\" role=\"region\" aria-labelledby=\"elementor-tab-title-1451\">Den rekommenderade dosen varierar beroende p\u00e5 produkt. Se etiketten p\u00e5 f\u00f6rpackningen f\u00f6r specifika instruktioner. Du kan ocks\u00e5 r\u00e5dfr\u00e5ga sjukv\u00e5rdspersonal innan du p\u00e5b\u00f6rjar en ny kosttillskottsregim.<\/div>\n\t\t\t\t<\/div>\n\t\t\t\t\t\t\t<div class=\"elementor-toggle-item\">\n\t\t\t\t\t<div id=\"elementor-tab-title-1452\" class=\"elementor-tab-title\" data-tab=\"2\" role=\"button\" aria-controls=\"elementor-tab-content-1452\" aria-expanded=\"false\">\n\t\t\t\t\t\t\t\t\t\t\t\t<a class=\"elementor-toggle-title\" tabindex=\"0\">\u00c4r dina kosttillskott s\u00e4kra f\u00f6r alla att anv\u00e4nda?<\/a>\n\t\t\t\t\t<\/div>\n\n\t\t\t\t\t<div id=\"elementor-tab-content-1452\" class=\"elementor-tab-content elementor-clearfix\" data-tab=\"2\" role=\"region\" aria-labelledby=\"elementor-tab-title-1452\"><p>V\u00e5ra kosttillskott \u00e4r tillverkade av h\u00f6gkvalitativa ingredienser och f\u00f6ljer strikta s\u00e4kerhetsstandarder. Vi rekommenderar dock inte personer under 16 \u00e5r, gravida eller ammande kvinnor, personer med underliggande h\u00e4lsotillst\u00e5nd eller personer som tar mediciner att anv\u00e4nda v\u00e5ra kosttillskott utan att f\u00f6rst r\u00e5dg\u00f6ra med en v\u00e5rdgivare.<\/p><\/div>\n\t\t\t\t<\/div>\n\t\t\t\t\t\t\t<div class=\"elementor-toggle-item\">\n\t\t\t\t\t<div id=\"elementor-tab-title-1453\" class=\"elementor-tab-title\" data-tab=\"3\" role=\"button\" aria-controls=\"elementor-tab-content-1453\" aria-expanded=\"false\">\n\t\t\t\t\t\t\t\t\t\t\t\t<a class=\"elementor-toggle-title\" tabindex=\"0\">Hur l\u00e5ng tid tar leveransen och erbjuder ni internationell leverans?<\/a>\n\t\t\t\t\t<\/div>\n\n\t\t\t\t\t<div id=\"elementor-tab-content-1453\" class=\"elementor-tab-content elementor-clearfix\" data-tab=\"3\" role=\"region\" aria-labelledby=\"elementor-tab-title-1453\"><p>Vi erbjuder snabba inrikesleveranser, vanligtvis inom 3-5 arbetsdagar. Internationell leverans \u00e4r tillg\u00e4nglig till utvalda l\u00e4nder, och leveranstiderna varierar beroende p\u00e5 destination.<\/p><\/div>\n\t\t\t\t<\/div>\n\t\t\t\t\t\t\t<div class=\"elementor-toggle-item\">\n\t\t\t\t\t<div id=\"elementor-tab-title-1454\" class=\"elementor-tab-title\" data-tab=\"4\" role=\"button\" aria-controls=\"elementor-tab-content-1454\" aria-expanded=\"false\">\n\t\t\t\t\t\t\t\t\t\t\t\t<a class=\"elementor-toggle-title\" tabindex=\"0\">Kan jag returnera eller byta en produkt?<\/a>\n\t\t\t\t\t<\/div>\n\n\t\t\t\t\t<div id=\"elementor-tab-content-1454\" class=\"elementor-tab-content elementor-clearfix\" data-tab=\"4\" role=\"region\" aria-labelledby=\"elementor-tab-title-1454\"><p>Ja, om din produkt kommer skadad, v\u00e4nligen kontakta oss inom 14 dagar efter leverans. Efter att vi har granskat och verifierat anspr\u00e5ket kommer vi att utf\u00e4rda en fullst\u00e4ndig \u00e5terbetalning eller skicka en ers\u00e4ttning. F\u00f6rvara originalf\u00f6rpackningen och bifoga eventuella foton s\u00e5 att vi kan behandla din beg\u00e4ran snabbt.<\/p><\/div>\n\t\t\t\t<\/div>\n\t\t\t\t\t\t\t<div class=\"elementor-toggle-item\">\n\t\t\t\t\t<div id=\"elementor-tab-title-1455\" class=\"elementor-tab-title\" data-tab=\"5\" role=\"button\" aria-controls=\"elementor-tab-content-1455\" aria-expanded=\"false\">\n\t\t\t\t\t\t\t\t\t\t\t\t<a class=\"elementor-toggle-title\" tabindex=\"0\">\u00c4r dina kosttillskott veganska och glutenfria?<\/a>\n\t\t\t\t\t<\/div>\n\n\t\t\t\t\t<div id=\"elementor-tab-content-1455\" class=\"elementor-tab-content elementor-clearfix\" data-tab=\"5\" role=\"region\" aria-labelledby=\"elementor-tab-title-1455\"><p>Vi erbjuder en rad olika kosttillskott, inklusive veganska och glutenfria alternativ. Produktbeskrivningar p\u00e5 v\u00e5r webbplats kommer att ange om <br \/>ett tillskott uppfyller dessa kostkrav. Du kan filtrera produkter efter kategori f\u00f6r att hitta alternativ som passar dina behov.<\/p><\/div>\n\t\t\t\t<\/div>\n\t\t\t\t\t\t\t\t\t\t<script type=\"application\/ld+json\">{\n    \"@context\": \"https:\\\/\\\/schema.org\",\n    \"@type\": \"FAQPage\",\n    \"mainEntity\": [\n        {\n            \"@type\": \"Question\",\n            \"name\": \"What is the recommended dosage for your supplements?\",\n            \"acceptedAnswer\": {\n                \"@type\": \"Answer\",\n                \"text\": \"The recommended dosage varies depending on the product. Please refer to the label on the packaging for specific instructions. You can also consult with a healthcare professional before starting any new supplement regimen.\"\n            }\n        },\n        {\n            \"@type\": \"Question\",\n            \"name\": \"Are your supplements safe for everyone to use?\",\n            \"acceptedAnswer\": {\n                \"@type\": \"Answer\",\n                \"text\": \"<p>Our supplements are made with high-quality ingredients and follow strict safety standards. However, we do not advise anyone under 16, pregnant or nursing women, individuals with underlying health conditions, or those taking medications to use our supplements without consulting a healthcare provider first.<\\\/p>\"\n            }\n        },\n        {\n            \"@type\": \"Question\",\n            \"name\": \"How long does shipping take, and do you offer international delivery?\",\n            \"acceptedAnswer\": {\n                \"@type\": \"Answer\",\n                \"text\": \"<p>We offer fast domestic shipping, typically within 3-5 business days. International delivery is available to select countries, and shipping times vary depending on the destination.<\\\/p>\"\n            }\n        },\n        {\n            \"@type\": \"Question\",\n            \"name\": \"Can I return or exchange a product?\",\n            \"acceptedAnswer\": {\n                \"@type\": \"Answer\",\n                \"text\": \"<p>Yes, if your product arrives damaged, please contact us within 14 days of delivery. After we review and verify the claim, we will issue a full refund or send a replacement. Please keep the original packaging and provide any necessary photos to help us process your request quickly.<\\\/p>\"\n            }\n        },\n        {\n            \"@type\": \"Question\",\n            \"name\": \"Are your supplements vegan and gluten-free?\",\n            \"acceptedAnswer\": {\n                \"@type\": \"Answer\",\n                \"text\": \"<p>We offer a range of supplements, including vegan e gluten-free options. Product descriptions on our website will specify whether <br \\\/>a supplement meets these dietary requirements. You can filter products by category to find options that fit your needs.<\\\/p>\"\n            }\n        }\n    ]\n}<\/script>\n\t\t\t\t\t<\/div>\n\t\t\t\t\t\t<\/div>\n\t\t\t\t<\/div>\n\t\t\t\t\t<\/div>\n\t\t\t\t<\/div>\n\t\t<div class=\"elementor-element elementor-element-3b3df0c e-flex e-con-boxed e-con e-parent\" data-id=\"3b3df0c\" data-element_type=\"container\">\n\t\t\t\t\t<div class=\"e-con-inner\">\n\t\t\t\t<div class=\"elementor-element elementor-element-068195e elementor-widget elementor-widget-heading\" data-id=\"068195e\" data-element_type=\"widget\" data-widget_type=\"heading.default\">\n\t\t\t\t<div class=\"elementor-widget-container\">\n\t\t\t\t\t<h2 class=\"elementor-heading-title elementor-size-default\">Hittar du inte vad du letar efter?<\/h2>\t\t\t\t<\/div>\n\t\t\t\t<\/div>\n\t\t\t\t<div class=\"elementor-element elementor-element-a66108c elementor-widget elementor-widget-text-editor\" data-id=\"a66108c\" data-element_type=\"widget\" data-widget_type=\"text-editor.default\">\n\t\t\t\t<div class=\"elementor-widget-container\">\n\t\t\t\t\t\t\t\t\tSkicka ett e-postmeddelande till oss och ber\u00e4tta vad som h\u00e4nt s\u00e5 kommer n\u00e5gon fr\u00e5n v\u00e5r kundtj\u00e4nst att kontakta dig s\u00e5 snart som m\u00f6jligt. Var noga med att ange ditt ordernummer (om du har ett s\u00e5dant).\n\nV\u00e4nligen maila oss p\u00e5 <a href=\"mailto:wecare@self.nu\">wecare@self.nu<\/a>\t\t\t\t\t\t\t\t<\/div>\n\t\t\t\t<\/div>\n\t\t\t\t<div class=\"elementor-element elementor-element-c4394b8 elementor-widget elementor-widget-text-editor\" data-id=\"c4394b8\" data-element_type=\"widget\" data-widget_type=\"text-editor.default\">\n\t\t\t\t<div class=\"elementor-widget-container\">\n\t\t\t\t\t<style>.elementor-element-c4394b8{display:none !important}<\/style>\t\t\t\t<\/div>\n\t\t\t\t<\/div>\n\t\t\t\t\t<\/div>\n\t\t\t\t<\/div>\n\t\t<div class=\"elementor-element elementor-element-eb4c014 e-flex e-con-boxed e-con e-parent\" data-id=\"eb4c014\" data-element_type=\"container\">\n\t\t\t\t\t<div class=\"e-con-inner\">\n\t\t\t\t<div class=\"elementor-element elementor-element-1c52a05 elementor-widget elementor-widget-heading\" data-id=\"1c52a05\" data-element_type=\"widget\" data-widget_type=\"heading.default\">\n\t\t\t\t<div class=\"elementor-widget-container\">\n\t\t\t\t\t<h2 class=\"elementor-heading-title elementor-size-default\">Har du andra fr\u00e5gor? L\u00e5t oss prata.<\/h2>\t\t\t\t<\/div>\n\t\t\t\t<\/div>\n\t\t\t\t\t<\/div>\n\t\t\t\t<\/div>\n\t\t\t\t<\/div>","protected":false},"excerpt":{"rendered":"<p>FAQ Svar p\u00e5 dina fr\u00e5gor Vad \u00e4r den rekommenderade dosen f\u00f6r era kosttillskott? Den rekommenderade dosen varierar beroende p\u00e5 produkt. Se etiketten p\u00e5 f\u00f6rpackningen f\u00f6r specifika instruktioner. Du kan ocks\u00e5 r\u00e5dg\u00f6ra med sjukv\u00e5rdspersonal innan du p\u00e5b\u00f6rjar en ny kosttillskottsregim. \u00c4r dina kosttillskott s\u00e4kra f\u00f6r alla att anv\u00e4nda? V\u00e5ra [...]<\/p>","protected":false},"author":1,"featured_media":0,"parent":0,"menu_order":0,"comment_status":"closed","ping_status":"closed","template":"","meta":{"footnotes":""},"class_list":["post-2851","page","type-page","status-publish","hentry"],"aioseo_notices":[],"_links":{"self":[{"href":"https:\/\/www.selfprotein.com\/sv\/wp-json\/wp\/v2\/pages\/2851"}],"collection":[{"href":"https:\/\/www.selfprotein.com\/sv\/wp-json\/wp\/v2\/pages"}],"about":[{"href":"https:\/\/www.selfprotein.com\/sv\/wp-json\/wp\/v2\/types\/page"}],"author":[{"embeddable":true,"href":"https:\/\/www.selfprotein.com\/sv\/wp-json\/wp\/v2\/users\/1"}],"replies":[{"embeddable":true,"href":"https:\/\/www.selfprotein.com\/sv\/wp-json\/wp\/v2\/comments?post=2851"}],"version-history":[{"count":136,"href":"https:\/\/www.selfprotein.com\/sv\/wp-json\/wp\/v2\/pages\/2851\/revisions"}],"predecessor-version":[{"id":11115,"href":"https:\/\/www.selfprotein.com\/sv\/wp-json\/wp\/v2\/pages\/2851\/revisions\/11115"}],"wp:attachment":[{"href":"https:\/\/www.selfprotein.com\/sv\/wp-json\/wp\/v2\/media?parent=2851"}],"curies":[{"name":"wp","href":"https:\/\/api.w.org\/{rel}","templated":true}]}}