{"id":9376,"date":"2024-09-16T11:14:37","date_gmt":"2024-09-16T09:14:37","guid":{"rendered":"https:\/\/www.selfprotein.com\/?page_id=9376"},"modified":"2024-10-17T16:04:27","modified_gmt":"2024-10-17T14:04:27","slug":"fit-chocolate-cake-with-greek-yogurt-recipe","status":"publish","type":"page","link":"https:\/\/www.selfprotein.com\/sv\/fit-chocolate-cake-with-greek-yogurt-recipe\/","title":{"rendered":"Fit chokladkaka med grekisk yoghurt recept"},"content":{"rendered":"<div data-elementor-type=\"wp-page\" data-elementor-id=\"9376\" class=\"elementor elementor-9376\" data-elementor-post-type=\"page\">\n\t\t\t\t<div class=\"elementor-element elementor-element-2332a26a elementor-hidden-mobile_extra elementor-hidden-mobile e-flex e-con-boxed e-con e-parent\" data-id=\"2332a26a\" data-element_type=\"container\">\n\t\t\t\t\t<div class=\"e-con-inner\">\n\t\t<div class=\"elementor-element elementor-element-3a001e47 e-con-full e-flex e-con e-child\" data-id=\"3a001e47\" data-element_type=\"container\" data-settings=\"{&quot;background_background&quot;:&quot;classic&quot;}\">\n\t\t\t\t<\/div>\n\t\t<div class=\"elementor-element elementor-element-59a41d1e e-con-full e-flex e-con e-child\" data-id=\"59a41d1e\" data-element_type=\"container\">\n\t\t\t\t<\/div>\n\t\t\t\t\t<\/div>\n\t\t\t\t<\/div>\n\t\t<div class=\"elementor-element elementor-element-2d824e54 e-flex e-con-boxed e-con e-parent\" data-id=\"2d824e54\" data-element_type=\"container\">\n\t\t\t\t\t<div class=\"e-con-inner\">\n\t\t<div class=\"elementor-element elementor-element-3911e8a4 e-con-full elementor-hidden-mobile_extra elementor-hidden-mobile e-flex e-con e-child\" data-id=\"3911e8a4\" data-element_type=\"container\" data-settings=\"{&quot;background_background&quot;:&quot;classic&quot;}\">\n\t\t\t\t<\/div>\n\t\t<div class=\"elementor-element elementor-element-5bdffcf6 e-con-full e-flex e-con e-child\" data-id=\"5bdffcf6\" data-element_type=\"container\">\n\t\t\t\t<div class=\"elementor-element elementor-element-2e73ccf3 elementor-widget__width-initial elementor-widget elementor-widget-image\" data-id=\"2e73ccf3\" data-element_type=\"widget\" data-widget_type=\"image.default\">\n\t\t\t\t<div class=\"elementor-widget-container\">\n\t\t\t\t\t\t\t\t\t\t\t\t\t\t\t<img fetchpriority=\"high\" decoding=\"async\" width=\"620\" height=\"400\" src=\"https:\/\/www.selfprotein.com\/wp-content\/uploads\/2024\/09\/fit-chocolate-cake-with-greek-yogurt.png\" class=\"attachment-full size-full wp-image-9333\" alt=\"fit-chokladkaka-med-grekisk- yoghurt\" srcset=\"https:\/\/www.selfprotein.com\/wp-content\/uploads\/2024\/09\/fit-chocolate-cake-with-greek-yogurt.png 620w, https:\/\/www.selfprotein.com\/wp-content\/uploads\/2024\/09\/fit-chocolate-cake-with-greek-yogurt-300x194.png 300w, https:\/\/www.selfprotein.com\/wp-content\/uploads\/2024\/09\/fit-chocolate-cake-with-greek-yogurt-18x12.png 18w, https:\/\/www.selfprotein.com\/wp-content\/uploads\/2024\/09\/fit-chocolate-cake-with-greek-yogurt-600x387.png 600w\" sizes=\"(max-width: 620px) 100vw, 620px\" \/>\t\t\t\t\t\t\t\t\t\t\t\t\t\t\t<\/div>\n\t\t\t\t<\/div>\n\t\t\t\t<\/div>\n\t\t\t\t\t<\/div>\n\t\t\t\t<\/div>\n\t\t<div class=\"elementor-element elementor-element-5894c56c e-flex e-con-boxed e-con e-parent\" data-id=\"5894c56c\" data-element_type=\"container\">\n\t\t\t\t\t<div class=\"e-con-inner\">\n\t\t<div class=\"elementor-element elementor-element-fee11db e-con-full elementor-hidden-mobile_extra elementor-hidden-mobile e-flex e-con e-child\" data-id=\"fee11db\" data-element_type=\"container\" data-settings=\"{&quot;background_background&quot;:&quot;classic&quot;}\">\n\t\t\t\t<\/div>\n\t\t<div class=\"elementor-element elementor-element-389fffb3 e-con-full e-flex e-con e-child\" data-id=\"389fffb3\" data-element_type=\"container\">\n\t\t\t\t<div class=\"elementor-element elementor-element-2538ddfe elementor-widget-tablet__width-initial elementor-widget elementor-widget-heading\" data-id=\"2538ddfe\" data-element_type=\"widget\" data-widget_type=\"heading.default\">\n\t\t\t\t<div class=\"elementor-widget-container\">\n\t\t\t\t\t<h1 class=\"elementor-heading-title elementor-size-default\">Fit chokladkaka med grekisk yoghurt<\/h1>\t\t\t\t<\/div>\n\t\t\t\t<\/div>\n\t\t\t\t<\/div>\n\t\t\t\t\t<\/div>\n\t\t\t\t<\/div>\n\t\t<div class=\"elementor-element elementor-element-12c737dd e-flex e-con-boxed e-con e-parent\" data-id=\"12c737dd\" data-element_type=\"container\">\n\t\t\t\t\t<div class=\"e-con-inner\">\n\t\t<div class=\"elementor-element elementor-element-48f2e94 e-con-full e-flex e-con e-child\" data-id=\"48f2e94\" data-element_type=\"container\" data-settings=\"{&quot;background_background&quot;:&quot;classic&quot;}\">\n\t\t\t\t<div class=\"elementor-element elementor-element-42b5c861 elementor-widget elementor-widget-heading\" data-id=\"42b5c861\" data-element_type=\"widget\" data-widget_type=\"heading.default\">\n\t\t\t\t<div class=\"elementor-widget-container\">\n\t\t\t\t\t<h2 class=\"elementor-heading-title elementor-size-default\">Ingredienser<\/h2>\t\t\t\t<\/div>\n\t\t\t\t<\/div>\n\t\t\t\t<div class=\"elementor-element elementor-element-1ce8fefa elementor-widget-divider--view-line elementor-widget elementor-widget-divider\" data-id=\"1ce8fefa\" data-element_type=\"widget\" data-widget_type=\"divider.default\">\n\t\t\t\t<div class=\"elementor-widget-container\">\n\t\t\t\t\t\t\t<div class=\"elementor-divider\">\n\t\t\t<span class=\"elementor-divider-separator\">\n\t\t\t\t\t\t<\/span>\n\t\t<\/div>\n\t\t\t\t\t\t<\/div>\n\t\t\t\t<\/div>\n\t\t\t\t<div class=\"elementor-element elementor-element-18aa1cb2 elementor-widget elementor-widget-text-editor\" data-id=\"18aa1cb2\" data-element_type=\"widget\" data-widget_type=\"text-editor.default\">\n\t\t\t\t<div class=\"elementor-widget-container\">\n\t\t\t\t\t\t\t\t\t<ul>\n \t<li>40 g av <a style=\"text-decoration:underline;\" href=\"https:\/\/www.selfprotein.com\/sv\/produkt\/instant-oat\/\" target=\"_blank\" rel=\"noopener\">Choklad Instant Oat Pulver<\/a><\/li>\n \t<li>120 ml \u00e4ggvita<\/li>\n \t<li>5 g os\u00f6tat kakaopulver<\/li>\n \t<li>vit grekisk yoghurt<\/li>\n<\/ul>\t\t\t\t\t\t\t\t<\/div>\n\t\t\t\t<\/div>\n\t\t\t\t<\/div>\n\t\t<div class=\"elementor-element elementor-element-57950673 e-con-full e-flex e-con e-child\" data-id=\"57950673\" data-element_type=\"container\">\n\t\t\t\t<div class=\"elementor-element elementor-element-19c1c09a elementor-widget elementor-widget-heading\" data-id=\"19c1c09a\" data-element_type=\"widget\" data-widget_type=\"heading.default\">\n\t\t\t\t<div class=\"elementor-widget-container\">\n\t\t\t\t\t<h2 class=\"elementor-heading-title elementor-size-default\">F\u00f6rfarande<\/h2>\t\t\t\t<\/div>\n\t\t\t\t<\/div>\n\t\t\t\t<div class=\"elementor-element elementor-element-22b529eb elementor-widget-divider--view-line elementor-widget elementor-widget-divider\" data-id=\"22b529eb\" data-element_type=\"widget\" data-widget_type=\"divider.default\">\n\t\t\t\t<div class=\"elementor-widget-container\">\n\t\t\t\t\t\t\t<div class=\"elementor-divider\">\n\t\t\t<span class=\"elementor-divider-separator\">\n\t\t\t\t\t\t<\/span>\n\t\t<\/div>\n\t\t\t\t\t\t<\/div>\n\t\t\t\t<\/div>\n\t\t\t\t<div class=\"elementor-element elementor-element-21efdbbb elementor-widget elementor-widget-text-editor\" data-id=\"21efdbbb\" data-element_type=\"widget\" data-widget_type=\"text-editor.default\">\n\t\t\t\t<div class=\"elementor-widget-container\">\n\t\t\t\t\t\t\t\t\t<p>1. Blanda alla ingredienser i en sk\u00e5l tills de \u00e4r j\u00e4mna<br \/>2. L\u00e4gg blandningen i en mikrov\u00e5gss\u00e4ker beh\u00e5llare eller en ugnspl\u00e5t<br \/>3. Tillaga i mikrov\u00e5gsugn p\u00e5 h\u00f6gsta effekt i 3 minuter eller baka i en statisk ugn p\u00e5 180\u00b0C (350\u00b0F) i 10 minuter<br \/>4. L\u00e5t kakan svalna n\u00e5got, sk\u00e4r den sedan p\u00e5 mitten och fyll med grekisk yoghurt<\/p>\t\t\t\t\t\t\t\t<\/div>\n\t\t\t\t<\/div>\n\t\t\t\t<div class=\"elementor-element elementor-element-31ddf612 elementor-widget elementor-widget-heading\" data-id=\"31ddf612\" data-element_type=\"widget\" data-widget_type=\"heading.default\">\n\t\t\t\t<div class=\"elementor-widget-container\">\n\t\t\t\t\t<h2 class=\"elementor-heading-title elementor-size-default\">Tips<\/h2>\t\t\t\t<\/div>\n\t\t\t\t<\/div>\n\t\t\t\t<div class=\"elementor-element elementor-element-4c46a307 elementor-widget-divider--view-line elementor-widget elementor-widget-divider\" data-id=\"4c46a307\" data-element_type=\"widget\" data-widget_type=\"divider.default\">\n\t\t\t\t<div class=\"elementor-widget-container\">\n\t\t\t\t\t\t\t<div class=\"elementor-divider\">\n\t\t\t<span class=\"elementor-divider-separator\">\n\t\t\t\t\t\t<\/span>\n\t\t<\/div>\n\t\t\t\t\t\t<\/div>\n\t\t\t\t<\/div>\n\t\t\t\t<div class=\"elementor-element elementor-element-6c64c27c elementor-widget elementor-widget-text-editor\" data-id=\"6c64c27c\" data-element_type=\"widget\" data-widget_type=\"text-editor.default\">\n\t\t\t\t<div class=\"elementor-widget-container\">\n\t\t\t\t\t\t\t\t\t<p>F\u00f6r en extra touch kan du l\u00e4gga till f\u00e4rsk frukt som jordgubbar, bl\u00e5b\u00e4r eller bananer i den grekiska yoghurten innan du fyller kakan. Du kan ocks\u00e5 ha i lite s\u00f6tningsmedel eller honung f\u00f6r att g\u00f6ra den \u00e4nnu godare.<\/p>\t\t\t\t\t\t\t\t<\/div>\n\t\t\t\t<\/div>\n\t\t\t\t<\/div>\n\t\t\t\t\t<\/div>\n\t\t\t\t<\/div>\n\t\t\t\t<\/div>","protected":false},"excerpt":{"rendered":"<p>Fit Chocolate Cake with Greek Yogurt Ingredienser 40 g Chocolate Instant Oat Powder 120 ml \u00e4ggvitor 5 g os\u00f6tat kakaopulver vit grekisk yoghurt Tillv\u00e4gag\u00e5ngss\u00e4tt 1. Blanda alla ingredienser i en sk\u00e5l tills de \u00e4r j\u00e4mna2. L\u00e4gg blandningen i en mikrov\u00e5gss\u00e4ker beh\u00e5llare eller p\u00e5 en ugnspl\u00e5t3. Tillaga i mikron p\u00e5 h\u00f6gsta effekt i [...]<\/p>","protected":false},"author":22483,"featured_media":0,"parent":0,"menu_order":0,"comment_status":"closed","ping_status":"closed","template":"","meta":{"footnotes":""},"class_list":["post-9376","page","type-page","status-publish","hentry"],"aioseo_notices":[],"_links":{"self":[{"href":"https:\/\/www.selfprotein.com\/sv\/wp-json\/wp\/v2\/pages\/9376"}],"collection":[{"href":"https:\/\/www.selfprotein.com\/sv\/wp-json\/wp\/v2\/pages"}],"about":[{"href":"https:\/\/www.selfprotein.com\/sv\/wp-json\/wp\/v2\/types\/page"}],"author":[{"embeddable":true,"href":"https:\/\/www.selfprotein.com\/sv\/wp-json\/wp\/v2\/users\/22483"}],"replies":[{"embeddable":true,"href":"https:\/\/www.selfprotein.com\/sv\/wp-json\/wp\/v2\/comments?post=9376"}],"version-history":[{"count":132,"href":"https:\/\/www.selfprotein.com\/sv\/wp-json\/wp\/v2\/pages\/9376\/revisions"}],"predecessor-version":[{"id":10894,"href":"https:\/\/www.selfprotein.com\/sv\/wp-json\/wp\/v2\/pages\/9376\/revisions\/10894"}],"wp:attachment":[{"href":"https:\/\/www.selfprotein.com\/sv\/wp-json\/wp\/v2\/media?parent=9376"}],"curies":[{"name":"wp","href":"https:\/\/api.w.org\/{rel}","templated":true}]}}