{"id":9572,"date":"2024-09-16T11:13:54","date_gmt":"2024-09-16T09:13:54","guid":{"rendered":"https:\/\/www.selfprotein.com\/?page_id=9572"},"modified":"2024-10-17T15:16:41","modified_gmt":"2024-10-17T13:16:41","slug":"banana-bread-with-salted-caramel-recipe","status":"publish","type":"page","link":"https:\/\/www.selfprotein.com\/sv\/banana-bread-with-salted-caramel-recipe\/","title":{"rendered":"Bananbr\u00f6d med saltad karamell Recept"},"content":{"rendered":"<div data-elementor-type=\"wp-page\" data-elementor-id=\"9572\" class=\"elementor elementor-9572\" data-elementor-post-type=\"page\">\n\t\t\t\t<div class=\"elementor-element elementor-element-75e61d04 elementor-hidden-mobile_extra elementor-hidden-mobile e-flex e-con-boxed e-con e-parent\" data-id=\"75e61d04\" data-element_type=\"container\">\n\t\t\t\t\t<div class=\"e-con-inner\">\n\t\t<div class=\"elementor-element elementor-element-71296dec e-con-full e-flex e-con e-child\" data-id=\"71296dec\" data-element_type=\"container\" data-settings=\"{&quot;background_background&quot;:&quot;classic&quot;}\">\n\t\t\t\t<\/div>\n\t\t<div class=\"elementor-element elementor-element-894400f e-con-full e-flex e-con e-child\" data-id=\"894400f\" data-element_type=\"container\">\n\t\t\t\t<\/div>\n\t\t\t\t\t<\/div>\n\t\t\t\t<\/div>\n\t\t<div class=\"elementor-element elementor-element-64c406cc e-flex e-con-boxed e-con e-parent\" data-id=\"64c406cc\" data-element_type=\"container\">\n\t\t\t\t\t<div class=\"e-con-inner\">\n\t\t<div class=\"elementor-element elementor-element-4ea722 e-con-full elementor-hidden-mobile_extra elementor-hidden-mobile e-flex e-con e-child\" data-id=\"4ea722\" data-element_type=\"container\" data-settings=\"{&quot;background_background&quot;:&quot;classic&quot;}\">\n\t\t\t\t<\/div>\n\t\t<div class=\"elementor-element elementor-element-1efc2e3f e-con-full e-flex e-con e-child\" data-id=\"1efc2e3f\" data-element_type=\"container\">\n\t\t\t\t<div class=\"elementor-element elementor-element-4433d815 elementor-widget__width-initial elementor-widget elementor-widget-image\" data-id=\"4433d815\" data-element_type=\"widget\" data-widget_type=\"image.default\">\n\t\t\t\t<div class=\"elementor-widget-container\">\n\t\t\t\t\t\t\t\t\t\t\t\t\t\t\t<img fetchpriority=\"high\" decoding=\"async\" width=\"620\" height=\"400\" src=\"https:\/\/www.selfprotein.com\/wp-content\/uploads\/2024\/09\/banana-bread-with-salted-caramel.png\" class=\"attachment-full size-full wp-image-9550\" alt=\"bananbr\u00f6d-med-saltad-karamell\" srcset=\"https:\/\/www.selfprotein.com\/wp-content\/uploads\/2024\/09\/banana-bread-with-salted-caramel.png 620w, https:\/\/www.selfprotein.com\/wp-content\/uploads\/2024\/09\/banana-bread-with-salted-caramel-300x194.png 300w, https:\/\/www.selfprotein.com\/wp-content\/uploads\/2024\/09\/banana-bread-with-salted-caramel-18x12.png 18w, https:\/\/www.selfprotein.com\/wp-content\/uploads\/2024\/09\/banana-bread-with-salted-caramel-600x387.png 600w\" sizes=\"(max-width: 620px) 100vw, 620px\" \/>\t\t\t\t\t\t\t\t\t\t\t\t\t\t\t<\/div>\n\t\t\t\t<\/div>\n\t\t\t\t<\/div>\n\t\t\t\t\t<\/div>\n\t\t\t\t<\/div>\n\t\t<div class=\"elementor-element elementor-element-7a90e79c e-flex e-con-boxed e-con e-parent\" data-id=\"7a90e79c\" data-element_type=\"container\">\n\t\t\t\t\t<div class=\"e-con-inner\">\n\t\t<div class=\"elementor-element elementor-element-3b089f1 e-con-full elementor-hidden-mobile_extra elementor-hidden-mobile e-flex e-con e-child\" data-id=\"3b089f1\" data-element_type=\"container\" data-settings=\"{&quot;background_background&quot;:&quot;classic&quot;}\">\n\t\t\t\t<\/div>\n\t\t<div class=\"elementor-element elementor-element-2e6f74c3 e-con-full e-flex e-con e-child\" data-id=\"2e6f74c3\" data-element_type=\"container\">\n\t\t\t\t<div class=\"elementor-element elementor-element-3ba8fa21 elementor-widget-tablet__width-initial elementor-widget elementor-widget-heading\" data-id=\"3ba8fa21\" data-element_type=\"widget\" data-widget_type=\"heading.default\">\n\t\t\t\t<div class=\"elementor-widget-container\">\n\t\t\t\t\t<h1 class=\"elementor-heading-title elementor-size-default\">Bananbr\u00f6d med saltad karamell<\/h1>\t\t\t\t<\/div>\n\t\t\t\t<\/div>\n\t\t\t\t<\/div>\n\t\t\t\t\t<\/div>\n\t\t\t\t<\/div>\n\t\t<div class=\"elementor-element elementor-element-360c54d8 e-flex e-con-boxed e-con e-parent\" data-id=\"360c54d8\" data-element_type=\"container\">\n\t\t\t\t\t<div class=\"e-con-inner\">\n\t\t<div class=\"elementor-element elementor-element-3abdfeb9 e-con-full e-flex e-con e-child\" data-id=\"3abdfeb9\" data-element_type=\"container\" data-settings=\"{&quot;background_background&quot;:&quot;classic&quot;}\">\n\t\t\t\t<div class=\"elementor-element elementor-element-2b209f0b elementor-widget elementor-widget-heading\" data-id=\"2b209f0b\" data-element_type=\"widget\" data-widget_type=\"heading.default\">\n\t\t\t\t<div class=\"elementor-widget-container\">\n\t\t\t\t\t<h2 class=\"elementor-heading-title elementor-size-default\">Ingredienser<\/h2>\t\t\t\t<\/div>\n\t\t\t\t<\/div>\n\t\t\t\t<div class=\"elementor-element elementor-element-43cefb3e elementor-widget-divider--view-line elementor-widget elementor-widget-divider\" data-id=\"43cefb3e\" data-element_type=\"widget\" data-widget_type=\"divider.default\">\n\t\t\t\t<div class=\"elementor-widget-container\">\n\t\t\t\t\t\t\t<div class=\"elementor-divider\">\n\t\t\t<span class=\"elementor-divider-separator\">\n\t\t\t\t\t\t<\/span>\n\t\t<\/div>\n\t\t\t\t\t\t<\/div>\n\t\t\t\t<\/div>\n\t\t\t\t<div class=\"elementor-element elementor-element-6a0dc8f9 elementor-widget elementor-widget-text-editor\" data-id=\"6a0dc8f9\" data-element_type=\"widget\" data-widget_type=\"text-editor.default\">\n\t\t\t\t<div class=\"elementor-widget-container\">\n\t\t\t\t\t\t\t\t\t<ul><li>2 mogen banan<\/li><li>1 \u00e4gg<\/li><li>35 ml sockerfri l\u00f6nnsirap<\/li><li>2 skopor <a style=\"text-decoration: underline;\" href=\"https:\/\/www.selfprotein.com\/sv\/produkt\/100-micro-whey-active\/\" target=\"_blank\" rel=\"noopener\">Saltad<\/a><a style=\"text-decoration: underline;\" href=\"https:\/\/www.selfprotein.com\/sv\/produkt\/100-micro-whey-active\/\" target=\"_blank\" rel=\"noopener\"> Cara<\/a><a style=\"text-decoration: underline;\" href=\"https:\/\/www.selfprotein.com\/sv\/produkt\/100-micro-whey-active\/\" target=\"_blank\" rel=\"noopener\">mel<\/a><a style=\"text-decoration: underline;\" href=\"https:\/\/www.selfprotein.com\/sv\/produkt\/100-micro-whey-active\/\" target=\"_blank\" rel=\"noopener\"> Vassleprotein<\/a><\/li><li>100 g <a style=\"text-decoration: underline;\" href=\"https:\/\/www.selfprotein.com\/sv\/produkt\/instant-oat\/\" target=\"_blank\" rel=\"noopener\">Naturligt Pulver Instant Oat<\/a><\/li><li>1 tsk bikarbonat<\/li><li>1 tsk kanel<\/li><li>1 tsk Vaniljextrakt<\/li><\/ul>\t\t\t\t\t\t\t\t<\/div>\n\t\t\t\t<\/div>\n\t\t\t\t<\/div>\n\t\t<div class=\"elementor-element elementor-element-408b03d3 e-con-full e-flex e-con e-child\" data-id=\"408b03d3\" data-element_type=\"container\">\n\t\t\t\t<div class=\"elementor-element elementor-element-4aeb7930 elementor-widget elementor-widget-heading\" data-id=\"4aeb7930\" data-element_type=\"widget\" data-widget_type=\"heading.default\">\n\t\t\t\t<div class=\"elementor-widget-container\">\n\t\t\t\t\t<h2 class=\"elementor-heading-title elementor-size-default\">F\u00f6rfarande<\/h2>\t\t\t\t<\/div>\n\t\t\t\t<\/div>\n\t\t\t\t<div class=\"elementor-element elementor-element-2250daab elementor-widget-divider--view-line elementor-widget elementor-widget-divider\" data-id=\"2250daab\" data-element_type=\"widget\" data-widget_type=\"divider.default\">\n\t\t\t\t<div class=\"elementor-widget-container\">\n\t\t\t\t\t\t\t<div class=\"elementor-divider\">\n\t\t\t<span class=\"elementor-divider-separator\">\n\t\t\t\t\t\t<\/span>\n\t\t<\/div>\n\t\t\t\t\t\t<\/div>\n\t\t\t\t<\/div>\n\t\t\t\t<div class=\"elementor-element elementor-element-3e936ac7 elementor-widget elementor-widget-text-editor\" data-id=\"3e936ac7\" data-element_type=\"widget\" data-widget_type=\"text-editor.default\">\n\t\t\t\t<div class=\"elementor-widget-container\">\n\t\t\t\t\t\t\t\t\t<p>1. F\u00f6rv\u00e4rm ugnen till 180\u00b0 C<br \/>2. L\u00e4gg bananerna i en sk\u00e5l och mosa dem tills de \u00e4r mjuka.<br \/>3. Tills\u00e4tt \u00e4gget till bananerna och blanda tills allt \u00e4r blandat<br \/>4. Tills\u00e4tt sedan den sockerfria l\u00f6nnsirapen och alla andra torra ingredienser<br \/>5. Blanda tills smeten \u00e4r j\u00e4mn<br \/>6. H\u00e4ll smeten i en kl\u00e4dd l\u00e5ngpanna och gr\u00e4dda i 25 minuter<\/p>\t\t\t\t\t\t\t\t<\/div>\n\t\t\t\t<\/div>\n\t\t\t\t<div class=\"elementor-element elementor-element-32046ded elementor-widget elementor-widget-heading\" data-id=\"32046ded\" data-element_type=\"widget\" data-widget_type=\"heading.default\">\n\t\t\t\t<div class=\"elementor-widget-container\">\n\t\t\t\t\t<h2 class=\"elementor-heading-title elementor-size-default\">Tips<\/h2>\t\t\t\t<\/div>\n\t\t\t\t<\/div>\n\t\t\t\t<div class=\"elementor-element elementor-element-719657d4 elementor-widget-divider--view-line elementor-widget elementor-widget-divider\" data-id=\"719657d4\" data-element_type=\"widget\" data-widget_type=\"divider.default\">\n\t\t\t\t<div class=\"elementor-widget-container\">\n\t\t\t\t\t\t\t<div class=\"elementor-divider\">\n\t\t\t<span class=\"elementor-divider-separator\">\n\t\t\t\t\t\t<\/span>\n\t\t<\/div>\n\t\t\t\t\t\t<\/div>\n\t\t\t\t<\/div>\n\t\t\t\t<div class=\"elementor-element elementor-element-7b08741e elementor-widget elementor-widget-text-editor\" data-id=\"7b08741e\" data-element_type=\"widget\" data-widget_type=\"text-editor.default\">\n\t\t\t\t<div class=\"elementor-widget-container\">\n\t\t\t\t\t\t\t\t\t<p>F\u00f6r extra krispighet och extra h\u00e4lsosamma fetter, tills\u00e4tt 30 g hackade valn\u00f6tter i smeten.<br \/>F\u00f6r en godare version, tills\u00e4tt 50 g m\u00f6rka chokladbitar.<\/p>\t\t\t\t\t\t\t\t<\/div>\n\t\t\t\t<\/div>\n\t\t\t\t<\/div>\n\t\t\t\t\t<\/div>\n\t\t\t\t<\/div>\n\t\t\t\t<\/div>","protected":false},"excerpt":{"rendered":"<p>Bananbr\u00f6d med saltad karamell Ingredienser 2 mogna bananer 1 \u00e4gg 35 ml sockerfri l\u00f6nnsirap 2 skopor Salted Caramel Whey Protein 100 g Natural Instant Oat Powder 1 tsk bikarbonat 1 tsk kanel 1 tsk vaniljextrakt Tillv\u00e4gag\u00e5ngss\u00e4tt 1. F\u00f6rv\u00e4rm ugnen till 180\u00b02. L\u00e4gg bananerna i en sk\u00e5l och mosa dem tills de \u00e4r mjuka.3. [...]<\/p>","protected":false},"author":22483,"featured_media":0,"parent":0,"menu_order":0,"comment_status":"closed","ping_status":"closed","template":"","meta":{"footnotes":""},"class_list":["post-9572","page","type-page","status-publish","hentry"],"aioseo_notices":[],"_links":{"self":[{"href":"https:\/\/www.selfprotein.com\/sv\/wp-json\/wp\/v2\/pages\/9572"}],"collection":[{"href":"https:\/\/www.selfprotein.com\/sv\/wp-json\/wp\/v2\/pages"}],"about":[{"href":"https:\/\/www.selfprotein.com\/sv\/wp-json\/wp\/v2\/types\/page"}],"author":[{"embeddable":true,"href":"https:\/\/www.selfprotein.com\/sv\/wp-json\/wp\/v2\/users\/22483"}],"replies":[{"embeddable":true,"href":"https:\/\/www.selfprotein.com\/sv\/wp-json\/wp\/v2\/comments?post=9572"}],"version-history":[{"count":63,"href":"https:\/\/www.selfprotein.com\/sv\/wp-json\/wp\/v2\/pages\/9572\/revisions"}],"predecessor-version":[{"id":10870,"href":"https:\/\/www.selfprotein.com\/sv\/wp-json\/wp\/v2\/pages\/9572\/revisions\/10870"}],"wp:attachment":[{"href":"https:\/\/www.selfprotein.com\/sv\/wp-json\/wp\/v2\/media?parent=9572"}],"curies":[{"name":"wp","href":"https:\/\/api.w.org\/{rel}","templated":true}]}}