{"id":9677,"date":"2024-09-16T11:14:43","date_gmt":"2024-09-16T09:14:43","guid":{"rendered":"https:\/\/www.selfprotein.com\/?page_id=9677"},"modified":"2024-10-17T16:06:14","modified_gmt":"2024-10-17T14:06:14","slug":"fruit-protein-smoothie-recipe","status":"publish","type":"page","link":"https:\/\/www.selfprotein.com\/sv\/fruit-protein-smoothie-recipe\/","title":{"rendered":"Recept p\u00e5 fruktproteinsmoothie"},"content":{"rendered":"<div data-elementor-type=\"wp-page\" data-elementor-id=\"9677\" class=\"elementor elementor-9677\" data-elementor-post-type=\"page\">\n\t\t\t\t<div class=\"elementor-element elementor-element-11e83f60 elementor-hidden-mobile_extra elementor-hidden-mobile e-flex e-con-boxed e-con e-parent\" data-id=\"11e83f60\" data-element_type=\"container\">\n\t\t\t\t\t<div class=\"e-con-inner\">\n\t\t<div class=\"elementor-element elementor-element-58255cda e-con-full e-flex e-con e-child\" data-id=\"58255cda\" data-element_type=\"container\" data-settings=\"{&quot;background_background&quot;:&quot;classic&quot;}\">\n\t\t\t\t<\/div>\n\t\t<div class=\"elementor-element elementor-element-242e399b e-con-full e-flex e-con e-child\" data-id=\"242e399b\" data-element_type=\"container\">\n\t\t\t\t<\/div>\n\t\t\t\t\t<\/div>\n\t\t\t\t<\/div>\n\t\t<div class=\"elementor-element elementor-element-63e403f8 e-flex e-con-boxed e-con e-parent\" data-id=\"63e403f8\" data-element_type=\"container\">\n\t\t\t\t\t<div class=\"e-con-inner\">\n\t\t<div class=\"elementor-element elementor-element-1d3b88d7 e-con-full elementor-hidden-mobile_extra elementor-hidden-mobile e-flex e-con e-child\" data-id=\"1d3b88d7\" data-element_type=\"container\" data-settings=\"{&quot;background_background&quot;:&quot;classic&quot;}\">\n\t\t\t\t<\/div>\n\t\t<div class=\"elementor-element elementor-element-39f3d11 e-con-full e-flex e-con e-child\" data-id=\"39f3d11\" data-element_type=\"container\">\n\t\t\t\t<div class=\"elementor-element elementor-element-5b2be0c8 elementor-widget__width-initial elementor-widget elementor-widget-image\" data-id=\"5b2be0c8\" data-element_type=\"widget\" data-widget_type=\"image.default\">\n\t\t\t\t<div class=\"elementor-widget-container\">\n\t\t\t\t\t\t\t\t\t\t\t\t\t\t\t<img fetchpriority=\"high\" decoding=\"async\" width=\"620\" height=\"400\" src=\"https:\/\/www.selfprotein.com\/wp-content\/uploads\/2024\/09\/fruit-protein-smoothie.png\" class=\"attachment-full size-full wp-image-9673\" alt=\"frukt-protein-smoothie\" srcset=\"https:\/\/www.selfprotein.com\/wp-content\/uploads\/2024\/09\/fruit-protein-smoothie.png 620w, https:\/\/www.selfprotein.com\/wp-content\/uploads\/2024\/09\/fruit-protein-smoothie-300x194.png 300w, https:\/\/www.selfprotein.com\/wp-content\/uploads\/2024\/09\/fruit-protein-smoothie-18x12.png 18w, https:\/\/www.selfprotein.com\/wp-content\/uploads\/2024\/09\/fruit-protein-smoothie-600x387.png 600w\" sizes=\"(max-width: 620px) 100vw, 620px\" \/>\t\t\t\t\t\t\t\t\t\t\t\t\t\t\t<\/div>\n\t\t\t\t<\/div>\n\t\t\t\t<\/div>\n\t\t\t\t\t<\/div>\n\t\t\t\t<\/div>\n\t\t<div class=\"elementor-element elementor-element-64781c3e e-flex e-con-boxed e-con e-parent\" data-id=\"64781c3e\" data-element_type=\"container\">\n\t\t\t\t\t<div class=\"e-con-inner\">\n\t\t<div class=\"elementor-element elementor-element-46181b18 e-con-full elementor-hidden-mobile_extra elementor-hidden-mobile e-flex e-con e-child\" data-id=\"46181b18\" data-element_type=\"container\" data-settings=\"{&quot;background_background&quot;:&quot;classic&quot;}\">\n\t\t\t\t<\/div>\n\t\t<div class=\"elementor-element elementor-element-4822f668 e-con-full e-flex e-con e-child\" data-id=\"4822f668\" data-element_type=\"container\">\n\t\t\t\t<div class=\"elementor-element elementor-element-353a2500 elementor-widget-tablet__width-initial elementor-widget elementor-widget-heading\" data-id=\"353a2500\" data-element_type=\"widget\" data-widget_type=\"heading.default\">\n\t\t\t\t<div class=\"elementor-widget-container\">\n\t\t\t\t\t<h1 class=\"elementor-heading-title elementor-size-default\">Smoothie med fruktprotein<\/h1>\t\t\t\t<\/div>\n\t\t\t\t<\/div>\n\t\t\t\t<\/div>\n\t\t\t\t\t<\/div>\n\t\t\t\t<\/div>\n\t\t<div class=\"elementor-element elementor-element-60918928 e-flex e-con-boxed e-con e-parent\" data-id=\"60918928\" data-element_type=\"container\">\n\t\t\t\t\t<div class=\"e-con-inner\">\n\t\t<div class=\"elementor-element elementor-element-36a96ade e-con-full e-flex e-con e-child\" data-id=\"36a96ade\" data-element_type=\"container\" data-settings=\"{&quot;background_background&quot;:&quot;classic&quot;}\">\n\t\t\t\t<div class=\"elementor-element elementor-element-5a85f720 elementor-widget elementor-widget-heading\" data-id=\"5a85f720\" data-element_type=\"widget\" data-widget_type=\"heading.default\">\n\t\t\t\t<div class=\"elementor-widget-container\">\n\t\t\t\t\t<h2 class=\"elementor-heading-title elementor-size-default\">Ingredienser<\/h2>\t\t\t\t<\/div>\n\t\t\t\t<\/div>\n\t\t\t\t<div class=\"elementor-element elementor-element-4477fbaf elementor-widget-divider--view-line elementor-widget elementor-widget-divider\" data-id=\"4477fbaf\" data-element_type=\"widget\" data-widget_type=\"divider.default\">\n\t\t\t\t<div class=\"elementor-widget-container\">\n\t\t\t\t\t\t\t<div class=\"elementor-divider\">\n\t\t\t<span class=\"elementor-divider-separator\">\n\t\t\t\t\t\t<\/span>\n\t\t<\/div>\n\t\t\t\t\t\t<\/div>\n\t\t\t\t<\/div>\n\t\t\t\t<div class=\"elementor-element elementor-element-75928150 elementor-widget elementor-widget-text-editor\" data-id=\"75928150\" data-element_type=\"widget\" data-widget_type=\"text-editor.default\">\n\t\t\t\t<div class=\"elementor-widget-container\">\n\t\t\t\t\t\t\t\t\t<ul>\n \t<li>300 g is<\/li>\n \t<li>80 ml mj\u00f6lk<\/li>\n \t<li>200 g valfri frukt (t.ex.,\nbananer, jordgubbar, bl\u00e5b\u00e4r,\nmango)<\/li>\n \t<li>40 g av <a style=\"text-decoration:underline;\" href=\"https:\/\/www.selfprotein.com\/sv\/produkt\/iso-whey-premium\/\" target=\"_blank\" rel=\"noopener\">Iso Whey Premium<\/a><\/li>\n \t<li>Valfritt s\u00f6tningsmedel (t.ex. stevia,\nerytritol, agave)<\/li>\n<\/ul>\t\t\t\t\t\t\t\t<\/div>\n\t\t\t\t<\/div>\n\t\t\t\t<\/div>\n\t\t<div class=\"elementor-element elementor-element-6f6aa1ac e-con-full e-flex e-con e-child\" data-id=\"6f6aa1ac\" data-element_type=\"container\">\n\t\t\t\t<div class=\"elementor-element elementor-element-5ce76a78 elementor-widget elementor-widget-heading\" data-id=\"5ce76a78\" data-element_type=\"widget\" data-widget_type=\"heading.default\">\n\t\t\t\t<div class=\"elementor-widget-container\">\n\t\t\t\t\t<h2 class=\"elementor-heading-title elementor-size-default\">F\u00f6rfarande<\/h2>\t\t\t\t<\/div>\n\t\t\t\t<\/div>\n\t\t\t\t<div class=\"elementor-element elementor-element-12d135ca elementor-widget-divider--view-line elementor-widget elementor-widget-divider\" data-id=\"12d135ca\" data-element_type=\"widget\" data-widget_type=\"divider.default\">\n\t\t\t\t<div class=\"elementor-widget-container\">\n\t\t\t\t\t\t\t<div class=\"elementor-divider\">\n\t\t\t<span class=\"elementor-divider-separator\">\n\t\t\t\t\t\t<\/span>\n\t\t<\/div>\n\t\t\t\t\t\t<\/div>\n\t\t\t\t<\/div>\n\t\t\t\t<div class=\"elementor-element elementor-element-1b9265bb elementor-widget elementor-widget-text-editor\" data-id=\"1b9265bb\" data-element_type=\"widget\" data-widget_type=\"text-editor.default\">\n\t\t\t\t<div class=\"elementor-widget-container\">\n\t\t\t\t\t\t\t\t\t<p>1.  L\u00e4gg alla ingredienser i mixern Tills\u00e4tt s\u00f6tningsmedel efter smak.<br \/>2. Mixa allt till en j\u00e4mn och kr\u00e4mig konsistens.<br \/>3. H\u00e4ll upp smoothien i ett glas och avnjut den omedelbart.<\/p>\t\t\t\t\t\t\t\t<\/div>\n\t\t\t\t<\/div>\n\t\t\t\t<div class=\"elementor-element elementor-element-4a6c2df5 elementor-widget elementor-widget-heading\" data-id=\"4a6c2df5\" data-element_type=\"widget\" data-widget_type=\"heading.default\">\n\t\t\t\t<div class=\"elementor-widget-container\">\n\t\t\t\t\t<h2 class=\"elementor-heading-title elementor-size-default\">Tips<\/h2>\t\t\t\t<\/div>\n\t\t\t\t<\/div>\n\t\t\t\t<div class=\"elementor-element elementor-element-bbdc850 elementor-widget-divider--view-line elementor-widget elementor-widget-divider\" data-id=\"bbdc850\" data-element_type=\"widget\" data-widget_type=\"divider.default\">\n\t\t\t\t<div class=\"elementor-widget-container\">\n\t\t\t\t\t\t\t<div class=\"elementor-divider\">\n\t\t\t<span class=\"elementor-divider-separator\">\n\t\t\t\t\t\t<\/span>\n\t\t<\/div>\n\t\t\t\t\t\t<\/div>\n\t\t\t\t<\/div>\n\t\t\t\t<div class=\"elementor-element elementor-element-1146d30d elementor-widget elementor-widget-text-editor\" data-id=\"1146d30d\" data-element_type=\"widget\" data-widget_type=\"text-editor.default\">\n\t\t\t\t<div class=\"elementor-widget-container\">\n\t\t\t\t\t\t\t\t\t<p>Anv\u00e4nd fryst frukt f\u00f6r att f\u00e5 en \u00e4nnu kr\u00e4migare, milkshake-liknande konsistens. Detta kan ocks\u00e5 minska m\u00e4ngden is som beh\u00f6vs. Om du \u00e4r laktosintolerant eller f\u00f6redrar en vegansk version kan du prova mandelmj\u00f6lk, kokosmj\u00f6lk, sojamj\u00f6lk eller n\u00e5got annat v\u00e4xtbaserat alternativ.<\/p>\t\t\t\t\t\t\t\t<\/div>\n\t\t\t\t<\/div>\n\t\t\t\t<\/div>\n\t\t\t\t\t<\/div>\n\t\t\t\t<\/div>\n\t\t\t\t<\/div>","protected":false},"excerpt":{"rendered":"<p>Fruktproteinsmoothie Ingredienser 300 g is 80 ml mj\u00f6lk 200 g valfri frukt (t.ex. bananer, jordgubbar, bl\u00e5b\u00e4r, mango) 40 g Iso Whey Premium Valfritt s\u00f6tningsmedel (t.ex. stevia, erytritol, agave) Tillv\u00e4gag\u00e5ngss\u00e4tt 1.  L\u00e4gg alla ingredienser i mixern Tills\u00e4tt s\u00f6tningsmedel efter smak.2. Mixa allt tills det \u00e4r sl\u00e4tt och kr\u00e4migt.3. H\u00e4ll [...]<\/p>","protected":false},"author":22483,"featured_media":0,"parent":0,"menu_order":0,"comment_status":"closed","ping_status":"closed","template":"","meta":{"footnotes":""},"class_list":["post-9677","page","type-page","status-publish","hentry"],"aioseo_notices":[],"_links":{"self":[{"href":"https:\/\/www.selfprotein.com\/sv\/wp-json\/wp\/v2\/pages\/9677"}],"collection":[{"href":"https:\/\/www.selfprotein.com\/sv\/wp-json\/wp\/v2\/pages"}],"about":[{"href":"https:\/\/www.selfprotein.com\/sv\/wp-json\/wp\/v2\/types\/page"}],"author":[{"embeddable":true,"href":"https:\/\/www.selfprotein.com\/sv\/wp-json\/wp\/v2\/users\/22483"}],"replies":[{"embeddable":true,"href":"https:\/\/www.selfprotein.com\/sv\/wp-json\/wp\/v2\/comments?post=9677"}],"version-history":[{"count":35,"href":"https:\/\/www.selfprotein.com\/sv\/wp-json\/wp\/v2\/pages\/9677\/revisions"}],"predecessor-version":[{"id":10897,"href":"https:\/\/www.selfprotein.com\/sv\/wp-json\/wp\/v2\/pages\/9677\/revisions\/10897"}],"wp:attachment":[{"href":"https:\/\/www.selfprotein.com\/sv\/wp-json\/wp\/v2\/media?parent=9677"}],"curies":[{"name":"wp","href":"https:\/\/api.w.org\/{rel}","templated":true}]}}