{"id":9977,"date":"2024-09-16T11:15:34","date_gmt":"2024-09-16T09:15:34","guid":{"rendered":"https:\/\/www.selfprotein.com\/?page_id=9977"},"modified":"2024-11-05T10:19:09","modified_gmt":"2024-11-05T09:19:09","slug":"protein-banana-pancake-bites-recipe","status":"publish","type":"page","link":"https:\/\/www.selfprotein.com\/sv\/protein-banana-pancake-bites-recipe\/","title":{"rendered":"Protein Banana Pancake Bites Recept"},"content":{"rendered":"<div data-elementor-type=\"wp-page\" data-elementor-id=\"9977\" class=\"elementor elementor-9977\" data-elementor-post-type=\"page\">\n\t\t\t\t<div class=\"elementor-element elementor-element-56da5f73 elementor-hidden-mobile_extra elementor-hidden-mobile e-flex e-con-boxed e-con e-parent\" data-id=\"56da5f73\" data-element_type=\"container\">\n\t\t\t\t\t<div class=\"e-con-inner\">\n\t\t<div class=\"elementor-element elementor-element-713e7102 e-con-full e-flex e-con e-child\" data-id=\"713e7102\" data-element_type=\"container\" data-settings=\"{&quot;background_background&quot;:&quot;classic&quot;}\">\n\t\t\t\t<\/div>\n\t\t<div class=\"elementor-element elementor-element-f782298 e-con-full e-flex e-con e-child\" data-id=\"f782298\" data-element_type=\"container\">\n\t\t\t\t<\/div>\n\t\t\t\t\t<\/div>\n\t\t\t\t<\/div>\n\t\t<div class=\"elementor-element elementor-element-44f7bf70 e-flex e-con-boxed e-con e-parent\" data-id=\"44f7bf70\" data-element_type=\"container\">\n\t\t\t\t\t<div class=\"e-con-inner\">\n\t\t<div class=\"elementor-element elementor-element-1b04d558 e-con-full elementor-hidden-mobile_extra elementor-hidden-mobile e-flex e-con e-child\" data-id=\"1b04d558\" data-element_type=\"container\" data-settings=\"{&quot;background_background&quot;:&quot;classic&quot;}\">\n\t\t\t\t<\/div>\n\t\t<div class=\"elementor-element elementor-element-b5d9501 e-con-full e-flex e-con e-child\" data-id=\"b5d9501\" data-element_type=\"container\">\n\t\t\t\t<div class=\"elementor-element elementor-element-3a046483 elementor-widget__width-initial elementor-widget elementor-widget-image\" data-id=\"3a046483\" data-element_type=\"widget\" data-widget_type=\"image.default\">\n\t\t\t\t<div class=\"elementor-widget-container\">\n\t\t\t\t\t\t\t\t\t\t\t\t\t\t\t<img fetchpriority=\"high\" decoding=\"async\" width=\"620\" height=\"400\" src=\"https:\/\/www.selfprotein.com\/wp-content\/uploads\/2024\/09\/protein-banana-pancake-bites.png\" class=\"attachment-full size-full wp-image-9665\" alt=\"protein-banan-pannkaksbitar\" srcset=\"https:\/\/www.selfprotein.com\/wp-content\/uploads\/2024\/09\/protein-banana-pancake-bites.png 620w, https:\/\/www.selfprotein.com\/wp-content\/uploads\/2024\/09\/protein-banana-pancake-bites-300x194.png 300w, https:\/\/www.selfprotein.com\/wp-content\/uploads\/2024\/09\/protein-banana-pancake-bites-18x12.png 18w, https:\/\/www.selfprotein.com\/wp-content\/uploads\/2024\/09\/protein-banana-pancake-bites-600x387.png 600w\" sizes=\"(max-width: 620px) 100vw, 620px\" \/>\t\t\t\t\t\t\t\t\t\t\t\t\t\t\t<\/div>\n\t\t\t\t<\/div>\n\t\t\t\t<\/div>\n\t\t\t\t\t<\/div>\n\t\t\t\t<\/div>\n\t\t<div class=\"elementor-element elementor-element-6f19958c e-flex e-con-boxed e-con e-parent\" data-id=\"6f19958c\" data-element_type=\"container\">\n\t\t\t\t\t<div class=\"e-con-inner\">\n\t\t<div class=\"elementor-element elementor-element-7647d0b8 e-con-full elementor-hidden-mobile_extra elementor-hidden-mobile e-flex e-con e-child\" data-id=\"7647d0b8\" data-element_type=\"container\" data-settings=\"{&quot;background_background&quot;:&quot;classic&quot;}\">\n\t\t\t\t<\/div>\n\t\t<div class=\"elementor-element elementor-element-326e2fb3 e-con-full e-flex e-con e-child\" data-id=\"326e2fb3\" data-element_type=\"container\">\n\t\t\t\t<div class=\"elementor-element elementor-element-22de2668 elementor-widget-tablet__width-initial elementor-widget elementor-widget-heading\" data-id=\"22de2668\" data-element_type=\"widget\" data-widget_type=\"heading.default\">\n\t\t\t\t<div class=\"elementor-widget-container\">\n\t\t\t\t\t<h1 class=\"elementor-heading-title elementor-size-default\">Protein Banan\nPannkaksbitar<\/h1>\t\t\t\t<\/div>\n\t\t\t\t<\/div>\n\t\t\t\t<\/div>\n\t\t\t\t\t<\/div>\n\t\t\t\t<\/div>\n\t\t<div class=\"elementor-element elementor-element-5138fabd e-flex e-con-boxed e-con e-parent\" data-id=\"5138fabd\" data-element_type=\"container\">\n\t\t\t\t\t<div class=\"e-con-inner\">\n\t\t<div class=\"elementor-element elementor-element-70a7c7f e-con-full e-flex e-con e-child\" data-id=\"70a7c7f\" data-element_type=\"container\" data-settings=\"{&quot;background_background&quot;:&quot;classic&quot;}\">\n\t\t\t\t<div class=\"elementor-element elementor-element-6e2d3b41 elementor-widget elementor-widget-heading\" data-id=\"6e2d3b41\" data-element_type=\"widget\" data-widget_type=\"heading.default\">\n\t\t\t\t<div class=\"elementor-widget-container\">\n\t\t\t\t\t<h2 class=\"elementor-heading-title elementor-size-default\">Ingredienser<\/h2>\t\t\t\t<\/div>\n\t\t\t\t<\/div>\n\t\t\t\t<div class=\"elementor-element elementor-element-30f520a5 elementor-widget-divider--view-line elementor-widget elementor-widget-divider\" data-id=\"30f520a5\" data-element_type=\"widget\" data-widget_type=\"divider.default\">\n\t\t\t\t<div class=\"elementor-widget-container\">\n\t\t\t\t\t\t\t<div class=\"elementor-divider\">\n\t\t\t<span class=\"elementor-divider-separator\">\n\t\t\t\t\t\t<\/span>\n\t\t<\/div>\n\t\t\t\t\t\t<\/div>\n\t\t\t\t<\/div>\n\t\t\t\t<div class=\"elementor-element elementor-element-752e8dbc elementor-widget elementor-widget-text-editor\" data-id=\"752e8dbc\" data-element_type=\"widget\" data-widget_type=\"text-editor.default\">\n\t\t\t\t<div class=\"elementor-widget-container\">\n\t\t\t\t\t\t\t\t\t&nbsp;&nbsp;&nbsp;&nbsp;&nbsp;Till pannkakorna:\n<ul>\n \t<li>2 skopor av <a style=\"text-decoration: underline;\" href=\"https:\/\/www.selfprotein.com\/sv\/produkt\/protein-pancake\/\" target=\"_blank\" rel=\"noopener\">Protein Pancake<\/a><\/li>\n \t<li>200 ml vatten<\/li>\n \t<li>2 mogna bananer<\/li>\n \t<li>1-2 msk kokosn\u00f6tsolja<\/li>\n<\/ul>\n<br>\n&nbsp;&nbsp;&nbsp;&nbsp;&nbsp;Till jordn\u00f6tssm\u00f6rs\u00e5sen:\n<ul>\n \t<li>3 msk jordn\u00f6tssm\u00f6r<\/li>\n \t<li>2,5 msk valfri mj\u00f6lk<\/li>\n \t<li>2 tsk l\u00f6nnsirap<\/li>\n<\/ul>\t\t\t\t\t\t\t\t<\/div>\n\t\t\t\t<\/div>\n\t\t\t\t<\/div>\n\t\t<div class=\"elementor-element elementor-element-16d19c11 e-con-full e-flex e-con e-child\" data-id=\"16d19c11\" data-element_type=\"container\">\n\t\t\t\t<div class=\"elementor-element elementor-element-64f4a9d0 elementor-widget elementor-widget-heading\" data-id=\"64f4a9d0\" data-element_type=\"widget\" data-widget_type=\"heading.default\">\n\t\t\t\t<div class=\"elementor-widget-container\">\n\t\t\t\t\t<h2 class=\"elementor-heading-title elementor-size-default\">F\u00f6rfarande<\/h2>\t\t\t\t<\/div>\n\t\t\t\t<\/div>\n\t\t\t\t<div class=\"elementor-element elementor-element-3615d620 elementor-widget-divider--view-line elementor-widget elementor-widget-divider\" data-id=\"3615d620\" data-element_type=\"widget\" data-widget_type=\"divider.default\">\n\t\t\t\t<div class=\"elementor-widget-container\">\n\t\t\t\t\t\t\t<div class=\"elementor-divider\">\n\t\t\t<span class=\"elementor-divider-separator\">\n\t\t\t\t\t\t<\/span>\n\t\t<\/div>\n\t\t\t\t\t\t<\/div>\n\t\t\t\t<\/div>\n\t\t\t\t<div class=\"elementor-element elementor-element-2a3e624a elementor-widget elementor-widget-text-editor\" data-id=\"2a3e624a\" data-element_type=\"widget\" data-widget_type=\"text-editor.default\">\n\t\t\t\t<div class=\"elementor-widget-container\">\n\t\t\t\t\t\t\t\t\t<p>Till pannkakorna:<br \/>1. Blanda pannkaksmix och vatten till en j\u00e4mn, tunn smet.<br \/>2. Skiva bananen i tunna skivor och doppa den i smeten s\u00e5 att den blir helt\u00e4ckande.<br \/>3. Hetta upp kokosoljan i en stor stekpanna p\u00e5 medelv\u00e4rme. Stek varje bananbit i en minut p\u00e5 varje sida eller tills den \u00e4r gyllenbrun.<\/p>\n<p>Till jordn\u00f6tssm\u00f6rs\u00e5sen:<br \/>1. Blanda alla ingredienser och h\u00e4ll \u00f6ver pannkaksbitarna.<\/p>\t\t\t\t\t\t\t\t<\/div>\n\t\t\t\t<\/div>\n\t\t\t\t<div class=\"elementor-element elementor-element-27d7a2ca elementor-widget elementor-widget-heading\" data-id=\"27d7a2ca\" data-element_type=\"widget\" data-widget_type=\"heading.default\">\n\t\t\t\t<div class=\"elementor-widget-container\">\n\t\t\t\t\t<h2 class=\"elementor-heading-title elementor-size-default\">Tips<\/h2>\t\t\t\t<\/div>\n\t\t\t\t<\/div>\n\t\t\t\t<div class=\"elementor-element elementor-element-44492fb elementor-widget-divider--view-line elementor-widget elementor-widget-divider\" data-id=\"44492fb\" data-element_type=\"widget\" data-widget_type=\"divider.default\">\n\t\t\t\t<div class=\"elementor-widget-container\">\n\t\t\t\t\t\t\t<div class=\"elementor-divider\">\n\t\t\t<span class=\"elementor-divider-separator\">\n\t\t\t\t\t\t<\/span>\n\t\t<\/div>\n\t\t\t\t\t\t<\/div>\n\t\t\t\t<\/div>\n\t\t\t\t<div class=\"elementor-element elementor-element-3db590d5 elementor-widget elementor-widget-text-editor\" data-id=\"3db590d5\" data-element_type=\"widget\" data-widget_type=\"text-editor.default\">\n\t\t\t\t<div class=\"elementor-widget-container\">\n\t\t\t\t\t\t\t\t\t<p>Om du vill \u00f6ka proteininneh\u00e5llet och konsistensen kan du tills\u00e4tta ett \u00e4gg i pannkakssmeten.<br \/>Om du inte har Pancake Protein till hands kan du anv\u00e4nda andra proteinpulver som vassleprotein, veganprotein eller kaseinprotein beroende p\u00e5 vad du f\u00f6redrar.<\/p>\t\t\t\t\t\t\t\t<\/div>\n\t\t\t\t<\/div>\n\t\t\t\t<\/div>\n\t\t\t\t\t<\/div>\n\t\t\t\t<\/div>\n\t\t\t\t<\/div>","protected":false},"excerpt":{"rendered":"<p>Protein Banana Pancake Bites Ingredienser Till pannkakorna: 2 skopor Protein Pancake 200 ml vatten 2 mogna bananer 1-2 msk kokosolja Till jordn\u00f6tssm\u00f6rs\u00e5sen: 3 msk jordn\u00f6tssm\u00f6r 2,5 msk valfri mj\u00f6lk 2 tsk l\u00f6nnsirap Procedur Till pannkakorna:1. Blanda pannkaksmixen och vattnet tills du har en [...].<\/p>","protected":false},"author":22483,"featured_media":0,"parent":0,"menu_order":0,"comment_status":"closed","ping_status":"closed","template":"","meta":{"footnotes":""},"class_list":["post-9977","page","type-page","status-publish","hentry"],"aioseo_notices":[],"_links":{"self":[{"href":"https:\/\/www.selfprotein.com\/sv\/wp-json\/wp\/v2\/pages\/9977"}],"collection":[{"href":"https:\/\/www.selfprotein.com\/sv\/wp-json\/wp\/v2\/pages"}],"about":[{"href":"https:\/\/www.selfprotein.com\/sv\/wp-json\/wp\/v2\/types\/page"}],"author":[{"embeddable":true,"href":"https:\/\/www.selfprotein.com\/sv\/wp-json\/wp\/v2\/users\/22483"}],"replies":[{"embeddable":true,"href":"https:\/\/www.selfprotein.com\/sv\/wp-json\/wp\/v2\/comments?post=9977"}],"version-history":[{"count":92,"href":"https:\/\/www.selfprotein.com\/sv\/wp-json\/wp\/v2\/pages\/9977\/revisions"}],"predecessor-version":[{"id":11243,"href":"https:\/\/www.selfprotein.com\/sv\/wp-json\/wp\/v2\/pages\/9977\/revisions\/11243"}],"wp:attachment":[{"href":"https:\/\/www.selfprotein.com\/sv\/wp-json\/wp\/v2\/media?parent=9977"}],"curies":[{"name":"wp","href":"https:\/\/api.w.org\/{rel}","templated":true}]}}