{"id":10418,"date":"2024-10-01T00:05:03","date_gmt":"2024-09-30T22:05:03","guid":{"rendered":"https:\/\/www.selfprotein.com\/?post_type=product&#038;p=10418"},"modified":"2026-04-01T00:00:49","modified_gmt":"2026-03-31T22:00:49","slug":"morning-boost-pack","status":"publish","type":"product","link":"https:\/\/www.selfprotein.com\/sv\/produkt\/morning-boost-pack\/","title":{"rendered":"Morgon Boost Pack"},"content":{"rendered":"<p><strong>Morgon Boost Pack<\/strong><\/p>\n<p class=\" translation-block\">Ge din morgon en boost med <strong>Morning Boost Pack<\/strong>, ett urval av produkter som \u00e4r utformade f\u00f6r att ge dig smak, energi och v\u00e4lbefinnande direkt fr\u00e5n frukosten. Perfekt f\u00f6r att starta dagen p\u00e5 r\u00e4tt fot och h\u00e5lla din vitalitet p\u00e5 topp!<\/p>\n<p><strong>Proti Cream<\/strong><\/p>\n<p>Den bredbara kr\u00e4men som f\u00e5r dig att b\u00f6rja dagen med ett leende! Rik p\u00e5 protein och supergod.<\/p>\n<ul>\n<li>Oemotst\u00e5ndliga smaker, perfekt f\u00f6r en frukost som f\u00e5r det att vattnas i munnen<\/li>\n<li>100% protein, 0% skuld<\/li>\n<li>Inget tillsatt socker, ger dig energi utan att tynga ner dig<\/li>\n<\/ul>\n<p><\/p>\n<p><strong>Omega 3 (60 kapslar)<\/strong><\/p>\n<p>Dina allierade f\u00f6r ett klart sinne och ett friskt hj\u00e4rta, varje dag.<\/p>\n<ul>\n<li>St\u00f6djer hj\u00e4rta och hj\u00e4rna med essentiella fettsyror<\/li>\n<li>Minskar inflammation och f\u00f6rb\u00e4ttrar det allm\u00e4nna v\u00e4lbefinnandet<\/li>\n<li>Kraftfull omega-3, med dig fr\u00e5n frukost till middag<\/li>\n<\/ul>\n<p><\/p>\n<p><strong>Protein Pancake<\/strong><\/p>\n<p>Din dr\u00f6mpannkaka, fullproppad med protein och klar p\u00e5 ett kick!<\/p>\n<ul>\n<li>Enkel, snabb och supernyttig frukost<\/li>\n<li>Massor av muskler, ingen tr\u00f6tthet tack vare h\u00f6gt proteininneh\u00e5ll<\/li>\n<li>Perfekt med frukt, honung, sylt eller v\u00e5r Proti Cream f\u00f6r en smakexplosion<\/li>\n<\/ul>","protected":false},"excerpt":{"rendered":"<p>Morning Boost Pack Ge din morgon en boost med Morning Boost Pack, ett urval av produkter som \u00e4r utformade f\u00f6r att ge dig smak, energi och v\u00e4lbefinnande redan fr\u00e5n frukosten. Perfekt f\u00f6r att starta dagen p\u00e5 r\u00e4tt s\u00e4tt och h\u00e5lla din vitalitet h\u00f6g! Proti Cream Den bredbara kr\u00e4men som g\u00f6r att du kan b\u00f6rja dagen med en [...]<\/p>","protected":false},"featured_media":11550,"template":"","meta":[],"product_cat":[313,158,320,210],"product_tag":[316,18,321,223],"class_list":{"0":"post-10418","1":"product","2":"type-product","3":"status-publish","4":"has-post-thumbnail","6":"product_cat-protein-snacks-and-fit-food","7":"product_cat-proteins","8":"product_cat-self-bundles","9":"product_cat-snacks-meal-solutions","10":"product_tag-protein-snacks-fit-food","11":"product_tag-proteins","12":"product_tag-self-bundles","13":"product_tag-snacks-meal-solutions","15":"first","16":"instock","17":"taxable","18":"shipping-taxable","19":"purchasable","20":"product-type-variable","21":"has-default-attributes"},"aioseo_notices":[],"_links":{"self":[{"href":"https:\/\/www.selfprotein.com\/sv\/wp-json\/wp\/v2\/product\/10418"}],"collection":[{"href":"https:\/\/www.selfprotein.com\/sv\/wp-json\/wp\/v2\/product"}],"about":[{"href":"https:\/\/www.selfprotein.com\/sv\/wp-json\/wp\/v2\/types\/product"}],"wp:featuredmedia":[{"embeddable":true,"href":"https:\/\/www.selfprotein.com\/sv\/wp-json\/wp\/v2\/media\/11550"}],"wp:attachment":[{"href":"https:\/\/www.selfprotein.com\/sv\/wp-json\/wp\/v2\/media?parent=10418"}],"wp:term":[{"taxonomy":"product_cat","embeddable":true,"href":"https:\/\/www.selfprotein.com\/sv\/wp-json\/wp\/v2\/product_cat?post=10418"},{"taxonomy":"product_tag","embeddable":true,"href":"https:\/\/www.selfprotein.com\/sv\/wp-json\/wp\/v2\/product_tag?post=10418"}],"curies":[{"name":"wp","href":"https:\/\/api.w.org\/{rel}","templated":true}]}}