{"id":10420,"date":"2024-10-01T00:04:34","date_gmt":"2024-09-30T22:04:34","guid":{"rendered":"https:\/\/www.selfprotein.com\/?post_type=product&#038;p=10420"},"modified":"2026-05-01T00:24:27","modified_gmt":"2026-04-30T22:24:27","slug":"immuno-boost-pack","status":"publish","type":"product","link":"https:\/\/www.selfprotein.com\/sv\/produkt\/immuno-boost-pack\/","title":{"rendered":"Immuno Boost Pack"},"content":{"rendered":"<p><strong>Immuno Boost Pack<\/strong><\/p>\n<p class=\" translation-block\">Skydda din kropp \u00e5ret runt med <strong>Immuno Boost Pack<\/strong>, en blandning av kosttillskott som \u00e4r utformade f\u00f6r att st\u00e4rka immunf\u00f6rsvaret och f\u00f6rb\u00e4ttra det allm\u00e4nna v\u00e4lbefinnandet.<\/p>\n<p><strong>Multivitamin Pro (60 kapslar)<\/strong><\/p>\n<p>En komplett multivitamin som inneh\u00e5ller alla viktiga vitaminer f\u00f6r att st\u00f6dja immunf\u00f6rsvaret och den allm\u00e4nna h\u00e4lsan.<\/p>\n<p>St\u00e4rker energin och f\u00f6rsvaret, s\u00e5 att du kan ta dig igenom dagen p\u00e5 b\u00e4sta s\u00e4tt<br \/>\nSt\u00f6djer kroppens naturliga f\u00f6rsvar mot infektioner och sjukdomar<br \/>\nKomplett formula f\u00f6r allsidigt v\u00e4lbefinnande<\/p>\n<p><strong>B-komplex C-vitamin + zink (60 kapslar)<\/strong><\/p>\n<p>En balanserad blandning av B-vitaminer, viktiga f\u00f6r energimetabolismen och nervsystemet.<\/p>\n<p>Hj\u00e4lper till att minska tr\u00f6tthet och utmattning<br \/>\nSt\u00f6djer nervsystemets och immunsystemets korrekta funktion<br \/>\nHj\u00e4lper till att uppr\u00e4tth\u00e5lla en h\u00f6g energiniv\u00e5 under hela dagen<\/p>\n<p><strong>Super Omega 3 Forte (120 kapslar)<\/strong><\/p>\n<p>Koncentrerad Omega-3, kraftfulla allierade f\u00f6r att minska inflammation och f\u00f6rb\u00e4ttra hj\u00e4rth\u00e4lsan.<\/p>\n<p>St\u00f6djer kardiovaskul\u00e4r funktion och hj\u00e4rnans funktion<br \/>\nFr\u00e4mjar ett h\u00e4lsosamt immunsystem och minskar inflammatoriska processer<br \/>\nRik k\u00e4lla till h\u00e4lsosamma fetter som fr\u00e4mjar det allm\u00e4nna v\u00e4lbefinnandet<\/p>","protected":false},"excerpt":{"rendered":"<p>Immuno Boost Pack Skydda din kropp \u00e5ret runt med Immuno Boost Pack, en blandning av kosttillskott som \u00e4r utformade f\u00f6r att st\u00e4rka immunf\u00f6rsvaret och f\u00f6rb\u00e4ttra det allm\u00e4nna v\u00e4lbefinnandet. Multivitamin Pro (60 kapslar) En komplett multivitamin som inneh\u00e5ller alla viktiga vitaminer f\u00f6r att st\u00f6dja immunf\u00f6rsvaret och den allm\u00e4nna h\u00e4lsan. \u00d6kar energi och f\u00f6rsvar, f\u00f6r att f\u00e5 [...]<\/p>","protected":false},"featured_media":10506,"template":"","meta":[],"product_cat":[312,320,214],"product_tag":[314,321,258],"class_list":{"0":"post-10420","1":"product","2":"type-product","3":"status-publish","4":"has-post-thumbnail","6":"product_cat-health-and-wellness","7":"product_cat-self-bundles","8":"product_cat-vitamins-wellness","9":"product_tag-health-and-wellness","10":"product_tag-self-bundles","11":"product_tag-vitamins-wellness","13":"first","14":"instock","15":"taxable","16":"shipping-taxable","17":"purchasable","18":"product-type-variable","19":"has-default-attributes"},"aioseo_notices":[],"_links":{"self":[{"href":"https:\/\/www.selfprotein.com\/sv\/wp-json\/wp\/v2\/product\/10420"}],"collection":[{"href":"https:\/\/www.selfprotein.com\/sv\/wp-json\/wp\/v2\/product"}],"about":[{"href":"https:\/\/www.selfprotein.com\/sv\/wp-json\/wp\/v2\/types\/product"}],"wp:featuredmedia":[{"embeddable":true,"href":"https:\/\/www.selfprotein.com\/sv\/wp-json\/wp\/v2\/media\/10506"}],"wp:attachment":[{"href":"https:\/\/www.selfprotein.com\/sv\/wp-json\/wp\/v2\/media?parent=10420"}],"wp:term":[{"taxonomy":"product_cat","embeddable":true,"href":"https:\/\/www.selfprotein.com\/sv\/wp-json\/wp\/v2\/product_cat?post=10420"},{"taxonomy":"product_tag","embeddable":true,"href":"https:\/\/www.selfprotein.com\/sv\/wp-json\/wp\/v2\/product_tag?post=10420"}],"curies":[{"name":"wp","href":"https:\/\/api.w.org\/{rel}","templated":true}]}}