{"id":10422,"date":"2024-10-28T12:30:30","date_gmt":"2024-10-28T11:30:30","guid":{"rendered":"https:\/\/www.selfprotein.com\/?post_type=product&#038;p=10422"},"modified":"2026-05-01T00:24:27","modified_gmt":"2026-04-30T22:24:27","slug":"quicky","status":"publish","type":"product","link":"https:\/\/www.selfprotein.com\/sv\/produkt\/quicky\/","title":{"rendered":"Quicky"},"content":{"rendered":"<p><strong>Quicky<\/strong><\/p>\n<p>Quicky \u00e4r en proteinberedning som \u00e4r utformad f\u00f6r dem med en hektisk livsstil som inte vill kompromissa med kvaliteten p\u00e5 sin n\u00e4ring. Produkten \u00e4r l\u00e4tt att tillreda och kombinerar smak och n\u00e4ring i en enda l\u00f6sning.<\/p>\n<p>F\u00f6rdelar<\/p>\n<p><strong>H\u00f6g proteinkoncentration:<\/strong><\/p>\n<ul>\n<li>Med \u00f6ver 22 g protein per portion st\u00f6djer Quicky effektivt proteinsyntesen och muskeltillv\u00e4xten, vilket bidrar till att bibeh\u00e5lla muskelmassan.<\/li>\n<\/ul>\n<p><\/p>\n<p><strong>Utvalda ingrediensblandningar:<\/strong><\/p>\n<ul>\n<li>Den inneh\u00e5ller havreflingor och micell\u00e4rt kasein, ett l\u00e5ngsamt absorberande mj\u00f6lkprotein, tillsammans med en kombination av naturliga smaker f\u00f6r en uts\u00f6kt smak.<\/li>\n<\/ul>\n<p><\/p>\n<p><strong>Balanserad absorption:<\/strong><\/p>\n<ul>\n<li>Micell\u00e4rt kasein, i kombination med havreflingor, ger en gradvis fris\u00e4ttning av aminosyror i blodomloppet, vilket s\u00e4kerst\u00e4ller l\u00e5ngvarig m\u00e4ttnad och en stadig tillf\u00f6rsel av n\u00e4rings\u00e4mnen.<\/li>\n<\/ul>\n<p><\/p>\n<p><strong>L\u00e4tt att f\u00f6rbereda:<\/strong><\/p>\n<ul>\n<li>Tills\u00e4tt bara vatten eller mj\u00f6lk, blanda och tillaga i 60 sekunder i mikrov\u00e5gsugnen. Quicky \u00e4r redo att avnjutas var som helst, hemma eller p\u00e5 kontoret.<\/li>\n<\/ul>\n<p><\/p>\n<p><strong>Glutenfri:<\/strong><\/p>\n<ul>\n<li>Quicky \u00e4r l\u00e4mplig f\u00f6r glutenintoleranta och passar olika kostbehov utan att kompromissa med smaken.<\/li>\n<\/ul>\n<p><\/p>\n<p><strong>Rekommenderad anv\u00e4ndning:<\/strong><\/p>\n<ul>\n<li>Konsumera 1-2 portioner per dag, beroende p\u00e5 proteinbehov och fysisk aktivitet. Perfekt till frukost, som mellanm\u00e5l efter tr\u00e4ningen eller som en snabb m\u00e5ltid n\u00e4r som helst p\u00e5 dagen.<\/li>\n<\/ul>\n<p><\/p>\n<p><strong>Meddelande:<\/strong><\/p>\n<ul>\n<li>Endast f\u00f6r vuxna och b\u00f6r anv\u00e4ndas i samband med en varierad, balanserad kost och en h\u00e4lsosam livsstil.<\/li>\n<li>\u00d6verskrid inte den rekommenderade dosen.<\/li>\n<li>Anv\u00e4nd inte under amning, graviditet eller under l\u00e4ngre perioder utan att r\u00e5dfr\u00e5ga l\u00e4kare.<\/li>\n<li>F\u00f6rvara produkten p\u00e5 en sval och torr plats, i en v\u00e4l tillsluten beh\u00e5llare och utom r\u00e4ckh\u00e5ll f\u00f6r barn under 3 \u00e5r.<\/li>\n<li>Kan inneh\u00e5lla sp\u00e5r av \u00e4gg och soja.<\/li>\n<li>Glutenfri.<\/li>\n<\/ul>","protected":false},"excerpt":{"rendered":"<p>Quicky Quicky \u00e4r en proteinberedning som \u00e4r utformad f\u00f6r dem med en hektisk livsstil som inte vill kompromissa med kvaliteten p\u00e5 sin n\u00e4ring. Produkten \u00e4r l\u00e4tt att tillreda och kombinerar smak och n\u00e4ring i en enda l\u00f6sning. F\u00f6rdelar H\u00f6g proteinkoncentration: Med \u00f6ver 22 g protein per portion ger Quicky ett effektivt st\u00f6d f\u00f6r protein [...]<\/p>","protected":false},"featured_media":10427,"template":"","meta":[],"product_cat":[210,309],"product_tag":[223,319],"class_list":{"0":"post-10422","1":"product","2":"type-product","3":"status-publish","4":"has-post-thumbnail","6":"product_cat-snacks-meal-solutions","7":"product_cat-weight-management-and-definition","8":"product_tag-snacks-meal-solutions","9":"product_tag-weight-management-and-definition","11":"first","12":"instock","13":"taxable","14":"shipping-taxable","15":"purchasable","16":"product-type-variable"},"aioseo_notices":[],"_links":{"self":[{"href":"https:\/\/www.selfprotein.com\/sv\/wp-json\/wp\/v2\/product\/10422"}],"collection":[{"href":"https:\/\/www.selfprotein.com\/sv\/wp-json\/wp\/v2\/product"}],"about":[{"href":"https:\/\/www.selfprotein.com\/sv\/wp-json\/wp\/v2\/types\/product"}],"wp:featuredmedia":[{"embeddable":true,"href":"https:\/\/www.selfprotein.com\/sv\/wp-json\/wp\/v2\/media\/10427"}],"wp:attachment":[{"href":"https:\/\/www.selfprotein.com\/sv\/wp-json\/wp\/v2\/media?parent=10422"}],"wp:term":[{"taxonomy":"product_cat","embeddable":true,"href":"https:\/\/www.selfprotein.com\/sv\/wp-json\/wp\/v2\/product_cat?post=10422"},{"taxonomy":"product_tag","embeddable":true,"href":"https:\/\/www.selfprotein.com\/sv\/wp-json\/wp\/v2\/product_tag?post=10422"}],"curies":[{"name":"wp","href":"https:\/\/api.w.org\/{rel}","templated":true}]}}