{"id":10429,"date":"2024-10-28T12:30:25","date_gmt":"2024-10-28T11:30:25","guid":{"rendered":"https:\/\/www.selfprotein.com\/?post_type=product&#038;p=10429"},"modified":"2026-04-01T00:00:50","modified_gmt":"2026-03-31T22:00:50","slug":"quicky-bundle","status":"publish","type":"product","link":"https:\/\/www.selfprotein.com\/sv\/produkt\/quicky-bundle\/","title":{"rendered":"Quicky Bundle"},"content":{"rendered":"<p><strong>Quicky Bundle: ditt val, din smak!<\/strong><\/p>\n<p>Med Quicky Bundle har du friheten att v\u00e4lja sex f\u00f6rpackningar av v\u00e5r oemotst\u00e5ndliga Quicky, som finns i tre l\u00e4ckra smaker: <strong>\u00c4pple och kanel<\/strong>, <strong>Choklad<\/strong> och <strong>Vanilj<\/strong>. Skr\u00e4ddarsy ditt paket som du vill med tv\u00e5 alternativ:<\/p>\n<p><strong>Alternativ 1: S\u00e4tt ihop paketet med din favoritsmak!<\/strong><\/p>\n<p>Om du har en favoritsmak \u00e4r det h\u00e4r det perfekta alternativet f\u00f6r dig. V\u00e4lj sex f\u00f6rpackningar med samma smak och njut av Quicky precis som du vill ha den.<\/p>\n<p><strong>Alternativ 2: Mixa och matcha!<\/strong><\/p>\n<p>Skapa din perfekta mix med tv\u00e5 f\u00f6rpackningar av varje smak, totalt sex stycken. En perfekt kombination f\u00f6r dig som \u00e4lskar variation och smak.<\/p>\n<p><strong>Ta med den var som helst, n\u00e4r som helst!<\/strong><\/p>\n<p>Oavsett om du letar efter ett n\u00e4ringsrikt mellanm\u00e5l, en snabb frukost eller ett komplement till tr\u00e4ningen f\u00f6re eller efter, \u00e4r Quicky den perfekta l\u00f6sningen. Med h\u00f6gkvalitativa ingredienser och ett h\u00f6gt proteininneh\u00e5ll \u00e4r varje Quicky alltid redo att ge dig energi och smak, var du \u00e4n \u00e4r.<\/p>","protected":false},"excerpt":{"rendered":"<p>Quicky Bundle: ditt val, din smak! Med Quicky Bundle har du friheten att v\u00e4lja sex f\u00f6rpackningar av v\u00e5r oemotst\u00e5ndliga Quicky, som finns i tre l\u00e4ckra smaker: \u00c4pple och kanel, choklad och vanilj. Skr\u00e4ddarsy ditt paket som du vill med tv\u00e5 alternativ: Alternativ 1: Komponera paketet med din favoritsmak! Om du har en [...]<\/p>","protected":false},"featured_media":10555,"template":"","meta":[],"product_cat":[210],"product_tag":[223],"class_list":{"0":"post-10429","1":"product","2":"type-product","3":"status-publish","4":"has-post-thumbnail","6":"product_cat-snacks-meal-solutions","7":"product_tag-snacks-meal-solutions","9":"first","10":"instock","11":"taxable","12":"shipping-taxable","13":"purchasable","14":"product-type-variable","15":"has-default-attributes"},"aioseo_notices":[],"_links":{"self":[{"href":"https:\/\/www.selfprotein.com\/sv\/wp-json\/wp\/v2\/product\/10429"}],"collection":[{"href":"https:\/\/www.selfprotein.com\/sv\/wp-json\/wp\/v2\/product"}],"about":[{"href":"https:\/\/www.selfprotein.com\/sv\/wp-json\/wp\/v2\/types\/product"}],"wp:featuredmedia":[{"embeddable":true,"href":"https:\/\/www.selfprotein.com\/sv\/wp-json\/wp\/v2\/media\/10555"}],"wp:attachment":[{"href":"https:\/\/www.selfprotein.com\/sv\/wp-json\/wp\/v2\/media?parent=10429"}],"wp:term":[{"taxonomy":"product_cat","embeddable":true,"href":"https:\/\/www.selfprotein.com\/sv\/wp-json\/wp\/v2\/product_cat?post=10429"},{"taxonomy":"product_tag","embeddable":true,"href":"https:\/\/www.selfprotein.com\/sv\/wp-json\/wp\/v2\/product_tag?post=10429"}],"curies":[{"name":"wp","href":"https:\/\/api.w.org\/{rel}","templated":true}]}}