{"id":11066,"date":"2024-10-22T16:21:01","date_gmt":"2024-10-22T14:21:01","guid":{"rendered":"https:\/\/www.selfprotein.com\/?post_type=product&#038;p=11066"},"modified":"2026-05-06T22:05:58","modified_gmt":"2026-05-06T20:05:58","slug":"large-mass-gainer","status":"publish","type":"product","link":"https:\/\/www.selfprotein.com\/sv\/produkt\/large-mass-gainer\/","title":{"rendered":"Large Mass Gainer"},"content":{"rendered":"<p><strong>Large Mass Gainer<\/strong><\/p>\n<p><strong>Aminosyror, Vitaminer &amp; Mineraler Blandning<\/strong><\/p>\n<p>Large Mass Gainer \u00e4r ett kosttillskott som \u00e4r utformat f\u00f6r att st\u00f6dja dem som effektivt vill \u00f6ka sin vikt och muskelmassa.<\/p>\n<p>Med en avancerad formel som kombinerar h\u00f6gkvalitativa proteiner, kolhydrater, essentiella fetter, vitaminer och mineraler ger denna produkt ett komplett st\u00f6d f\u00f6r muskeltillv\u00e4xt, \u00e5terh\u00e4mtning och energiunderh\u00e5ll under de mest intensiva tr\u00e4ningspassen. Det snabbabsorberande vassleproteinet bidrar till muskelsyntesen, vilket f\u00f6rb\u00e4ttrar prestanda och \u00e5terh\u00e4mtning.<\/p>\n<p>V\u00e5r Large Mass Gainer har precis berikats med en otrolig ny smak: en oemotst\u00e5ndlig blandning av vanilj, apelsin och en touch av rik choklad.<\/p>\n<p><strong>F\u00f6rdelar<\/strong><\/p>\n<ul>\n<li><strong>H\u00f6gkvalitativa proteiner f\u00f6r muskeltillv\u00e4xt:<\/strong><\/li>\n<\/ul>\n<p>Vassleprotein ger snabb absorption, vilket \u00e4r viktigt f\u00f6r att stimulera muskelproteinsyntesen och underl\u00e4tta \u00e5terh\u00e4mtningen.<\/p>\n<ul>\n<li><strong>L\u00e4ttsm\u00e4lta kolhydrater f\u00f6r energi:<\/strong><\/li>\n<\/ul>\n<p>Tack vare kolhydrater som h\u00e4rr\u00f6r fr\u00e5n maltodextriner fyller Large Mass Gainer p\u00e5 glykogenf\u00f6rr\u00e5den och erbjuder en viktig energik\u00e4lla under intensiva tr\u00e4ningspass.<\/p>\n<ul>\n<li><strong>Balanserade n\u00e4rings\u00e4mnen f\u00f6r h\u00e4lsosam viktuppg\u00e5ng:<\/strong><\/li>\n<\/ul>\n<p>Den v\u00e4lbalanserade sammans\u00e4ttningen av proteiner, kolhydrater och fetter \u00e4r idealisk f\u00f6r att st\u00f6dja en kontrollerad och h\u00e4lsosam viktuppg\u00e5ng.<\/p>\n<ul>\n<li><strong>Viktiga vitaminer och mineraler:<\/strong><\/li>\n<\/ul>\n<p>F\u00f6rutom makron\u00e4rings\u00e4mnen \u00e4r Large Mass Gainer berikad med viktiga vitaminer och mineraler f\u00f6r att st\u00f6dja kroppens allm\u00e4nna v\u00e4lbefinnande och f\u00f6rb\u00e4ttra den fysiska prestationen.<\/p>\n<ul>\n<li><strong>Optimalt st\u00f6d f\u00f6r muskel\u00e5terh\u00e4mtning:<\/strong><\/li>\n<\/ul>\n<p>De viktigaste n\u00e4rings\u00e4mnena i produkten bidrar till att minska muskeltr\u00f6ttheten efter tr\u00e4ningen, vilket f\u00f6rb\u00e4ttrar \u00e5terh\u00e4mtningen och f\u00f6rbereder dig f\u00f6r framtida tr\u00e4ningspass.<\/p>\n<p><strong>Rekommenderad anv\u00e4ndning<\/strong><\/p>\n<p>Ta en portion omedelbart efter fysisk aktivitet eller 1-2 portioner under dagen f\u00f6r dem som k\u00e4mpar f\u00f6r att g\u00e5 upp i vikt.<\/p>\n<p><strong>Meddelande:<\/strong><\/p>\n<ul>\n<li>Endast f\u00f6r vuxna och ers\u00e4tter inte en varierad och balanserad kost eller en h\u00e4lsosam livsstil.<\/li>\n<li>\u00d6verskrid inte den rekommenderade dosen.<\/li>\n<li>Anv\u00e4nd inte under amning eller graviditet utan att r\u00e5dg\u00f6ra med l\u00e4kare.<\/li>\n<li>F\u00f6rvara produkten p\u00e5 en sval och torr plats i en v\u00e4l tillsluten beh\u00e5llare och o\u00e5tkomligt f\u00f6r barn under 3 \u00e5r.<\/li>\n<li>Kan inneh\u00e5lla sp\u00e5r av havre, \u00e4gg och soja.<\/li>\n<\/ul>","protected":false},"excerpt":{"rendered":"<p>Large Mass Gainer Amino acids, Vitamins &amp; Minerals Blend Large Mass Gainer \u00e4r ett kosttillskott som \u00e4r utformat f\u00f6r att st\u00f6dja dem som effektivt vill \u00f6ka sin vikt och muskelmassa. Med en avancerad formel som kombinerar h\u00f6gkvalitativa proteiner, kolhydrater, essentiella fetter, vitaminer och mineraler ger denna produkt ett komplett st\u00f6d f\u00f6r muskeltillv\u00e4xt, \u00e5terh\u00e4mtning och energiunderh\u00e5ll under [...].<\/p>","protected":false},"featured_media":11100,"template":"","meta":[],"product_cat":[154,308],"product_tag":[162,318],"class_list":{"0":"post-11066","1":"product","2":"type-product","3":"status-publish","4":"has-post-thumbnail","6":"product_cat-gain-performance","7":"product_cat-strength-and-muscle-mass","8":"product_tag-gain-performance","9":"product_tag-strength-and-muscle-mass","11":"first","12":"instock","13":"taxable","14":"shipping-taxable","15":"purchasable","16":"product-type-variable"},"aioseo_notices":[],"_links":{"self":[{"href":"https:\/\/www.selfprotein.com\/sv\/wp-json\/wp\/v2\/product\/11066"}],"collection":[{"href":"https:\/\/www.selfprotein.com\/sv\/wp-json\/wp\/v2\/product"}],"about":[{"href":"https:\/\/www.selfprotein.com\/sv\/wp-json\/wp\/v2\/types\/product"}],"wp:featuredmedia":[{"embeddable":true,"href":"https:\/\/www.selfprotein.com\/sv\/wp-json\/wp\/v2\/media\/11100"}],"wp:attachment":[{"href":"https:\/\/www.selfprotein.com\/sv\/wp-json\/wp\/v2\/media?parent=11066"}],"wp:term":[{"taxonomy":"product_cat","embeddable":true,"href":"https:\/\/www.selfprotein.com\/sv\/wp-json\/wp\/v2\/product_cat?post=11066"},{"taxonomy":"product_tag","embeddable":true,"href":"https:\/\/www.selfprotein.com\/sv\/wp-json\/wp\/v2\/product_tag?post=11066"}],"curies":[{"name":"wp","href":"https:\/\/api.w.org\/{rel}","templated":true}]}}