{"id":11852,"date":"2025-01-21T13:30:28","date_gmt":"2025-01-21T12:30:28","guid":{"rendered":"https:\/\/www.selfprotein.com\/?post_type=product&#038;p=11852"},"modified":"2026-05-01T00:24:31","modified_gmt":"2026-04-30T22:24:31","slug":"oat-flakes","status":"publish","type":"product","link":"https:\/\/www.selfprotein.com\/sv\/produkt\/oat-flakes\/","title":{"rendered":"Oat Flakes"},"content":{"rendered":"<p style=\"text-align: left;\" align=\"center\"><strong><span lang=\"en-US\">Oat Flakes<\/span><\/strong><\/p>\n<p><span lang=\"en-US\">Instant Oat Flakes \u00e4r ett tillskott av valsat havremj\u00f6l som erbjuder en m\u00e5ngsidig och n\u00e4ringsrik l\u00f6sning f\u00f6r att berika din dagliga kost. Tack vare sin anpassningsbara natur kan denna form av havremj\u00f6l enkelt inf\u00f6rlivas i flera r\u00e4tter och m\u00e5ltider, vilket ger ett brett utbud av f\u00f6rdelar f\u00f6r din h\u00e4lsa och ditt v\u00e4lbefinnande.<\/span><\/p>\n<p><span lang=\"en-US\">F\u00f6rdelar med havreflingor:<\/span><\/p>\n<ul>\n<li><strong><span lang=\"en-US\">K\u00e4lla till komplexa kolhydrater:<\/span><\/strong><span lang=\"en-US\"> Instant Oat Flakes \u00e4r en h\u00e4lsosam och h\u00e5llbar k\u00e4lla till komplexa kolhydrater som ger l\u00e5ngvarig energi och bidrar till att uppr\u00e4tth\u00e5lla stabila blodsockerniv\u00e5er.<\/span><\/li>\n<li><strong><span lang=\"en-US\">Rik p\u00e5 fibrer:<\/span><\/strong><span lang=\"en-US\"> Havremj\u00f6l \u00e4r rikt p\u00e5 fibrer, vilket fr\u00e4mjar matsm\u00e4ltningsh\u00e4lsan, \u00f6kar m\u00e4ttnadsk\u00e4nslan och bidrar till att reglera tarmt\u00f6mningen.<\/span><\/li>\n<li><strong><span lang=\"en-US\">Viktiga n\u00e4rings\u00e4mnen:<\/span><\/strong><span lang=\"en-US\"> Dessa flingor \u00e4r en naturlig k\u00e4lla till B-vitaminer och mineraler som j\u00e4rn och magnesium, som \u00e4r avg\u00f6rande f\u00f6r att kroppen ska fungera korrekt och f\u00f6r att bibeh\u00e5lla h\u00e4lsan.<\/span><\/li>\n<li><strong><span lang=\"en-US\">L\u00e5ngsam frig\u00f6relse av energi:<\/span><\/strong><span lang=\"en-US\"> Tack vare sin sammans\u00e4ttning ger Instant Oat Flakes en gradvis frig\u00f6relse av energi \u00f6ver tid, vilket ger en l\u00e5ngvarig m\u00e4ttnadsk\u00e4nsla och st\u00f6der din fysiska och mentala aktivitet.<\/span><\/li>\n<li><strong><span lang=\"en-US\">Kulinarisk m\u00e5ngsidighet:<\/span><\/strong><span lang=\"en-US\"> Denna form av havremj\u00f6l kan anv\u00e4ndas p\u00e5 m\u00e5nga olika s\u00e4tt i k\u00f6ket, fr\u00e5n att blandas i frukost, smoothies eller yoghurt till att tillaga goda r\u00e4tter som kakor, hemlagade proteinbars eller gr\u00f6t, vilket ger ett o\u00e4ndligt utbud av alternativ f\u00f6r att tillfredsst\u00e4lla dina smaker och kostbehov.<\/span><\/li>\n<\/ul>\n<p>&nbsp;<\/p>\n<p><strong><span lang=\"en-US\">Rekommenderad anv\u00e4ndning<\/span><\/strong><\/p>\n<p><span lang=\"en-US\">1 portion till frukost, f\u00f6re eller efter tr\u00e4ningspasset.<\/span><\/p>\n<p class=\"xmprfx_MsoNormal\"><b>Meddelande:<\/b><\/p>\n<ul>\n<li>Endast f\u00f6r vuxna och ers\u00e4tter inte en varierad och balanserad kost och en h\u00e4lsosam livsstil.<\/li>\n<li>\u00d6verskrid inte den rekommenderade dosen.<\/li>\n<li>Anv\u00e4nd inte produkten under amning eller graviditet utan att r\u00e5dg\u00f6ra med l\u00e4kare.<\/li>\n<li>F\u00f6rvara produkten p\u00e5 en sval, torr plats i en v\u00e4l tillsluten f\u00f6rpackning utom r\u00e4ckh\u00e5ll f\u00f6r barn under 3 \u00e5r.<\/li>\n<li>Kan inneh\u00e5lla sp\u00e5r av \u00e4gg, soja och mj\u00f6lk.<\/li>\n<li>Laktosfri och Glutenfri.<\/li>\n<\/ul>","protected":false},"excerpt":{"rendered":"<p>Oat Flakes Oat Flakes \u00e4r ett tillskott av valsat havremj\u00f6l som erbjuder en m\u00e5ngsidig och n\u00e4ringsrik l\u00f6sning f\u00f6r att berika din dagliga kost. Tack vare sin anpassningsbara natur kan denna form av havremj\u00f6l enkelt inf\u00f6rlivas i flera r\u00e4tter och m\u00e5ltider, vilket ger ett brett utbud av f\u00f6rdelar f\u00f6r din h\u00e4lsa och ditt v\u00e4lbefinnande. F\u00f6rdelar med havre [...]<\/p>","protected":false},"featured_media":11861,"template":"","meta":[],"product_cat":[313,210],"product_tag":[316,223],"class_list":{"0":"post-11852","1":"product","2":"type-product","3":"status-publish","4":"has-post-thumbnail","6":"product_cat-protein-snacks-and-fit-food","7":"product_cat-snacks-meal-solutions","8":"product_tag-protein-snacks-fit-food","9":"product_tag-snacks-meal-solutions","11":"first","12":"instock","13":"taxable","14":"shipping-taxable","15":"purchasable","16":"product-type-variable"},"aioseo_notices":[],"_links":{"self":[{"href":"https:\/\/www.selfprotein.com\/sv\/wp-json\/wp\/v2\/product\/11852"}],"collection":[{"href":"https:\/\/www.selfprotein.com\/sv\/wp-json\/wp\/v2\/product"}],"about":[{"href":"https:\/\/www.selfprotein.com\/sv\/wp-json\/wp\/v2\/types\/product"}],"wp:featuredmedia":[{"embeddable":true,"href":"https:\/\/www.selfprotein.com\/sv\/wp-json\/wp\/v2\/media\/11861"}],"wp:attachment":[{"href":"https:\/\/www.selfprotein.com\/sv\/wp-json\/wp\/v2\/media?parent=11852"}],"wp:term":[{"taxonomy":"product_cat","embeddable":true,"href":"https:\/\/www.selfprotein.com\/sv\/wp-json\/wp\/v2\/product_cat?post=11852"},{"taxonomy":"product_tag","embeddable":true,"href":"https:\/\/www.selfprotein.com\/sv\/wp-json\/wp\/v2\/product_tag?post=11852"}],"curies":[{"name":"wp","href":"https:\/\/api.w.org\/{rel}","templated":true}]}}