{"id":12152,"date":"2025-03-10T00:02:53","date_gmt":"2025-03-09T23:02:53","guid":{"rendered":"https:\/\/www.selfprotein.com\/?post_type=product&#038;p=12152"},"modified":"2026-04-01T00:00:54","modified_gmt":"2026-03-31T22:00:54","slug":"power-breakfast-pack","status":"publish","type":"product","link":"https:\/\/www.selfprotein.com\/sv\/produkt\/power-breakfast-pack\/","title":{"rendered":"Power Breakfast Pack"},"content":{"rendered":"<p><strong>Power Breakfast Pack<\/strong><\/p>\n<p class=\" translation-block\">B\u00f6rja dagen med den perfekta balansen mellan smak, energi och n\u00e4ring! <strong>Proti Cream &amp; Oat Flakes Pack<\/strong> kombinerar den oemotst\u00e5ndliga kr\u00e4migheten hos Proti Cream med godheten hos havreflingor f\u00f6r en frukost som ger energi till din kropp och tillfredsst\u00e4ller suget.<\/p>\n<p><strong>Proti Cream<\/strong><\/p>\n<p>P\u00e5l\u00e4gget som f\u00f6rvandlar varje tugga till en stund av ren njutning! Packad med protein och otroligt kr\u00e4mig.<\/p>\n<ul>\n<li>Oemotst\u00e5ndliga smaker, perfekt f\u00f6r en uts\u00f6kt frukost<\/li>\n<li>H\u00f6gt i protein, l\u00e5gt i socker - att avnjutas utan skuld<\/li>\n<li>Sl\u00e4t, rik konsistens, perfekt med havre, pannkakor eller direkt fr\u00e5n skeden<\/li>\n<\/ul>\n<p><\/p>\n<p>\n<strong>Oat Flakes<\/strong><\/p>\n<p>Den perfekta allierade f\u00f6r en h\u00e4lsosam och n\u00e4ringsrik frukost, designad f\u00f6r dig som vill b\u00f6rja dagen r\u00e4tt.<\/p>\n<ul>\n<li>Omedelbar energi med l\u00e5ngsamt frig\u00f6rande komplexa kolhydrater<\/li>\n<li>H\u00f6g i fiber och naturligt tillfredsst\u00e4llande \u2013 bra f\u00f6r matsm\u00e4ltning och v\u00e4lbefinnande<\/li>\n<\/ul>\n<\/p>\n<p><strong>Varf\u00f6r v\u00e4lja detta paket?<\/strong><\/p>\n<ul>\n<li>H\u00f6gt proteininneh\u00e5ll f\u00f6r optimalt muskelst\u00f6d<\/li>\n<li>L\u00e5ngsamt fris\u00e4ttande kolhydrater f\u00f6r l\u00e5ngvarig energi<\/li>\n<li>Oemotst\u00e5ndliga smaker f\u00f6r att b\u00f6rja dagen med ett leende<\/li>\n<li>Inget tillsatt socker, perfekt f\u00f6r alla h\u00e4lsosamma livsstilar<\/li>\n<\/ul>\n<p><\/p>\n<p>\n<strong>Hur kan man njuta av det?<\/strong><\/p>\n<ul>\n<li>Blanda Havreflingorna med mj\u00f6lk eller yoghurt f\u00f6r en kr\u00e4mig gr\u00f6t<\/li>\n<li>Tills\u00e4tt en sked Proti Cream f\u00f6r en extra smak och protein<\/li>\n<li>Perfekt f\u00f6r pannkakor, smoothies och h\u00e4lsosamma desserter<\/li>\n<\/ul>\n<p><\/p>\n<p>Oavsett om du f\u00f6redrar en varm gr\u00f6t eller en knaprig topping till din yoghurt, \u00e4r denna kombination det perfekta valet f\u00f6r en balanserad och uts\u00f6kt frukost!<\/p>","protected":false},"excerpt":{"rendered":"<p>Power Breakfast Pack B\u00f6rja dagen med den perfekta balansen mellan smak, energi och n\u00e4ring! Proti Cream &amp; Oat Flakes Pack kombinerar den oemotst\u00e5ndliga kr\u00e4migheten hos Proti Cream med det goda fr\u00e5n havreflakes f\u00f6r en frukost som ger kroppen energi och stillar s\u00f6tsuget. Proti Cream P\u00e5l\u00e4gget som f\u00f6rvandlar varje tugga till en [...]<\/p>","protected":false},"featured_media":12175,"template":"","meta":[],"product_cat":[313,320,210],"product_tag":[316,321,223],"class_list":{"0":"post-12152","1":"product","2":"type-product","3":"status-publish","4":"has-post-thumbnail","6":"product_cat-protein-snacks-and-fit-food","7":"product_cat-self-bundles","8":"product_cat-snacks-meal-solutions","9":"product_tag-protein-snacks-fit-food","10":"product_tag-self-bundles","11":"product_tag-snacks-meal-solutions","13":"first","14":"instock","15":"taxable","16":"shipping-taxable","17":"purchasable","18":"product-type-variable"},"aioseo_notices":[],"_links":{"self":[{"href":"https:\/\/www.selfprotein.com\/sv\/wp-json\/wp\/v2\/product\/12152"}],"collection":[{"href":"https:\/\/www.selfprotein.com\/sv\/wp-json\/wp\/v2\/product"}],"about":[{"href":"https:\/\/www.selfprotein.com\/sv\/wp-json\/wp\/v2\/types\/product"}],"wp:featuredmedia":[{"embeddable":true,"href":"https:\/\/www.selfprotein.com\/sv\/wp-json\/wp\/v2\/media\/12175"}],"wp:attachment":[{"href":"https:\/\/www.selfprotein.com\/sv\/wp-json\/wp\/v2\/media?parent=12152"}],"wp:term":[{"taxonomy":"product_cat","embeddable":true,"href":"https:\/\/www.selfprotein.com\/sv\/wp-json\/wp\/v2\/product_cat?post=12152"},{"taxonomy":"product_tag","embeddable":true,"href":"https:\/\/www.selfprotein.com\/sv\/wp-json\/wp\/v2\/product_tag?post=12152"}],"curies":[{"name":"wp","href":"https:\/\/api.w.org\/{rel}","templated":true}]}}