{"id":12534,"date":"2025-04-14T17:36:47","date_gmt":"2025-04-14T15:36:47","guid":{"rendered":"https:\/\/www.selfprotein.com\/?post_type=product&#038;p=12534"},"modified":"2026-04-01T16:49:05","modified_gmt":"2026-04-01T14:49:05","slug":"micro-whey-active","status":"publish","type":"product","link":"https:\/\/www.selfprotein.com\/sv\/produkt\/micro-whey-active\/","title":{"rendered":"Micro Whey Active"},"content":{"rendered":"<p><strong>Micro Whey Active<\/strong><\/p>\n<p>Micro Whey Active \u00e4r ett tillskott baserat p\u00e5 vassleproteinisolat (WPI), perfekt f\u00f6r att st\u00f6dja utvecklingen och underh\u00e5llet av muskelmassa. Tack vare mikrofiltreringsprocessen erbjuder den ett h\u00f6gt proteininneh\u00e5ll med ett minskat intag av fetter och kolhydrater, vilket g\u00f6r det perfekt f\u00f6r dem som f\u00f6ljer en aktiv livsstil.<\/p>\n<p><strong>Huvudsakliga f\u00f6rdelar:<\/strong><\/p>\n<ul>\n<li><strong>H\u00f6g proteinkoncentration<\/strong>: de isolerade proteinerna hj\u00e4lper dig att n\u00e5 ditt dagliga proteinintag, vilket bidrar till muskelsyntes och underh\u00e5ll.<\/li>\n<li><strong>Med utvalda aminosyror<\/strong>: formula berikad med glycin, alanin och lysin, anv\u00e4ndbara f\u00f6r att st\u00f6dja \u00e5terh\u00e4mtningsprocesser och muskelfunktion.<\/li>\n<li><strong>Snabb absorption<\/strong>: den l\u00f6sliga strukturen fr\u00e4mjar snabb matsm\u00e4ltning och effektiv assimilering, perfekt f\u00f6r eftertr\u00e4ning.<\/li>\n<li><strong>M\u00e5ngsidig anv\u00e4ndning<\/strong>: den blandas enkelt med vatten, mj\u00f6lk eller v\u00e4xtbaserade drycker, perfekt f\u00f6r smoothies och proteinrecept.<\/li>\n<li><strong>Uppfyller kraven p\u00e5 protein<\/strong>: ett regelbundet intag av proteinisolat kan bidra till ditt dagliga proteinbehov och st\u00f6dja muskelmassa och tr\u00e4ningsm\u00e5l.<\/li>\n<\/ul>\n<p>&nbsp;<\/p>\n<p><strong>Rekommenderad anv\u00e4ndning<\/strong><\/p>\n<p>Ta <strong>1-3 portioner<\/strong> per dag, baserat p\u00e5 dina n\u00e4ringsbehov och med h\u00e4nsyn till bidraget fr\u00e5n andra proteink\u00e4llor i din dagliga kost.<\/p>\n<p><strong>Meddelande<\/strong><\/p>\n<ul>\n<li>Produkten \u00e4r avsedd f\u00f6r vuxna.<\/li>\n<li>Ers\u00e4tter inte en balanserad kost och en h\u00e4lsosam livsstil.<\/li>\n<li>\u00d6verskrid inte den rekommenderade dagliga dosen.<\/li>\n<li>Anv\u00e4nd inte under graviditet eller amning utan att r\u00e5dg\u00f6ra med l\u00e4kare.<\/li>\n<li>F\u00f6rvaras svalt, torrt och o\u00e5tkomligt f\u00f6r barn under 3 \u00e5r.<\/li>\n<li>Kan inneh\u00e5lla sp\u00e5r av havre, \u00e4gg och soja.<\/li>\n<li><strong>Glutenfri<\/strong>.<\/li>\n<\/ul>","protected":false},"excerpt":{"rendered":"<p>Micro Whey Active Micro Whey Active \u00e4r ett tillskott baserat p\u00e5 vassleproteinisolat (WPI), perfekt f\u00f6r att st\u00f6dja utveckling och underh\u00e5ll av muskelmassa. Tack vare mikrofiltreringsprocessen erbjuder den ett h\u00f6gt proteininneh\u00e5ll med ett minskat intag av fetter och kolhydrater, vilket g\u00f6r det perfekt f\u00f6r dem som f\u00f6ljer en aktiv livsstil. Huvudsakliga [...]<\/p>","protected":false},"featured_media":12553,"template":"","meta":[],"product_cat":[158,308],"product_tag":[18,318],"class_list":{"0":"post-12534","1":"product","2":"type-product","3":"status-publish","4":"has-post-thumbnail","6":"product_cat-proteins","7":"product_cat-strength-and-muscle-mass","8":"product_tag-proteins","9":"product_tag-strength-and-muscle-mass","11":"first","12":"instock","13":"sale","14":"taxable","15":"shipping-taxable","16":"purchasable","17":"product-type-variable"},"aioseo_notices":[],"_links":{"self":[{"href":"https:\/\/www.selfprotein.com\/sv\/wp-json\/wp\/v2\/product\/12534"}],"collection":[{"href":"https:\/\/www.selfprotein.com\/sv\/wp-json\/wp\/v2\/product"}],"about":[{"href":"https:\/\/www.selfprotein.com\/sv\/wp-json\/wp\/v2\/types\/product"}],"wp:featuredmedia":[{"embeddable":true,"href":"https:\/\/www.selfprotein.com\/sv\/wp-json\/wp\/v2\/media\/12553"}],"wp:attachment":[{"href":"https:\/\/www.selfprotein.com\/sv\/wp-json\/wp\/v2\/media?parent=12534"}],"wp:term":[{"taxonomy":"product_cat","embeddable":true,"href":"https:\/\/www.selfprotein.com\/sv\/wp-json\/wp\/v2\/product_cat?post=12534"},{"taxonomy":"product_tag","embeddable":true,"href":"https:\/\/www.selfprotein.com\/sv\/wp-json\/wp\/v2\/product_tag?post=12534"}],"curies":[{"name":"wp","href":"https:\/\/api.w.org\/{rel}","templated":true}]}}