{"id":12543,"date":"2025-04-15T15:17:02","date_gmt":"2025-04-15T13:17:02","guid":{"rendered":"https:\/\/www.selfprotein.com\/?post_type=product&#038;p=12543"},"modified":"2026-04-01T00:01:04","modified_gmt":"2026-03-31T22:01:04","slug":"pure-isolate-whey-protein","status":"publish","type":"product","link":"https:\/\/www.selfprotein.com\/sv\/produkt\/pure-isolate-whey-protein\/","title":{"rendered":"Pure Isolate Whey Protein"},"content":{"rendered":"<p><strong>Pure Isolate vassleprotein - 90% vassleproteinisolat<\/strong><\/p>\n<p><strong>Det perfekta valet f\u00f6r dig som vill bygga muskler snabbt, f\u00f6rb\u00e4ttra \u00e5terh\u00e4mtningen och h\u00e5lla en ren diet.<\/strong><\/p>\n<p>Pure Isolate Whey Protein \u00e4r det perfekta valet f\u00f6r dig som letar efter ett rent och kraftfullt proteintillskott. Tack vare sitt h\u00f6ga proteininneh\u00e5ll och l\u00e5ga fett- och kolhydratinneh\u00e5ll \u00e4r det perfekt f\u00f6r att st\u00f6dja muskeltillv\u00e4xt, f\u00f6rb\u00e4ttra \u00e5terh\u00e4mtningen efter tr\u00e4ning och viktkontroll. Laktosfritt och med ultrasnabb absorption \u00e4r det det perfekta proteinet f\u00f6r alla idrottare och fitnessentusiaster.<\/p>\n<p><strong>Varf\u00f6r du kommer att \u00e4lska det<\/strong><\/p>\n<ul>\n<li><strong>Snabbare muskeltillv\u00e4xt<\/strong>: det h\u00f6ga biologiska v\u00e4rdet hos vassleprotein fr\u00e4mjar muskeltillv\u00e4xt och reparation, vilket \u00e4r viktigt efter tr\u00e4ning.<\/li>\n<li><strong>L\u00e5gt kaloriinneh\u00e5ll<\/strong>: perfekt f\u00f6r dig som vill bygga muskler utan att l\u00e4gga till f\u00f6r mycket fett eller kalorier.<\/li>\n<li><strong>Snabb \u00e5terh\u00e4mtning<\/strong>: minskar muskelv\u00e4rk och p\u00e5skyndar \u00e5terh\u00e4mtningsprocessen, s\u00e5 att du kan komma tillbaka till gymmet snabbare.<\/li>\n<li><strong>St\u00f6djer immunf\u00f6rsvaret<\/strong>: Vassleproteiner inneh\u00e5ller immunoglobuliner och andra f\u00f6reningar som st\u00e4rker kroppens naturliga f\u00f6rsvar.<\/li>\n<\/ul>\n<p>&nbsp;<\/p>\n<p><strong>Rekommenderad dos<\/strong><\/p>\n<p>Blanda <strong>30 g<\/strong> (ca 1 skopa) Pure Isolate vassleprotein med <strong>100 ml vatten<\/strong> i en skakmaskin.<\/p>\n<p>Maximal renhet, minimal anstr\u00e4ngning: det l\u00f6ses upp p\u00e5 ett \u00f6gonblick och din kropp absorberar det omedelbart.<\/p>\n<p><strong>Meddelande<\/strong><\/p>\n<ul>\n<li>Endast f\u00f6r vuxna.<\/li>\n<li>Ers\u00e4tter inte en balanserad kost och en h\u00e4lsosam livsstil.<\/li>\n<li>\u00d6verskrid inte den rekommenderade dosen.<\/li>\n<li>R\u00e5dg\u00f6r med din l\u00e4kare under graviditet eller amning.<\/li>\n<li>F\u00f6rvara p\u00e5 en sval, torr plats, borta fr\u00e5n direkt ljus.<\/li>\n<li>Kan inneh\u00e5lla sp\u00e5r av havre, \u00e4gg och soja.<\/li>\n<li><strong>Laktosfri och glutenfri<\/strong>.<\/li>\n<\/ul>\n<p>&nbsp;<\/p>\n<p><strong>Perfekt f\u00f6r: de som vill ha ett rent protein som absorberas snabbt, perfekt f\u00f6r \u00e5terh\u00e4mtning efter tr\u00e4ning och f\u00f6r att fr\u00e4mja muskeltillv\u00e4xt.<\/strong><\/p>","protected":false},"excerpt":{"rendered":"<p>Pure Isolate Whey Protein - 90% vassleproteinisolat Det perfekta valet f\u00f6r dem som vill bygga muskler snabbt, f\u00f6rb\u00e4ttra \u00e5terh\u00e4mtningen och uppr\u00e4tth\u00e5lla en ren diet. Pure Isolate Whey Protein \u00e4r det perfekta valet f\u00f6r dem som letar efter ett rent och kraftfullt proteintillskott. Tack vare sitt h\u00f6ga proteininneh\u00e5ll och l\u00e5ga fett- och [...]<\/p>","protected":false},"featured_media":12597,"template":"","meta":[],"product_cat":[158,308],"product_tag":[18,318],"class_list":{"0":"post-12543","1":"product","2":"type-product","3":"status-publish","4":"has-post-thumbnail","6":"product_cat-proteins","7":"product_cat-strength-and-muscle-mass","8":"product_tag-proteins","9":"product_tag-strength-and-muscle-mass","11":"first","12":"instock","13":"taxable","14":"shipping-taxable","15":"purchasable","16":"product-type-variable"},"aioseo_notices":[],"_links":{"self":[{"href":"https:\/\/www.selfprotein.com\/sv\/wp-json\/wp\/v2\/product\/12543"}],"collection":[{"href":"https:\/\/www.selfprotein.com\/sv\/wp-json\/wp\/v2\/product"}],"about":[{"href":"https:\/\/www.selfprotein.com\/sv\/wp-json\/wp\/v2\/types\/product"}],"wp:featuredmedia":[{"embeddable":true,"href":"https:\/\/www.selfprotein.com\/sv\/wp-json\/wp\/v2\/media\/12597"}],"wp:attachment":[{"href":"https:\/\/www.selfprotein.com\/sv\/wp-json\/wp\/v2\/media?parent=12543"}],"wp:term":[{"taxonomy":"product_cat","embeddable":true,"href":"https:\/\/www.selfprotein.com\/sv\/wp-json\/wp\/v2\/product_cat?post=12543"},{"taxonomy":"product_tag","embeddable":true,"href":"https:\/\/www.selfprotein.com\/sv\/wp-json\/wp\/v2\/product_tag?post=12543"}],"curies":[{"name":"wp","href":"https:\/\/api.w.org\/{rel}","templated":true}]}}