{"id":12547,"date":"2025-04-14T17:45:48","date_gmt":"2025-04-14T15:45:48","guid":{"rendered":"https:\/\/www.selfprotein.com\/?post_type=product&#038;p=12547"},"modified":"2026-05-01T00:24:35","modified_gmt":"2026-04-30T22:24:35","slug":"whey-shake","status":"publish","type":"product","link":"https:\/\/www.selfprotein.com\/sv\/produkt\/whey-shake\/","title":{"rendered":"Whey Shake"},"content":{"rendered":"<p><strong>Whey Shake - vassleproteinkoncentrat (WPC)<\/strong><\/p>\n<p><strong>Proteinet som ger dig st\u00f6d under varje tr\u00e4ningspass.<\/strong><\/p>\n<p>Whey Shake \u00e4r vassleproteinkoncentratet som alla idrottare m\u00e5ste integrera i sin rutin. Med sitt h\u00f6ga proteininneh\u00e5ll och snabba sm\u00e4ltbarhet \u00e4r det den perfekta bundsf\u00f6rvanten f\u00f6r \u00e5terh\u00e4mtning efter tr\u00e4ning, muskeltillv\u00e4xt och, om det integreras i en balanserad kost, kan det ocks\u00e5 fr\u00e4mja viktminskning.<\/p>\n<p><strong>Varf\u00f6r du kommer att \u00e4lska det<\/strong><\/p>\n<ul>\n<li><strong>Muskeltillv\u00e4xt<\/strong>: ett komplett protein som st\u00f6der proteinsyntesen f\u00f6r muskeltillv\u00e4xt och \u00e5terh\u00e4mtning.<\/li>\n<li><strong>Snabb \u00e5terh\u00e4mtning<\/strong>: perfekt f\u00f6r intag efter tr\u00e4ning, hj\u00e4lper till att fylla p\u00e5 musklerna med viktiga n\u00e4rings\u00e4mnen och p\u00e5skyndar \u00e5terh\u00e4mtningen.<\/li>\n<li><strong>St\u00f6djer viktminskning<\/strong>: en mager proteink\u00e4lla som fr\u00e4mjar m\u00e4ttnadsk\u00e4nslan och minskar aptiten, vilket \u00e4r bra f\u00f6r viktkontroll.<\/li>\n<li><strong>Med utvalda aminosyror<\/strong>: formula berikad med glycin, alanin och lysin, anv\u00e4ndbara f\u00f6r att st\u00f6dja \u00e5terh\u00e4mtningsprocesser och muskelfunktion.<\/li>\n<li><strong>L\u00e4tt att sm\u00e4lta<\/strong>: tack vare sin snabba assimilering \u00e4r det ett l\u00e4ttsm\u00e4lt protein utan gastrointestinala st\u00f6rningar.<\/li>\n<li><strong>Snabb absorption<\/strong>omedelbar fris\u00e4ttning av n\u00e4rings\u00e4mnen f\u00f6r att maximera f\u00f6rdelarna efter tr\u00e4ningen.<\/li>\n<\/ul>\n<p>&nbsp;<\/p>\n<p><strong>Rekommenderad dos<\/strong><\/p>\n<p>Blanda <strong>30 g<\/strong> (ca 1 skopa) med <strong>200 ml vatten<\/strong> i en shaker, i enlighet med dina n\u00e4ringsbehov och med h\u00e4nsyn till de andra proteink\u00e4llorna i din kost. Du kan ocks\u00e5 blanda pulvret med mj\u00f6lk eller din favoritdryck f\u00f6r att f\u00e5 en annan smak.<\/p>\n<p><strong>Meddelande<\/strong><\/p>\n<ul>\n<li>Endast f\u00f6r vuxna.<\/li>\n<li>Ers\u00e4tter inte en varierad och balanserad kost och en h\u00e4lsosam livsstil.<\/li>\n<li>\u00d6verskrid inte den rekommenderade dosen.<\/li>\n<li>R\u00e5dg\u00f6r med l\u00e4kare om du \u00e4r gravid eller ammar.<\/li>\n<li>F\u00f6rvara p\u00e5 en sval, torr plats, borta fr\u00e5n direkt ljus.<\/li>\n<li>Kan inneh\u00e5lla sp\u00e5r av havre, \u00e4gg och soja.<\/li>\n<li><strong>Glutenfri<\/strong>.<\/li>\n<\/ul>\n<p>&nbsp;<\/p>\n<p><strong>Perfekt f\u00f6r: idrottare, fitnessentusiaster och alla som vill ha en snabb proteink\u00e4lla av h\u00f6g kvalitet.<\/strong><\/p>","protected":false},"excerpt":{"rendered":"<p>Whey Shake - Vassleproteinkoncentrat (WPC) Proteinet som hj\u00e4lper dig under varje tr\u00e4ningspass. Whey Shake \u00e4r vassleproteinkoncentratet som varje idrottare beh\u00f6ver integrera i sin rutin. Med sitt h\u00f6ga proteininneh\u00e5ll och snabba sm\u00e4ltbarhet \u00e4r det den perfekta allierade f\u00f6r \u00e5terh\u00e4mtning efter tr\u00e4ning, muskeltillv\u00e4xt och, om den integreras i en balanserad [...]].<\/p>","protected":false},"featured_media":12559,"template":"","meta":[],"product_cat":[158,308],"product_tag":[18,318],"class_list":{"0":"post-12547","1":"product","2":"type-product","3":"status-publish","4":"has-post-thumbnail","6":"product_cat-proteins","7":"product_cat-strength-and-muscle-mass","8":"product_tag-proteins","9":"product_tag-strength-and-muscle-mass","11":"first","12":"instock","13":"taxable","14":"shipping-taxable","15":"purchasable","16":"product-type-variable"},"aioseo_notices":[],"_links":{"self":[{"href":"https:\/\/www.selfprotein.com\/sv\/wp-json\/wp\/v2\/product\/12547"}],"collection":[{"href":"https:\/\/www.selfprotein.com\/sv\/wp-json\/wp\/v2\/product"}],"about":[{"href":"https:\/\/www.selfprotein.com\/sv\/wp-json\/wp\/v2\/types\/product"}],"wp:featuredmedia":[{"embeddable":true,"href":"https:\/\/www.selfprotein.com\/sv\/wp-json\/wp\/v2\/media\/12559"}],"wp:attachment":[{"href":"https:\/\/www.selfprotein.com\/sv\/wp-json\/wp\/v2\/media?parent=12547"}],"wp:term":[{"taxonomy":"product_cat","embeddable":true,"href":"https:\/\/www.selfprotein.com\/sv\/wp-json\/wp\/v2\/product_cat?post=12547"},{"taxonomy":"product_tag","embeddable":true,"href":"https:\/\/www.selfprotein.com\/sv\/wp-json\/wp\/v2\/product_tag?post=12547"}],"curies":[{"name":"wp","href":"https:\/\/api.w.org\/{rel}","templated":true}]}}