{"id":15180,"date":"2026-04-07T12:47:11","date_gmt":"2026-04-07T10:47:11","guid":{"rendered":"https:\/\/www.selfprotein.com\/?post_type=product&#038;p=15180"},"modified":"2026-04-07T12:47:11","modified_gmt":"2026-04-07T10:47:11","slug":"creatine-gummies","status":"publish","type":"product","link":"https:\/\/www.selfprotein.com\/sv\/produkt\/creatine-gummies\/","title":{"rendered":"Creatine Gummies"},"content":{"rendered":"<p class=\" translation-block\"><strong>CREATINE GUMMIES<\/strong><br>\n<strong>Den nya formen av kreatin. N\u00e4r som helst, var som helst.<\/strong><br>\nEtt enkelt och snabbt s\u00e4tt att integrera kreatin i din dagliga rutin.<br>\n<strong>Kreatingummibonbons<\/strong> kombinerar anv\u00e4ndarv\u00e4nlighet och funktionalitet och erbjuder ett alternativ till traditionellt kreatinpulver.<br>\nDet mjuka, f\u00e4rdiga gummibonbonformatet g\u00f6r det enkelt att ta n\u00e4r som helst, var som helst, utan behov av vatten eller shaker.<br>\nKreatin \u00e4r en av de mest studerade ingredienserna inom sportn\u00e4ring och bidrar till \u00f6kad fysisk prestationsf\u00f6rm\u00e5ga under p\u00e5 varandra f\u00f6ljande korta, h\u00f6gintensiva tr\u00e4ningspass.*<\/p>\n<p><strong>Varf\u00f6r du kommer att \u00e4lska den<\/strong><br \/>\nSmarte format, redo att anv\u00e4ndas direkt.<br \/>\n\u2022 Praktiska, f\u00e4rdiga gummibonbons<br \/>\n\u2022 Ingen f\u00f6rberedelse kr\u00e4vs<br \/>\n\u2022 L\u00e4tt att ta med sig<br \/>\n\u2022 Passar n\u00e4r som helst under dagen<\/p>\n<p><strong>Vem \u00e4r den avsedd f\u00f6r<\/strong><br \/>\nUtformad f\u00f6r att passa olika rutiner och livsstilar.<br \/>\n\u2022 Aktiva personer och idrottare<br \/>\n\u2022 H\u00f6gintensiv tr\u00e4ning<br \/>\n\u2022 Dagliga aktiviteter<br \/>\n\u2022 Alla som letar efter ett enkelt och l\u00e4ttillg\u00e4ngligt kosttillskott<\/p>\n<p><strong>Rekommenderad dos<\/strong><br \/>\nTa <strong>2 gummies om dagen<\/strong>.<br \/>\n\u2022 N\u00e4r som helst under dagen<br \/>\n\u2022 F\u00f6re eller efter tr\u00e4ningen<br \/>\n\u2022 \u00c4ven p\u00e5 vilodagar<\/p>\n<p><strong>Kvalitet<\/strong><br \/>\n\u2022 Utvald kreatin<br \/>\n\u2022 Kontrollerade kvalitetsstandarder<br \/>\n\u2022 Utvecklad f\u00f6r att vara enkel att anv\u00e4nda<\/p>\n<p><strong>Meddelande<\/strong><br \/>\n\u2022 Kosttillskott b\u00f6r inte anv\u00e4ndas som ers\u00e4ttning f\u00f6r en varierad och balanserad kost och en h\u00e4lsosam livsstil.<br \/>\n\u2022 \u00d6verskrid inte den rekommenderade dagliga dosen.<br \/>\n\u2022 F\u00f6rvaras o\u00e5tkomligt f\u00f6r barn.<\/p>","protected":false},"excerpt":{"rendered":"<p>CREATINE GUMMIES The new form of creatine. Anytime, anywhere. A simple and immediate way to integrate creatine into your daily routine. Creatine Gummies combine ease of use and functionality, offering an alternative to traditional creatine powder. The soft, ready-to-use gummy format allows easy intake anytime, anywhere, no water or shaker needed. Creatine is one of [&hellip;]<\/p>","protected":false},"featured_media":15240,"template":"","meta":[],"product_cat":[151,308],"product_tag":[161,318],"class_list":{"0":"post-15180","1":"product","2":"type-product","3":"status-publish","4":"has-post-thumbnail","6":"product_cat-amino-acids-creatine","7":"product_cat-strength-and-muscle-mass","8":"product_tag-amino-acids-creatine","9":"product_tag-strength-and-muscle-mass","11":"first","12":"instock","13":"sale","14":"taxable","15":"shipping-taxable","16":"purchasable","17":"product-type-variable"},"aioseo_notices":[],"_links":{"self":[{"href":"https:\/\/www.selfprotein.com\/sv\/wp-json\/wp\/v2\/product\/15180"}],"collection":[{"href":"https:\/\/www.selfprotein.com\/sv\/wp-json\/wp\/v2\/product"}],"about":[{"href":"https:\/\/www.selfprotein.com\/sv\/wp-json\/wp\/v2\/types\/product"}],"wp:featuredmedia":[{"embeddable":true,"href":"https:\/\/www.selfprotein.com\/sv\/wp-json\/wp\/v2\/media\/15240"}],"wp:attachment":[{"href":"https:\/\/www.selfprotein.com\/sv\/wp-json\/wp\/v2\/media?parent=15180"}],"wp:term":[{"taxonomy":"product_cat","embeddable":true,"href":"https:\/\/www.selfprotein.com\/sv\/wp-json\/wp\/v2\/product_cat?post=15180"},{"taxonomy":"product_tag","embeddable":true,"href":"https:\/\/www.selfprotein.com\/sv\/wp-json\/wp\/v2\/product_tag?post=15180"}],"curies":[{"name":"wp","href":"https:\/\/api.w.org\/{rel}","templated":true}]}}