{"id":16,"date":"2023-10-10T18:16:27","date_gmt":"2023-10-10T16:16:27","guid":{"rendered":"https:\/\/34.88.231.180\/?post_type=product&#038;p=16"},"modified":"2026-05-01T00:23:38","modified_gmt":"2026-04-30T22:23:38","slug":"l-arginine","status":"publish","type":"product","link":"https:\/\/www.selfprotein.com\/sv\/produkt\/l-arginine\/","title":{"rendered":"L-Arginine"},"content":{"rendered":"<p style=\"text-align: left;\" align=\"center\"><strong><span lang=\"en-US\">L-Arginine<\/span><\/strong><\/p>\n<p><span lang=\"en-US\">L-arginin \u00e4r en semi-essentiell aminosyra som finns i proteinrika livsmedel som k\u00f6tt, fisk, mejeriprodukter och baljv\u00e4xter. \u00c4ven om kroppen kan producera arginin kan det h\u00e4nda att den inte syntetiserar tillr\u00e4ckligt f\u00f6r att m\u00f6ta fysiologiska behov. Denna aminosyra spelar en avg\u00f6rande roll i m\u00e5nga kroppsfunktioner, inklusive produktionen av kv\u00e4veoxid, vilket \u00e4r viktigt f\u00f6r att uppr\u00e4tth\u00e5lla kardiovaskul\u00e4r h\u00e4lsa och optimalt blodfl\u00f6de.<\/span><\/p>\n<p><span lang=\"en-US\">Att l\u00e4gga till arginin i kosten kan vara ett effektivt s\u00e4tt att st\u00f6dja den allm\u00e4nna h\u00e4lsan och v\u00e4lbefinnandet.<\/span><\/p>\n<p><span lang=\"en-US\">F\u00f6rdelar med L-Arginine:<\/span><\/p>\n<ul>\n<li><strong><span lang=\"en-US\">F\u00f6rb\u00e4ttring av tr\u00e4ningsprestanda<\/span><\/strong><span lang=\"en-US\"><strong>:<\/strong> Att integrera arginin i sin kost kan fr\u00e4mja f\u00f6rb\u00e4ttrad fysisk prestanda under tr\u00e4ning. Denna aminosyra \u00e4r k\u00e4nd f\u00f6r att \u00f6ka blodfl\u00f6det och syretillf\u00f6rseln till musklerna, vilket f\u00f6rb\u00e4ttrar uth\u00e5lligheten och f\u00f6rm\u00e5gan att delta i intensiv fysisk aktivitet.<\/span><\/li>\n<li><strong><span lang=\"en-US\">F\u00f6rb\u00e4ttring av kardiovaskul\u00e4r h\u00e4lsa:<\/span><\/strong><span lang=\"en-US\"> Arginin \u00e4r f\u00f6rknippat med m\u00e5nga f\u00f6rdelar f\u00f6r kardiovaskul\u00e4r h\u00e4lsa. Genom att f\u00f6rb\u00e4ttra blodfl\u00f6det och vidga blodk\u00e4rlen genom produktion av kv\u00e4veoxid kan arginin bidra till att minska blodtrycket och risken f\u00f6r blodproppar, vilket fr\u00e4mjar hj\u00e4rt- och art\u00e4rh\u00e4lsan.<\/span><\/li>\n<li><strong><span lang=\"en-US\">F\u00f6rb\u00e4ttring av immunfunktionen: <\/span><\/strong><span lang=\"en-US\">Genom att integrera arginin i kosten kan man st\u00f6dja och f\u00f6rb\u00e4ttra immunf\u00f6rsvaret. Denna aminosyra kan \u00f6ka produktionen av immunceller och f\u00f6rb\u00e4ttra deras f\u00f6rm\u00e5ga att bek\u00e4mpa infektioner, vilket bidrar till att uppr\u00e4tth\u00e5lla ett starkt och lyh\u00f6rt immunsystem.<\/span><\/li>\n<li><strong><span lang=\"en-US\">F\u00f6rb\u00e4ttrad erektil funktion:<\/span><\/strong><span lang=\"en-US\"> F\u00f6r m\u00e4n med erektil dysfunktion kan arginin erbjuda betydande f\u00f6rdelar. Denna aminosyra \u00e4r k\u00e4nd f\u00f6r att \u00f6ka blodfl\u00f6det till penis och d\u00e4rigenom f\u00f6rb\u00e4ttra erektil funktion och sexuell h\u00e4lsa.<\/span><\/li>\n<\/ul>\n<p>&nbsp;<\/p>\n<p><strong><span lang=\"en-US\">Rekommenderad anv\u00e4ndning<\/span><\/strong><\/p>\n<p><span lang=\"en-US\">Ta 1 portion 30-45 minuter f\u00f6re sportaktivitet och 1 portion f\u00f6re s\u00e4ngg\u00e5endet.<\/span><\/p>\n<p><strong>Meddelande:<\/strong><\/p>\n<ul>\n<li>Endast f\u00f6r vuxna och ers\u00e4tter inte en varierad och balanserad kost och en h\u00e4lsosam livsstil.<\/li>\n<li>\u00d6verskrid inte den rekommenderade dosen.<\/li>\n<li>Anv\u00e4nd inte produkten under amning eller graviditet utan att r\u00e5dg\u00f6ra med l\u00e4kare.<\/li>\n<li>F\u00f6rvara produkten p\u00e5 en sval, torr plats i en v\u00e4l tillsluten f\u00f6rpackning utom r\u00e4ckh\u00e5ll f\u00f6r barn under 3 \u00e5r.<\/li>\n<li>Kan inneh\u00e5lla sp\u00e5r av mj\u00f6lk, havre, \u00e4gg, soja.<\/li>\n<li>Laktosfri och Glutenfri.<\/li>\n<\/ul>","protected":false},"excerpt":{"rendered":"<details>\n<summary>Ingredienser<\/summary>\n<table style=\"text-align: center;\">\n<tbody>\n<tr>\n<th>INGREDIENSER<\/th>\n<th>per portion<\/th>\n<\/tr>\n<tr>\n<td>L-Arginine<\/td>\n<td>5g<\/td>\n<\/tr>\n<\/tbody>\n<\/table>\n<\/details>\n<p>&nbsp;<\/p>","protected":false},"featured_media":11848,"template":"","meta":[],"product_cat":[151,310],"product_tag":[161,315],"class_list":{"0":"post-16","1":"product","2":"type-product","3":"status-publish","4":"has-post-thumbnail","6":"product_cat-amino-acids-creatine","7":"product_cat-performance-and-endurance","8":"product_tag-amino-acids-creatine","9":"product_tag-performance-and-endurance","11":"first","12":"instock","13":"sale","14":"taxable","15":"shipping-taxable","16":"purchasable","17":"product-type-simple"},"aioseo_notices":[],"_links":{"self":[{"href":"https:\/\/www.selfprotein.com\/sv\/wp-json\/wp\/v2\/product\/16"}],"collection":[{"href":"https:\/\/www.selfprotein.com\/sv\/wp-json\/wp\/v2\/product"}],"about":[{"href":"https:\/\/www.selfprotein.com\/sv\/wp-json\/wp\/v2\/types\/product"}],"wp:featuredmedia":[{"embeddable":true,"href":"https:\/\/www.selfprotein.com\/sv\/wp-json\/wp\/v2\/media\/11848"}],"wp:attachment":[{"href":"https:\/\/www.selfprotein.com\/sv\/wp-json\/wp\/v2\/media?parent=16"}],"wp:term":[{"taxonomy":"product_cat","embeddable":true,"href":"https:\/\/www.selfprotein.com\/sv\/wp-json\/wp\/v2\/product_cat?post=16"},{"taxonomy":"product_tag","embeddable":true,"href":"https:\/\/www.selfprotein.com\/sv\/wp-json\/wp\/v2\/product_tag?post=16"}],"curies":[{"name":"wp","href":"https:\/\/api.w.org\/{rel}","templated":true}]}}