{"id":214,"date":"2023-11-27T12:57:46","date_gmt":"2023-11-27T11:57:46","guid":{"rendered":"https:\/\/34.88.231.180\/product\/3-phase-protein\/"},"modified":"2026-05-01T00:23:41","modified_gmt":"2026-04-30T22:23:41","slug":"3-phase-protein","status":"publish","type":"product","link":"https:\/\/www.selfprotein.com\/sv\/produkt\/3-phase-protein\/","title":{"rendered":"3 Phase Protein"},"content":{"rendered":"<p><strong>3 Phase Protein<\/strong><\/p>\n<p><strong>Trippelverkan, maximalt st\u00f6d f\u00f6r musklerna.<\/strong><\/p>\n<p>3 Phase Protein \u00e4r ett avancerat proteintillskott, formulerat med tre olika h\u00f6gkvalitativa proteink\u00e4llor: vassleproteinisolat (WPI), vassleproteinhydrolysat (WPH) och micell\u00e4rt kasein. Denna synergi garanterar en sekventiell och l\u00e5ngvarig fris\u00e4ttning av aminosyror, vilket ger kontinuerlig n\u00e4ring till musklerna under de olika \u00e5terh\u00e4mtningsfaserna.<br \/>\nPerfekt efter tr\u00e4ning eller som ett strategiskt mellanm\u00e5l, det \u00e4r det perfekta valet f\u00f6r dem som vill optimera assimileringstiden utan att tillf\u00f6ra \u00f6verfl\u00f6diga kolhydrater eller fetter.<\/p>\n<p><strong>Varf\u00f6r du kommer att gilla det<\/strong><\/p>\n<ul>\n<li><strong>Trippel proteink\u00e4lla<\/strong>: snabb, intermedi\u00e4r och l\u00e5ngsam fris\u00e4ttning f\u00f6r kontinuerlig tillf\u00f6rsel av n\u00e4rings\u00e4mnen.<\/li>\n<li><strong>Konstant muskelst\u00f6d<\/strong>: fr\u00e4mjar proteinsyntesen och muskel\u00e5terh\u00e4mtningen, \u00e4ven flera timmar efter intag.<\/li>\n<li><strong>Med naturliga BCAA<\/strong>: leucin, isoleucin och valin f\u00f6r att \u00f6ka \u00e5terh\u00e4mtningen och f\u00f6rb\u00e4ttra prestationen.<\/li>\n<li><strong>L\u00e5gkolhydrat &amp; l\u00e5gfett<\/strong>: \u00e4ven perfekt under definitionsfasen eller p\u00e5 en kalorifattig diet<\/li>\n<li><strong>Optimal proteinbalans<\/strong>: tillgodoser det dagliga behovet och bidrar till tillv\u00e4xt och underh\u00e5ll av muskelmassa.<\/li>\n<\/ul>\n<p>&nbsp;<\/p>\n<p><strong>Rekommenderad dos<\/strong><\/p>\n<p>Blanda <strong>30 g<\/strong> (ca 1 skopa) med <strong>200 ml vatten<\/strong> i en skakmaskin.<\/p>\n<p>Ta efter tr\u00e4ningen eller mellan m\u00e5ltiderna, beroende p\u00e5 ditt proteinbehov.<\/p>\n<p><strong>Meddelande<\/strong><\/p>\n<ul>\n<li>Endast f\u00f6r vuxna.<\/li>\n<li>Ers\u00e4tter inte en varierad och balanserad kost och en h\u00e4lsosam livsstil.<\/li>\n<li>\u00d6verskrid inte den rekommenderade dagliga dosen.<\/li>\n<li>Anv\u00e4nd inte under graviditet eller amning utan att r\u00e5dg\u00f6ra med l\u00e4kare.<\/li>\n<li>F\u00f6rvaras svalt, torrt och o\u00e5tkomligt f\u00f6r barn under 3 \u00e5r.<\/li>\n<li>Kan inneh\u00e5lla sp\u00e5r av havre, \u00e4gg och soja.<\/li>\n<li><strong>Glutenfri<\/strong>.<\/li>\n<\/ul>\n<p>&nbsp;<\/p>\n<p><strong>Ett protein, tre fris\u00e4ttningshastigheter: ge dina muskler n\u00e4r som helst p\u00e5 dygnet.<\/strong><\/p>","protected":false},"excerpt":{"rendered":"<p>3 Phase Protein Trippelverkan, maximalt muskelst\u00f6d. 3 Phase Protein \u00e4r ett avancerat proteintillskott, formulerat med tre olika h\u00f6gkvalitativa proteink\u00e4llor: vassleproteinisolat (WPI), vassleproteinhydrolysat (WPH) och micell\u00e4rt kasein. Denna synergi garanterar en sekventiell och l\u00e5ngvarig fris\u00e4ttning av aminosyror, vilket ger kontinuerlig n\u00e4ring till musklerna under de olika [...]<\/p>","protected":false},"featured_media":234,"template":"","meta":[],"product_cat":[158,308],"product_tag":[18,318],"class_list":{"0":"post-214","1":"product","2":"type-product","3":"status-publish","4":"has-post-thumbnail","6":"product_cat-proteins","7":"product_cat-strength-and-muscle-mass","8":"product_tag-proteins","9":"product_tag-strength-and-muscle-mass","11":"first","12":"instock","13":"taxable","14":"shipping-taxable","15":"purchasable","16":"product-type-variable"},"aioseo_notices":[],"_links":{"self":[{"href":"https:\/\/www.selfprotein.com\/sv\/wp-json\/wp\/v2\/product\/214"}],"collection":[{"href":"https:\/\/www.selfprotein.com\/sv\/wp-json\/wp\/v2\/product"}],"about":[{"href":"https:\/\/www.selfprotein.com\/sv\/wp-json\/wp\/v2\/types\/product"}],"wp:featuredmedia":[{"embeddable":true,"href":"https:\/\/www.selfprotein.com\/sv\/wp-json\/wp\/v2\/media\/234"}],"wp:attachment":[{"href":"https:\/\/www.selfprotein.com\/sv\/wp-json\/wp\/v2\/media?parent=214"}],"wp:term":[{"taxonomy":"product_cat","embeddable":true,"href":"https:\/\/www.selfprotein.com\/sv\/wp-json\/wp\/v2\/product_cat?post=214"},{"taxonomy":"product_tag","embeddable":true,"href":"https:\/\/www.selfprotein.com\/sv\/wp-json\/wp\/v2\/product_tag?post=214"}],"curies":[{"name":"wp","href":"https:\/\/api.w.org\/{rel}","templated":true}]}}