{"id":243,"date":"2023-11-27T12:58:01","date_gmt":"2023-11-27T11:58:01","guid":{"rendered":"https:\/\/34.88.231.180\/product\/acetyl-l-carnitine-1000\/"},"modified":"2026-05-01T00:23:38","modified_gmt":"2026-04-30T22:23:38","slug":"acetyl-l-carnitine-1000","status":"publish","type":"product","link":"https:\/\/www.selfprotein.com\/sv\/produkt\/acetyl-l-carnitine-1000\/","title":{"rendered":"Acetyl L-Carnitine 1000"},"content":{"rendered":"<p style=\"text-align: left;\" align=\"center\"><strong><span lang=\"en-US\">Acetyl L-Carnitine 1000<\/span><\/strong><\/p>\n<p><span lang=\"en-US\">Uppt\u00e4ck potentialen hos acetyl-L-karnitin (ALCAR), ett aminosyraderivat som spelar en avg\u00f6rande roll f\u00f6r fettmetabolismen och energiproduktionen i m\u00e4nniskokroppen. ALCAR finns i naturen och kan erh\u00e5llas fr\u00e5n livsmedelsk\u00e4llor som r\u00f6tt k\u00f6tt, fisk och mejeriprodukter, men finns ocks\u00e5 i form av kosttillskott och anv\u00e4nds ofta f\u00f6r olika \u00e4ndam\u00e5l, bland annat f\u00f6r att f\u00f6rb\u00e4ttra den kognitiva funktionen, st\u00f6dja viktminskning och fr\u00e4mja ett h\u00e4lsosamt \u00e5ldrande.<\/span><\/p>\n<p><span lang=\"en-US\">F\u00f6rdelar med Acetyl L-karnitin (ALCAR):<\/span><\/p>\n<ul>\n<li><strong><span lang=\"en-US\">F\u00f6rb\u00e4ttring av den kognitiva funktionen:<\/span><\/strong><span lang=\"en-US\"> ALCAR kan bidra till att f\u00f6rb\u00e4ttra minne, koncentration och \u00f6vergripande kognitiv prestanda, vilket ger potentiella f\u00f6rdelar f\u00f6r hj\u00e4rnans h\u00e4lsa.<\/span><\/li>\n<li><strong><span lang=\"en-US\">\u00d6kad energi:<\/span><\/strong><span lang=\"en-US\"> Genom att stimulera produktionen av ATP, kroppens prim\u00e4ra energivaluta, kan ALCAR bidra till \u00f6kade energiniv\u00e5er, vilket ger st\u00f6d f\u00f6r att ta itu med kr\u00e4vande fysiska och mentala aktiviteter.<\/span><\/li>\n<li><strong><span lang=\"en-US\">F\u00f6rb\u00e4ttring av hum\u00f6ret<\/span><\/strong><span lang=\"en-US\"><strong>:<\/strong> ALCAR kan p\u00e5verka hum\u00f6ret positivt genom att minska symtom p\u00e5 depression och \u00e5ngest och fr\u00e4mja en k\u00e4nsla av mentalt v\u00e4lbefinnande.<\/span><\/li>\n<li><strong><span lang=\"en-US\">Anti-aging effekter:<\/span><\/strong><span lang=\"en-US\"> Tack vare sin f\u00f6rm\u00e5ga att minska oxidativ stress och inflammation kan ALCAR bidra till att st\u00f6dja ett h\u00e4lsosamt \u00e5ldrande och skydda mot \u00e5ldersrelaterade kroniska sjukdomar.<\/span><\/li>\n<\/ul>\n<p>&nbsp;<\/p>\n<p><span lang=\"en-US\">Genom att integrera Acetyl L-karnitin (ALCAR) i din dagliga rutin kan du uppleva en rad f\u00f6rdelar som inte bara fr\u00e4mjar ditt fysiska v\u00e4lbefinnande utan \u00e4ven din mentala och kognitiva h\u00e4lsa, s\u00e5 att du kan ta itu med livet med vitalitet och mental klarhet.<\/span><\/p>\n<p><strong><span lang=\"en-US\">Rekommenderad anv\u00e4ndning<\/span><\/strong><\/p>\n<p><span lang=\"en-US\">1 tablett under dagen eller 30-45 minuter f\u00f6re tr\u00e4ningspasset.<\/span><\/p>\n<p><strong>Meddelande:<\/strong><\/p>\n<ul>\n<li>Endast f\u00f6r vuxna och ers\u00e4tter inte en varierad och balanserad kost och en h\u00e4lsosam livsstil.<\/li>\n<li>\u00d6verskrid inte den rekommenderade dosen.<\/li>\n<li>Anv\u00e4nd inte produkten under amning eller graviditet utan att r\u00e5dg\u00f6ra med l\u00e4kare.<\/li>\n<li>F\u00f6rvara produkten p\u00e5 en sval, torr plats i en v\u00e4l tillsluten f\u00f6rpackning utom r\u00e4ckh\u00e5ll f\u00f6r barn under 3 \u00e5r.<\/li>\n<li>Kan inneh\u00e5lla sp\u00e5r av mj\u00f6lk, havre, \u00e4gg, soja.<\/li>\n<li>Laktosfri och Glutenfri.<\/li>\n<\/ul>","protected":false},"excerpt":{"rendered":"<details>\n<summary>Ingredienser<\/summary>\n<table style=\"text-align: center;\">\n<tbody>\n<tr>\n<th>Ingredienser<\/th>\n<th>per 1 tablett<\/th>\n<\/tr>\n<tr>\n<td>Acetyl L-karnitin<\/td>\n<td>1000 mg<\/td>\n<\/tr>\n<tr>\n<td colspan=\"2\"><strong>\u00d6vriga ingredienser: <\/strong>stabiliseringsmedel E460, E470b, E551<\/td>\n<\/tr>\n<\/tbody>\n<\/table>\n<\/details>\n<p>&nbsp;<\/p>","protected":false},"featured_media":246,"template":"","meta":[],"product_cat":[155,309],"product_tag":[163,319],"class_list":{"0":"post-243","1":"product","2":"type-product","3":"status-publish","4":"has-post-thumbnail","6":"product_cat-weight-control-metabolism","7":"product_cat-weight-management-and-definition","8":"product_tag-weight-control-metabolism","9":"product_tag-weight-management-and-definition","11":"first","12":"instock","13":"taxable","14":"shipping-taxable","15":"purchasable","16":"product-type-simple"},"aioseo_notices":[],"_links":{"self":[{"href":"https:\/\/www.selfprotein.com\/sv\/wp-json\/wp\/v2\/product\/243"}],"collection":[{"href":"https:\/\/www.selfprotein.com\/sv\/wp-json\/wp\/v2\/product"}],"about":[{"href":"https:\/\/www.selfprotein.com\/sv\/wp-json\/wp\/v2\/types\/product"}],"wp:featuredmedia":[{"embeddable":true,"href":"https:\/\/www.selfprotein.com\/sv\/wp-json\/wp\/v2\/media\/246"}],"wp:attachment":[{"href":"https:\/\/www.selfprotein.com\/sv\/wp-json\/wp\/v2\/media?parent=243"}],"wp:term":[{"taxonomy":"product_cat","embeddable":true,"href":"https:\/\/www.selfprotein.com\/sv\/wp-json\/wp\/v2\/product_cat?post=243"},{"taxonomy":"product_tag","embeddable":true,"href":"https:\/\/www.selfprotein.com\/sv\/wp-json\/wp\/v2\/product_tag?post=243"}],"curies":[{"name":"wp","href":"https:\/\/api.w.org\/{rel}","templated":true}]}}