{"id":251,"date":"2023-11-27T12:58:05","date_gmt":"2023-11-27T11:58:05","guid":{"rendered":"https:\/\/34.88.231.180\/product\/ala-alpha-lipoic-acid\/"},"modified":"2026-04-01T00:00:07","modified_gmt":"2026-03-31T22:00:07","slug":"ala-alpha-lipoic-acid","status":"publish","type":"product","link":"https:\/\/www.selfprotein.com\/sv\/produkt\/ala-alpha-lipoic-acid\/","title":{"rendered":"ALA Alpha Lipoic Acid"},"content":{"rendered":"<p style=\"text-align: left\" align=\"center\"><strong><span lang=\"en-US\">ALA Alpha Lipoic Acid<\/span><\/strong><\/p>\n<p><span lang=\"en-US\">Uppt\u00e4ck de potentiella f\u00f6rdelarna med alfa-liponsyra (ALA), en antioxidant som finns i livsmedel som spenat, broccoli och lever och som kan ge v\u00e4rdefullt st\u00f6d till idrottares idrottsliga prestationer. Tack vare sina antiinflammatoriska egenskaper och f\u00f6rm\u00e5ga att f\u00f6rb\u00e4ttra insulink\u00e4nsligheten har ALA blivit ett popul\u00e4rt tillskott bland idrottare som vill ha extra f\u00f6rdelar i sin tr\u00e4ning och \u00e5terh\u00e4mtning.<\/span><\/p>\n<p><span lang=\"en-US\">F\u00f6rdelar med alfa-liponsyra (ALA):<\/span><\/p>\n<ul>\n<li><strong><span lang=\"en-US\">Minskning av inflammation:<\/span><\/strong><span lang=\"en-US\"> ALA kan bidra till att minska tr\u00e4ningsinducerad inflammation och muskelv\u00e4rk, vilket g\u00f6r att idrottare kan \u00e5terh\u00e4mta sig snabbare och ta itu med efterf\u00f6ljande tr\u00e4ningspass med st\u00f6rre komfort.<\/span><\/li>\n<li><strong><span lang=\"en-US\">F\u00f6rb\u00e4ttrad insulink\u00e4nslighet: <\/span><\/strong><span lang=\"en-US\">ALA kan bidra till att f\u00f6rb\u00e4ttra insulink\u00e4nsligheten, vilket ger en stabil reglering av blodsockerniv\u00e5erna under tr\u00e4ning, vilket \u00e4r avg\u00f6rande f\u00f6r att bibeh\u00e5lla j\u00e4mn energi och prestanda.<\/span><\/li>\n<li><strong><span lang=\"en-US\">F\u00f6rb\u00e4ttrad \u00e5terh\u00e4mtning:<\/span><\/strong><span lang=\"en-US\"> Genom att integrera ALA i sin kost kan idrottare uppleva f\u00f6rb\u00e4ttrad \u00e5terh\u00e4mtning efter tr\u00e4ningen, tack vare ALA:s f\u00f6rm\u00e5ga att minska oxidativ stress och fr\u00e4mja muskelreparation.<\/span><\/li>\n<li><strong><span lang=\"en-US\">St\u00f6d f\u00f6r hj\u00e4rnans h\u00e4lsa:<\/span><\/strong><span lang=\"en-US\"> De neuroskyddande egenskaperna hos ALA kan hj\u00e4lpa idrottare att uppr\u00e4tth\u00e5lla kognitiv funktion och koncentration under tr\u00e4ning och t\u00e4vling, vilket g\u00f6r att de kan h\u00e5lla fokus och prestera i alla situationer.<\/span><\/li>\n<\/ul>\n<p><\/p>\n<p><span lang=\"en-US\">Med alfa-liponsyra (ALA) som en del av sin n\u00e4ringsrutin kan idrottare dra nytta av ytterligare st\u00f6d f\u00f6r sitt allm\u00e4nna v\u00e4lbefinnande och sina idrottsprestationer, vilket g\u00f6r att de kan \u00f6vertr\u00e4ffa sina idrottsliga m\u00e5l med \u00f6kat sj\u00e4lvf\u00f6rtroende och motst\u00e5ndskraft.<\/span><\/p>\n<p><strong><span lang=\"en-US\">Rekommenderad anv\u00e4ndning<\/span><\/strong><\/p>\n<p><span lang=\"en-US\">2 kapslar under hela dagen.<\/span><\/p>\n<p><strong>Meddelande:<\/strong><\/p>\n<ul>\n<li>Endast f\u00f6r vuxna och ers\u00e4tter inte en varierad och balanserad kost och en h\u00e4lsosam livsstil.<\/li>\n<li>\u00d6verskrid inte den rekommenderade dosen.<\/li>\n<li>Anv\u00e4nd inte produkten under amning eller graviditet utan att r\u00e5dg\u00f6ra med l\u00e4kare.<\/li>\n<li>F\u00f6rvara produkten p\u00e5 en sval, torr plats i en v\u00e4l tillsluten f\u00f6rpackning utom r\u00e4ckh\u00e5ll f\u00f6r barn under 3 \u00e5r.<\/li>\n<li>Kan inneh\u00e5lla sp\u00e5r av mj\u00f6lk, havre, \u00e4gg, soja.<\/li>\n<li>Laktosfri och Glutenfri.<\/li>\n<\/ul>","protected":false},"excerpt":{"rendered":"<details>\n<summary>Ingredienser<\/summary>\n<table style=\"text-align: center\">\n<tbody>\n<tr>\n<th>Ingredienser<\/th>\n<th>per 2 cps<\/th>\n<\/tr>\n<tr>\n<td>Alfa-lipoinsyra<\/td>\n<td>400 mg<\/td>\n<\/tr>\n<tr>\n<td>Biotin<\/td>\n<td>225 \u03bcg (450%*)<\/td>\n<\/tr>\n<tr>\n<td>Krom<\/td>\n<td>200 \u03bcg (450%*)<\/td>\n<\/tr>\n<tr>\n<td colspan=\"2\"><strong>\u00d6vriga ingredienser:<\/strong>stabiliseringsmedel E460, E470b, vegansk kapsel (E1204)<\/td>\n<\/tr>\n<tr>\n<td colspan=\"2\">*(NRV) Referensv\u00e4rde f\u00f6r n\u00e4ringsv\u00e4rde<\/td>\n<\/tr>\n<\/tbody>\n<\/table>\n<\/details>\n<p>&nbsp;<\/p>","protected":false},"featured_media":12756,"template":"","meta":[],"product_cat":[155,309],"product_tag":[163,319],"class_list":{"0":"post-251","1":"product","2":"type-product","3":"status-publish","4":"has-post-thumbnail","6":"product_cat-weight-control-metabolism","7":"product_cat-weight-management-and-definition","8":"product_tag-weight-control-metabolism","9":"product_tag-weight-management-and-definition","11":"first","12":"instock","13":"sale","14":"taxable","15":"shipping-taxable","16":"purchasable","17":"product-type-simple"},"aioseo_notices":[],"_links":{"self":[{"href":"https:\/\/www.selfprotein.com\/sv\/wp-json\/wp\/v2\/product\/251"}],"collection":[{"href":"https:\/\/www.selfprotein.com\/sv\/wp-json\/wp\/v2\/product"}],"about":[{"href":"https:\/\/www.selfprotein.com\/sv\/wp-json\/wp\/v2\/types\/product"}],"wp:featuredmedia":[{"embeddable":true,"href":"https:\/\/www.selfprotein.com\/sv\/wp-json\/wp\/v2\/media\/12756"}],"wp:attachment":[{"href":"https:\/\/www.selfprotein.com\/sv\/wp-json\/wp\/v2\/media?parent=251"}],"wp:term":[{"taxonomy":"product_cat","embeddable":true,"href":"https:\/\/www.selfprotein.com\/sv\/wp-json\/wp\/v2\/product_cat?post=251"},{"taxonomy":"product_tag","embeddable":true,"href":"https:\/\/www.selfprotein.com\/sv\/wp-json\/wp\/v2\/product_tag?post=251"}],"curies":[{"name":"wp","href":"https:\/\/api.w.org\/{rel}","templated":true}]}}