{"id":259,"date":"2023-11-27T12:58:09","date_gmt":"2023-11-27T11:58:09","guid":{"rendered":"https:\/\/34.88.231.180\/product\/alc-acetyl-l-carnitine\/"},"modified":"2026-05-01T00:23:39","modified_gmt":"2026-04-30T22:23:39","slug":"alc-acetyl-l-carnitine","status":"publish","type":"product","link":"https:\/\/www.selfprotein.com\/sv\/produkt\/alc-acetyl-l-carnitine\/","title":{"rendered":"ALC Acetyl L-Carnitine"},"content":{"rendered":"<p style=\"text-align: left;\" align=\"center\"><strong><span lang=\"en-US\">ALC Acetyl L-Carnitine<\/span><\/strong><\/p>\n<p><span lang=\"en-US\">Uppt\u00e4ck potentialen hos ALC Acetyl L-karnitin (ALCAR) som en viktig f\u00f6rening som \u00e4r involverad i fettmetabolism och energiproduktion i v\u00e5ra kroppar. ALCAR \u00e4r naturligt f\u00f6rekommande och finns \u00e4ven tillg\u00e4ngligt via livsmedelsk\u00e4llor som r\u00f6tt k\u00f6tt, fisk och mejeriprodukter, och \u00e4r allm\u00e4nt k\u00e4nt f\u00f6r sin avg\u00f6rande roll f\u00f6r h\u00e4lsa och v\u00e4lbefinnande. ALCAR-tillskott anv\u00e4nds ofta f\u00f6r olika \u00e4ndam\u00e5l, bland annat f\u00f6r att f\u00f6rb\u00e4ttra den kognitiva funktionen, fr\u00e4mja viktminskning och st\u00f6dja ett h\u00e4lsosamt \u00e5ldrande.<\/span><\/p>\n<p><span lang=\"en-US\">F\u00f6rdelar med ALC Acetyl L-karnitin (ALCAR):<\/span><\/p>\n<ul>\n<li><strong><span lang=\"en-US\">F\u00f6rb\u00e4ttring av den kognitiva funktionen:<\/span><\/strong><span lang=\"en-US\"> Med sina egenskaper kan ALCAR fr\u00e4mja b\u00e4ttre hj\u00e4rnfunktion genom att f\u00f6rb\u00e4ttra minne, koncentration och \u00f6vergripande kognitiv prestanda.<\/span><\/li>\n<li><strong><span lang=\"en-US\">\u00d6kad energi:<\/span><\/strong><span lang=\"en-US\"> ALCAR kan \u00f6ka energiniv\u00e5erna genom att \u00f6ka ATP-produktionen, den prim\u00e4ra energik\u00e4llan f\u00f6r m\u00e4nniskokroppen.<\/span><\/li>\n<li><strong><span lang=\"en-US\">F\u00f6rb\u00e4ttring av hum\u00f6ret<\/span><\/strong><span lang=\"en-US\"><strong>:<\/strong> Att integrera ALCAR i kosten kan leda till b\u00e4ttre hum\u00f6r genom att minska symtom p\u00e5 depression och \u00e5ngest och fr\u00e4mja en k\u00e4nsla av k\u00e4nslom\u00e4ssigt v\u00e4lbefinnande.<\/span><\/li>\n<li><strong><span lang=\"en-US\">Anti-aging-effekter<\/span><\/strong><span lang=\"en-US\"><strong>:<\/strong> ALCAR kan bidra till att st\u00f6dja ett h\u00e4lsosamt \u00e5ldrande genom att minska oxidativ stress och inflammation, faktorer som f\u00f6rknippas med m\u00e5nga \u00e5ldersrelaterade kroniska sjukdomar.<\/span><\/li>\n<\/ul>\n<p>&nbsp;<\/p>\n<p><strong><span lang=\"en-US\">Rekommenderad anv\u00e4ndning<\/span><\/strong><\/p>\n<p><span lang=\"en-US\">2 kapslar under dagen eller 30-45 minuter f\u00f6re tr\u00e4ningspasset.<\/span><\/p>\n<p><strong>Meddelande:<\/strong><\/p>\n<ul>\n<li>Endast f\u00f6r vuxna och ers\u00e4tter inte en varierad och balanserad kost och en h\u00e4lsosam livsstil.<\/li>\n<li>\u00d6verskrid inte den rekommenderade dosen.<\/li>\n<li>Anv\u00e4nd inte produkten under amning eller graviditet utan att r\u00e5dg\u00f6ra med l\u00e4kare.<\/li>\n<li>F\u00f6rvara produkten p\u00e5 en sval, torr plats i en v\u00e4l tillsluten f\u00f6rpackning utom r\u00e4ckh\u00e5ll f\u00f6r barn under 3 \u00e5r.<\/li>\n<li>Kan inneh\u00e5lla sp\u00e5r av mj\u00f6lk, havre, \u00e4gg, soja.<\/li>\n<li>Laktosfri och Glutenfri.<\/li>\n<\/ul>","protected":false},"excerpt":{"rendered":"<details>\n<summary>Ingredienser<\/summary>\n<table style=\"text-align: center;\">\n<tbody>\n<tr>\n<th>Ingredienser<\/th>\n<th>2 cps<\/th>\n<\/tr>\n<tr>\n<td>Acetyl L-karnitin<\/td>\n<td>1000 mg<\/td>\n<\/tr>\n<tr>\n<td colspan=\"2\"><strong>\u00d6vriga ingredienser: <\/strong>stabiliseringsmedel E460, E470b, vegansk kapsel (E1024)<\/td>\n<\/tr>\n<\/tbody>\n<\/table>\n<\/details>\n<p>&nbsp;<\/p>","protected":false},"featured_media":262,"template":"","meta":[],"product_cat":[155,309],"product_tag":[163,319],"class_list":{"0":"post-259","1":"product","2":"type-product","3":"status-publish","4":"has-post-thumbnail","6":"product_cat-weight-control-metabolism","7":"product_cat-weight-management-and-definition","8":"product_tag-weight-control-metabolism","9":"product_tag-weight-management-and-definition","11":"first","12":"instock","13":"taxable","14":"shipping-taxable","15":"purchasable","16":"product-type-simple"},"aioseo_notices":[],"_links":{"self":[{"href":"https:\/\/www.selfprotein.com\/sv\/wp-json\/wp\/v2\/product\/259"}],"collection":[{"href":"https:\/\/www.selfprotein.com\/sv\/wp-json\/wp\/v2\/product"}],"about":[{"href":"https:\/\/www.selfprotein.com\/sv\/wp-json\/wp\/v2\/types\/product"}],"wp:featuredmedia":[{"embeddable":true,"href":"https:\/\/www.selfprotein.com\/sv\/wp-json\/wp\/v2\/media\/262"}],"wp:attachment":[{"href":"https:\/\/www.selfprotein.com\/sv\/wp-json\/wp\/v2\/media?parent=259"}],"wp:term":[{"taxonomy":"product_cat","embeddable":true,"href":"https:\/\/www.selfprotein.com\/sv\/wp-json\/wp\/v2\/product_cat?post=259"},{"taxonomy":"product_tag","embeddable":true,"href":"https:\/\/www.selfprotein.com\/sv\/wp-json\/wp\/v2\/product_tag?post=259"}],"curies":[{"name":"wp","href":"https:\/\/api.w.org\/{rel}","templated":true}]}}