{"id":3089,"date":"2024-10-26T11:18:43","date_gmt":"2024-10-26T09:18:43","guid":{"rendered":"https:\/\/34.88.231.180\/?post_type=product&#038;p=3089"},"modified":"2026-04-01T00:00:36","modified_gmt":"2026-03-31T22:00:36","slug":"sweet-protein","status":"publish","type":"product","link":"https:\/\/www.selfprotein.com\/sv\/produkt\/sweet-protein\/","title":{"rendered":"Sweet Protein"},"content":{"rendered":"<p>Sweet Protein \u00e4r ett v\u00e4lsmakande mellanm\u00e5l som \u00e4r perfekt f\u00f6r att tillfredsst\u00e4lla \u00f6nskan om s\u00f6tma utan att ge avkall p\u00e5 n\u00e4ring. Med en kombination av utvalda ingredienser erbjuder detta kex en bekv\u00e4m och komplett l\u00f6sning f\u00f6r dem som letar efter ett n\u00e4ringsrikt och v\u00e4lsmakande alternativ f\u00f6r att komplettera din kost med viktiga proteiner och fibrer.<\/p>\n<p><strong>H\u00e4r \u00e4r de viktigaste f\u00f6rdelarna med denna produkt:<\/strong><\/p>\n<ul>\n<li><strong>Proteiner av h\u00f6g kvalitet:<\/strong> Tack vare vete- och sojaproteiner ger detta kex ett viktigt proteinintag, vilket \u00e4r viktigt f\u00f6r muskelh\u00e4lsan och m\u00e4ttnadsk\u00e4nslan.<\/li>\n<li><strong>Reducerad sockerhalt:<\/strong> Anv\u00e4ndningen av s\u00f6tningsmedel som maltitol och erytritol g\u00f6r att du kan minska sockerhalten i kexet, vilket g\u00f6r det l\u00e4mpligt f\u00f6r dig som vill begr\u00e4nsa sockerintaget i din kost.<\/li>\n<li><strong>K\u00e4lla till fiber:<\/strong> N\u00e4rvaron av inulin och linfr\u00f6mj\u00f6l ger fiber som de hj\u00e4lper matsm\u00e4ltningen och hj\u00e4lper till att h\u00e5lla blodsockerniv\u00e5n stabilt blod.<\/li>\n<li><strong>L\u00e4mpligt alternativ f\u00f6r olika dieter:<\/strong> Eftersom kexet \u00e4r fritt fr\u00e5n tillsatt socker och rikt p\u00e5 proteiner \u00e4r det l\u00e4mpligt f\u00f6r olika kostbehov, inklusive de som f\u00f6ljer en protein- eller kontrollerad diet.<\/li>\n<\/ul>\n<p><\/p>\n<p><strong>Meddelande:<\/strong><\/p>\n<ul>\n<li>Allergener: \u00e4gg, gluten, jordn\u00f6tter, hasseln\u00f6tter, soja och sojaderivat, mj\u00f6lk, jordn\u00f6tter, sesamfr\u00f6n.<\/li>\n<li>Tillverkad i en anl\u00e4ggning som anv\u00e4nder tr\u00e4dn\u00f6tter, sesamfr\u00f6n, jordn\u00f6tter.<\/li>\n<li>Inneh\u00e5ller polyoler.<\/li>\n<li>\u00d6verdriven konsumtion kan ge laxerande effekter.<\/li>\n<\/ul>","protected":false},"excerpt":{"rendered":"<p>Sweet Protein \u00e4r ett v\u00e4lsmakande mellanm\u00e5l som \u00e4r perfekt f\u00f6r att tillfredsst\u00e4lla \u00f6nskan om s\u00f6tma utan att ge avkall p\u00e5 n\u00e4ring. Med en kombination av utvalda ingredienser erbjuder detta kex en bekv\u00e4m och komplett l\u00f6sning f\u00f6r dem som letar efter ett n\u00e4ringsrikt och v\u00e4lsmakande alternativ f\u00f6r att komplettera din kost med viktiga proteiner och fibrer. H\u00e4r \u00e4r de viktigaste f\u00f6rdelarna med [...]<\/p>","protected":false},"featured_media":8128,"template":"","meta":[],"product_cat":[313,210],"product_tag":[316,223],"class_list":{"0":"post-3089","1":"product","2":"type-product","3":"status-publish","4":"has-post-thumbnail","6":"product_cat-protein-snacks-and-fit-food","7":"product_cat-snacks-meal-solutions","8":"product_tag-protein-snacks-fit-food","9":"product_tag-snacks-meal-solutions","11":"first","12":"instock","13":"sale","14":"taxable","15":"shipping-taxable","16":"purchasable","17":"product-type-variable"},"aioseo_notices":[],"_links":{"self":[{"href":"https:\/\/www.selfprotein.com\/sv\/wp-json\/wp\/v2\/product\/3089"}],"collection":[{"href":"https:\/\/www.selfprotein.com\/sv\/wp-json\/wp\/v2\/product"}],"about":[{"href":"https:\/\/www.selfprotein.com\/sv\/wp-json\/wp\/v2\/types\/product"}],"wp:featuredmedia":[{"embeddable":true,"href":"https:\/\/www.selfprotein.com\/sv\/wp-json\/wp\/v2\/media\/8128"}],"wp:attachment":[{"href":"https:\/\/www.selfprotein.com\/sv\/wp-json\/wp\/v2\/media?parent=3089"}],"wp:term":[{"taxonomy":"product_cat","embeddable":true,"href":"https:\/\/www.selfprotein.com\/sv\/wp-json\/wp\/v2\/product_cat?post=3089"},{"taxonomy":"product_tag","embeddable":true,"href":"https:\/\/www.selfprotein.com\/sv\/wp-json\/wp\/v2\/product_tag?post=3089"}],"curies":[{"name":"wp","href":"https:\/\/api.w.org\/{rel}","templated":true}]}}