{"id":3097,"date":"2024-10-26T11:18:43","date_gmt":"2024-10-26T09:18:43","guid":{"rendered":"https:\/\/34.88.231.180\/?post_type=product&#038;p=3097"},"modified":"2026-04-01T00:00:35","modified_gmt":"2026-03-31T22:00:35","slug":"hydro-energy-gel","status":"publish","type":"product","link":"https:\/\/www.selfprotein.com\/sv\/produkt\/hydro-energy-gel\/","title":{"rendered":"Hydro Energy Gel"},"content":{"rendered":"<p style=\"text-align: left;\" align=\"center\"><strong><span lang=\"en-US\">Hydro Energy Gel<\/span><\/strong><\/p>\n<p><span lang=\"en-US\">Vi har utformat denna produkt f\u00f6r att erbjuda en effektiv l\u00f6sning f\u00f6r att uppr\u00e4tth\u00e5lla h\u00f6ga energiniv\u00e5er under fysisk tr\u00e4ning, genom att tillhandah\u00e5lla k\u00e4llor till snabbverkande kolhydrater och elektrolyter. V\u00e5ra geler \u00e4r avsedda att konsumeras under uth\u00e5llighetsaktiviteter som l\u00f6pning, cykling eller triathlon, vilket hj\u00e4lper idrottare att uppr\u00e4tth\u00e5lla optimal prestanda och uppn\u00e5 sina m\u00e5l.<\/span><\/p>\n<p><span lang=\"en-US\">F\u00f6rdelar med Hydro Energy Gel:<\/span><\/p>\n<ul>\n<li><strong><span lang=\"en-US\">Omedelbar energip\u00e5fyllning:<\/span><\/strong><span lang=\"en-US\"> V\u00e5ra geler inneh\u00e5ller snabbverkande kolhydrater som snabbt tas upp av kroppen f\u00f6r att s\u00e4kerst\u00e4lla en snabb \u00f6kning av energiniv\u00e5erna under intensiv fysisk aktivitet.<\/span><\/li>\n<li><strong><span lang=\"en-US\">Elektrolytbalans:<\/span><\/strong><span lang=\"en-US\"> F\u00f6rutom kolhydrater inneh\u00e5ller v\u00e5ra geler ocks\u00e5 viktiga elektrolyter som natrium, kalium och magnesium, som hj\u00e4lper till att uppr\u00e4tth\u00e5lla kroppens v\u00e4tske- och elektrolytbalans, vilket minskar risken f\u00f6r uttorkning och muskelkramper.<\/span><\/li>\n<li><strong><span lang=\"en-US\">Enkel att anv\u00e4nda:<\/span><\/strong><span lang=\"en-US\"> Den praktiska f\u00f6rpackningen g\u00f6r v\u00e5ra geler l\u00e4tta att ta med sig och konsumera under tr\u00e4ning eller t\u00e4vling, utan att beh\u00f6va avbryta aktiviteten.<\/span><\/li>\n<li><strong><span lang=\"en-US\">Snabb absorption: <\/span><\/strong><span lang=\"en-US\">V\u00e5r gelformulering \u00e4r utformad f\u00f6r att s\u00e4kerst\u00e4lla snabb och effektiv absorption, vilket g\u00f6r att idrottaren omedelbart kan dra nytta av de energigivande och \u00e5terfuktande effekterna.<\/span><\/li>\n<li><strong><span lang=\"en-US\">Anpassningsf\u00f6rm\u00e5ga till olika aktiviteter:<\/span><\/strong><span lang=\"en-US\"> V\u00e5ra geler \u00e4r idealiska f\u00f6r ett brett utbud av sporter och uth\u00e5llighetsaktiviteter och ger ett tillf\u00f6rlitligt och konsekvent st\u00f6d f\u00f6r idrottare p\u00e5 alla niv\u00e5er.<\/span><\/li>\n<\/ul>\n<p>&nbsp;<\/p>\n<p><strong><span lang=\"en-US\">Rekommenderad anv\u00e4ndning<\/span><\/strong><\/p>\n<p><span lang=\"en-US\">1-2 timmar f\u00f6re eller under tr\u00e4ningspasset.<\/span><\/p>\n<p><strong>Meddelande:<\/strong><\/p>\n<ul>\n<li>Endast f\u00f6r vuxna och ers\u00e4tter inte en varierad och balanserad kost och en h\u00e4lsosam livsstil.<\/li>\n<li>\u00d6verskrid inte den rekommenderade dosen.<\/li>\n<li>Anv\u00e4nd inte produkten under amning eller graviditet utan att r\u00e5dg\u00f6ra med l\u00e4kare.<\/li>\n<li>F\u00f6rvara produkten p\u00e5 en sval, torr plats i en v\u00e4l tillsluten f\u00f6rpackning.<\/li>\n<li>Laktosfri och Glutenfri.<\/li>\n<\/ul>","protected":false},"excerpt":{"rendered":"<details>\n<summary>N\u00e4ringsv\u00e4rde<\/summary>\n<table style=\"text-align: center;\">\n<tbody>\n<tr>\n<th>N\u00e4ringsv\u00e4rde<\/th>\n<th>100ML<\/th>\n<th>30ML<\/th>\n<\/tr>\n<tr>\n<td>Energi<\/td>\n<td>1037kj<br \/>\n244 kcal<\/td>\n<td>311kj<br \/>\n73 kcal<\/td>\n<\/tr>\n<tr>\n<td>Fetter<\/td>\n<td>0g<\/td>\n<td>0,00g<\/td>\n<\/tr>\n<tr>\n<td>varav f\u00f6rmultnade<\/td>\n<td>0g<\/td>\n<td>0,00g<\/td>\n<\/tr>\n<tr>\n<td>Kolhydrater<\/td>\n<td>61,6g<\/td>\n<td>18,3<\/td>\n<\/tr>\n<tr>\n<td>av vilka sockerarter<\/td>\n<td>44,2g<\/td>\n<td>13,3g<\/td>\n<\/tr>\n<tr>\n<td>Protein<\/td>\n<td>0g<\/td>\n<td>0g<\/td>\n<\/tr>\n<tr>\n<td>Salt<\/td>\n<td>0,09g<\/td>\n<td>0,03g<\/td>\n<\/tr>\n<tr>\n<td>Kostfibrer<\/td>\n<td>0g<\/td>\n<td>0g<\/td>\n<\/tr>\n<tr>\n<td>Magnesium<\/td>\n<td>333 mg<\/td>\n<td>110 mg<\/td>\n<\/tr>\n<tr>\n<td>Kalium<\/td>\n<td>500 mg<\/td>\n<td>150 mg<\/td>\n<\/tr>\n<tr>\n<td>D-Ribos<\/td>\n<td>910 mg<\/td>\n<td>273 mg<\/td>\n<\/tr>\n<tr>\n<td colspan=\"3\"><strong>\u00d6vriga ingredienser: <\/strong>vatten, maltodextrin DE19, dextros, isomaltulos, fruktos, magnesiumcitrat, kaliumglukonat, ribos, konserveringsmedel: kaliumsorbat; smak\u00e4mnen, surhetsreglerande medel: citronsyra; f\u00f6rtjockningsmedel: xanthan<\/td>\n<\/tr>\n<\/tbody>\n<\/table>\n<\/details>\n<p>&nbsp;<\/p>","protected":false},"featured_media":3098,"template":"","meta":[],"product_cat":[310,217],"product_tag":[315,230],"class_list":{"0":"post-3097","1":"product","2":"type-product","3":"status-publish","4":"has-post-thumbnail","6":"product_cat-performance-and-endurance","7":"product_cat-pre-workout-energy","8":"product_tag-performance-and-endurance","9":"product_tag-pre-workout-energy","11":"first","12":"instock","13":"taxable","14":"shipping-taxable","15":"purchasable","16":"product-type-simple"},"aioseo_notices":[],"_links":{"self":[{"href":"https:\/\/www.selfprotein.com\/sv\/wp-json\/wp\/v2\/product\/3097"}],"collection":[{"href":"https:\/\/www.selfprotein.com\/sv\/wp-json\/wp\/v2\/product"}],"about":[{"href":"https:\/\/www.selfprotein.com\/sv\/wp-json\/wp\/v2\/types\/product"}],"wp:featuredmedia":[{"embeddable":true,"href":"https:\/\/www.selfprotein.com\/sv\/wp-json\/wp\/v2\/media\/3098"}],"wp:attachment":[{"href":"https:\/\/www.selfprotein.com\/sv\/wp-json\/wp\/v2\/media?parent=3097"}],"wp:term":[{"taxonomy":"product_cat","embeddable":true,"href":"https:\/\/www.selfprotein.com\/sv\/wp-json\/wp\/v2\/product_cat?post=3097"},{"taxonomy":"product_tag","embeddable":true,"href":"https:\/\/www.selfprotein.com\/sv\/wp-json\/wp\/v2\/product_tag?post=3097"}],"curies":[{"name":"wp","href":"https:\/\/api.w.org\/{rel}","templated":true}]}}