{"id":3100,"date":"2024-10-26T11:18:44","date_gmt":"2024-10-26T09:18:44","guid":{"rendered":"https:\/\/34.88.231.180\/?post_type=product&#038;p=3100"},"modified":"2026-05-01T00:24:10","modified_gmt":"2026-04-30T22:24:10","slug":"carbo-energy-gel","status":"publish","type":"product","link":"https:\/\/www.selfprotein.com\/sv\/produkt\/carbo-energy-gel\/","title":{"rendered":"Carbo Energy Gel"},"content":{"rendered":"<p style=\"text-align: left;\" align=\"center\"><strong><span lang=\"en-US\">Carbo Energy Gel<\/span><\/strong><\/p>\n<p><span lang=\"en-US\">Carbo Energy Gel presenteras som en innovativ sportn\u00e4ringsl\u00f6sning som \u00e4r utformad f\u00f6r att ge en snabb k\u00e4lla till kolhydrater och elektrolyter under fysisk tr\u00e4ning. Dessa geler \u00e4r idealiska f\u00f6r idrottare som \u00e4gnar sig \u00e5t uth\u00e5llighetsaktiviteter som l\u00f6pning, cykling och triathlon, och erbjuder viktigt st\u00f6d f\u00f6r att uppr\u00e4tth\u00e5lla h\u00f6ga energiniv\u00e5er och optimal prestanda.<\/span><\/p>\n<p><span lang=\"en-US\">Med Carbo Energy Gel kan idrottare lita p\u00e5 en p\u00e5litlig k\u00e4lla till elektrolytisk energi f\u00f6r att maximera sin prestation och uppn\u00e5 sina uth\u00e5llighetsm\u00e5l med sj\u00e4lvf\u00f6rtroende och beslutsamhet.<\/span><\/p>\n<p><span lang=\"en-US\">F\u00f6rdelar med Carbo Energy Gel:<\/span><\/p>\n<ul>\n<li><strong><span lang=\"en-US\">Snabb k\u00e4lla till kolhydrater och elektrolyter:<\/span><\/strong><span lang=\"en-US\"> Carbo Energy Gel ger en koncentrerad l\u00f6sning av l\u00e4ttsm\u00e4lta och absorberade kolhydrater, tillsammans med de elektrolyter som beh\u00f6vs f\u00f6r att uppr\u00e4tth\u00e5lla v\u00e4tskebalansen i kroppen under intensiv fysisk aktivitet.<\/span><\/li>\n<li><strong><span lang=\"en-US\">P\u00e5fyllning av glykogenreserver:<\/span><\/strong><span lang=\"en-US\"> Att \u00e4ta kolhydratgeler under tr\u00e4ning hj\u00e4lper till att fylla p\u00e5 glykogenreserverna i musklerna, vilket f\u00f6rdr\u00f6jer tr\u00f6tthet och f\u00f6rb\u00e4ttrar den l\u00e5ngsiktiga uth\u00e5llighetsprestationen.<\/span><\/li>\n<li><strong><span lang=\"en-US\">Bibeh\u00e5llen blodsockerniv\u00e5:<\/span><\/strong><span lang=\"en-US\"> Kolhydraterna i gelen hj\u00e4lper till att uppr\u00e4tth\u00e5lla stabila blodsockerniv\u00e5er, vilket f\u00f6rhindrar hypoglykemi och s\u00e4kerst\u00e4ller en konstant energif\u00f6rs\u00f6rjning till musklerna och hj\u00e4rnan.<\/span><\/li>\n<li><strong><span lang=\"en-US\">F\u00f6rebyggande av tr\u00f6tthet:<\/span><\/strong><span lang=\"en-US\"> Tack vare sitt snabba upptag och f\u00f6rm\u00e5ga att ge omedelbar energi hj\u00e4lper Carbo Energy Gel till att f\u00f6rhindra muskel- och mental tr\u00f6tthet under tr\u00e4ning, vilket g\u00f6r att idrottare kan uppr\u00e4tth\u00e5lla h\u00f6g prestanda till slutet av aktiviteten.<\/span><\/li>\n<li><strong><span lang=\"en-US\">Anv\u00e4ndarv\u00e4nlighet och portabilitet:<\/span><\/strong><span lang=\"en-US\"> Carbo Energy gels \u00e4r f\u00f6rpackade i praktiska portionsf\u00f6rpackningar som \u00e4r l\u00e4tta att ta med sig och konsumera under tr\u00e4ning eller t\u00e4vling, vilket \u00e4r ett bekv\u00e4mt alternativ f\u00f6r att tillgodose n\u00e4ringsbehoven hos idrottare p\u00e5 spr\u00e5ng.<\/span><\/li>\n<\/ul>\n<p>&nbsp;<\/p>\n<p><strong><span lang=\"en-US\">Rekommenderad anv\u00e4ndning<\/span><\/strong><\/p>\n<p><span lang=\"en-US\">1-2 timmar f\u00f6re eller under tr\u00e4ningspasset.<\/span><\/p>\n<p><strong>Meddelande:<\/strong><\/p>\n<ul>\n<li>Endast f\u00f6r vuxna och ers\u00e4tter inte en varierad och balanserad kost och en h\u00e4lsosam livsstil.<\/li>\n<li>\u00d6verskrid inte den rekommenderade dosen.<\/li>\n<li>Anv\u00e4nd inte produkten under amning eller graviditet utan att r\u00e5dg\u00f6ra med l\u00e4kare.<\/li>\n<li>F\u00f6rvara produkten p\u00e5 en sval, torr plats i en v\u00e4l tillsluten f\u00f6rpackning.<\/li>\n<li>Laktosfri och Glutenfri.<\/li>\n<\/ul>","protected":false},"excerpt":{"rendered":"<details>\n<summary>N\u00e4ringsv\u00e4rde<\/summary>\n<table style=\"text-align: center;\">\n<tbody>\n<tr>\n<th>N\u00e4ringsv\u00e4rde<\/th>\n<th>100ML<\/th>\n<th>50ML<\/th>\n<\/tr>\n<tr>\n<td>Energi<\/td>\n<td>728kj<br \/>\n172 kcal<\/td>\n<td>364kj<br \/>\n86 kcal<\/td>\n<\/tr>\n<tr>\n<td>Fetter<\/td>\n<td>0g<\/td>\n<td>0,00g<\/td>\n<\/tr>\n<tr>\n<td>varav f\u00f6rmultnade<\/td>\n<td>0g<\/td>\n<td>0,00g<\/td>\n<\/tr>\n<tr>\n<td>Kolhydrater<\/td>\n<td>42,8g<\/td>\n<td>21,4<\/td>\n<\/tr>\n<tr>\n<td>av vilka sockerarter<\/td>\n<td>19,8g<\/td>\n<td>9,9g<\/td>\n<\/tr>\n<tr>\n<td>Protein<\/td>\n<td>0g<\/td>\n<td>0g<\/td>\n<\/tr>\n<tr>\n<td>Salt<\/td>\n<td>0,14g<\/td>\n<td>0,07g<\/td>\n<\/tr>\n<tr>\n<td>Caffeine<\/td>\n<td>300 mg<\/td>\n<td>150 mg<\/td>\n<\/tr>\n<tr>\n<td colspan=\"3\"><strong>\u00d6vriga ingredienser: <\/strong>vatten, maltodextrin DE19, fruktos, surhetsreglerande medel: citronsyra; koffein, f\u00f6rtjockningsmedel: xanthan; natriumbikarbonat, konserveringsmedel: kaliumsorbat; smak\u00e4mnen, s\u00f6tningsmedel: sukralos<\/td>\n<\/tr>\n<\/tbody>\n<\/table>\n<\/details>\n<p>&nbsp;<\/p>","protected":false},"featured_media":3170,"template":"","meta":[],"product_cat":[310,217],"product_tag":[315,230],"class_list":{"0":"post-3100","1":"product","2":"type-product","3":"status-publish","4":"has-post-thumbnail","6":"product_cat-performance-and-endurance","7":"product_cat-pre-workout-energy","8":"product_tag-performance-and-endurance","9":"product_tag-pre-workout-energy","11":"first","12":"instock","13":"taxable","14":"shipping-taxable","15":"purchasable","16":"product-type-simple"},"aioseo_notices":[],"_links":{"self":[{"href":"https:\/\/www.selfprotein.com\/sv\/wp-json\/wp\/v2\/product\/3100"}],"collection":[{"href":"https:\/\/www.selfprotein.com\/sv\/wp-json\/wp\/v2\/product"}],"about":[{"href":"https:\/\/www.selfprotein.com\/sv\/wp-json\/wp\/v2\/types\/product"}],"wp:featuredmedia":[{"embeddable":true,"href":"https:\/\/www.selfprotein.com\/sv\/wp-json\/wp\/v2\/media\/3170"}],"wp:attachment":[{"href":"https:\/\/www.selfprotein.com\/sv\/wp-json\/wp\/v2\/media?parent=3100"}],"wp:term":[{"taxonomy":"product_cat","embeddable":true,"href":"https:\/\/www.selfprotein.com\/sv\/wp-json\/wp\/v2\/product_cat?post=3100"},{"taxonomy":"product_tag","embeddable":true,"href":"https:\/\/www.selfprotein.com\/sv\/wp-json\/wp\/v2\/product_tag?post=3100"}],"curies":[{"name":"wp","href":"https:\/\/api.w.org\/{rel}","templated":true}]}}