{"id":3136,"date":"2024-10-26T11:18:45","date_gmt":"2024-10-26T09:18:45","guid":{"rendered":"https:\/\/34.88.231.180\/?post_type=product&#038;p=3136"},"modified":"2026-05-01T00:24:17","modified_gmt":"2026-04-30T22:24:17","slug":"proti-break","status":"publish","type":"product","link":"https:\/\/www.selfprotein.com\/sv\/produkt\/proti-break\/","title":{"rendered":"Proti Break"},"content":{"rendered":"<p style=\"text-align: left;\" align=\"center\"><span lang=\"en-US\"><strong>Proti Break<\/strong> <\/span><\/p>\n<p><span lang=\"en-US\">Proti Break \u00e4r en proteinbar formulerad f\u00f6r att ge en k\u00e4lla till h\u00f6gkvalitativt protein med reducerat sockerinneh\u00e5ll. Detta n\u00e4ringsrika mellanm\u00e5l \u00e4r utformat f\u00f6r att tillgodose behoven hos dem som vill \u00f6ka proteinintaget i sin kost, till exempel idrottare eller de som f\u00f6ljer specifika kostregimer.<\/span><\/p>\n<p><span lang=\"en-US\">F\u00f6rdelar med Proti Break:<\/span><\/p>\n<ul>\n<li><strong><span lang=\"en-US\">H\u00f6gt proteininneh\u00e5ll:<\/span><\/strong><span lang=\"en-US\"> Proti Break bars erbjuder en gener\u00f6s m\u00e4ngd h\u00f6gkvalitativt protein, perfekt f\u00f6r att st\u00f6dja muskeltillv\u00e4xt och \u00e5terh\u00e4mtning samt f\u00f6r att bibeh\u00e5lla m\u00e4ttnadsk\u00e4nslan.<\/span><\/li>\n<li><strong><span lang=\"en-US\">L\u00e5g sockerhalt:<\/span><\/strong><span lang=\"en-US\"> Med reducerat sockerinneh\u00e5ll \u00e4r Proti Break bars ett perfekt val f\u00f6r dem som vill begr\u00e4nsa sockerintaget i sin kost, utan att g\u00f6ra avkall p\u00e5 smak eller mellanm\u00e5lstillfredsst\u00e4llelse.<\/span><\/li>\n<li><strong><span lang=\"en-US\">Bekv\u00e4mlighet:<\/span><\/strong><span lang=\"en-US\"> Proti Break \u00e4r ett bekv\u00e4mt alternativ f\u00f6r dem som \u00e4r p\u00e5 spr\u00e5ng och beh\u00f6ver ett n\u00e4ringsrikt och snabbt mellanm\u00e5l att \u00e4ta var som helst och n\u00e4r som helst.<\/span><\/li>\n<li><strong><span lang=\"en-US\">Olika alternativ:<\/span><\/strong><span lang=\"en-US\"> Med en m\u00e4ngd olika smaker finns det en Proti Break-bar som passar alla smaker, vilket g\u00f6r det l\u00e4ttare att integrera h\u00f6gkvalitativt protein i den dagliga kosten.<\/span><\/li>\n<\/ul>\n<p><\/p>\n<p><strong><span lang=\"en-US\">Rekommenderad anv\u00e4ndning<\/span><\/strong><\/p>\n<p><span lang=\"en-US\">1-2 bars per dag vid behov.<\/span><\/p>\n<p><strong>Meddelande:<\/strong><\/p>\n<ul>\n<li>Kan inneh\u00e5lla sp\u00e5r av mj\u00f6lk, havre, \u00e4gg, soja.<\/li>\n<li>\u00d6verdriven konsumtion kan ha laxerande effekter.<\/li>\n<\/ul>","protected":false},"excerpt":{"rendered":"<p>Proti Break Proti Break is a protein bar formulated to provide a source of high-quality protein with reduced sugar content. This nutritious snack is designed to meet the needs of those looking to increase protein intake in their diet, such as athletes, or those following specific dietary regimens. Benefits of Proti Break: High protein content: [&hellip;]<\/p>","protected":false},"featured_media":3165,"template":"","meta":[],"product_cat":[313,210],"product_tag":[316,223],"class_list":{"0":"post-3136","1":"product","2":"type-product","3":"status-publish","4":"has-post-thumbnail","6":"product_cat-protein-snacks-and-fit-food","7":"product_cat-snacks-meal-solutions","8":"product_tag-protein-snacks-fit-food","9":"product_tag-snacks-meal-solutions","11":"first","12":"instock","13":"taxable","14":"shipping-taxable","15":"purchasable","16":"product-type-variable","17":"has-default-attributes"},"aioseo_notices":[],"_links":{"self":[{"href":"https:\/\/www.selfprotein.com\/sv\/wp-json\/wp\/v2\/product\/3136"}],"collection":[{"href":"https:\/\/www.selfprotein.com\/sv\/wp-json\/wp\/v2\/product"}],"about":[{"href":"https:\/\/www.selfprotein.com\/sv\/wp-json\/wp\/v2\/types\/product"}],"wp:featuredmedia":[{"embeddable":true,"href":"https:\/\/www.selfprotein.com\/sv\/wp-json\/wp\/v2\/media\/3165"}],"wp:attachment":[{"href":"https:\/\/www.selfprotein.com\/sv\/wp-json\/wp\/v2\/media?parent=3136"}],"wp:term":[{"taxonomy":"product_cat","embeddable":true,"href":"https:\/\/www.selfprotein.com\/sv\/wp-json\/wp\/v2\/product_cat?post=3136"},{"taxonomy":"product_tag","embeddable":true,"href":"https:\/\/www.selfprotein.com\/sv\/wp-json\/wp\/v2\/product_tag?post=3136"}],"curies":[{"name":"wp","href":"https:\/\/api.w.org\/{rel}","templated":true}]}}