{"id":3195,"date":"2024-10-26T11:18:45","date_gmt":"2024-10-26T09:18:45","guid":{"rendered":"https:\/\/34.88.231.180\/?post_type=product&#038;p=3195"},"modified":"2026-04-01T00:00:41","modified_gmt":"2026-03-31T22:00:41","slug":"protein-bites","status":"publish","type":"product","link":"https:\/\/www.selfprotein.com\/sv\/produkt\/protein-bites\/","title":{"rendered":"Protein Bites"},"content":{"rendered":"<p><strong>Protein Bites<\/strong><\/p>\n<p>Protein Bites \u00e4r perfekta f\u00f6r att tillfredsst\u00e4lla mellanm\u00e5lssuget utan att kompromissa med n\u00e4ringsbalansen. Med en kombination av h\u00f6gkvalitativa ingredienser och en n\u00e4ringsm\u00e4ssigt balanserad profil \u00e4r detta mellanm\u00e5l ett utm\u00e4rkt val f\u00f6r dem som letar efter ett h\u00e4lsosamt och m\u00e4ttande mellanm\u00e5l.<\/p>\n<p><strong>Produktens f\u00f6rdelar:<\/strong><\/p>\n<ul>\n<li><strong>Reducerad kolhydrat:<\/strong> Detta mellanm\u00e5l \u00e4r tillverkat av tapioka och resistent st\u00e4rkelse, vetegluten, och har ett reducerat inneh\u00e5ll av kolhydrater, perfekt f\u00f6r dem som f\u00f6ljer en l\u00e5gkolhydratkost eller vill kontrollera sitt intag av kolhydrater.<\/li>\n<li><strong>Rik p\u00e5 fibrer:<\/strong> Med tillsats av resistent tapiokast\u00e4rkelse och vetekli berikas mellanm\u00e5let med fibrer, vilket fr\u00e4mjar b\u00e4ttre matsm\u00e4ltning och bidrar till tarmens v\u00e4lbefinnande.<\/li>\n<li><strong>Proteink\u00e4lla:<\/strong> Sojaproteiner ger ett betydande proteinbidrag som \u00e4r viktigt f\u00f6r tillv\u00e4xt och underh\u00e5ll av muskelmassa.<\/li>\n<li><strong>Extra jungfruolivolja:<\/strong> Extra jungfruolivolja inneh\u00e5ller enkelom\u00e4ttade fetter som \u00e4r h\u00e4lsosamma, fr\u00e4mjar hj\u00e4rt-k\u00e4rlh\u00e4lsan och bidrar till allm\u00e4nt v\u00e4lbefinnande.<\/li>\n<\/ul>\n<p>&nbsp;<\/p>\n<p><strong>Meddelande:<\/strong><\/p>\n<ul>\n<li>allergener: gluten, soja.<\/li>\n<li>korskontaminering: n\u00f6tter, sesamfr\u00f6n.<\/li>\n<\/ul>","protected":false},"excerpt":{"rendered":"<p>Protein Bites Protein Bites \u00e4r perfekta f\u00f6r att tillfredsst\u00e4lla mellanm\u00e5lssuget utan att kompromissa med n\u00e4ringsbalansen. Med en kombination av h\u00f6gkvalitativa ingredienser och en n\u00e4ringsm\u00e4ssigt balanserad profil \u00e4r detta mellanm\u00e5l ett utm\u00e4rkt val f\u00f6r dem som letar efter ett h\u00e4lsosamt och m\u00e4ttande mellanm\u00e5l. Produktens f\u00f6rdelar: Reducerat kolhydratinneh\u00e5ll: Detta mellanm\u00e5l \u00e4r tillverkat av tapioka och resistent st\u00e4rkelse, vetegluten [...]<\/p>","protected":false},"featured_media":8125,"template":"","meta":[],"product_cat":[313,210],"product_tag":[316,223],"class_list":{"0":"post-3195","1":"product","2":"type-product","3":"status-publish","4":"has-post-thumbnail","6":"product_cat-protein-snacks-and-fit-food","7":"product_cat-snacks-meal-solutions","8":"product_tag-protein-snacks-fit-food","9":"product_tag-snacks-meal-solutions","11":"first","12":"instock","13":"sale","14":"taxable","15":"shipping-taxable","16":"purchasable","17":"product-type-variable","18":"has-default-attributes"},"aioseo_notices":[],"_links":{"self":[{"href":"https:\/\/www.selfprotein.com\/sv\/wp-json\/wp\/v2\/product\/3195"}],"collection":[{"href":"https:\/\/www.selfprotein.com\/sv\/wp-json\/wp\/v2\/product"}],"about":[{"href":"https:\/\/www.selfprotein.com\/sv\/wp-json\/wp\/v2\/types\/product"}],"wp:featuredmedia":[{"embeddable":true,"href":"https:\/\/www.selfprotein.com\/sv\/wp-json\/wp\/v2\/media\/8125"}],"wp:attachment":[{"href":"https:\/\/www.selfprotein.com\/sv\/wp-json\/wp\/v2\/media?parent=3195"}],"wp:term":[{"taxonomy":"product_cat","embeddable":true,"href":"https:\/\/www.selfprotein.com\/sv\/wp-json\/wp\/v2\/product_cat?post=3195"},{"taxonomy":"product_tag","embeddable":true,"href":"https:\/\/www.selfprotein.com\/sv\/wp-json\/wp\/v2\/product_tag?post=3195"}],"curies":[{"name":"wp","href":"https:\/\/api.w.org\/{rel}","templated":true}]}}