{"id":3212,"date":"2024-02-28T15:23:56","date_gmt":"2024-02-28T14:23:56","guid":{"rendered":"https:\/\/34.88.231.180\/?post_type=product&#038;p=3212"},"modified":"2026-04-01T00:00:49","modified_gmt":"2026-03-31T22:00:49","slug":"100-micro-whey-active","status":"publish","type":"product","link":"https:\/\/www.selfprotein.com\/sv\/produkt\/100-micro-whey-active\/","title":{"rendered":"100% Micro Whey Active"},"content":{"rendered":"<p style=\"text-align: left\" align=\"center\"><strong><span lang=\"en-US\">100% Micro Whey Active<\/span><\/strong><\/p>\n<p><span lang=\"en-US\">Whey Protein Isolate (WPI) \u00e4r en v\u00e4rdefull allierad inom fitness och bodybuilding. Detta mj\u00f6lkproteinextrakt erh\u00e5lls genom en riktad filtreringsprocess och utm\u00e4rker sig f\u00f6r sin h\u00f6ga proteinkoncentration, vilket eliminerar de flesta kolhydrater och fetter. Detta g\u00f6r det till ett idealiskt alternativ f\u00f6r dem som s\u00f6ker h\u00f6gkvalitativt proteinst\u00f6d.<\/span><\/p>\n<p><span lang=\"en-US\">Whey Protein Isolate erbjuder en rad tydliga f\u00f6rdelar som g\u00f6r det till ett av de f\u00f6redragna alternativen i fitness- och kroppsbyggarv\u00e4rlden:<\/span><\/p>\n<ul>\n<li><strong><span lang=\"en-US\">H\u00f6g proteinkoncentration:<\/span><\/strong><span lang=\"en-US\"> Isoleringsprocessen minskar avsev\u00e4rt f\u00f6rekomsten av kolhydrater och fetter, vilket maximerar proteininneh\u00e5llet. Detta s\u00e4kerst\u00e4ller ett h\u00f6gt proteinintag, vilket \u00e4r viktigt f\u00f6r proteinsyntesen och muskeltillv\u00e4xten.<\/span><\/li>\n<li><strong><span lang=\"en-US\">Komplett aminosyraprofil<\/span><\/strong><span lang=\"en-US\"><strong>:<\/strong> Whey Protein Isolate inneh\u00e5ller alla essentiella aminosyror och f\u00f6rser kroppen med alla de n\u00e4rings\u00e4mnen som kr\u00e4vs f\u00f6r att bygga upp och bibeh\u00e5lla muskelv\u00e4vnad.<\/span><\/li>\n<li><strong><span lang=\"en-US\">Snabb absorption:<\/span><\/strong><span lang=\"en-US\"> P\u00e5 grund av sin mycket l\u00f6sliga natur absorberas WPI snabbt av kroppen. Denna egenskap g\u00f6r den idealisk f\u00f6r konsumtion f\u00f6re eller efter tr\u00e4ning, vilket hj\u00e4lper till att optimera \u00e5terh\u00e4mtnings- och muskeltillv\u00e4xtprocesserna.<\/span><\/li>\n<li><strong><span lang=\"en-US\">L\u00e4tt att sm\u00e4lta:<\/span><\/strong><span lang=\"en-US\"> Whey Protein Isolate tolereras i allm\u00e4nhet v\u00e4l av matsm\u00e4ltningssystemet, vilket minskar risken f\u00f6r gastrointestinala obehag. Detta g\u00f6r det l\u00e4mpligt \u00e4ven f\u00f6r dem som kan ha matk\u00e4nslighet eller intolerans.<\/span><\/li>\n<li><span lang=\"en-US\"><strong>M\u00e5ngsidighet i konsumtionen<\/strong>: <\/span><span lang=\"en-US\">Vassleproteinisolat finns i olika former, inklusive pulver att blanda med v\u00e4tskor eller drickf\u00e4rdiga kosttillskott, och ger flexibilitet i den dagliga kosth\u00e5llningen.<\/span><\/li>\n<li><strong><span lang=\"en-US\">Uppfyller proteinbehovet:<\/span><\/strong><span lang=\"en-US\"> Regelbundet intag av Whey Protein Isolate kan hj\u00e4lpa till att uppfylla det dagliga proteinbehovet, bidra till att bevara muskelmassan och st\u00f6dja tr\u00e4ningsinsatser.<\/span><\/li>\n<\/ul>\n<p>&nbsp;<\/p>\n<p><strong><span lang=\"en-US\">Rekommenderad anv\u00e4ndning<\/span><\/strong><\/p>\n<p><span lang=\"en-US\">1-3 portioner per dag beroende p\u00e5 individuella behov och med h\u00e4nsyn till andra proteink\u00e4llor i kosten.<\/span><\/p>\n<p><strong>Meddelande:<\/strong><\/p>\n<ul>\n<li>Endast f\u00f6r vuxna och ers\u00e4tter inte en varierad och balanserad kost och en h\u00e4lsosam livsstil.<\/li>\n<li>\u00d6verskrid inte den rekommenderade dosen.<\/li>\n<li>Anv\u00e4nd inte produkten under amning eller graviditet utan att r\u00e5dg\u00f6ra med l\u00e4kare.<\/li>\n<li>F\u00f6rvara produkten p\u00e5 en sval, torr plats i en v\u00e4l tillsluten f\u00f6rpackning utom r\u00e4ckh\u00e5ll f\u00f6r barn under 3 \u00e5r.<\/li>\n<li>Kan inneh\u00e5lla sp\u00e5r av havre, \u00e4gg och soja.<\/li>\n<li>Glutenfri.<\/li>\n<\/ul>","protected":false},"excerpt":{"rendered":"<p>100% Micro Whey Active Whey Protein Isolate (WPI) \u00e4r en v\u00e4rdefull allierad inom fitness och bodybuilding. Detta mj\u00f6lkproteinextrakt erh\u00e5lls genom en riktad filtreringsprocess och utm\u00e4rker sig f\u00f6r sin h\u00f6ga proteinkoncentration, vilket eliminerar de flesta kolhydrater och fetter. Detta g\u00f6r det till ett idealiskt alternativ f\u00f6r dem som s\u00f6ker h\u00f6gkvalitativt proteinst\u00f6d. Vassleprotein [...]<\/p>","protected":false},"featured_media":5673,"template":"","meta":[],"product_cat":[158,308],"product_tag":[18,318],"class_list":{"0":"post-3212","1":"product","2":"type-product","3":"status-publish","4":"has-post-thumbnail","6":"product_cat-proteins","7":"product_cat-strength-and-muscle-mass","8":"product_tag-proteins","9":"product_tag-strength-and-muscle-mass","11":"first","12":"instock","13":"taxable","14":"shipping-taxable","15":"purchasable","16":"product-type-variable"},"aioseo_notices":[],"_links":{"self":[{"href":"https:\/\/www.selfprotein.com\/sv\/wp-json\/wp\/v2\/product\/3212"}],"collection":[{"href":"https:\/\/www.selfprotein.com\/sv\/wp-json\/wp\/v2\/product"}],"about":[{"href":"https:\/\/www.selfprotein.com\/sv\/wp-json\/wp\/v2\/types\/product"}],"wp:featuredmedia":[{"embeddable":true,"href":"https:\/\/www.selfprotein.com\/sv\/wp-json\/wp\/v2\/media\/5673"}],"wp:attachment":[{"href":"https:\/\/www.selfprotein.com\/sv\/wp-json\/wp\/v2\/media?parent=3212"}],"wp:term":[{"taxonomy":"product_cat","embeddable":true,"href":"https:\/\/www.selfprotein.com\/sv\/wp-json\/wp\/v2\/product_cat?post=3212"},{"taxonomy":"product_tag","embeddable":true,"href":"https:\/\/www.selfprotein.com\/sv\/wp-json\/wp\/v2\/product_tag?post=3212"}],"curies":[{"name":"wp","href":"https:\/\/api.w.org\/{rel}","templated":true}]}}