{"id":322,"date":"2023-11-27T12:58:55","date_gmt":"2023-11-27T11:58:55","guid":{"rendered":"https:\/\/34.88.231.180\/product\/arginine-alpha-ketoglutarate-aakg\/"},"modified":"2026-04-01T00:00:07","modified_gmt":"2026-03-31T22:00:07","slug":"arginine-alpha-ketoglutarate-akg","status":"publish","type":"product","link":"https:\/\/www.selfprotein.com\/sv\/produkt\/arginine-alpha-ketoglutarate-akg\/","title":{"rendered":"Arginine Alpha Ketoglutarate (AKG)"},"content":{"rendered":"<p style=\"text-align: left;\" align=\"center\"><strong><span lang=\"en-US\">Arginin alfa-ketoglutarat<\/span><\/strong><\/p>\n<p><span lang=\"en-US\">Arginin Alpha-Ketoglutarate (AAKG) \u00e4r en f\u00f6rening som tillverkas av aminosyran arginin och alfa-ketoglutarat, en mellanprodukt i den metaboliska processen som kallas citronsyracykeln. AAKG marknadsf\u00f6rs ofta som ett kosttillskott inom bodybuilding- och fitnessindustrin och anses f\u00f6rb\u00e4ttra blodfl\u00f6det, \u00f6ka energiniv\u00e5erna och f\u00f6rb\u00e4ttra den atletiska prestationen.<\/span><\/p>\n<p><span lang=\"en-US\">F\u00f6rdelar med produkten:<\/span><\/p>\n<ul>\n<li><strong><span lang=\"en-US\">F\u00f6rb\u00e4ttrat blodfl\u00f6de:<\/span><\/strong><span lang=\"en-US\"> AAKG kan bidra till att f\u00f6rb\u00e4ttra blodfl\u00f6det genom att \u00f6ka produktionen av kv\u00e4veoxid, en molekyl som fr\u00e4mjar avslappning av blodk\u00e4rlen och f\u00f6rb\u00e4ttrar cirkulationen.<\/span><\/li>\n<li><strong><span lang=\"en-US\">\u00d6kade energiniv\u00e5er:<\/span><\/strong><span lang=\"en-US\"> Att l\u00e4gga till AAKG i kosten kan leda till \u00f6kade energiniv\u00e5er och d\u00e4rmed st\u00f6dja intensiva och l\u00e5ngvariga fysiska aktiviteter.<\/span><\/li>\n<li><strong><span lang=\"en-US\">F\u00f6rb\u00e4ttrad atletisk prestation:<\/span><\/strong><span lang=\"en-US\"> AAKG tros f\u00f6rb\u00e4ttra den atletiska prestationen genom att m\u00f6jligg\u00f6ra b\u00e4ttre vasodilatation och en st\u00f6rre tillf\u00f6rsel av n\u00e4rings\u00e4mnen och syre till musklerna under tr\u00e4ning.<\/span><\/li>\n<li><strong><span lang=\"en-US\">St\u00f6d f\u00f6r kroppsbyggnad:<\/span><\/strong><span lang=\"en-US\"> P\u00e5 grund av dess p\u00e5st\u00e5dda effekter p\u00e5 blodfl\u00f6de och energi anv\u00e4nds AAKG ofta i samband med kroppsbyggnad f\u00f6r att fr\u00e4mja muskeltillv\u00e4xt och f\u00f6rb\u00e4ttra \u00e5terh\u00e4mtningen efter intensiva tr\u00e4ningspass.<\/span><\/li>\n<\/ul>\n<p>&nbsp;<\/p>\n<p><strong><span lang=\"en-US\">Rekommenderad anv\u00e4ndning<\/span><\/strong><\/p>\n<p><span lang=\"en-US\">1 portion 30-45 minuter f\u00f6re fysisk aktivitet och 1 portion f\u00f6re s\u00e4ngg\u00e5endet.<\/span><\/p>\n<p><strong>Meddelande:<\/strong><\/p>\n<ul>\n<li>Endast f\u00f6r vuxna och ers\u00e4tter inte en varierad och balanserad kost och en h\u00e4lsosam livsstil.<\/li>\n<li>\u00d6verskrid inte den rekommenderade dosen.<\/li>\n<li>Anv\u00e4nd inte produkten under amning eller graviditet utan att r\u00e5dg\u00f6ra med l\u00e4kare.<\/li>\n<li>F\u00f6rvara produkten p\u00e5 en sval, torr plats i en v\u00e4l tillsluten f\u00f6rpackning utom r\u00e4ckh\u00e5ll f\u00f6r barn under 3 \u00e5r.<\/li>\n<li>Kan inneh\u00e5lla sp\u00e5r av havre, \u00e4gg, soja och mj\u00f6lk.<\/li>\n<li>Laktosfri och Glutenfri.<\/li>\n<\/ul>","protected":false},"excerpt":{"rendered":"<details>\n<summary>Ingredienser<\/summary>\n<table style=\"text-align: center;\">\n<tbody>\n<tr>\n<th>Ingredienser<\/th>\n<th>Per 3 flikar<\/th>\n<\/tr>\n<tr>\n<td>Arginin alfa-ketoglutarat<\/td>\n<td>3000 mg<\/td>\n<\/tr>\n<tr>\n<td colspan=\"2\"><strong>\u00d6vriga ingredienser: <\/strong>stabiliseringsmedel (E460, E470b, E551)<\/td>\n<\/tr>\n<\/tbody>\n<\/table>\n<\/details>\n<p>&nbsp;<\/p>","protected":false},"featured_media":323,"template":"","meta":[],"product_cat":[310,217],"product_tag":[315,230],"class_list":{"0":"post-322","1":"product","2":"type-product","3":"status-publish","4":"has-post-thumbnail","6":"product_cat-performance-and-endurance","7":"product_cat-pre-workout-energy","8":"product_tag-performance-and-endurance","9":"product_tag-pre-workout-energy","11":"first","12":"instock","13":"taxable","14":"shipping-taxable","15":"purchasable","16":"product-type-simple"},"aioseo_notices":[],"_links":{"self":[{"href":"https:\/\/www.selfprotein.com\/sv\/wp-json\/wp\/v2\/product\/322"}],"collection":[{"href":"https:\/\/www.selfprotein.com\/sv\/wp-json\/wp\/v2\/product"}],"about":[{"href":"https:\/\/www.selfprotein.com\/sv\/wp-json\/wp\/v2\/types\/product"}],"wp:featuredmedia":[{"embeddable":true,"href":"https:\/\/www.selfprotein.com\/sv\/wp-json\/wp\/v2\/media\/323"}],"wp:attachment":[{"href":"https:\/\/www.selfprotein.com\/sv\/wp-json\/wp\/v2\/media?parent=322"}],"wp:term":[{"taxonomy":"product_cat","embeddable":true,"href":"https:\/\/www.selfprotein.com\/sv\/wp-json\/wp\/v2\/product_cat?post=322"},{"taxonomy":"product_tag","embeddable":true,"href":"https:\/\/www.selfprotein.com\/sv\/wp-json\/wp\/v2\/product_tag?post=322"}],"curies":[{"name":"wp","href":"https:\/\/api.w.org\/{rel}","templated":true}]}}