{"id":325,"date":"2023-11-27T12:59:00","date_gmt":"2023-11-27T11:59:00","guid":{"rendered":"https:\/\/34.88.231.180\/product\/b-complex-vitamin-c-zinc\/"},"modified":"2026-05-01T00:23:41","modified_gmt":"2026-04-30T22:23:41","slug":"b-complex-vitamin-c-zinc","status":"publish","type":"product","link":"https:\/\/www.selfprotein.com\/sv\/produkt\/b-complex-vitamin-c-zinc\/","title":{"rendered":"B Complex Vitamin C + Zinc"},"content":{"rendered":"<p style=\"text-align: left;\" align=\"center\"><strong><span lang=\"en-US\">B-komplex C-vitamin + zink<\/span><\/strong><\/p>\n<p><span lang=\"en-US\">B-vitamin \u00e4r en grupp av \u00e5tta vattenl\u00f6sliga vitaminer som \u00e4r n\u00f6dv\u00e4ndiga f\u00f6r olika kroppsfunktioner, inklusive energimetabolism, nervsystemets funktion och cellul\u00e4r tillv\u00e4xt och utveckling.<\/span><\/p>\n<p><span lang=\"en-US\">Att s\u00e4kerst\u00e4lla ett tillr\u00e4ckligt intag av B-vitamin genom kost eller tillskott kan fr\u00e4mja energimetabolism, nervsystemets funktion och celltillv\u00e4xt och d\u00e4rmed bidra till allm\u00e4n h\u00e4lsa och v\u00e4lbefinnande.<\/span><\/p>\n<p><span lang=\"en-US\">H\u00e4r \u00e4r f\u00f6rdelarna med vitamin B:<\/span><\/p>\n<ul>\n<li><strong><span lang=\"en-US\">Tiamin (B1): <\/span><\/strong><span lang=\"en-US\">Hj\u00e4lper kroppen att omvandla mat till energi och spelar en roll f\u00f6r nerv-, muskel- och hj\u00e4rtfunktionen.<\/span><\/li>\n<li><strong><span lang=\"en-US\">Riboflavin (B2):<\/span><\/strong><span lang=\"en-US\"> Bidrar till omvandlingen av mat till energi och \u00e4r viktigt f\u00f6r h\u00e4lsan hos hud, \u00f6gon och nervsystem.<\/span><\/li>\n<li><strong><span lang=\"en-US\">Niacin (B3):<\/span><\/strong><span lang=\"en-US\"> Fr\u00e4mjar omvandlingen av mat till energi och fr\u00e4mjar hudens, matsm\u00e4ltningssystemets och nervsystemets h\u00e4lsa.<\/span><\/li>\n<li><strong><span lang=\"en-US\">Pantotensyra (B5):<\/span><\/strong><span lang=\"en-US\"> Viktigt f\u00f6r att omvandla mat till energi och avg\u00f6rande f\u00f6r hud-, h\u00e5r- och \u00f6gonh\u00e4lsa.<\/span><\/li>\n<li><strong><span lang=\"en-US\">Pyridoxin (B6):<\/span><\/strong><span lang=\"en-US\"> Hj\u00e4lper kroppen att producera signalsubstanser som serotonin och dopamin och st\u00f6der immunsystemets funktion.<\/span><\/li>\n<li><strong><span lang=\"en-US\">Biotin (B7):<\/span><\/strong><span lang=\"en-US\"> Bidrar till \u00e4mnesoms\u00e4ttningen och \u00e4r viktigt f\u00f6r h\u00e5r-, hud- och nagelh\u00e4lsan.<\/span><\/li>\n<li><strong><span lang=\"en-US\">Folsyra (B9):<\/span><\/strong><span lang=\"en-US\"> Viktigt f\u00f6r cellernas tillv\u00e4xt och utveckling, s\u00e4rskilt under graviditeten, och st\u00f6djer syntesen av DNA och r\u00f6da blodkroppar.<\/span><\/li>\n<li><strong><span lang=\"en-US\">Kobalamin (B12):<\/span><\/strong><span lang=\"en-US\"> Viktigt f\u00f6r nervsystemets h\u00e4lsa och produktionen av r\u00f6da blodkroppar.<\/span><\/li>\n<\/ul>\n<p>&nbsp;<\/p>\n<p><strong><span lang=\"en-US\">Rekommenderad anv\u00e4ndning<\/span><\/strong><\/p>\n<p><span lang=\"en-US\">Ta 1 kapsel dagligen.<\/span><\/p>\n<p><strong>Meddelande:<\/strong><\/p>\n<ul>\n<li>Endast f\u00f6r vuxna och ers\u00e4tter inte en varierad och balanserad kost och en h\u00e4lsosam livsstil.<\/li>\n<li>\u00d6verskrid inte den rekommenderade dosen.<\/li>\n<li>Anv\u00e4nd inte produkten under amning eller graviditet utan att r\u00e5dg\u00f6ra med l\u00e4kare.<\/li>\n<li>F\u00f6rvara produkten p\u00e5 en sval, torr plats i en v\u00e4l tillsluten f\u00f6rpackning utom r\u00e4ckh\u00e5ll f\u00f6r barn under 3 \u00e5r.<\/li>\n<li>Kan inneh\u00e5lla sp\u00e5r av \u00e4gg, soja, havre, mj\u00f6lk.<\/li>\n<li>Laktosfri och Glutenfri.<\/li>\n<\/ul>","protected":false},"excerpt":{"rendered":"<p>B Complex Vitamin C + Zink Vitamin B \u00e4r en grupp av \u00e5tta vattenl\u00f6sliga vitaminer som \u00e4r viktiga f\u00f6r olika kroppsfunktioner, inklusive energimetabolism, nervsystemets funktion och cellul\u00e4r tillv\u00e4xt och utveckling. Att s\u00e4kerst\u00e4lla ett tillr\u00e4ckligt intag av vitamin B genom kost eller tillskott kan fr\u00e4mja energimetabolism, nervsystemets funktion och celltillv\u00e4xt och d\u00e4rigenom bidra till [...].<\/p>","protected":false},"featured_media":13898,"template":"","meta":[],"product_cat":[312,214],"product_tag":[314,258],"class_list":{"0":"post-325","1":"product","2":"type-product","3":"status-publish","4":"has-post-thumbnail","6":"product_cat-health-and-wellness","7":"product_cat-vitamins-wellness","8":"product_tag-health-and-wellness","9":"product_tag-vitamins-wellness","11":"first","12":"instock","13":"sale","14":"taxable","15":"shipping-taxable","16":"purchasable","17":"product-type-variable"},"aioseo_notices":[],"_links":{"self":[{"href":"https:\/\/www.selfprotein.com\/sv\/wp-json\/wp\/v2\/product\/325"}],"collection":[{"href":"https:\/\/www.selfprotein.com\/sv\/wp-json\/wp\/v2\/product"}],"about":[{"href":"https:\/\/www.selfprotein.com\/sv\/wp-json\/wp\/v2\/types\/product"}],"wp:featuredmedia":[{"embeddable":true,"href":"https:\/\/www.selfprotein.com\/sv\/wp-json\/wp\/v2\/media\/13898"}],"wp:attachment":[{"href":"https:\/\/www.selfprotein.com\/sv\/wp-json\/wp\/v2\/media?parent=325"}],"wp:term":[{"taxonomy":"product_cat","embeddable":true,"href":"https:\/\/www.selfprotein.com\/sv\/wp-json\/wp\/v2\/product_cat?post=325"},{"taxonomy":"product_tag","embeddable":true,"href":"https:\/\/www.selfprotein.com\/sv\/wp-json\/wp\/v2\/product_tag?post=325"}],"curies":[{"name":"wp","href":"https:\/\/api.w.org\/{rel}","templated":true}]}}