{"id":3255,"date":"2024-10-26T11:18:45","date_gmt":"2024-10-26T09:18:45","guid":{"rendered":"https:\/\/34.88.231.180\/?post_type=product&#038;p=3255"},"modified":"2026-04-01T00:00:41","modified_gmt":"2026-03-31T22:00:41","slug":"proti-cream","status":"publish","type":"product","link":"https:\/\/www.selfprotein.com\/sv\/produkt\/proti-cream\/","title":{"rendered":"Proti Cream"},"content":{"rendered":"<p style=\"text-align: left;\" align=\"center\"><strong><span lang=\"en-US\">Proti Cream<\/span><\/strong><\/p>\n<p><span lang=\"en-US\">Proti Cream \u00e4r en uts\u00f6kt bredbar kr\u00e4m berikad med isolerat vassleprotein 20%. Perfekt f\u00f6r en n\u00e4ringsrik frukost eller som ett gott mellanm\u00e5l, denna kr\u00e4m \u00e4r glutenfri, vilket g\u00f6r den l\u00e4mplig f\u00f6r dem som f\u00f6ljer en specifik diet eller med s\u00e4rskilda kostbehov.<\/span><\/p>\n<p><span lang=\"en-US\">F\u00f6rdelar med Proti Cream:<\/span><\/p>\n<ul>\n<li><strong><span lang=\"en-US\">Fantastisk smak:<\/span><\/strong><span lang=\"en-US\"> Proti Cream erbjuder en oemotst\u00e5ndlig smak som g\u00f6r varje frukost eller mellanm\u00e5l till en stund av \u00e4kta njutning.<\/span><\/li>\n<li><strong><span lang=\"en-US\">Isolerat vassleprotein:<\/span><\/strong><span lang=\"en-US\"> Med 20% isolerat vassleprotein ger denna kr\u00e4m en viktig proteink\u00e4lla, idealisk f\u00f6r att st\u00f6dja muskelmassa och fr\u00e4mja en k\u00e4nsla av m\u00e4ttnad.<\/span><\/li>\n<li><strong><span lang=\"en-US\">Perfekt f\u00f6r frukost eller mellanm\u00e5l<\/span><\/strong><span lang=\"en-US\"><strong>:<\/strong> Tack vare sin m\u00e5ngsidighet kan Proti Cream konsumeras p\u00e5 morgonen f\u00f6r att starta dagen med energi eller som ett gott mellanm\u00e5l under dagen.<\/span><\/li>\n<li><strong><span lang=\"en-US\">Glutenfri<\/span><\/strong><span lang=\"en-US\"><strong>:<\/strong> Eftersom Proti Cream \u00e4r glutenfri \u00e4r den ocks\u00e5 l\u00e4mplig f\u00f6r dem som av h\u00e4lsosk\u00e4l eller andra sk\u00e4l f\u00f6ljer en glutenfri diet och erbjuder ett s\u00e4kert och v\u00e4lsmakande alternativ.<\/span><\/li>\n<\/ul>\n<p><span lang=\"en-US\">Proti Cream kombinerar oemotst\u00e5ndlig smak med bekv\u00e4mligheten och kvaliteten hos isolerat vassleprotein, vilket ger en bredbar kr\u00e4m som tillfredsst\u00e4ller b\u00e5de smak och n\u00e4ringsbehov.<\/span><\/p>\n<p><strong><span lang=\"en-US\">Rekommenderad anv\u00e4ndning<\/span><\/strong><\/p>\n<p><span lang=\"en-US\">Konsumera helst till frukost eller som mellanm\u00e5l.<\/span><\/p>\n<p><strong>Meddelande:<\/strong><\/p>\n<ul>\n<li>Kan inneh\u00e5lla sp\u00e5r av sojaprodukter, \u00e4gg och \u00e4ggprodukter.<\/li>\n<li>\u00d6verdriven konsumtion kan orsaka laxerande effekter.<\/li>\n<li>Glutenfri.<\/li>\n<\/ul>","protected":false},"excerpt":{"rendered":"<p>Proti Cream Proti Cream \u00e4r en uts\u00f6kt bredbar kr\u00e4m berikad med isolerat vassleprotein 20%. Perfekt f\u00f6r en n\u00e4ringsrik frukost eller som ett gott mellanm\u00e5l, denna kr\u00e4m \u00e4r glutenfri, vilket g\u00f6r den l\u00e4mplig f\u00f6r dem som f\u00f6ljer en specifik diet eller med s\u00e4rskilda kostbehov. F\u00f6rdelar med Proti Cream: Fantastisk smak: Proti Cream erbjuder en oemotst\u00e5ndlig smak [...]<\/p>","protected":false},"featured_media":3281,"template":"","meta":[],"product_cat":[313,210],"product_tag":[316,223],"class_list":{"0":"post-3255","1":"product","2":"type-product","3":"status-publish","4":"has-post-thumbnail","6":"product_cat-protein-snacks-and-fit-food","7":"product_cat-snacks-meal-solutions","8":"product_tag-protein-snacks-fit-food","9":"product_tag-snacks-meal-solutions","11":"first","12":"instock","13":"taxable","14":"shipping-taxable","15":"purchasable","16":"product-type-variable"},"aioseo_notices":[],"_links":{"self":[{"href":"https:\/\/www.selfprotein.com\/sv\/wp-json\/wp\/v2\/product\/3255"}],"collection":[{"href":"https:\/\/www.selfprotein.com\/sv\/wp-json\/wp\/v2\/product"}],"about":[{"href":"https:\/\/www.selfprotein.com\/sv\/wp-json\/wp\/v2\/types\/product"}],"wp:featuredmedia":[{"embeddable":true,"href":"https:\/\/www.selfprotein.com\/sv\/wp-json\/wp\/v2\/media\/3281"}],"wp:attachment":[{"href":"https:\/\/www.selfprotein.com\/sv\/wp-json\/wp\/v2\/media?parent=3255"}],"wp:term":[{"taxonomy":"product_cat","embeddable":true,"href":"https:\/\/www.selfprotein.com\/sv\/wp-json\/wp\/v2\/product_cat?post=3255"},{"taxonomy":"product_tag","embeddable":true,"href":"https:\/\/www.selfprotein.com\/sv\/wp-json\/wp\/v2\/product_tag?post=3255"}],"curies":[{"name":"wp","href":"https:\/\/api.w.org\/{rel}","templated":true}]}}