{"id":3293,"date":"2024-10-26T11:18:46","date_gmt":"2024-10-26T09:18:46","guid":{"rendered":"https:\/\/34.88.231.180\/?post_type=product&#038;p=3293"},"modified":"2026-04-01T00:00:39","modified_gmt":"2026-03-31T22:00:39","slug":"peanut-butter-smooth","status":"publish","type":"product","link":"https:\/\/www.selfprotein.com\/sv\/produkt\/peanut-butter-smooth\/","title":{"rendered":"Peanut Butter Smooth"},"content":{"rendered":"<p style=\"text-align: left;\" align=\"center\"><strong><span lang=\"en-US\">Peanut Butter Smooth<\/span><\/strong><\/p>\n<p><span lang=\"en-US\">Jordn\u00f6tssm\u00f6r \u00e4r en v\u00e4lsmakande bredbar kr\u00e4m som framst\u00e4lls genom att mala jordn\u00f6tter och som \u00e4r mycket popul\u00e4r \u00f6ver hela v\u00e4rlden. F\u00f6rutom att jordn\u00f6tssm\u00f6r anv\u00e4nds som sm\u00f6rg\u00e5sp\u00e5l\u00e4gg och som dipp till frukt och gr\u00f6nsaker \u00e4r det ett n\u00e4ringsrikt och m\u00e5ngsidigt tillskott till alla dieter.<\/span><\/p>\n<p><span lang=\"en-US\">F\u00f6rdelar med jordn\u00f6tssm\u00f6r:<\/span><\/p>\n<ul>\n<li><strong><span lang=\"en-US\">Rik p\u00e5 protein:<\/span><\/strong><span lang=\"en-US\"> Tack vare sitt h\u00f6ga proteininneh\u00e5ll ger jordn\u00f6tssm\u00f6r ett utm\u00e4rkt bidrag till det dagliga proteinintaget, vilket \u00e4r viktigt f\u00f6r muskeltillv\u00e4xt och underh\u00e5ll.<\/span><\/li>\n<li><strong><span lang=\"en-US\">K\u00e4lla till nyttiga fetter:<\/span><\/strong><span lang=\"en-US\"> Fetterna i jordn\u00f6tssm\u00f6r \u00e4r fr\u00e4mst om\u00e4ttade, k\u00e4nda f\u00f6r sina f\u00f6rdelar f\u00f6r kardiovaskul\u00e4r h\u00e4lsa. Dessa h\u00e4lsosamma fetter kan bidra till att minska risken f\u00f6r hj\u00e4rtsjukdomar n\u00e4r de konsumeras med m\u00e5tta.<\/span><\/li>\n<li><strong><span lang=\"en-US\">Rik p\u00e5 fibrer:<\/span><\/strong><span lang=\"en-US\"> Jordn\u00f6tter \u00e4r naturligt fiberrika, och jordn\u00f6tssm\u00f6r beh\u00e5ller denna egenskap. Fibrer \u00e4r viktiga f\u00f6r matsm\u00e4ltningsh\u00e4lsan och kan hj\u00e4lpa till att reglera blodsockerniv\u00e5n och fr\u00e4mja en k\u00e4nsla av m\u00e4ttnad.<\/span><\/li>\n<li><strong><span lang=\"en-US\">M\u00e5ngsidighet i matlagningen:<\/span><\/strong><span lang=\"en-US\"> Jordn\u00f6tssm\u00f6r \u00e4r en otroligt m\u00e5ngsidig ingrediens i matlagningen och kan anv\u00e4ndas i en m\u00e4ngd olika s\u00f6ta och salta r\u00e4tter. Fr\u00e5n s\u00f6tsaker som kakor och t\u00e5rtor till salta r\u00e4tter som s\u00e5ser och nudeldressingar, de kulinariska m\u00f6jligheterna \u00e4r o\u00e4ndliga.<\/span><\/li>\n<li><strong><span lang=\"en-US\">K\u00e4lla till viktiga n\u00e4rings\u00e4mnen:<\/span><\/strong><span lang=\"en-US\"> F\u00f6rutom proteiner, h\u00e4lsosamma fetter och fibrer inneh\u00e5ller jordn\u00f6tssm\u00f6r ocks\u00e5 en m\u00e4ngd andra viktiga n\u00e4rings\u00e4mnen, inklusive B-vitaminer, vitamin E, magnesium, zink och kalium, som bidrar till att st\u00f6dja den allm\u00e4nna h\u00e4lsan.<\/span><\/li>\n<\/ul>\n<p>&nbsp;<\/p>\n<p><strong>Meddelande:<\/strong><\/p>\n<ul>\n<li>Inneh\u00e5ller allergener: n\u00f6tter.<\/li>\n<li>Glutenfri.<\/li>\n<\/ul>","protected":false},"excerpt":{"rendered":"<details>\n<summary>N\u00e4ringsv\u00e4rde<\/summary>\n<table style=\"text-align: center;\">\n<tbody>\n<tr>\n<th>N\u00e4ringsv\u00e4rde<\/th>\n<th>Per 100 g<\/th>\n<th>Per portion 25 g<\/th>\n<\/tr>\n<tr>\n<td>Energi<\/td>\n<td>2569kj\/620kcal<\/td>\n<td>642kj\/155kcal<\/td>\n<\/tr>\n<tr>\n<td>Fetter<\/td>\n<td>50g<\/td>\n<td>12,5g<\/td>\n<\/tr>\n<tr>\n<td>varav m\u00e4ttad<\/td>\n<td>7,4g<\/td>\n<td>1,8g<\/td>\n<\/tr>\n<tr>\n<td>Kolhydrater<\/td>\n<td>9g<\/td>\n<td>2,2g<\/td>\n<\/tr>\n<tr>\n<td>varav sockerarter*<\/td>\n<td>5,7g<\/td>\n<td>1,4g<\/td>\n<\/tr>\n<tr>\n<td>Protein<\/td>\n<td>30g<\/td>\n<td>7,5g<\/td>\n<\/tr>\n<tr>\n<td>Fibrer<\/td>\n<td>7g<\/td>\n<td>1,75g<\/td>\n<\/tr>\n<tr>\n<td>Salt<\/td>\n<td>0,30g<\/td>\n<td>0,075g<\/td>\n<\/tr>\n<tr>\n<td colspan=\"3\">*Naturligt f\u00f6rekommande sockerarter<\/td>\n<\/tr>\n<\/tbody>\n<\/table>\n<\/details>\n<p>&nbsp;<\/p>\n<details>\n<summary>Ingredienser<\/summary>\n<table style=\"text-align: center;\">\n<tbody>\n<tr>\n<td><strong>Ingredienser: <\/strong>100% rostade jordn\u00f6tter<\/td>\n<\/tr>\n<\/tbody>\n<\/table>\n<\/details>\n<p>&nbsp;<\/p>","protected":false},"featured_media":3279,"template":"","meta":[],"product_cat":[313,210],"product_tag":[316,223],"class_list":{"0":"post-3293","1":"product","2":"type-product","3":"status-publish","4":"has-post-thumbnail","6":"product_cat-protein-snacks-and-fit-food","7":"product_cat-snacks-meal-solutions","8":"product_tag-protein-snacks-fit-food","9":"product_tag-snacks-meal-solutions","11":"first","12":"instock","13":"taxable","14":"shipping-taxable","15":"purchasable","16":"product-type-simple"},"aioseo_notices":[],"_links":{"self":[{"href":"https:\/\/www.selfprotein.com\/sv\/wp-json\/wp\/v2\/product\/3293"}],"collection":[{"href":"https:\/\/www.selfprotein.com\/sv\/wp-json\/wp\/v2\/product"}],"about":[{"href":"https:\/\/www.selfprotein.com\/sv\/wp-json\/wp\/v2\/types\/product"}],"wp:featuredmedia":[{"embeddable":true,"href":"https:\/\/www.selfprotein.com\/sv\/wp-json\/wp\/v2\/media\/3279"}],"wp:attachment":[{"href":"https:\/\/www.selfprotein.com\/sv\/wp-json\/wp\/v2\/media?parent=3293"}],"wp:term":[{"taxonomy":"product_cat","embeddable":true,"href":"https:\/\/www.selfprotein.com\/sv\/wp-json\/wp\/v2\/product_cat?post=3293"},{"taxonomy":"product_tag","embeddable":true,"href":"https:\/\/www.selfprotein.com\/sv\/wp-json\/wp\/v2\/product_tag?post=3293"}],"curies":[{"name":"wp","href":"https:\/\/api.w.org\/{rel}","templated":true}]}}