{"id":3294,"date":"2024-02-29T10:13:27","date_gmt":"2024-02-29T09:13:27","guid":{"rendered":"https:\/\/34.88.231.180\/?post_type=product&#038;p=3294"},"modified":"2026-05-04T09:29:54","modified_gmt":"2026-05-04T07:29:54","slug":"bcaa-811-2","status":"publish","type":"product","link":"https:\/\/www.selfprotein.com\/sv\/produkt\/bcaa-811-2\/","title":{"rendered":"BCAA 8:1:1"},"content":{"rendered":"<p style=\"text-align: left;\" align=\"center\"><strong><span lang=\"en-US\">BCAA 8:1:1<\/span><\/strong><\/p>\n<p><span lang=\"en-US\">BCAA, eller grenade aminosyror, utg\u00f6r en essentiell grupp som best\u00e5r av leucin, isoleucin och valin, med f\u00f6rh\u00e5llandet 8:1:1.<\/span><\/p>\n<p><span lang=\"en-US\">BCAA utg\u00f6r ungef\u00e4r en tredjedel av muskelproteinerna i m\u00e4nniskokroppen och spelar en avg\u00f6rande roll f\u00f6r muskeltillv\u00e4xt och muskelreparation. BCAA-tillskott anv\u00e4nds ofta av idrottare och fitnessentusiaster f\u00f6r att f\u00f6rb\u00e4ttra prestationen och fr\u00e4mja \u00e5terh\u00e4mtningen efter tr\u00e4ningen.<\/span><\/p>\n<p><span lang=\"en-US\">F\u00f6rdelar med BCAA 8:1:1<\/span><\/p>\n<ul>\n<li><strong><span lang=\"en-US\">St\u00f6d f\u00f6r muskeltillv\u00e4xt:<\/span><\/strong><span lang=\"en-US\"> BCAA fr\u00e4mjar proteinsyntesen, vilket bidrar till tillv\u00e4xt och underh\u00e5ll av muskelmassa. Den \u00f6verv\u00e4gande f\u00f6rekomsten av leucin i f\u00f6rh\u00e5llandet 8:1:1 f\u00f6rst\u00e4rker denna f\u00f6rdel, eftersom leucin \u00e4r s\u00e4rskilt involverat i att stimulera proteinsyntesen.<\/span><\/li>\n<li><strong><span lang=\"en-US\">Minskning av muskel\u00f6mhet:<\/span><\/strong><span lang=\"en-US\"> Studier visar att BCAA-tillskott kan bidra till att minska muskel\u00f6mhet efter tr\u00e4ning, vilket m\u00f6jligg\u00f6r snabbare \u00e5terh\u00e4mtning och f\u00f6rb\u00e4ttrar toleransen f\u00f6r efterf\u00f6ljande anstr\u00e4ngning.<\/span><\/li>\n<li><strong><span lang=\"en-US\">Minskning av tr\u00f6tthet:<\/span><\/strong><span lang=\"en-US\"> Idrottare upplever ofta en minskning av energin under l\u00e5ngvarig tr\u00e4ning. BCAA kan bidra till att f\u00f6rdr\u00f6ja tr\u00f6tthet och ge en alternativ energik\u00e4lla under fysisk aktivitet.<\/span><\/li>\n<\/ul>\n<p>&nbsp;<\/p>\n<p><span lang=\"en-US\">F\u00f6rb\u00e4ttring av den fysiska prestationsf\u00f6rm\u00e5gan: <\/span><span lang=\"en-US\">Tillskott av BCAA har f\u00f6rknippats med en potentiell f\u00f6rb\u00e4ttring av den fysiska prestationsf\u00f6rm\u00e5gan, vilket g\u00f6r det m\u00f6jligt f\u00f6r individer att uppr\u00e4tth\u00e5lla intensiva anstr\u00e4ngningar under l\u00e4ngre perioder.<\/span><\/p>\n<p><strong><span lang=\"en-US\">Rekommenderad anv\u00e4ndning<\/span><\/strong><\/p>\n<p><span lang=\"en-US\">1 portion som ska tas f\u00f6re, under eller efter fysisk aktivitet.<\/span><\/p>\n<p><strong>Meddelande:<\/strong><\/p>\n<ul>\n<li>Endast f\u00f6r vuxna och ers\u00e4tter inte en varierad och balanserad kost och en h\u00e4lsosam livsstil.<\/li>\n<li>\u00d6verskrid inte den rekommenderade dosen.<\/li>\n<li>Rekommenderad daglig dos: Blanda 1 skopa (ca 8 g) med 200 ml vatten.<\/li>\n<li>Anv\u00e4nd inte produkten under amning eller graviditet utan att r\u00e5dg\u00f6ra med l\u00e4kare.<\/li>\n<li>F\u00f6rvara produkten p\u00e5 en sval, torr plats i en v\u00e4l tillsluten f\u00f6rpackning utom r\u00e4ckh\u00e5ll f\u00f6r barn under 3 \u00e5r.<\/li>\n<li>Kan inneh\u00e5lla sp\u00e5r av mj\u00f6lk, havre, \u00e4gg, soja.<\/li>\n<li>Laktosfri och Glutenfri.<\/li>\n<\/ul>","protected":false},"excerpt":{"rendered":"<p>BCAA 8:1:1 BCAA, eller grenade aminosyror, \u00e4r en essentiell grupp som best\u00e5r av leucin, isoleucin och valin i f\u00f6rh\u00e5llandet 8:1:1. BCAA best\u00e5r av ungef\u00e4r en tredjedel av muskelproteinerna i m\u00e4nniskokroppen och spelar en avg\u00f6rande roll f\u00f6r muskeltillv\u00e4xt och -reparation. BCAA-tillskott anv\u00e4nds ofta av idrottare och fitnessentusiaster f\u00f6r att f\u00f6rb\u00e4ttra prestandan [...].<\/p>","protected":false},"featured_media":3303,"template":"","meta":[],"product_cat":[151,311],"product_tag":[161,317],"class_list":{"0":"post-3294","1":"product","2":"type-product","3":"status-publish","4":"has-post-thumbnail","6":"product_cat-amino-acids-creatine","7":"product_cat-recovery-and-regeneration","8":"product_tag-amino-acids-creatine","9":"product_tag-recovery-and-regeneration","11":"first","12":"instock","13":"taxable","14":"shipping-taxable","15":"purchasable","16":"product-type-variable"},"aioseo_notices":[],"_links":{"self":[{"href":"https:\/\/www.selfprotein.com\/sv\/wp-json\/wp\/v2\/product\/3294"}],"collection":[{"href":"https:\/\/www.selfprotein.com\/sv\/wp-json\/wp\/v2\/product"}],"about":[{"href":"https:\/\/www.selfprotein.com\/sv\/wp-json\/wp\/v2\/types\/product"}],"wp:featuredmedia":[{"embeddable":true,"href":"https:\/\/www.selfprotein.com\/sv\/wp-json\/wp\/v2\/media\/3303"}],"wp:attachment":[{"href":"https:\/\/www.selfprotein.com\/sv\/wp-json\/wp\/v2\/media?parent=3294"}],"wp:term":[{"taxonomy":"product_cat","embeddable":true,"href":"https:\/\/www.selfprotein.com\/sv\/wp-json\/wp\/v2\/product_cat?post=3294"},{"taxonomy":"product_tag","embeddable":true,"href":"https:\/\/www.selfprotein.com\/sv\/wp-json\/wp\/v2\/product_tag?post=3294"}],"curies":[{"name":"wp","href":"https:\/\/api.w.org\/{rel}","templated":true}]}}