{"id":3319,"date":"2024-02-29T10:20:24","date_gmt":"2024-02-29T09:20:24","guid":{"rendered":"https:\/\/34.88.231.180\/?post_type=product&#038;p=3319"},"modified":"2026-04-01T00:00:44","modified_gmt":"2026-03-31T22:00:44","slug":"bcaa-211-2","status":"publish","type":"product","link":"https:\/\/www.selfprotein.com\/sv\/produkt\/bcaa-211-2\/","title":{"rendered":"BCAA 2:1:1"},"content":{"rendered":"<p style=\"text-align: left;\" align=\"center\"><strong><span lang=\"en-US\">BCAA 2:1:1<\/span><\/strong><\/p>\n<p><span lang=\"en-US\">BCAA 2:1:1-tillskott ger en koncentrerad k\u00e4lla till grenade aminosyror, n\u00e4mligen leucin, isoleucin och valin, i ett balanserat f\u00f6rh\u00e5llande p\u00e5 2:1:1. Eftersom de \u00e4r essentiella aminosyror kan m\u00e4nniskokroppen inte syntetisera dem sj\u00e4lvst\u00e4ndigt, vilket g\u00f6r deras intag avg\u00f6rande genom kost eller kosttillskott. Denna specifika proportion \u00e4r strategiskt vald, med tv\u00e5 delar leucin till en del isoleucin och valin, eftersom leucin spelar en nyckelroll i muskelproteinsyntes och aktivering av mTOR-v\u00e4gen, som reglerar muskeltillv\u00e4xt.<\/span><\/p>\n<p><span lang=\"en-US\">F\u00f6rdelar med BCAA 2:1:1-tillskott<\/span><\/p>\n<ul>\n<li><strong><span lang=\"en-US\">Fr\u00e4mjande av muskelproteinsyntesen:<\/span><\/strong><span lang=\"en-US\"> Det balanserade f\u00f6rh\u00e5llandet mellan leucin, isoleucin och valin fr\u00e4mjar muskelproteinsyntesen och bidrar till att bygga upp och bibeh\u00e5lla muskelmassa.<\/span><\/li>\n<li><strong><span lang=\"en-US\">Aktivering av mTOR-v\u00e4gen:<\/span><\/strong><span lang=\"en-US\"> Leucin \u00e4r k\u00e4nt f\u00f6r sin f\u00f6rm\u00e5ga att aktivera mTOR-v\u00e4gen, vilket positivt reglerar muskeltillv\u00e4xt och proteinsyntes.<\/span><\/li>\n<li><strong><span lang=\"en-US\">F\u00f6rb\u00e4ttrad prestationsf\u00f6rm\u00e5ga under tr\u00e4ning<\/span><\/strong><span lang=\"en-US\"><strong>:<\/strong> Idrottare anv\u00e4nder ofta BCAA 2:1:1-tillskott f\u00f6r att optimera prestationen under tr\u00e4ning, genom att utnyttja den snabba energik\u00e4llan och st\u00f6det f\u00f6r muskeluth\u00e5llighet.<\/span><\/li>\n<li><strong><span lang=\"en-US\">Minskning av muskelkatabolism:<\/span><\/strong><span lang=\"en-US\"> Dessa aminosyror hj\u00e4lper till att motverka muskelkatabolism, vilket minskar v\u00e4vnadsnedbrytningen under perioder av fysisk stress, till exempel intensiv tr\u00e4ning.<\/span><\/li>\n<li><strong><span lang=\"en-US\">Underl\u00e4ttande av \u00e5terh\u00e4mtning efter tr\u00e4ning:<\/span><\/strong><span lang=\"en-US\"> BCAA 2:1:1-tillskott bidrar till b\u00e4ttre \u00e5terh\u00e4mtning efter tr\u00e4ning genom att st\u00f6dja musklernas l\u00e4kningsprocess och minska \u00e5terh\u00e4mtningstiden.<\/span><\/li>\n<\/ul>\n<p><\/p>\n<p><strong><span lang=\"en-US\">Rekommenderad anv\u00e4ndning<\/span><\/strong><\/p>\n<p><span lang=\"en-US\">En portion som ska tas f\u00f6re, under eller efter fysisk aktivitet.<\/span><\/p>\n<p><strong>Meddelande:<\/strong><\/p>\n<ul>\n<li>Endast f\u00f6r vuxna och ers\u00e4tter inte en varierad och balanserad kost och en h\u00e4lsosam livsstil.<\/li>\n<li>\u00d6verskrid inte den rekommenderade dosen.<\/li>\n<li>Anv\u00e4nd inte produkten under amning eller graviditet utan att r\u00e5dg\u00f6ra med l\u00e4kare.<\/li>\n<li>F\u00f6rvara produkten p\u00e5 en sval, torr plats i en v\u00e4l tillsluten f\u00f6rpackning utom r\u00e4ckh\u00e5ll f\u00f6r barn under 3 \u00e5r.<\/li>\n<li>Kan inneh\u00e5lla sp\u00e5r av havre, \u00e4gg och soja.<\/li>\n<li>Laktosfri och Glutenfri.<\/li>\n<\/ul>","protected":false},"excerpt":{"rendered":"<p>BCAA 2:1:1 BCAA 2:1:1-tillskott ger en koncentrerad k\u00e4lla till grenade aminosyror, n\u00e4mligen leucin, isoleucin och valin, i ett balanserat f\u00f6rh\u00e5llande p\u00e5 2:1:1. Eftersom de \u00e4r essentiella aminosyror kan m\u00e4nniskokroppen inte syntetisera dem sj\u00e4lvst\u00e4ndigt, vilket g\u00f6r deras intag avg\u00f6rande genom kost eller kosttillskott. Denna specifika proportion \u00e4r strategiskt vald, med tv\u00e5 delar leucin till [...]<\/p>","protected":false},"featured_media":3547,"template":"","meta":[],"product_cat":[151,311],"product_tag":[161,317],"class_list":{"0":"post-3319","1":"product","2":"type-product","3":"status-publish","4":"has-post-thumbnail","6":"product_cat-amino-acids-creatine","7":"product_cat-recovery-and-regeneration","8":"product_tag-amino-acids-creatine","9":"product_tag-recovery-and-regeneration","11":"first","12":"instock","13":"sale","14":"taxable","15":"shipping-taxable","16":"purchasable","17":"product-type-variable"},"aioseo_notices":[],"_links":{"self":[{"href":"https:\/\/www.selfprotein.com\/sv\/wp-json\/wp\/v2\/product\/3319"}],"collection":[{"href":"https:\/\/www.selfprotein.com\/sv\/wp-json\/wp\/v2\/product"}],"about":[{"href":"https:\/\/www.selfprotein.com\/sv\/wp-json\/wp\/v2\/types\/product"}],"wp:featuredmedia":[{"embeddable":true,"href":"https:\/\/www.selfprotein.com\/sv\/wp-json\/wp\/v2\/media\/3547"}],"wp:attachment":[{"href":"https:\/\/www.selfprotein.com\/sv\/wp-json\/wp\/v2\/media?parent=3319"}],"wp:term":[{"taxonomy":"product_cat","embeddable":true,"href":"https:\/\/www.selfprotein.com\/sv\/wp-json\/wp\/v2\/product_cat?post=3319"},{"taxonomy":"product_tag","embeddable":true,"href":"https:\/\/www.selfprotein.com\/sv\/wp-json\/wp\/v2\/product_tag?post=3319"}],"curies":[{"name":"wp","href":"https:\/\/api.w.org\/{rel}","templated":true}]}}