{"id":365,"date":"2023-11-27T13:00:33","date_gmt":"2023-11-27T12:00:33","guid":{"rendered":"https:\/\/34.88.231.180\/product\/bcaa-811-tab\/"},"modified":"2026-04-01T00:00:10","modified_gmt":"2026-03-31T22:00:10","slug":"bcaa-811-tabs","status":"publish","type":"product","link":"https:\/\/www.selfprotein.com\/sv\/produkt\/bcaa-811-tabs\/","title":{"rendered":"BCAA 8:1:1 Tabs"},"content":{"rendered":"<p style=\"text-align: left;\" align=\"center\"><strong><span lang=\"en-US\">BCAA 8:1:1 Tabs<\/span><\/strong><\/p>\n<p><span lang=\"en-US\">BCAA, f\u00f6rkortning f\u00f6r grenade aminosyror, inneh\u00e5ller tre essentiella aminosyror: leucin, isoleucin och valin, med ett f\u00f6rh\u00e5llande p\u00e5 8:1:1. Dessa komponenter utg\u00f6r ungef\u00e4r en tredjedel av muskelproteinerna i m\u00e4nniskokroppen och spelar en avg\u00f6rande roll f\u00f6r muskeltillv\u00e4xt och reparation. BCAA-tillskott i pillerform anv\u00e4nds ofta av idrottare och fitnessentusiaster f\u00f6r att f\u00f6rb\u00e4ttra prestationen och underl\u00e4tta muskel\u00e5terh\u00e4mtningen efter tr\u00e4ning.<\/span><\/p>\n<p><span lang=\"en-US\">F\u00f6rdelar med BCAA 8:1:1 tabletter:<\/span><\/p>\n<ul>\n<li><strong><span lang=\"en-US\">Minskad \u00f6mhet i musklerna<\/span><\/strong><span lang=\"en-US\"><strong>:<\/strong> BCAA-tabletter kan bidra till att minska muskel\u00f6mhet efter tr\u00e4ning, vilket g\u00f6r det m\u00f6jligt att snabbt \u00e5teruppta fysiska aktiviteter utan \u00f6verdrivet obehag.<\/span><\/li>\n<li><strong><span lang=\"en-US\">Minimering av muskeltr\u00f6tthet:<\/span><\/strong><span lang=\"en-US\"> Genom att minska muskeltr\u00f6ttheten under tr\u00e4ning ger BCAA-piller b\u00e4ttre uth\u00e5llighet, vilket m\u00f6jligg\u00f6r l\u00e4ngre och mer intensiva tr\u00e4ningspass.<\/span><\/li>\n<li><strong><span lang=\"en-US\">Stimulering av muskeltillv\u00e4xt<\/span><\/strong><span lang=\"en-US\"><strong>:<\/strong> BCAA \u00e4r k\u00e4nt f\u00f6r att st\u00f6dja muskelproteinsyntesen, vilket fr\u00e4mjar tillv\u00e4xt och underh\u00e5ll av mager muskelmassa, en grundl\u00e4ggande aspekt f\u00f6r dem som ut\u00f6var sport och str\u00e4var efter optimala resultat.<\/span><\/li>\n<li><strong><span lang=\"en-US\">F\u00f6rb\u00e4ttring av den fysiska prestationsf\u00f6rm\u00e5gan:<\/span><\/strong><span lang=\"en-US\"> Att integrera BCAA i kosten kan leda till en \u00f6vergripande f\u00f6rb\u00e4ttring av den fysiska prestationsf\u00f6rm\u00e5gan, vilket g\u00f6r att idrottare kan uppn\u00e5 sina tr\u00e4ningsm\u00e5l p\u00e5 ett mer effektivt och tillfredsst\u00e4llande s\u00e4tt.<\/span><\/li>\n<\/ul>\n<p>&nbsp;<\/p>\n<p><strong><span lang=\"en-US\">Rekommenderad anv\u00e4ndning<\/span><\/strong><\/p>\n<p><span lang=\"en-US\">1 portion som ska tas f\u00f6re, under eller efter fysisk aktivitet.<\/span><\/p>\n<p><strong>Meddelande:<\/strong><\/p>\n<ul>\n<li>Endast f\u00f6r vuxna och ers\u00e4tter inte en varierad och balanserad kost och en h\u00e4lsosam livsstil.<\/li>\n<li>\u00d6verskrid inte den rekommenderade dosen.<\/li>\n<li>Rekommenderad daglig dos: 5 tabletter.<\/li>\n<li>Anv\u00e4nd inte produkten under amning eller graviditet utan att r\u00e5dg\u00f6ra med l\u00e4kare.<\/li>\n<li>F\u00f6rvara produkten p\u00e5 en sval, torr plats i en v\u00e4l tillsluten f\u00f6rpackning utom r\u00e4ckh\u00e5ll f\u00f6r barn under 3 \u00e5r.<\/li>\n<li>Kan inneh\u00e5lla sp\u00e5r av mj\u00f6lk, havre, \u00e4gg, soja.<\/li>\n<li>Laktosfri och Glutenfri.<\/li>\n<\/ul>","protected":false},"excerpt":{"rendered":"<p>BCAA 8:1:1 Tabs BCAA, f\u00f6rkortning f\u00f6r grenade aminosyror, inneh\u00e5ller tre essentiella aminosyror: leucin, isoleucin och valin, med ett f\u00f6rh\u00e5llande p\u00e5 8:1:1. Dessa komponenter utg\u00f6r ungef\u00e4r en tredjedel av muskelproteinerna i m\u00e4nniskokroppen och spelar en avg\u00f6rande roll f\u00f6r muskeltillv\u00e4xt och reparation. BCAA-tillskott i tablettform anv\u00e4nds ofta [...].<\/p>","protected":false},"featured_media":367,"template":"","meta":[],"product_cat":[151,311],"product_tag":[161,317],"class_list":{"0":"post-365","1":"product","2":"type-product","3":"status-publish","4":"has-post-thumbnail","6":"product_cat-amino-acids-creatine","7":"product_cat-recovery-and-regeneration","8":"product_tag-amino-acids-creatine","9":"product_tag-recovery-and-regeneration","11":"first","12":"instock","13":"taxable","14":"shipping-taxable","15":"purchasable","16":"product-type-variable"},"aioseo_notices":[],"_links":{"self":[{"href":"https:\/\/www.selfprotein.com\/sv\/wp-json\/wp\/v2\/product\/365"}],"collection":[{"href":"https:\/\/www.selfprotein.com\/sv\/wp-json\/wp\/v2\/product"}],"about":[{"href":"https:\/\/www.selfprotein.com\/sv\/wp-json\/wp\/v2\/types\/product"}],"wp:featuredmedia":[{"embeddable":true,"href":"https:\/\/www.selfprotein.com\/sv\/wp-json\/wp\/v2\/media\/367"}],"wp:attachment":[{"href":"https:\/\/www.selfprotein.com\/sv\/wp-json\/wp\/v2\/media?parent=365"}],"wp:term":[{"taxonomy":"product_cat","embeddable":true,"href":"https:\/\/www.selfprotein.com\/sv\/wp-json\/wp\/v2\/product_cat?post=365"},{"taxonomy":"product_tag","embeddable":true,"href":"https:\/\/www.selfprotein.com\/sv\/wp-json\/wp\/v2\/product_tag?post=365"}],"curies":[{"name":"wp","href":"https:\/\/api.w.org\/{rel}","templated":true}]}}