{"id":371,"date":"2023-11-27T13:00:44","date_gmt":"2023-11-27T12:00:44","guid":{"rendered":"https:\/\/34.88.231.180\/product\/beta-carotene\/"},"modified":"2026-05-01T00:23:40","modified_gmt":"2026-04-30T22:23:40","slug":"beta-carotene","status":"publish","type":"product","link":"https:\/\/www.selfprotein.com\/sv\/produkt\/beta-carotene\/","title":{"rendered":"Beta Carotene"},"content":{"rendered":"<p style=\"text-align: left;\" align=\"center\"><strong><span lang=\"en-US\">Beta Carotene<\/span><\/strong><\/p>\n<p><span lang=\"en-US\">Betakaroten \u00e4r en potent antioxidant som skyddar kroppen fr\u00e5n skador som orsakas av fria radikaler genom att h\u00e4mma oxidationen av andra molekyler.<\/span><\/p>\n<p><span lang=\"en-US\">Tillskott av betakaroten i kosten kan d\u00e4rf\u00f6r bidra till att f\u00f6rb\u00e4ttra den allm\u00e4nna h\u00e4lsan och minska risken f\u00f6r m\u00e5nga kroniska sjukdomar genom att f\u00f6rse kroppen med en kraftfull antioxidant och viktiga n\u00e4rings\u00e4mnen.<\/span><\/p>\n<p><span lang=\"en-US\">H\u00e4r \u00e4r f\u00f6rdelarna med betakaroten:<\/span><\/p>\n<ul>\n<li><strong><span lang=\"en-US\">Antioxidant:<\/span><\/strong><span lang=\"en-US\"> Betakaroten motverkar den skadliga effekten av fria radikaler i kroppen och bidrar till att skydda celler och v\u00e4vnader fr\u00e5n oxidation och oxidativ stress.<\/span><\/li>\n<li><strong><span lang=\"en-US\">Hudh\u00e4lsa:<\/span><\/strong><span lang=\"en-US\"> Intag av betakaroten kan f\u00f6rb\u00e4ttra hudens h\u00e4lsa genom att minska f\u00f6rekomsten av rynkor, \u00e5lderstecken och skador som orsakas av UV-str\u00e5lar.<\/span><\/li>\n<li><strong><span lang=\"en-US\">\u00d6gonh\u00e4lsa:<\/span><\/strong><span lang=\"en-US\"> Betakaroten \u00e4r en f\u00f6reg\u00e5ngare till vitamin A, som \u00e4r viktigt f\u00f6r synen. Det kan bidra till att bibeh\u00e5lla \u00f6gonh\u00e4lsan och minska risken f\u00f6r \u00e5ldersrelaterade \u00f6gonsjukdomar som makuladegeneration.<\/span><\/li>\n<li><strong><span lang=\"en-US\">Immunsystemet:<\/span><\/strong><span lang=\"en-US\"> Det hj\u00e4lper till att st\u00f6dja immunf\u00f6rsvaret genom att fr\u00e4mja produktionen av immunceller som bek\u00e4mpar infektioner och sjukdomar.<\/span><\/li>\n<li><strong><span lang=\"en-US\">Hj\u00e4rtats h\u00e4lsa:<\/span><\/strong><span lang=\"en-US\"> Betakaroten kan spela en roll f\u00f6r att skydda hj\u00e4rth\u00e4lsan genom att minska inflammation och risken f\u00f6r hj\u00e4rt-k\u00e4rlsjukdomar.<\/span><\/li>\n<li><strong><span lang=\"en-US\">Lungh\u00e4lsa:<\/span><\/strong><span lang=\"en-US\"> Viss forskning tyder p\u00e5 att betakaroten kan ha skyddande effekter p\u00e5 lungceller och minska risken f\u00f6r kroniska lungsjukdomar som t.ex. lungcancer.<\/span><\/li>\n<\/ul>\n<p>&nbsp;<\/p>\n<p><strong><span lang=\"en-US\">Rekommenderad anv\u00e4ndning<\/span><\/strong><\/p>\n<p><span lang=\"en-US\">Ta 1 kapsel dagligen.<\/span><\/p>\n<p><strong>Meddelande:<\/strong><\/p>\n<ul>\n<li>Endast f\u00f6r vuxna och ers\u00e4tter inte en varierad och balanserad kost och en h\u00e4lsosam livsstil.<\/li>\n<li>\u00d6verskrid inte den rekommenderade dosen.<\/li>\n<li>Anv\u00e4nd inte produkten under amning eller graviditet utan att r\u00e5dg\u00f6ra med l\u00e4kare.<\/li>\n<li>F\u00f6rvara produkten p\u00e5 en sval, torr plats i en v\u00e4l tillsluten f\u00f6rpackning utom r\u00e4ckh\u00e5ll f\u00f6r barn under 3 \u00e5r.<\/li>\n<li>Laktosfri och Glutenfri.<\/li>\n<\/ul>","protected":false},"excerpt":{"rendered":"<details>\n<summary>Ingredienser<\/summary>\n<table style=\"text-align: center;\">\n<tbody>\n<tr>\n<th>INGREDIENSER<\/th>\n<th>per 1cps<\/th>\n<\/tr>\n<tr>\n<td>Betakaroten (Pro Vitamin A 1200\u03bcg 150%*)<\/td>\n<td>7,5 mg<\/td>\n<\/tr>\n<tr>\n<td colspan=\"2\"><strong>\u00d6vriga ingredienser: <\/strong>antioxidant (E300), stabiliseringsmedel (E460, veg. E470b), vegansk kapsel (E1204)<\/td>\n<\/tr>\n<tr>\n<td colspan=\"2\">*% Dagligt referensv\u00e4rde f\u00f6r n\u00e4rings\u00e4mnen (NRV)<\/td>\n<\/tr>\n<\/tbody>\n<\/table>\n<\/details>\n<p>&nbsp;<\/p>","protected":false},"featured_media":13880,"template":"","meta":[],"product_cat":[312,214],"product_tag":[314,258],"class_list":{"0":"post-371","1":"product","2":"type-product","3":"status-publish","4":"has-post-thumbnail","6":"product_cat-health-and-wellness","7":"product_cat-vitamins-wellness","8":"product_tag-health-and-wellness","9":"product_tag-vitamins-wellness","11":"first","12":"instock","13":"taxable","14":"shipping-taxable","15":"purchasable","16":"product-type-simple"},"aioseo_notices":[],"_links":{"self":[{"href":"https:\/\/www.selfprotein.com\/sv\/wp-json\/wp\/v2\/product\/371"}],"collection":[{"href":"https:\/\/www.selfprotein.com\/sv\/wp-json\/wp\/v2\/product"}],"about":[{"href":"https:\/\/www.selfprotein.com\/sv\/wp-json\/wp\/v2\/types\/product"}],"wp:featuredmedia":[{"embeddable":true,"href":"https:\/\/www.selfprotein.com\/sv\/wp-json\/wp\/v2\/media\/13880"}],"wp:attachment":[{"href":"https:\/\/www.selfprotein.com\/sv\/wp-json\/wp\/v2\/media?parent=371"}],"wp:term":[{"taxonomy":"product_cat","embeddable":true,"href":"https:\/\/www.selfprotein.com\/sv\/wp-json\/wp\/v2\/product_cat?post=371"},{"taxonomy":"product_tag","embeddable":true,"href":"https:\/\/www.selfprotein.com\/sv\/wp-json\/wp\/v2\/product_tag?post=371"}],"curies":[{"name":"wp","href":"https:\/\/api.w.org\/{rel}","templated":true}]}}