{"id":374,"date":"2023-11-27T13:03:49","date_gmt":"2023-11-27T12:03:49","guid":{"rendered":"https:\/\/34.88.231.180\/product\/bromelain\/"},"modified":"2026-05-01T00:23:40","modified_gmt":"2026-04-30T22:23:40","slug":"bromelain","status":"publish","type":"product","link":"https:\/\/www.selfprotein.com\/sv\/produkt\/bromelain\/","title":{"rendered":"Bromelain"},"content":{"rendered":"<p style=\"text-align: left;\" align=\"center\"><strong><span lang=\"en-US\">Bromelain<\/span><\/strong><\/p>\n<p><span lang=\"en-US\">Bromelain, en grupp enzymer som utvinns ur ananasens (Ananas comosus) stam och frukt, \u00e4r en naturlig skatt som har anv\u00e4nts inom traditionell medicin i \u00e5rhundraden. Denna klass av enzymer, som kallas proteaser, ansvarar f\u00f6r att bryta ner proteiner.<\/span><\/p>\n<p><span lang=\"en-US\">N\u00e5gra av de m\u00e5nga f\u00f6rdelarna med bromelain f\u00f6r m\u00e4nniskors h\u00e4lsa inkluderar:<\/span><\/p>\n<ul>\n<li><strong><span lang=\"en-US\">St\u00f6d f\u00f6r matsm\u00e4ltningen:<\/span><\/strong><span lang=\"en-US\"> Bromelain \u00e4r k\u00e4nt f\u00f6r sin f\u00f6rm\u00e5ga att underl\u00e4tta matsm\u00e4ltningen av proteiner genom att bryta ner dem till mindre peptider och aminosyror. Detta kan vara mycket f\u00f6rdelaktigt f\u00f6r dem med matsm\u00e4ltningsproblem eller de som har sv\u00e5rt att sm\u00e4lta proteiner.<\/span><\/li>\n<li><strong><span lang=\"en-US\">Antiinflammatoriska egenskaper<\/span><\/strong><span lang=\"en-US\"><strong>:<\/strong> En annan anm\u00e4rkningsv\u00e4rd egenskap hos bromelain \u00e4r dess antiinflammatoriska f\u00f6rm\u00e5ga. Flera studier har visat att detta \u00e4mne kan minska inflammation och svullnad avsev\u00e4rt, vilket ger v\u00e4rdefull lindring vid tillst\u00e5nd som artros, reumatoid artrit och idrottsskador. Det tros uppn\u00e5 detta genom att minska proinflammatoriska molekyler i kroppen.<\/span><\/li>\n<li><strong><span lang=\"en-US\">Lindring av bih\u00e5leinflammation:<\/span><\/strong><span lang=\"en-US\"> Bromelain har visat sig vara en effektiv allierad i kampen mot de obekv\u00e4ma symptomen p\u00e5 bih\u00e5leinflammation. Studier tyder p\u00e5 att det kan bidra till att minska n\u00e4st\u00e4ppa, f\u00f6rb\u00e4ttra andningen och minska \u00f6verdriven slemproduktion, vilket ger lindring f\u00f6r dem som lider av detta andningsproblem.<\/span><\/li>\n<\/ul>\n<p>&nbsp;<\/p>\n<p><strong><span lang=\"en-US\">Rekommenderad anv\u00e4ndning<\/span><\/strong><\/p>\n<p><span lang=\"en-US\">Upp till maximalt 3 kapslar per dag.<\/span><\/p>\n<p><strong>Meddelande:<\/strong><\/p>\n<ul>\n<li>Endast f\u00f6r vuxna och ers\u00e4tter inte en varierad och balanserad kost och en h\u00e4lsosam livsstil.<\/li>\n<li>\u00d6verskrid inte den rekommenderade dosen.<\/li>\n<li>Anv\u00e4nd inte produkten under amning eller graviditet utan att r\u00e5dg\u00f6ra med l\u00e4kare.<\/li>\n<li>F\u00f6rvara produkten p\u00e5 en sval, torr plats i en v\u00e4l tillsluten f\u00f6rpackning utom r\u00e4ckh\u00e5ll f\u00f6r barn under 3 \u00e5r.<\/li>\n<li>Kan inneh\u00e5lla sp\u00e5r av havre, \u00e4gg och soja.<\/li>\n<li>Laktosfri och Glutenfri.<\/li>\n<\/ul>","protected":false},"excerpt":{"rendered":"<details>\n<summary>Ingredienser<\/summary>\n<table style=\"text-align: center;\">\n<tbody>\n<tr>\n<th>Ingredienser<\/th>\n<th>per 3 cps<\/th>\n<\/tr>\n<tr>\n<td>Bromelain (1200 GDU\/g)(da Ananas comosus (L.) Merr. stam)<\/td>\n<td>1500 mg<\/td>\n<\/tr>\n<tr>\n<td colspan=\"3\"><strong>\u00d6vriga ingredienser: <\/strong>stabiliseringsmedel (E460, E470b, E551), vegansk kapsel (E1204)<\/td>\n<\/tr>\n<\/tbody>\n<\/table>\n<\/details>\n<p>&nbsp;<\/p>","protected":false},"featured_media":375,"template":"","meta":[],"product_cat":[312,214],"product_tag":[314,258],"class_list":{"0":"post-374","1":"product","2":"type-product","3":"status-publish","4":"has-post-thumbnail","6":"product_cat-health-and-wellness","7":"product_cat-vitamins-wellness","8":"product_tag-health-and-wellness","9":"product_tag-vitamins-wellness","11":"first","12":"instock","13":"sale","14":"taxable","15":"shipping-taxable","16":"purchasable","17":"product-type-simple"},"aioseo_notices":[],"_links":{"self":[{"href":"https:\/\/www.selfprotein.com\/sv\/wp-json\/wp\/v2\/product\/374"}],"collection":[{"href":"https:\/\/www.selfprotein.com\/sv\/wp-json\/wp\/v2\/product"}],"about":[{"href":"https:\/\/www.selfprotein.com\/sv\/wp-json\/wp\/v2\/types\/product"}],"wp:featuredmedia":[{"embeddable":true,"href":"https:\/\/www.selfprotein.com\/sv\/wp-json\/wp\/v2\/media\/375"}],"wp:attachment":[{"href":"https:\/\/www.selfprotein.com\/sv\/wp-json\/wp\/v2\/media?parent=374"}],"wp:term":[{"taxonomy":"product_cat","embeddable":true,"href":"https:\/\/www.selfprotein.com\/sv\/wp-json\/wp\/v2\/product_cat?post=374"},{"taxonomy":"product_tag","embeddable":true,"href":"https:\/\/www.selfprotein.com\/sv\/wp-json\/wp\/v2\/product_tag?post=374"}],"curies":[{"name":"wp","href":"https:\/\/api.w.org\/{rel}","templated":true}]}}