{"id":377,"date":"2023-11-27T13:03:53","date_gmt":"2023-11-27T12:03:53","guid":{"rendered":"https:\/\/34.88.231.180\/product\/caffeine\/"},"modified":"2026-04-01T00:00:09","modified_gmt":"2026-03-31T22:00:09","slug":"caffeine","status":"publish","type":"product","link":"https:\/\/www.selfprotein.com\/sv\/produkt\/caffeine\/","title":{"rendered":"Caffeine"},"content":{"rendered":"<p style=\"text-align: left;\" align=\"center\"><strong><span lang=\"en-US\">Caffeine<\/span><\/strong><\/p>\n<p><span lang=\"en-US\">Uppt\u00e4ck de m\u00e5nga f\u00f6rdelar som koffein kan erbjuda idrottare och de som \u00e4gnar sig \u00e5t regelbunden fysisk aktivitet. Detta stimulerande \u00e4mne, som vanligtvis konsumeras i olika former som kaffe, te, energidrycker och kosttillskott, har visat sig vara en v\u00e4rdefull allierad n\u00e4r det g\u00e4ller att f\u00f6rb\u00e4ttra idrottsprestationer.<\/span><\/p>\n<p><span lang=\"en-US\">F\u00f6rdelar med koffein:<\/span><\/p>\n<ul>\n<li><strong><span lang=\"en-US\">F\u00f6rb\u00e4ttrad uth\u00e5llighet:<\/span><\/strong><span lang=\"en-US\"> Koffein \u00e4r k\u00e4nt f\u00f6r att \u00f6ka kroppens f\u00f6rm\u00e5ga att anv\u00e4nda fett som br\u00e4nslek\u00e4lla under tr\u00e4ning, vilket bidrar till att f\u00f6rb\u00e4ttra uth\u00e5llighetsprestationen.<\/span><\/li>\n<li><strong><span lang=\"en-US\">\u00d6kad fokusering och vakenhet:<\/span><\/strong><span lang=\"en-US\"> De stimulerande effekterna av koffein kan hj\u00e4lpa idrottare att uppr\u00e4tth\u00e5lla h\u00f6ga niv\u00e5er av fokus och vakenhet under tr\u00e4ning och t\u00e4vling, vilket f\u00f6rb\u00e4ttrar den kognitiva prestationen.<\/span><\/li>\n<li><strong><span lang=\"en-US\">Minskning av muskelsm\u00e4rta:<\/span><\/strong><span lang=\"en-US\"> Tack vare sina sm\u00e4rtlindrande egenskaper kan koffein bidra till att minska muskelv\u00e4rk och \u00f6mhet efter tr\u00e4ning, vilket g\u00f6r att idrottare kan \u00e5terh\u00e4mta sig snabbare och m\u00f6ta efterf\u00f6ljande sessioner med mindre obehag.<\/span><\/li>\n<li><strong><span lang=\"en-US\">\u00d6kad \u00e4mnesoms\u00e4ttning:<\/span><\/strong><span lang=\"en-US\"> Koffein kan \u00f6ka \u00e4mnesoms\u00e4ttningen och d\u00e4rmed fr\u00e4mja f\u00f6rbr\u00e4nningen av \u00f6verfl\u00f6diga kalorier och potentiellt st\u00f6dja idrottares anstr\u00e4ngningar att g\u00e5 ner i vikt eller bibeh\u00e5lla optimal kroppssammans\u00e4ttning.<\/span><\/li>\n<\/ul>\n<p><\/p>\n<p><span lang=\"en-US\">Med koffein som en del av din rutin f\u00f6re tr\u00e4ning eller t\u00e4vling kan du uppleva en rad f\u00f6rdelar som kan f\u00f6rb\u00e4ttra din prestation och \u00e5terh\u00e4mtning, s\u00e5 att du l\u00e4ttare kan uppn\u00e5 dina idrottsliga m\u00e5l.<\/span>\n<\/p>\n<p><strong><span lang=\"en-US\">Rekommenderad anv\u00e4ndning<\/span><\/strong><\/p>\n<p><span lang=\"en-US\">1 portion 30-45 minuter f\u00f6re tr\u00e4ning eller under perioder av fysisk eller mental tr\u00f6tthet.<\/span><\/p>\n<p><strong>Meddelande:<\/strong><\/p>\n<ul>\n<li>Endast f\u00f6r vuxna och ers\u00e4tter inte en varierad och balanserad kost och en h\u00e4lsosam livsstil.<\/li>\n<li>\u00d6verskrid inte den rekommenderade dosen.<\/li>\n<li>Anv\u00e4nd inte produkten under amning eller graviditet utan att r\u00e5dg\u00f6ra med l\u00e4kare.<\/li>\n<li>F\u00f6rvara produkten p\u00e5 en sval, torr plats i en v\u00e4l tillsluten f\u00f6rpackning utom r\u00e4ckh\u00e5ll f\u00f6r barn under 3 \u00e5r.<\/li>\n<li>Kan inneh\u00e5lla sp\u00e5r av mj\u00f6lk, havre, \u00e4gg, soja.<\/li>\n<li>Laktosfri och Glutenfri.<\/li>\n<\/ul>","protected":false},"excerpt":{"rendered":"<details>\n<summary>Ingredienser<\/summary>\n<table style=\"text-align: center;\">\n<tbody>\n<tr>\n<th>Ingredienser<\/th>\n<th>per portion 1 tablett<\/th>\n<\/tr>\n<tr>\n<td>Caffeine<\/td>\n<td>200 mg<\/td>\n<\/tr>\n<tr>\n<td colspan=\"3\"><strong>\u00d6vriga ingredienser: <\/strong>stabiliseringsmedel (E953, E470b, E551, E460)<\/td>\n<\/tr>\n<\/tbody>\n<\/table>\n<\/details>\n<p>&nbsp;<\/p>","protected":false},"featured_media":378,"template":"","meta":[],"product_cat":[310,217],"product_tag":[315,163],"class_list":{"0":"post-377","1":"product","2":"type-product","3":"status-publish","4":"has-post-thumbnail","6":"product_cat-performance-and-endurance","7":"product_cat-pre-workout-energy","8":"product_tag-performance-and-endurance","9":"product_tag-weight-control-metabolism","11":"first","12":"instock","13":"taxable","14":"shipping-taxable","15":"purchasable","16":"product-type-simple"},"aioseo_notices":[],"_links":{"self":[{"href":"https:\/\/www.selfprotein.com\/sv\/wp-json\/wp\/v2\/product\/377"}],"collection":[{"href":"https:\/\/www.selfprotein.com\/sv\/wp-json\/wp\/v2\/product"}],"about":[{"href":"https:\/\/www.selfprotein.com\/sv\/wp-json\/wp\/v2\/types\/product"}],"wp:featuredmedia":[{"embeddable":true,"href":"https:\/\/www.selfprotein.com\/sv\/wp-json\/wp\/v2\/media\/378"}],"wp:attachment":[{"href":"https:\/\/www.selfprotein.com\/sv\/wp-json\/wp\/v2\/media?parent=377"}],"wp:term":[{"taxonomy":"product_cat","embeddable":true,"href":"https:\/\/www.selfprotein.com\/sv\/wp-json\/wp\/v2\/product_cat?post=377"},{"taxonomy":"product_tag","embeddable":true,"href":"https:\/\/www.selfprotein.com\/sv\/wp-json\/wp\/v2\/product_tag?post=377"}],"curies":[{"name":"wp","href":"https:\/\/api.w.org\/{rel}","templated":true}]}}