{"id":380,"date":"2023-11-27T13:03:57","date_gmt":"2023-11-27T12:03:57","guid":{"rendered":"https:\/\/34.88.231.180\/product\/calcium-pyruvate\/"},"modified":"2026-04-01T00:00:09","modified_gmt":"2026-03-31T22:00:09","slug":"calcium-pyruvate","status":"publish","type":"product","link":"https:\/\/www.selfprotein.com\/sv\/produkt\/calcium-pyruvate\/","title":{"rendered":"Calcium Pyruvate"},"content":{"rendered":"<p style=\"text-align: left;\" align=\"center\"><strong><span lang=\"en-US\">Calcium Pyruvate<\/span><\/strong><\/p>\n<p><span lang=\"en-US\">Kalciumpyruvat \u00e4r en form av pyruvat, en naturlig f\u00f6rening som produceras i kroppen som en mellanprodukt av energimetabolismen. Kalciumpyruvattillskott inneh\u00e5ller detta \u00e4mne i koncentrerad form.<\/span><\/p>\n<p><span lang=\"en-US\">H\u00e4r \u00e4r de potentiella f\u00f6rdelarna med att ta Calcium Pyruvate:<\/span><\/p>\n<ul>\n<li><strong><span lang=\"en-US\">St\u00f6d f\u00f6r energimetabolism:<\/span><\/strong><span lang=\"en-US\"> Kalciumpyruvat \u00e4r en koncentrerad form av pyruvat, en naturlig f\u00f6rening som \u00e4r involverad i kolhydrat- och fettmetabolismen. Detta bidrar till energiproduktionen i cellerna. Kosttillskott med kalciumpyruvat kan ge v\u00e4rdefullt st\u00f6d f\u00f6r energimetabolismen och ge extra energi under fysisk aktivitet och \u00e5terh\u00e4mtning.<\/span><\/li>\n<li><strong><span lang=\"en-US\">Potentiell prestationsf\u00f6rb\u00e4ttring:<\/span><\/strong><span lang=\"en-US\"> Ny forskning tyder p\u00e5 att intag av kalciumpyruvat kan ha positiva effekter p\u00e5 den fysiska prestationsf\u00f6rm\u00e5gan. Detta kan leda till \u00f6kad uth\u00e5llighet och uth\u00e5llighet under tr\u00e4ning, vilket g\u00f6r att idrottare kan pressa sig \u00f6ver sina gr\u00e4nser.<\/span><\/li>\n<li><strong><span lang=\"en-US\">M\u00f6jlig viktminsknings effekt:<\/span><\/strong><span lang=\"en-US\"> Vissa studier har visat att kalciumpyruvat kan ha en positiv inverkan p\u00e5 viktminskning. Detta sker genom en \u00f6kad \u00e4mnesoms\u00e4ttning och fr\u00e4mjande av fettf\u00f6rbr\u00e4nning. Kalciumpyruvattillskott kan d\u00e4rf\u00f6r vara anv\u00e4ndbara f\u00f6r dem som vill uppn\u00e5 sina viktminskningsm\u00e5l p\u00e5 ett effektivt s\u00e4tt.<\/span><\/li>\n<\/ul>\n<p>&nbsp;<\/p>\n<p><span lang=\"en-US\">Det \u00e4r viktigt att notera att effekterna kan variera fr\u00e5n person till person, och det \u00e4r alltid rekommenderat att r\u00e5dfr\u00e5ga sjukv\u00e5rdspersonal innan man p\u00e5b\u00f6rjar en kosttillskottsbehandling.<\/span><\/p>\n<p><strong><span lang=\"en-US\">Rekommenderad anv\u00e4ndning<\/span><\/strong><\/p>\n<p><span lang=\"en-US\">H\u00f6gst 3 kapslar per dag.<\/span><\/p>\n<p><strong>Meddelande:<\/strong><\/p>\n<ul>\n<li>Endast f\u00f6r vuxna och ers\u00e4tter inte en varierad och balanserad kost och en h\u00e4lsosam livsstil.<\/li>\n<li>\u00d6verskrid inte den rekommenderade dosen.<\/li>\n<li>Anv\u00e4nd inte produkten under amning eller graviditet utan att r\u00e5dg\u00f6ra med l\u00e4kare.<\/li>\n<li>F\u00f6rvara produkten p\u00e5 en sval, torr plats i en v\u00e4l tillsluten f\u00f6rpackning utom r\u00e4ckh\u00e5ll f\u00f6r barn under 3 \u00e5r.<\/li>\n<li>Kan inneh\u00e5lla sp\u00e5r av havre, \u00e4gg och soja.<\/li>\n<li>Laktosfri och Glutenfri.<\/li>\n<\/ul>","protected":false},"excerpt":{"rendered":"<details>\n<summary>Ingredienser<\/summary>\n<table style=\"text-align: center;\">\n<tbody>\n<tr>\n<th>Ingredienser<\/th>\n<th>per 3 cps<\/th>\n<th>%NRV*<\/th>\n<\/tr>\n<tr>\n<td>Calcium Pyruvate<\/td>\n<td>1800 mg<\/td>\n<td><\/td>\n<\/tr>\n<tr>\n<td>varav<\/td>\n<td><\/td>\n<td><\/td>\n<\/tr>\n<tr>\n<td>Kalcium<\/td>\n<td>360 mg<\/td>\n<td>45<\/td>\n<\/tr>\n<tr>\n<td>Pyruvat<\/td>\n<td>1440 mg<\/td>\n<td><\/td>\n<\/tr>\n<tr>\n<td colspan=\"3\"><strong>\u00d6vriga ingredienser: <\/strong>stabiliseringsmedel (E460, E470b) vegansk kapsel (E1204)<\/td>\n<\/tr>\n<tr>\n<td colspan=\"3\">*N\u00e4ringsm\u00e4ssigt referensv\u00e4rde<\/td>\n<\/tr>\n<\/tbody>\n<\/table>\n<\/details>\n<p>&nbsp;<\/p>","protected":false},"featured_media":381,"template":"","meta":[],"product_cat":[312,214],"product_tag":[314,258],"class_list":{"0":"post-380","1":"product","2":"type-product","3":"status-publish","4":"has-post-thumbnail","6":"product_cat-health-and-wellness","7":"product_cat-vitamins-wellness","8":"product_tag-health-and-wellness","9":"product_tag-vitamins-wellness","11":"first","12":"instock","13":"taxable","14":"shipping-taxable","15":"purchasable","16":"product-type-simple"},"aioseo_notices":[],"_links":{"self":[{"href":"https:\/\/www.selfprotein.com\/sv\/wp-json\/wp\/v2\/product\/380"}],"collection":[{"href":"https:\/\/www.selfprotein.com\/sv\/wp-json\/wp\/v2\/product"}],"about":[{"href":"https:\/\/www.selfprotein.com\/sv\/wp-json\/wp\/v2\/types\/product"}],"wp:featuredmedia":[{"embeddable":true,"href":"https:\/\/www.selfprotein.com\/sv\/wp-json\/wp\/v2\/media\/381"}],"wp:attachment":[{"href":"https:\/\/www.selfprotein.com\/sv\/wp-json\/wp\/v2\/media?parent=380"}],"wp:term":[{"taxonomy":"product_cat","embeddable":true,"href":"https:\/\/www.selfprotein.com\/sv\/wp-json\/wp\/v2\/product_cat?post=380"},{"taxonomy":"product_tag","embeddable":true,"href":"https:\/\/www.selfprotein.com\/sv\/wp-json\/wp\/v2\/product_tag?post=380"}],"curies":[{"name":"wp","href":"https:\/\/api.w.org\/{rel}","templated":true}]}}