{"id":383,"date":"2023-11-27T13:04:01","date_gmt":"2023-11-27T12:04:01","guid":{"rendered":"https:\/\/34.88.231.180\/product\/carnitine\/"},"modified":"2026-05-01T00:23:40","modified_gmt":"2026-04-30T22:23:40","slug":"l-carnitine","status":"publish","type":"product","link":"https:\/\/www.selfprotein.com\/sv\/produkt\/l-carnitine\/","title":{"rendered":"L-Carnitine"},"content":{"rendered":"<p style=\"text-align: left;\" align=\"center\"><strong>L-Carnitine<\/strong><\/p>\n<p><span lang=\"en-US\">Utforska den avg\u00f6rande rollen f\u00f6r L-karnitin, ett essentiellt aminosyraderivat i fettmetabolismen, som spelar en grundl\u00e4ggande roll f\u00f6r att transportera fettsyror till mitokondrier, d\u00e4r de omvandlas till energi f\u00f6r kroppen. L-karnitin finns i naturen och kan \u00e4ven erh\u00e5llas fr\u00e5n kostk\u00e4llor som r\u00f6tt k\u00f6tt, fisk och mejeriprodukter. L-karnitin integreras genom livsmedel eller allm\u00e4nt tillg\u00e4ngliga kosttillskott, som anv\u00e4nds f\u00f6r olika \u00e4ndam\u00e5l, inklusive att f\u00f6rb\u00e4ttra atletisk prestanda, fr\u00e4mja viktminskning och st\u00f6dja kognitiv funktion.<\/span><\/p>\n<p><span lang=\"en-US\">F\u00f6rdelar med L-karnitintillskott:<\/span><\/p>\n<ul>\n<li><strong><span lang=\"en-US\">F\u00f6rb\u00e4ttrad fysisk prestationsf\u00f6rm\u00e5ga<\/span><\/strong><span lang=\"en-US\"><strong>:<\/strong> Tillskott med L-karnitin kan \u00f6ka uth\u00e5lligheten och minska tr\u00f6ttheten under tr\u00e4ning, vilket optimerar anv\u00e4ndningen av fett som energik\u00e4lla och d\u00e4rmed f\u00f6rb\u00e4ttrar den fysiska prestationen.<\/span><\/li>\n<li><strong><span lang=\"en-US\">Viktminskning:<\/span><\/strong><span lang=\"en-US\"> L-karnitintillskott kan stimulera fettmetabolismen och minska aptiten, vilket underl\u00e4ttar viktminskningsprocessen och ger ytterligare st\u00f6d f\u00f6r kroppsviktkontroll.<\/span><\/li>\n<li><strong><span lang=\"en-US\">F\u00f6rb\u00e4ttring av kognitiv funktion:<\/span><\/strong><span lang=\"en-US\"> L-karnitin kan gynna hj\u00e4rnans funktion och hj\u00e4lpa till att f\u00f6rb\u00e4ttra koncentrationen och minnet, s\u00e4rskilt hos \u00e4ldre vuxna, vilket bidrar till att uppr\u00e4tth\u00e5lla mental r\u00f6rlighet.<\/span><\/li>\n<li><strong><span lang=\"en-US\">F\u00f6rb\u00e4ttring av hj\u00e4rth\u00e4lsan:<\/span><\/strong><span lang=\"en-US\"> Tillskott med L-karnitin kan f\u00f6rb\u00e4ttra hj\u00e4rtfunktionen och minska risken f\u00f6r hj\u00e4rt-k\u00e4rlsjukdomar, vilket ger v\u00e4rdefullt st\u00f6d f\u00f6r den \u00f6vergripande h\u00e4lsan hos hj\u00e4rtat och cirkulationssystemet.<\/span><\/li>\n<\/ul>\n<p>&nbsp;<\/p>\n<p><strong><span lang=\"en-US\">Rekommenderad anv\u00e4ndning<\/span><\/strong><\/p>\n<p><span lang=\"en-US\">2 kapslar under dagen eller 30-45 minuter f\u00f6re tr\u00e4ningspasset.<\/span><\/p>\n<p><strong>Meddelande:<\/strong><\/p>\n<ul>\n<li>Endast f\u00f6r vuxna och ers\u00e4tter inte en varierad och balanserad kost och en h\u00e4lsosam livsstil.<\/li>\n<li>\u00d6verskrid inte den rekommenderade dosen.<\/li>\n<li>Anv\u00e4nd inte produkten under amning eller graviditet utan att r\u00e5dg\u00f6ra med l\u00e4kare.<\/li>\n<li>F\u00f6rvara produkten p\u00e5 en sval, torr plats i en v\u00e4l tillsluten f\u00f6rpackning utom r\u00e4ckh\u00e5ll f\u00f6r barn under 3 \u00e5r.<\/li>\n<li>Kan inneh\u00e5lla sp\u00e5r av mj\u00f6lk, havre, \u00e4gg, soja.<\/li>\n<li>Laktosfri och Glutenfri.<\/li>\n<\/ul>","protected":false},"excerpt":{"rendered":"<details>\n<summary>Ingredienser<\/summary>\n<table style=\"text-align: center;\">\n<tbody>\n<tr>\n<th>Ingredienser<\/th>\n<th>per 2 cps<\/th>\n<\/tr>\n<tr>\n<td>L-karnitin tartrat<\/td>\n<td>1000 mg<\/td>\n<\/tr>\n<tr>\n<td colspan=\"2\"><strong>\u00d6vriga ingredienser: <\/strong>stabiliseringsmedel (E460, E470b, E551), vegansk kapsel (E1204)<\/td>\n<\/tr>\n<\/tbody>\n<\/table>\n<\/details>\n<p>&nbsp;<\/p>","protected":false},"featured_media":384,"template":"","meta":[],"product_cat":[155,309],"product_tag":[163,319],"class_list":{"0":"post-383","1":"product","2":"type-product","3":"status-publish","4":"has-post-thumbnail","6":"product_cat-weight-control-metabolism","7":"product_cat-weight-management-and-definition","8":"product_tag-weight-control-metabolism","9":"product_tag-weight-management-and-definition","11":"first","12":"instock","13":"taxable","14":"shipping-taxable","15":"purchasable","16":"product-type-simple"},"aioseo_notices":[],"_links":{"self":[{"href":"https:\/\/www.selfprotein.com\/sv\/wp-json\/wp\/v2\/product\/383"}],"collection":[{"href":"https:\/\/www.selfprotein.com\/sv\/wp-json\/wp\/v2\/product"}],"about":[{"href":"https:\/\/www.selfprotein.com\/sv\/wp-json\/wp\/v2\/types\/product"}],"wp:featuredmedia":[{"embeddable":true,"href":"https:\/\/www.selfprotein.com\/sv\/wp-json\/wp\/v2\/media\/384"}],"wp:attachment":[{"href":"https:\/\/www.selfprotein.com\/sv\/wp-json\/wp\/v2\/media?parent=383"}],"wp:term":[{"taxonomy":"product_cat","embeddable":true,"href":"https:\/\/www.selfprotein.com\/sv\/wp-json\/wp\/v2\/product_cat?post=383"},{"taxonomy":"product_tag","embeddable":true,"href":"https:\/\/www.selfprotein.com\/sv\/wp-json\/wp\/v2\/product_tag?post=383"}],"curies":[{"name":"wp","href":"https:\/\/api.w.org\/{rel}","templated":true}]}}