{"id":386,"date":"2023-11-27T13:04:05","date_gmt":"2023-11-27T12:04:05","guid":{"rendered":"https:\/\/34.88.231.180\/product\/carnitine-1000\/"},"modified":"2026-04-01T00:00:09","modified_gmt":"2026-03-31T22:00:09","slug":"l-carnitine-1000","status":"publish","type":"product","link":"https:\/\/www.selfprotein.com\/sv\/produkt\/l-carnitine-1000\/","title":{"rendered":"L-Carnitine 1000"},"content":{"rendered":"<p style=\"text-align: left;\" align=\"center\"><strong><span lang=\"en-US\">L-Carnitine 1000<\/span><\/strong><\/p>\n<p><span lang=\"en-US\">Uppt\u00e4ck den grundl\u00e4ggande rollen f\u00f6r L-karnitin, ett aminosyraderivat som f\u00f6rekommer naturligt i naturen och som \u00e4r involverat i fettmetabolismen och transporten av fettsyror till mitokondrierna, d\u00e4r de anv\u00e4nds som en energik\u00e4lla f\u00f6r kroppen. L-karnitin, som produceras i sm\u00e5 m\u00e4ngder av kroppen och finns i kostk\u00e4llor som r\u00f6tt k\u00f6tt, fisk och mejeriprodukter, \u00e4r ocks\u00e5 allm\u00e4nt tillg\u00e4ngligt i form av kosttillskott, som anv\u00e4nds f\u00f6r att f\u00f6rb\u00e4ttra fysisk prestanda, fr\u00e4mja viktminskning och st\u00f6dja kognitiv h\u00e4lsa.<\/span><\/p>\n<p><span lang=\"en-US\">F\u00f6rdelar med L-karnitin:<\/span><\/p>\n<ul>\n<li><strong><span lang=\"en-US\">F\u00f6rb\u00e4ttrad fysisk prestationsf\u00f6rm\u00e5ga:<\/span><\/strong><span lang=\"en-US\"> Genom att integrera L-karnitin i din kost kan du uppleva \u00f6kad uth\u00e5llighet och minskad tr\u00f6tthet under tr\u00e4ning, eftersom det fr\u00e4mjar anv\u00e4ndningen av fetter som den prim\u00e4ra energik\u00e4llan.<\/span><\/li>\n<li><strong><span lang=\"en-US\">Viktminskning:<\/span><\/strong><span lang=\"en-US\"> L-karnitintillskott kan stimulera fettmetabolismen och minska aptiten, vilket st\u00f6der anstr\u00e4ngningar f\u00f6r viktminskning och aptitkontroll.<\/span><\/li>\n<li><strong><span lang=\"en-US\">F\u00f6rb\u00e4ttring av kognitiv funktion:<\/span><\/strong><span lang=\"en-US\"> L-karnitin kan gynna hj\u00e4rnans h\u00e4lsa genom att f\u00f6rb\u00e4ttra den kognitiva funktionen, s\u00e4rskilt hos \u00e4ldre vuxna, och d\u00e4rmed bidra till att h\u00e5lla sinnet skarpt och aktivt.<\/span><\/li>\n<li><strong><span lang=\"en-US\">F\u00f6rb\u00e4ttring av hj\u00e4rth\u00e4lsan:<\/span><\/strong><span lang=\"en-US\"> Att integrera L-karnitin i din kost kan bidra till att f\u00f6rb\u00e4ttra hj\u00e4rtfunktionen och minska risken f\u00f6r hj\u00e4rt-k\u00e4rlsjukdomar, vilket ger f\u00f6rdelar f\u00f6r hj\u00e4rt- och cirkulationssystemets h\u00e4lsa.<\/span><\/li>\n<\/ul>\n<p>&nbsp;<\/p>\n<p><span lang=\"en-US\">Med en m\u00e4ngd olika former tillg\u00e4ngliga, inklusive kapslar, tabletter och v\u00e4tskor, erbjuder L-karnitintillskott ett bekv\u00e4mt s\u00e4tt att dra nytta av de m\u00e5nga f\u00f6rdelar som denna aminosyra kan ge din h\u00e4lsa och ditt allm\u00e4nna v\u00e4lbefinnande.<\/span><\/p>\n<p><strong><span lang=\"en-US\">Rekommenderad anv\u00e4ndning<\/span><\/strong><\/p>\n<p><span lang=\"en-US\">1 tablett under dagen eller 30-45 minuter f\u00f6re tr\u00e4ningspasset.<\/span><\/p>\n<p><strong>Meddelande:<\/strong><\/p>\n<ul>\n<li>Endast f\u00f6r vuxna och ers\u00e4tter inte en varierad och balanserad kost och en h\u00e4lsosam livsstil.<\/li>\n<li>\u00d6verskrid inte den rekommenderade dosen.<\/li>\n<li>Anv\u00e4nd inte produkten under amning eller graviditet utan att r\u00e5dg\u00f6ra med l\u00e4kare.<\/li>\n<li>F\u00f6rvara produkten p\u00e5 en sval, torr plats i en v\u00e4l tillsluten f\u00f6rpackning utom r\u00e4ckh\u00e5ll f\u00f6r barn under 3 \u00e5r.<\/li>\n<li>Kan inneh\u00e5lla sp\u00e5r av mj\u00f6lk, havre, \u00e4gg, soja.<\/li>\n<li>Laktosfri och Glutenfri.<\/li>\n<\/ul>","protected":false},"excerpt":{"rendered":"<details>\n<summary>Ingredienser<\/summary>\n<table style=\"text-align: center;\">\n<tbody>\n<tr>\n<th>Ingredienser<\/th>\n<th>per 1 tablett<\/th>\n<\/tr>\n<tr>\n<td>L-karnitin tartrat<\/td>\n<td>1000 mg<\/td>\n<\/tr>\n<tr>\n<td colspan=\"2\"><strong>\u00d6vriga ingredienser: <\/strong>stabiliseringsmedel (E460, E470b, E551)<\/td>\n<\/tr>\n<\/tbody>\n<\/table>\n<\/details>\n<p>&nbsp;<\/p>","protected":false},"featured_media":387,"template":"","meta":[],"product_cat":[155,309],"product_tag":[163,319],"class_list":{"0":"post-386","1":"product","2":"type-product","3":"status-publish","4":"has-post-thumbnail","6":"product_cat-weight-control-metabolism","7":"product_cat-weight-management-and-definition","8":"product_tag-weight-control-metabolism","9":"product_tag-weight-management-and-definition","11":"first","12":"instock","13":"taxable","14":"shipping-taxable","15":"purchasable","16":"product-type-simple"},"aioseo_notices":[],"_links":{"self":[{"href":"https:\/\/www.selfprotein.com\/sv\/wp-json\/wp\/v2\/product\/386"}],"collection":[{"href":"https:\/\/www.selfprotein.com\/sv\/wp-json\/wp\/v2\/product"}],"about":[{"href":"https:\/\/www.selfprotein.com\/sv\/wp-json\/wp\/v2\/types\/product"}],"wp:featuredmedia":[{"embeddable":true,"href":"https:\/\/www.selfprotein.com\/sv\/wp-json\/wp\/v2\/media\/387"}],"wp:attachment":[{"href":"https:\/\/www.selfprotein.com\/sv\/wp-json\/wp\/v2\/media?parent=386"}],"wp:term":[{"taxonomy":"product_cat","embeddable":true,"href":"https:\/\/www.selfprotein.com\/sv\/wp-json\/wp\/v2\/product_cat?post=386"},{"taxonomy":"product_tag","embeddable":true,"href":"https:\/\/www.selfprotein.com\/sv\/wp-json\/wp\/v2\/product_tag?post=386"}],"curies":[{"name":"wp","href":"https:\/\/api.w.org\/{rel}","templated":true}]}}