{"id":389,"date":"2023-11-27T13:04:09","date_gmt":"2023-11-27T12:04:09","guid":{"rendered":"https:\/\/34.88.231.180\/product\/carnitine-liquid\/"},"modified":"2026-04-14T12:18:32","modified_gmt":"2026-04-14T10:18:32","slug":"carnitine-liquid","status":"publish","type":"product","link":"https:\/\/www.selfprotein.com\/sv\/produkt\/carnitine-liquid\/","title":{"rendered":"Carnitine Liquid"},"content":{"rendered":"<p style=\"text-align: left;\" align=\"center\"><strong><span lang=\"en-US\">Carnitine Liquid<\/span><\/strong><\/p>\n<p><span lang=\"en-US\">Utforska den grundl\u00e4ggande rollen f\u00f6r L-karnitin, ett aminosyraderivat som \u00e4r involverat i fettmetabolism och transport av fettsyror till mitokondrier, d\u00e4r de anv\u00e4nds som en energik\u00e4lla f\u00f6r kroppen. L-karnitin finns tillg\u00e4ngligt b\u00e5de via kosten, t.ex. r\u00f6tt k\u00f6tt, fisk och mejeriprodukter, och via kosttillskott, som ofta anv\u00e4nds f\u00f6r att f\u00f6rb\u00e4ttra idrottsprestationer, fr\u00e4mja viktminskning och \u00f6ka den kognitiva funktionen.<\/span><\/p>\n<p><span lang=\"en-US\">F\u00f6rdelar med flytande L-karnitin:<\/span><\/p>\n<ul>\n<li><strong><span lang=\"en-US\">Snabb absorption<\/span><\/strong><span lang=\"en-US\"><strong>:<\/strong> Den flytande formen av L-karnitin m\u00f6jligg\u00f6r snabbare absorption i kroppen, vilket g\u00f6r att f\u00f6rdelarna kan manifesteras snabbare j\u00e4mf\u00f6rt med andra former av kosttillskott.<\/span><\/li>\n<li><strong><span lang=\"en-US\">St\u00f6rre biotillg\u00e4nglighet:<\/span><\/strong><span lang=\"en-US\"> Flytande L-karnitin kan erbjuda st\u00f6rre biotillg\u00e4nglighet j\u00e4mf\u00f6rt med kapslar eller tabletter, vilket s\u00e4kerst\u00e4ller att en st\u00f6rre m\u00e4ngd av f\u00f6reningen n\u00e5r cirkulationssystemet f\u00f6r att anv\u00e4ndas av kroppen.<\/span><\/li>\n<li><strong><span lang=\"en-US\">Doseringsflexibilitet:<\/span><\/strong><span lang=\"en-US\"> Med flytande L-karnitin \u00e4r det l\u00e4ttare att justera dosen utifr\u00e5n individuella behov, vilket ger st\u00f6rre kontroll \u00f6ver det dagliga intaget av f\u00f6reningen.<\/span><\/li>\n<li><strong><span lang=\"en-US\">Bekv\u00e4mlighet:<\/span><\/strong><span lang=\"en-US\"> Flytande L-karnitin kan enkelt blandas med drycker eller tills\u00e4ttas i smoothies, vilket g\u00f6r integreringen i den dagliga rutinen bekv\u00e4mare och roligare.<\/span><\/li>\n<li><strong><span lang=\"en-US\">M\u00e5ngsidighet:<\/span><\/strong><span lang=\"en-US\"> Tack vare sin flytande form kan L-karnitin enkelt blandas med andra kosttillskott eller drycker f\u00f6r att uppn\u00e5 en komplett och personlig n\u00e4ringsprofil.<\/span><\/li>\n<\/ul>\n<p>&nbsp;<\/p>\n<p><span lang=\"en-US\">Med flytande L-karnitin kan du uppleva alla f\u00f6rdelarna med denna viktiga aminosyra snabbt, effektivt och bekv\u00e4mt, vilket st\u00f6der din allm\u00e4nna h\u00e4lsa och ditt fysiska och psykiska v\u00e4lbefinnande.<\/span><\/p>\n<p><strong><span lang=\"en-US\">Rekommenderad anv\u00e4ndning<\/span><\/strong><\/p>\n<p><span lang=\"en-US\">1 dos under dagen eller 30-45 minuter f\u00f6re tr\u00e4ningspasset.<\/span><\/p>\n<p><strong>Meddelande:<\/strong><\/p>\n<ul>\n<li>Endast f\u00f6r vuxna och ers\u00e4tter inte en varierad och balanserad kost och en h\u00e4lsosam livsstil.<\/li>\n<li>\u00d6verskrid inte den rekommenderade dosen.<\/li>\n<li>Anv\u00e4nd inte produkten under amning eller graviditet utan att r\u00e5dg\u00f6ra med l\u00e4kare.<\/li>\n<li>F\u00f6rvara produkten p\u00e5 en sval, torr plats i en v\u00e4l tillsluten f\u00f6rpackning utom r\u00e4ckh\u00e5ll f\u00f6r barn under 3 \u00e5r.<\/li>\n<li>Kan inneh\u00e5lla sp\u00e5r av mj\u00f6lk, havre, \u00e4gg, soja.<\/li>\n<li>Laktosfri och Glutenfri.<\/li>\n<\/ul>","protected":false},"excerpt":{"rendered":"<details>\n<summary>Ingredienser<\/summary>\n<table style=\"text-align: center;\">\n<tbody>\n<tr>\n<th>Ingredienser<\/th>\n<th>per 100 ml<\/th>\n<th>per portion 10ml<\/th>\n<\/tr>\n<tr>\n<td>L-Carnitine<\/td>\n<td>10000 mg<\/td>\n<td>1000 mg<\/td>\n<\/tr>\n<tr>\n<td colspan=\"3\"><strong>\u00d6vriga ingredienser: <\/strong>vatten, surhetsreglerande medel (E330), konserveringsmedel (E211, E202), smak\u00e4mnen, s\u00f6tningsmedel (E955)<\/td>\n<\/tr>\n<\/tbody>\n<\/table>\n<\/details>\n<p>&nbsp;<\/p>","protected":false},"featured_media":390,"template":"","meta":[],"product_cat":[155,309],"product_tag":[163,319],"class_list":{"0":"post-389","1":"product","2":"type-product","3":"status-publish","4":"has-post-thumbnail","6":"product_cat-weight-control-metabolism","7":"product_cat-weight-management-and-definition","8":"product_tag-weight-control-metabolism","9":"product_tag-weight-management-and-definition","11":"first","12":"instock","13":"taxable","14":"shipping-taxable","15":"purchasable","16":"product-type-simple"},"aioseo_notices":[],"_links":{"self":[{"href":"https:\/\/www.selfprotein.com\/sv\/wp-json\/wp\/v2\/product\/389"}],"collection":[{"href":"https:\/\/www.selfprotein.com\/sv\/wp-json\/wp\/v2\/product"}],"about":[{"href":"https:\/\/www.selfprotein.com\/sv\/wp-json\/wp\/v2\/types\/product"}],"wp:featuredmedia":[{"embeddable":true,"href":"https:\/\/www.selfprotein.com\/sv\/wp-json\/wp\/v2\/media\/390"}],"wp:attachment":[{"href":"https:\/\/www.selfprotein.com\/sv\/wp-json\/wp\/v2\/media?parent=389"}],"wp:term":[{"taxonomy":"product_cat","embeddable":true,"href":"https:\/\/www.selfprotein.com\/sv\/wp-json\/wp\/v2\/product_cat?post=389"},{"taxonomy":"product_tag","embeddable":true,"href":"https:\/\/www.selfprotein.com\/sv\/wp-json\/wp\/v2\/product_tag?post=389"}],"curies":[{"name":"wp","href":"https:\/\/api.w.org\/{rel}","templated":true}]}}