{"id":402,"date":"2023-11-27T13:04:34","date_gmt":"2023-11-27T12:04:34","guid":{"rendered":"https:\/\/34.88.231.180\/product\/cassien-slow-release\/"},"modified":"2026-04-01T00:00:10","modified_gmt":"2026-03-31T22:00:10","slug":"casein-slow-release","status":"publish","type":"product","link":"https:\/\/www.selfprotein.com\/sv\/produkt\/casein-slow-release\/","title":{"rendered":"Casein Slow Release"},"content":{"rendered":"<p><strong>Casein Slow Release<\/strong><\/p>\n<p><strong>Proteinet som arbetar medan du sover.<\/strong><\/p>\n<p>Micell\u00e4rt kasein \u00e4r ett komplett mj\u00f6lkprotein som utm\u00e4rker sig genom sin gradvisa fris\u00e4ttning av aminosyror. Tack vare sin speciella struktur bildar det en gel i magen, vilket saktar ner matsm\u00e4ltningen och garanterar en konstant tillf\u00f6rsel av n\u00e4rings\u00e4mnen \u00f6ver tiden. Det \u00e4r den perfekta allierade f\u00f6r dem som vill optimera muskel\u00e5terh\u00e4mtningen och bibeh\u00e5lla muskelmassan under l\u00e5nga perioder av fasta, till exempel s\u00f6mn.<\/p>\n<p><strong>Varf\u00f6r du kommer att gilla det:<\/strong><\/p>\n<ul>\n<li><strong>F\u00f6rl\u00e4ngd fris\u00e4ttning av n\u00e4rings\u00e4mnen<\/strong>: s\u00e4kerst\u00e4ller en konstant tillf\u00f6rsel av aminosyror, vilket optimerar muskel\u00e5terh\u00e4mtning och tillv\u00e4xt p\u00e5 l\u00e5ng sikt.<\/li>\n<li><strong>Komplett protein<\/strong>: inneh\u00e5ller alla essentiella aminosyror f\u00f6r att bibeh\u00e5lla muskelmassan.<\/li>\n<li><strong>Perfekt f\u00f6r kv\u00e4llen<\/strong>: idealisk f\u00f6re s\u00f6mn eller mellan huvudm\u00e5ltider f\u00f6r att uppr\u00e4tth\u00e5lla en konstant proteinbalans under hela dagen.<\/li>\n<li><strong>K\u00e4lla till naturligt kalcium<\/strong>: anv\u00e4ndbart f\u00f6r benh\u00e4lsa och muskelfunktion.<\/li>\n<li><strong>F\u00f6rl\u00e4nger m\u00e4ttnadsk\u00e4nslan<\/strong>: l\u00e5ngsam matsm\u00e4ltning hj\u00e4lper till att uppr\u00e4tth\u00e5lla en k\u00e4nsla av fullhet, perfekt f\u00f6r dem som f\u00f6rs\u00f6ker definiera eller kontrollera sin vikt.<\/li>\n<\/ul>\n<p>&nbsp;<\/p>\n<p><strong>Rekommenderad dos<\/strong><\/p>\n<p>Blanda <strong>30 g<\/strong> (ca 1 skopa) med <strong>300 ml vatten<\/strong> i en skakmaskin.<\/p>\n<p>Perfekt f\u00f6r \u00e5terh\u00e4mtning under natten, f\u00f6r att h\u00e5lla ig\u00e5ng musklerna medan du vilar.<\/p>\n<p><strong>Meddelande<\/strong><\/p>\n<ul>\n<li>Endast f\u00f6r vuxna.<\/li>\n<li>Ers\u00e4tter inte en varierad och balanserad kost och en h\u00e4lsosam livsstil.<\/li>\n<li>\u00d6verskrid inte den rekommenderade dosen.<\/li>\n<li>R\u00e5dg\u00f6r med din l\u00e4kare under graviditet eller amning.<\/li>\n<li>F\u00f6rvara p\u00e5 en sval, torr plats, borta fr\u00e5n direkt ljus.<\/li>\n<li>Kan inneh\u00e5lla sp\u00e5r av havre, \u00e4gg och soja.<\/li>\n<li><strong>Glutenfri<\/strong>.<\/li>\n<\/ul>\n<p>&nbsp;<\/p>\n<p><strong>Perfekt f\u00f6r: de som vill ha ett konstant proteinintag under natten eller under l\u00e4ngre perioder av fasta.<\/strong><\/p>","protected":false},"excerpt":{"rendered":"<p>Casein Slow Release Proteinet som fungerar medan du sover. Micell\u00e4rt kasein \u00e4r ett komplett mj\u00f6lkprotein som utm\u00e4rker sig genom sin gradvisa fris\u00e4ttning av aminosyror. Tack vare sin speciella struktur bildar det en gel i magen, vilket saktar ner matsm\u00e4ltningen och garanterar en konstant tillf\u00f6rsel av n\u00e4rings\u00e4mnen \u00f6ver tiden. Det \u00e4r det perfekta [...]<\/p>","protected":false},"featured_media":404,"template":"","meta":[],"product_cat":[158,311],"product_tag":[18,317],"class_list":{"0":"post-402","1":"product","2":"type-product","3":"status-publish","4":"has-post-thumbnail","6":"product_cat-proteins","7":"product_cat-recovery-and-regeneration","8":"product_tag-proteins","9":"product_tag-recovery-and-regeneration","11":"first","12":"instock","13":"taxable","14":"shipping-taxable","15":"purchasable","16":"product-type-variable"},"aioseo_notices":[],"_links":{"self":[{"href":"https:\/\/www.selfprotein.com\/sv\/wp-json\/wp\/v2\/product\/402"}],"collection":[{"href":"https:\/\/www.selfprotein.com\/sv\/wp-json\/wp\/v2\/product"}],"about":[{"href":"https:\/\/www.selfprotein.com\/sv\/wp-json\/wp\/v2\/types\/product"}],"wp:featuredmedia":[{"embeddable":true,"href":"https:\/\/www.selfprotein.com\/sv\/wp-json\/wp\/v2\/media\/404"}],"wp:attachment":[{"href":"https:\/\/www.selfprotein.com\/sv\/wp-json\/wp\/v2\/media?parent=402"}],"wp:term":[{"taxonomy":"product_cat","embeddable":true,"href":"https:\/\/www.selfprotein.com\/sv\/wp-json\/wp\/v2\/product_cat?post=402"},{"taxonomy":"product_tag","embeddable":true,"href":"https:\/\/www.selfprotein.com\/sv\/wp-json\/wp\/v2\/product_tag?post=402"}],"curies":[{"name":"wp","href":"https:\/\/api.w.org\/{rel}","templated":true}]}}