{"id":408,"date":"2023-11-27T13:04:46","date_gmt":"2023-11-27T12:04:46","guid":{"rendered":"https:\/\/34.88.231.180\/product\/cdz-vitamin-c-d-and-zinc\/"},"modified":"2026-04-01T00:00:09","modified_gmt":"2026-03-31T22:00:09","slug":"cdz-vitamin-c-d-zinc","status":"publish","type":"product","link":"https:\/\/www.selfprotein.com\/sv\/produkt\/cdz-vitamin-c-d-zinc\/","title":{"rendered":"CDZ \u2013 Vitamin C-D-Zinc"},"content":{"rendered":"<p style=\"text-align: left\" align=\"center\"><strong><span lang=\"en-US\">CDZ C-, D- och zink-vitamin<\/span><\/strong><\/p>\n<p><span lang=\"en-US\">C-vitamin, D-vitamin och zink \u00e4r viktiga n\u00e4rings\u00e4mnen f\u00f6r att fr\u00e4mja den allm\u00e4nna h\u00e4lsan och v\u00e4lbefinnandet i m\u00e4nniskokroppen. Var och en av dessa n\u00e4rings\u00e4mnen spelar en grundl\u00e4ggande roll i olika kroppsfunktioner, vilket bidrar till benh\u00e4lsa, immunsystemets funktion och antioxidantskydd. \u00c4ven om varje n\u00e4rings\u00e4mne har sina specifika funktioner i kroppen, arbetar de synergistiskt f\u00f6r att optimera den allm\u00e4nna h\u00e4lsan och v\u00e4lbefinnandet.<\/span><\/p>\n<p><span lang=\"en-US\">Produktens f\u00f6rdelar:<\/span><\/p>\n<ul>\n<li><strong><span lang=\"en-US\">Vitamin C (askorbinsyra):<\/span><\/strong><\/li>\n<\/ul>\n<p><span lang=\"en-US\">- Fr\u00e4mjar kollagenproduktionen, vilket \u00e4r viktigt f\u00f6r hudens och ledernas h\u00e4lsa.<\/span><br \/>\n<span lang=\"en-US\">- St\u00f6djer immunf\u00f6rsvarets funktion och hj\u00e4lper till att bek\u00e4mpa infektioner och s\u00e4songsbundna sjukdomar.<\/span><br \/>\n<span lang=\"en-US\">- Ger antioxidantskydd och hj\u00e4lper till att bek\u00e4mpa skador som orsakas av fria radikaler i kroppen.<\/span><\/p>\n<ul>\n<li><strong><span lang=\"en-US\">Vitamin D (\"solskensvitamin\"):<\/span><\/strong><\/li>\n<\/ul>\n<p><span lang=\"en-US\">- Viktigt f\u00f6r benh\u00e4lsan, hj\u00e4lper till med kalciumupptaget i kroppen.<\/span><br \/>\n<span lang=\"en-US\">- Bidrar till att uppr\u00e4tth\u00e5lla immunsystemets h\u00e4lsa, hj\u00e4lper till att f\u00f6rebygga infektioner och fr\u00e4mjar immunf\u00f6rsvaret.<\/span><br \/>\n<span lang=\"en-US\">- Kan spela en roll f\u00f6r reglering av hum\u00f6ret och f\u00f6rebyggande av depression.<\/span><\/p>\n<ul>\n<li><strong><span lang=\"en-US\">Zinc<\/span><span lang=\"en-US\">:<\/span><\/strong><\/li>\n<\/ul>\n<p><span lang=\"en-US\">- St\u00f6djer immunf\u00f6rsvarets funktion och hj\u00e4lper kroppen att f\u00f6rsvara sig mot infektioner och sjukdomar.<\/span><br \/>\n<span lang=\"en-US\">- Fr\u00e4mjar s\u00e5rl\u00e4kning och hj\u00e4lper kroppen att reparera och \u00e5terskapa skadad v\u00e4vnad.<\/span><br \/>\n<span lang=\"en-US\">- Essentiellt f\u00f6r tillv\u00e4xt och celldelning, vilket bidrar till korrekt utveckling och underh\u00e5ll av kroppsv\u00e4vnader.<\/span><\/p>\n<p><span lang=\"en-US\">Att s\u00e4kerst\u00e4lla ett tillr\u00e4ckligt intag av vitamin C, vitamin D och zink genom en balanserad kost \u00e4r avg\u00f6rande f\u00f6r att st\u00f6dja den allm\u00e4nna h\u00e4lsan och f\u00f6rhindra brister som kan leda till h\u00e4lsoproblem. Tillskott av dessa n\u00e4rings\u00e4mnen kan \u00f6verv\u00e4gas vid behov f\u00f6r att s\u00e4kerst\u00e4lla ett tillr\u00e4ckligt intag.<\/span><\/p>\n<p><strong><span lang=\"en-US\">Rekommenderad anv\u00e4ndning<\/span><\/strong><\/p>\n<p><span lang=\"en-US\">En dos (20 ml) per dag.<\/span><\/p>\n<p><strong>Meddelande:<\/strong><\/p>\n<ul>\n<li>Endast f\u00f6r vuxna och ers\u00e4tter inte en varierad och balanserad kost och en h\u00e4lsosam livsstil.<\/li>\n<li>\u00d6verskrid inte den rekommenderade dosen.<\/li>\n<li>Anv\u00e4nd inte produkten under amning eller graviditet utan att r\u00e5dg\u00f6ra med l\u00e4kare.<\/li>\n<li>F\u00f6rvara produkten p\u00e5 en sval, torr plats i en v\u00e4l tillsluten f\u00f6rpackning utom r\u00e4ckh\u00e5ll f\u00f6r barn under 3 \u00e5r.<\/li>\n<li>Kan inneh\u00e5lla sp\u00e5r av havre, mj\u00f6lk, \u00e4gg, soja.<\/li>\n<li>Laktosfri och Glutenfri.<\/li>\n<\/ul>","protected":false},"excerpt":{"rendered":"<details>\n<summary>Ingredienser<\/summary>\n<table style=\"text-align: center\">\n<tbody>\n<tr>\n<th>Ingredienser<\/th>\n<th>100 ml<\/th>\n<th>per portion<br \/>\n20 ml<\/th>\n<th>%NRV*<br \/>\nper portion<\/th>\n<\/tr>\n<tr>\n<td>Vitamin C<\/td>\n<td>25000 mg<\/td>\n<td>1000 mg<\/td>\n<td>1250<\/td>\n<\/tr>\n<tr>\n<td>Vitamin D<\/td>\n<td>1250 \u03bcg<\/td>\n<td>50\u03bcg (2000ie)<\/td>\n<td>1000<\/td>\n<\/tr>\n<tr>\n<td>Zinc<\/td>\n<td>250 mg<\/td>\n<td>10 mg<\/td>\n<td>100<\/td>\n<\/tr>\n<tr>\n<td colspan=\"4\"><strong>\u00d6vriga ingredienser: <\/strong>vatten, kalciumaskorbat, L-askorbinsyra, zink (citrat), d-vitamin (kolekalciferol), konserveringsmedel (E211, E202), aromer, s\u00f6tningsmedel (E995)<\/td>\n<\/tr>\n<tr>\n<td colspan=\"4\"><strong>*%NRV <\/strong>n\u00e4ringsm\u00e4ssigt referensv\u00e4rde<\/td>\n<\/tr>\n<\/tbody>\n<\/table>\n<\/details>\n<p>&nbsp;<\/p>","protected":false},"featured_media":409,"template":"","meta":[],"product_cat":[214],"product_tag":[258],"class_list":{"0":"post-408","1":"product","2":"type-product","3":"status-publish","4":"has-post-thumbnail","6":"product_cat-vitamins-wellness","7":"product_tag-vitamins-wellness","9":"first","10":"instock","11":"taxable","12":"shipping-taxable","13":"purchasable","14":"product-type-simple"},"aioseo_notices":[],"_links":{"self":[{"href":"https:\/\/www.selfprotein.com\/sv\/wp-json\/wp\/v2\/product\/408"}],"collection":[{"href":"https:\/\/www.selfprotein.com\/sv\/wp-json\/wp\/v2\/product"}],"about":[{"href":"https:\/\/www.selfprotein.com\/sv\/wp-json\/wp\/v2\/types\/product"}],"wp:featuredmedia":[{"embeddable":true,"href":"https:\/\/www.selfprotein.com\/sv\/wp-json\/wp\/v2\/media\/409"}],"wp:attachment":[{"href":"https:\/\/www.selfprotein.com\/sv\/wp-json\/wp\/v2\/media?parent=408"}],"wp:term":[{"taxonomy":"product_cat","embeddable":true,"href":"https:\/\/www.selfprotein.com\/sv\/wp-json\/wp\/v2\/product_cat?post=408"},{"taxonomy":"product_tag","embeddable":true,"href":"https:\/\/www.selfprotein.com\/sv\/wp-json\/wp\/v2\/product_tag?post=408"}],"curies":[{"name":"wp","href":"https:\/\/api.w.org\/{rel}","templated":true}]}}