{"id":414,"date":"2023-11-27T13:04:54","date_gmt":"2023-11-27T12:04:54","guid":{"rendered":"https:\/\/34.88.231.180\/product\/citrulline-malate\/"},"modified":"2026-04-09T11:52:46","modified_gmt":"2026-04-09T09:52:46","slug":"citrulline-malate","status":"publish","type":"product","link":"https:\/\/www.selfprotein.com\/sv\/produkt\/citrulline-malate\/","title":{"rendered":"Citrulline Malate"},"content":{"rendered":"<p style=\"text-align: left;\" align=\"center\"><strong><span lang=\"en-US\">Citrulline Malate<\/span><\/strong><\/p>\n<p><span lang=\"en-US\">Citrullinmalat \u00e4r en kombination av aminosyran citrullin och organiskt \u00e4ppelsyrasalt. Detta kosttillskott anv\u00e4nds ofta f\u00f6r att optimera fysisk prestanda och lindra muskeltr\u00f6tthet, s\u00e4rskilt under h\u00f6gintensiva \u00f6vningar. Dess pulverformulering m\u00f6jligg\u00f6r enkel dosering och snabb absorption i kroppen.<\/span><\/p>\n<p><span lang=\"en-US\">F\u00f6rdelar med Citrulline Malate:<\/span><\/p>\n<ul>\n<li><strong><span lang=\"en-US\">Bekv\u00e4mlighet vid konsumtion<\/span><\/strong><span lang=\"en-US\"><strong>:<\/strong> Pulverformen av citrullinmalat g\u00f6r tillskott med produkten extremt bekv\u00e4m, vilket m\u00f6jligg\u00f6r snabb blandning i drycker och d\u00e4rmed underl\u00e4ttar intag under dagliga rutiner eller f\u00f6re fysisk aktivitet.<\/span><\/li>\n<li><strong><span lang=\"en-US\">F\u00f6rb\u00e4ttring av den fysiska prestationsf\u00f6rm\u00e5gan:<\/span><\/strong><span lang=\"en-US\"> Att ta citrullinmalatpulver kan bidra till f\u00f6rb\u00e4ttrad prestanda under intensiv fysisk aktivitet, tack vare dess p\u00e5st\u00e5dda effekt p\u00e5 att f\u00f6rb\u00e4ttra blodfl\u00f6det och kv\u00e4veoxidproduktionen, vilket kan \u00f6ka muskeluth\u00e5lligheten och styrkan.<\/span><\/li>\n<li><strong><span lang=\"en-US\">Minskning av muskeltr\u00f6tthet:<\/span><\/strong><span lang=\"en-US\"> Personer som intar citrullinmalatpulver kan uppleva en minskad muskeltr\u00f6tthet under och efter tr\u00e4ning, vilket ger snabbare \u00e5terh\u00e4mtning och b\u00e4ttre f\u00f6rm\u00e5ga att h\u00e5lla ut under intensiva tr\u00e4ningspass.<\/span><\/li>\n<li><strong><span lang=\"en-US\">Snabb absorption:<\/span><\/strong><span lang=\"en-US\"> Pulverformen m\u00f6jligg\u00f6r ett snabbt upptag av citrullinmalat i kroppen, vilket ger en snabbare verkan av dess gynnsamma effekter p\u00e5 blodfl\u00f6det och cirkulationen.<\/span><\/li>\n<li><strong><span lang=\"en-US\">Anpassningsbarhet till personligt bruk<\/span><\/strong><span lang=\"en-US\"><strong>:<\/strong> M\u00f6jligheten att justera dosen av citrullinmalatpulver g\u00f6r det m\u00f6jligt f\u00f6r individer att skr\u00e4ddarsy intaget efter sina specifika behov, vilket m\u00f6jligg\u00f6r mer exakt kontroll \u00f6ver \u00f6nskade effekter.<\/span><\/li>\n<\/ul>\n<p>&nbsp;<\/p>\n<p><strong><span lang=\"en-US\">Rekommenderad anv\u00e4ndning<\/span><\/strong><\/p>\n<p><span lang=\"en-US\">Ta 1 portion cirka 30-45 minuter f\u00f6re tr\u00e4ning.<\/span><\/p>\n<p><strong>Meddelande:<\/strong><\/p>\n<ul>\n<li>Endast f\u00f6r vuxna och ers\u00e4tter inte en varierad och balanserad kost och en h\u00e4lsosam livsstil.<\/li>\n<li>\u00d6verskrid inte den rekommenderade dosen.<\/li>\n<li>Anv\u00e4nd inte produkten under amning eller graviditet utan att r\u00e5dg\u00f6ra med l\u00e4kare.<\/li>\n<li>F\u00f6rvara produkten p\u00e5 en sval, torr plats i en v\u00e4l tillsluten f\u00f6rpackning utom r\u00e4ckh\u00e5ll f\u00f6r barn under 3 \u00e5r.<\/li>\n<li>Kan inneh\u00e5lla sp\u00e5r av mj\u00f6lk, havre, \u00e4gg och soja.<\/li>\n<li>Laktosfri och Glutenfri.<\/li>\n<\/ul>","protected":false},"excerpt":{"rendered":"<details>\n<summary>Ingredienser<\/summary>\n<table style=\"text-align: center;\">\n<tbody>\n<tr>\n<th>Ingredienser<\/th>\n<th>per portion<\/th>\n<\/tr>\n<tr>\n<td>Citrulline Malate<\/td>\n<td>3g<\/td>\n<\/tr>\n<tr>\n<td colspan=\"2\"><strong>\u00d6vriga ingredienser: <\/strong>stabiliseringsmedel (E953), klumpf\u00f6rebyggande medel (E551), antioxidationsmedel (E341), emulgeringsmedel (E470b)<\/td>\n<\/tr>\n<\/tbody>\n<\/table>\n<\/details>\n<p>&nbsp;<\/p>","protected":false},"featured_media":416,"template":"","meta":[],"product_cat":[310,217],"product_tag":[315,230],"class_list":{"0":"post-414","1":"product","2":"type-product","3":"status-publish","4":"has-post-thumbnail","6":"product_cat-performance-and-endurance","7":"product_cat-pre-workout-energy","8":"product_tag-performance-and-endurance","9":"product_tag-pre-workout-energy","11":"first","12":"instock","13":"sale","14":"taxable","15":"shipping-taxable","16":"purchasable","17":"product-type-simple"},"aioseo_notices":[],"_links":{"self":[{"href":"https:\/\/www.selfprotein.com\/sv\/wp-json\/wp\/v2\/product\/414"}],"collection":[{"href":"https:\/\/www.selfprotein.com\/sv\/wp-json\/wp\/v2\/product"}],"about":[{"href":"https:\/\/www.selfprotein.com\/sv\/wp-json\/wp\/v2\/types\/product"}],"wp:featuredmedia":[{"embeddable":true,"href":"https:\/\/www.selfprotein.com\/sv\/wp-json\/wp\/v2\/media\/416"}],"wp:attachment":[{"href":"https:\/\/www.selfprotein.com\/sv\/wp-json\/wp\/v2\/media?parent=414"}],"wp:term":[{"taxonomy":"product_cat","embeddable":true,"href":"https:\/\/www.selfprotein.com\/sv\/wp-json\/wp\/v2\/product_cat?post=414"},{"taxonomy":"product_tag","embeddable":true,"href":"https:\/\/www.selfprotein.com\/sv\/wp-json\/wp\/v2\/product_tag?post=414"}],"curies":[{"name":"wp","href":"https:\/\/api.w.org\/{rel}","templated":true}]}}