{"id":419,"date":"2023-11-27T13:05:14","date_gmt":"2023-11-27T12:05:14","guid":{"rendered":"https:\/\/34.88.231.180\/product\/cla\/"},"modified":"2026-05-01T00:23:42","modified_gmt":"2026-04-30T22:23:42","slug":"cla","status":"publish","type":"product","link":"https:\/\/www.selfprotein.com\/sv\/produkt\/cla\/","title":{"rendered":"CLA Conjugated Linoleic Acid"},"content":{"rendered":"<p style=\"text-align: left;\" align=\"center\"><strong><span lang=\"en-US\">CLA<\/span><\/strong><\/p>\n<p><span lang=\"en-US\">Konjugerad linolsyra (CLA) \u00e4r ett flerom\u00e4ttat fett som har v\u00e4ckt intresse som kosttillskott f\u00f6r viktminskning, men som ocks\u00e5 kan ge potentiella f\u00f6rdelar f\u00f6r idrottare.<\/span><\/p>\n<p><span lang=\"en-US\">Att integrera CLA som en del av en omfattande n\u00e4ringsstrategi kan ge idrottare en ytterligare f\u00f6rdel n\u00e4r det g\u00e4ller att uppn\u00e5 sina m\u00e5l f\u00f6r prestation och \u00f6vergripande v\u00e4lbefinnande. Det \u00e4r dock viktigt att r\u00e5dg\u00f6ra med sjukv\u00e5rdspersonal innan man integrerar n\u00e5got nytt tillskott i sin kost.<\/span><\/p>\n<p><span lang=\"en-US\">H\u00e4r \u00e4r n\u00e5gra av de f\u00f6rdelar som CLA kan erbjuda f\u00f6r idrottsprestationer:<\/span><\/p>\n<ul>\n<li><strong><span lang=\"en-US\">Minskning av kroppsfett:<\/span><\/strong><span lang=\"en-US\"> CLA kan bidra till att minska kroppsfettet, vilket \u00e4r s\u00e4rskilt f\u00f6rdelaktigt f\u00f6r idrottare som beh\u00f6ver bibeh\u00e5lla en mager kroppssammans\u00e4ttning f\u00f6r att optimera sin prestation inom idrotten.<\/span><\/li>\n<li><strong><span lang=\"en-US\">St\u00f6d f\u00f6r muskeltillv\u00e4xt:<\/span><\/strong><span lang=\"en-US\"> CLA kan fr\u00e4mja muskeltillv\u00e4xt, vilket \u00e4r en viktig aspekt f\u00f6r idrottare som vill f\u00f6rb\u00e4ttra sin styrka, uth\u00e5llighet och kraft.<\/span><\/li>\n<li><strong><span lang=\"en-US\">F\u00f6rb\u00e4ttring av immunf\u00f6rsvaret:<\/span><\/strong><span lang=\"en-US\"> CLA kan f\u00f6rb\u00e4ttra immunf\u00f6rsvaret och ge idrottare ett b\u00e4ttre skydd mot infektioner, s\u00e4rskilt med tanke p\u00e5 de risker som \u00e4r f\u00f6rknippade med h\u00f6g fysisk aktivitet.<\/span><\/li>\n<li><strong><span lang=\"en-US\">Minskning av inflammation:<\/span><\/strong><span lang=\"en-US\"> Tack vare sina antiinflammatoriska egenskaper kan CLA bidra till att minska inflammation och muskelv\u00e4rk som orsakas av intensiv fysisk tr\u00e4ning, vilket g\u00f6r att idrottare kan \u00e5terh\u00e4mta sig snabbare och uppr\u00e4tth\u00e5lla h\u00f6g prestanda p\u00e5 l\u00e5ng sikt.<\/span><\/li>\n<\/ul>\n<p>&nbsp;<\/p>\n<p><strong><span lang=\"en-US\">Rekommenderad anv\u00e4ndning<\/span><\/strong><\/p>\n<p><span lang=\"en-US\">Ta 3 kapslar under hela dagen<\/span><\/p>\n<p><strong>Meddelande:<\/strong><\/p>\n<ul>\n<li>Endast f\u00f6r vuxna och ers\u00e4tter inte en varierad och balanserad kost och en h\u00e4lsosam livsstil.<\/li>\n<li>\u00d6verskrid inte den rekommenderade dosen.<\/li>\n<li>Anv\u00e4nd inte produkten under amning eller graviditet utan att r\u00e5dg\u00f6ra med l\u00e4kare.<\/li>\n<li>F\u00f6rvara produkten p\u00e5 en sval, torr plats i en v\u00e4l tillsluten f\u00f6rpackning utom r\u00e4ckh\u00e5ll f\u00f6r barn under 3 \u00e5r.<\/li>\n<li>Kan inneh\u00e5lla sp\u00e5r av mj\u00f6lk, havre, \u00e4gg, soja.<\/li>\n<li>Laktosfri och Glutenfri.<\/li>\n<\/ul>","protected":false},"excerpt":{"rendered":"<details>\n<summary>Ingredienser<\/summary>\n<table style=\"text-align: center;\">\n<tbody>\n<tr>\n<th>Ingredienser<\/th>\n<th>per 3 kapslar<\/th>\n<\/tr>\n<tr>\n<td>CLA - konjugerad linolsyra<\/td>\n<td>3000 mg<\/td>\n<\/tr>\n<tr>\n<td>(olja av safflorfr\u00f6n)<\/td>\n<td><\/td>\n<\/tr>\n<tr>\n<td colspan=\"2\"><strong>\u00d6vriga ingredienser: <\/strong>softgelkapsel (bovint gelatin), glycerin, renat vatten<\/td>\n<\/tr>\n<\/tbody>\n<\/table>\n<\/details>\n<p>&nbsp;<\/p>","protected":false},"featured_media":7141,"template":"","meta":[],"product_cat":[155,309],"product_tag":[163,319],"class_list":{"0":"post-419","1":"product","2":"type-product","3":"status-publish","4":"has-post-thumbnail","6":"product_cat-weight-control-metabolism","7":"product_cat-weight-management-and-definition","8":"product_tag-weight-control-metabolism","9":"product_tag-weight-management-and-definition","11":"first","12":"instock","13":"taxable","14":"shipping-taxable","15":"purchasable","16":"product-type-simple"},"aioseo_notices":[],"_links":{"self":[{"href":"https:\/\/www.selfprotein.com\/sv\/wp-json\/wp\/v2\/product\/419"}],"collection":[{"href":"https:\/\/www.selfprotein.com\/sv\/wp-json\/wp\/v2\/product"}],"about":[{"href":"https:\/\/www.selfprotein.com\/sv\/wp-json\/wp\/v2\/types\/product"}],"wp:featuredmedia":[{"embeddable":true,"href":"https:\/\/www.selfprotein.com\/sv\/wp-json\/wp\/v2\/media\/7141"}],"wp:attachment":[{"href":"https:\/\/www.selfprotein.com\/sv\/wp-json\/wp\/v2\/media?parent=419"}],"wp:term":[{"taxonomy":"product_cat","embeddable":true,"href":"https:\/\/www.selfprotein.com\/sv\/wp-json\/wp\/v2\/product_cat?post=419"},{"taxonomy":"product_tag","embeddable":true,"href":"https:\/\/www.selfprotein.com\/sv\/wp-json\/wp\/v2\/product_tag?post=419"}],"curies":[{"name":"wp","href":"https:\/\/api.w.org\/{rel}","templated":true}]}}