{"id":430,"date":"2023-11-27T13:05:33","date_gmt":"2023-11-27T12:05:33","guid":{"rendered":"https:\/\/34.88.231.180\/product\/collagen-powder\/"},"modified":"2026-04-01T00:00:14","modified_gmt":"2026-03-31T22:00:14","slug":"collagen-powder","status":"publish","type":"product","link":"https:\/\/www.selfprotein.com\/sv\/produkt\/collagen-powder\/","title":{"rendered":"Collagen Powder"},"content":{"rendered":"<p style=\"text-align: left;\" align=\"center\"><strong><span lang=\"en-US\">Collagen Powder<\/span><\/strong><\/p>\n<p><span lang=\"en-US\">Kollagen, ett grundl\u00e4ggande protein som finns i bindv\u00e4v som hud, senor, ligament och brosk, bildar kroppens st\u00f6djande struktur och ger styrka och motst\u00e5ndskraft till v\u00e4vnader. Proteinet best\u00e5r huvudsakligen av aminosyror som glycin, prolin och hydroxiprolin och \u00e4r viktigt f\u00f6r att uppr\u00e4tth\u00e5lla h\u00e4lsan och integriteten i bindv\u00e4ven. Med stigande \u00e5lder minskar dock kollagenproduktionen, vilket leder till en rad fysiologiska f\u00f6r\u00e4ndringar, bland annat f\u00f6rlust av hudens elasticitet och ledsm\u00e4rtor. Kollagentillskott marknadsf\u00f6rs ofta f\u00f6r sina potentiella h\u00e4lsof\u00f6rdelar, inklusive f\u00f6rb\u00e4ttringar av hudens utseende, ledh\u00e4lsan och tarmh\u00e4lsan.<\/span><\/p>\n<p><span lang=\"en-US\">F\u00f6rdelar med kollagentillskott:<\/span><\/p>\n<ul>\n<li><strong><span lang=\"en-US\">I<\/span><span lang=\"en-US\">F\u00f6rb\u00e4ttring av hudens elasticitet: <\/span><\/strong><span lang=\"en-US\">Kollagentillskott kan bidra till att uppr\u00e4tth\u00e5lla hudens elasticitet, minska uppkomsten av rynkor och f\u00f6rlust av ton, vilket fr\u00e4mjar ett yngre och ljusare utseende.<\/span><\/li>\n<li><strong><span lang=\"en-US\">F\u00f6rb\u00e4ttrad h\u00e4lsa i lederna:<\/span><\/strong><span lang=\"en-US\"> Kollagentillskott kan st\u00f6dja ledh\u00e4lsan genom att ge dem den struktur och sm\u00f6rjning som beh\u00f6vs f\u00f6r optimal funktion, vilket minskar risken f\u00f6r ledv\u00e4rk och \u00e5ldersrelaterade problem.<\/span><\/li>\n<li><strong><span lang=\"en-US\">Fr\u00e4mjande av tarmh\u00e4lsa:<\/span><\/strong><span lang=\"en-US\"> Kollagen \u00e4r ocks\u00e5 viktigt f\u00f6r tarmh\u00e4lsan genom att bidra till f\u00f6rnyelse av tarmslemhinnan och uppr\u00e4tth\u00e5llande av tarmv\u00e4ggens integritet, vilket kan minska inflammation och f\u00f6rb\u00e4ttra matsm\u00e4ltningen.<\/span><\/li>\n<li><strong><span lang=\"en-US\">St\u00f6d f\u00f6r benh\u00e4lsa:<\/span><\/strong><span lang=\"en-US\"> Kollagen \u00e4r en viktig komponent i benstrukturen; d\u00e4rf\u00f6r kan kosttillskott hj\u00e4lpa till att uppr\u00e4tth\u00e5lla benh\u00e4lsa och densitet, vilket minskar risken f\u00f6r osteoporos och frakturer.<\/span><\/li>\n<li><strong><span lang=\"en-US\">Fr\u00e4mjande av h\u00e5r- och nagelh\u00e4lsa:<\/span><\/strong><span lang=\"en-US\"> Vissa studier tyder p\u00e5 att kollagentillskott ocks\u00e5 kan fr\u00e4mja h\u00e5rv\u00e4xt och f\u00f6rb\u00e4ttra nagelh\u00e4lsan, vilket g\u00f6r dem starkare och mer motst\u00e5ndskraftiga.<\/span><\/li>\n<\/ul>\n<p>&nbsp;<\/p>\n<p><strong><span lang=\"en-US\">Rekommenderad anv\u00e4ndning<\/span><\/strong><\/p>\n<p><span lang=\"en-US\">En portion per dag: 8 g, cirka tv\u00e5 skopor, som blandas med 200 ml vatten.<\/span><\/p>\n<p><strong>Meddelande:<\/strong><\/p>\n<ul>\n<li>Endast f\u00f6r vuxna och ers\u00e4tter inte en varierad och balanserad kost och en h\u00e4lsosam livsstil.<\/li>\n<li>\u00d6verskrid inte den rekommenderade dosen.<\/li>\n<li>Anv\u00e4nd inte produkten under amning eller graviditet utan att r\u00e5dg\u00f6ra med l\u00e4kare.<\/li>\n<li>F\u00f6rvara produkten p\u00e5 en sval, torr plats i en v\u00e4l tillsluten f\u00f6rpackning utom r\u00e4ckh\u00e5ll f\u00f6r barn under 3 \u00e5r.<\/li>\n<li>Kan inneh\u00e5lla sp\u00e5r av mj\u00f6lk, havre, \u00e4gg, soja.<\/li>\n<li>Laktosfri och Glutenfri.<\/li>\n<\/ul>","protected":false},"excerpt":{"rendered":"<p>Kollagenpulver Kollagen, ett grundl\u00e4ggande protein som finns i bindv\u00e4v som hud, senor, ligament och brosk, bildar kroppens st\u00f6djande struktur och ger styrka och motst\u00e5ndskraft till v\u00e4vnader. Detta protein best\u00e5r huvudsakligen av aminosyror som glycin, prolin och hydroxiprolin och \u00e4r viktigt f\u00f6r att uppr\u00e4tth\u00e5lla h\u00e4lsan och integriteten hos bindv\u00e4v. Men med stigande \u00e5lder [...]<\/p>","protected":false},"featured_media":432,"template":"","meta":[],"product_cat":[311],"product_tag":[317,258],"class_list":{"0":"post-430","1":"product","2":"type-product","3":"status-publish","4":"has-post-thumbnail","6":"product_cat-recovery-and-regeneration","7":"product_tag-recovery-and-regeneration","8":"product_tag-vitamins-wellness","10":"first","11":"instock","12":"sale","13":"taxable","14":"shipping-taxable","15":"purchasable","16":"product-type-variable"},"aioseo_notices":[],"_links":{"self":[{"href":"https:\/\/www.selfprotein.com\/sv\/wp-json\/wp\/v2\/product\/430"}],"collection":[{"href":"https:\/\/www.selfprotein.com\/sv\/wp-json\/wp\/v2\/product"}],"about":[{"href":"https:\/\/www.selfprotein.com\/sv\/wp-json\/wp\/v2\/types\/product"}],"wp:featuredmedia":[{"embeddable":true,"href":"https:\/\/www.selfprotein.com\/sv\/wp-json\/wp\/v2\/media\/432"}],"wp:attachment":[{"href":"https:\/\/www.selfprotein.com\/sv\/wp-json\/wp\/v2\/media?parent=430"}],"wp:term":[{"taxonomy":"product_cat","embeddable":true,"href":"https:\/\/www.selfprotein.com\/sv\/wp-json\/wp\/v2\/product_cat?post=430"},{"taxonomy":"product_tag","embeddable":true,"href":"https:\/\/www.selfprotein.com\/sv\/wp-json\/wp\/v2\/product_tag?post=430"}],"curies":[{"name":"wp","href":"https:\/\/api.w.org\/{rel}","templated":true}]}}