{"id":539,"date":"2023-11-27T13:17:56","date_gmt":"2023-11-27T12:17:56","guid":{"rendered":"https:\/\/34.88.231.180\/product\/corticut\/"},"modified":"2026-05-01T00:23:43","modified_gmt":"2026-04-30T22:23:43","slug":"corticut","status":"publish","type":"product","link":"https:\/\/www.selfprotein.com\/sv\/produkt\/corticut\/","title":{"rendered":"CortiCut"},"content":{"rendered":"<p style=\"text-align: left\" align=\"center\"><strong><span lang=\"en-US\">Corticut<\/span><\/strong><\/p>\n<p><span lang=\"en-US\">Utforska de m\u00e5nga f\u00f6rdelarna med Corticut, ett tillskott som \u00e4r utformat f\u00f6r att f\u00f6rb\u00e4ttra din mentala och fysiska h\u00e4lsa. Med en m\u00e5linriktad formulering \u00e4r Corticut utformat f\u00f6r att minska tr\u00f6tthet under stressperioder, st\u00f6dja nervsystemets normala funktion och f\u00f6rb\u00e4ttra koncentration och uppm\u00e4rksamhet. Dessutom \u00e4r det gluten- och laktosfritt, vilket g\u00f6r det l\u00e4mpligt f\u00f6r ett brett spektrum av m\u00e4nniskor med specifika kostbehov.<\/span><\/p>\n<p><span lang=\"en-US\">F\u00f6rdelar med Corticut:<\/span><\/p>\n<ul>\n<li><strong><span lang=\"en-US\">Minskad tr\u00f6tthet<\/span><\/strong><span lang=\"en-US\"><strong>:<\/strong> Tack vare sin specifika formulering kan Corticut bidra till att minska tr\u00f6tthet under stressperioder, s\u00e5 att du kan ta itu med dagliga utmaningar med mer energi och vitalitet.<\/span><\/li>\n<li><strong><span lang=\"en-US\">St\u00f6d f\u00f6r nervsystemet:<\/span><\/strong><span lang=\"en-US\"> Corticut \u00e4r utformat f\u00f6r att st\u00f6dja nervsystemets normala funktion och d\u00e4rigenom bidra till att uppr\u00e4tth\u00e5lla en optimal mental h\u00e4lsa.<\/span><\/li>\n<li><strong><span lang=\"en-US\">F\u00f6rb\u00e4ttring av koncentration och uppm\u00e4rksamhet:<\/span><\/strong><span lang=\"en-US\"> Corticuts ingredienser \u00e4r utvalda f\u00f6r att fr\u00e4mja b\u00e4ttre koncentration och uppm\u00e4rksamhet, vilket g\u00f6r att du kan vara mer fokuserad och produktiv i dina dagliga aktiviteter.<\/span><\/li>\n<li><strong><span lang=\"en-US\">Stimulering av fysiska och mentala f\u00f6rm\u00e5gor:<\/span><\/strong><span lang=\"en-US\"> Genom att integrera Corticut i din rutin kan du uppleva en \u00f6kning av den fysiska och mentala f\u00f6rm\u00e5gan, vilket hj\u00e4lper dig att uppn\u00e5 dina prestations- och h\u00e4lsom\u00e5l.<\/span><\/li>\n<li><strong><span lang=\"en-US\">Gluten- och laktosfri:<\/span><\/strong><span lang=\"en-US\"> Eftersom Corticut \u00e4r gluten- och laktosfri \u00e4r den l\u00e4mplig f\u00f6r personer med f\u00f6do\u00e4mnesintolerans eller som f\u00f6ljer en specifik diet, vilket garanterar ett s\u00e4kert och h\u00e4lsosamt val.<\/span><\/li>\n<\/ul>\n<p><\/p>\n<p><span lang=\"en-US\">Med Corticut kan du njuta av en rad f\u00f6rdelar som st\u00f6der ditt allm\u00e4nna v\u00e4lbefinnande, s\u00e5 att du kan m\u00f6ta livet med st\u00f6rre vitalitet, koncentration och motst\u00e5ndskraft, utan att beh\u00f6va oroa dig f\u00f6r dina specifika kostbehov.<\/span>\n<\/p>\n<p><strong><span lang=\"en-US\">Rekommenderad anv\u00e4ndning<\/span><\/strong><\/p>\n<p><span lang=\"en-US\">4 kapslar per dag, direkt efter tr\u00e4ningspasset eller f\u00f6rdelat \u00f6ver dagen.<\/span><\/p>\n<p><strong>Meddelande:<\/strong><\/p>\n<ul>\n<li>Endast f\u00f6r vuxna och ers\u00e4tter inte en varierad och balanserad kost och en h\u00e4lsosam livsstil.<\/li>\n<li>\u00d6verskrid inte den rekommenderade dosen.<\/li>\n<li>Rekommenderad daglig dos: 4 kapslar.<\/li>\n<li>Anv\u00e4nd inte produkten under amning eller graviditet utan att r\u00e5dg\u00f6ra med l\u00e4kare.<\/li>\n<li>F\u00f6rvara produkten p\u00e5 en sval, torr plats i en v\u00e4l tillsluten f\u00f6rpackning utom r\u00e4ckh\u00e5ll f\u00f6r barn under 3 \u00e5r.<\/li>\n<li>Kan inneh\u00e5lla sp\u00e5r av mj\u00f6lk, havre, \u00e4gg, soja.<\/li>\n<li>Laktosfri och Glutenfri.<\/li>\n<\/ul>","protected":false},"excerpt":{"rendered":"<details>\n<summary>Ingredienser<\/summary>\n<table style=\"text-align: center\">\n<tbody>\n<tr>\n<th>Ingredienser<\/th>\n<th>per 4 cps<\/th>\n<\/tr>\n<tr>\n<td>Vitamn C (askorbinsyra)<\/td>\n<td>1000 mg 1250%<\/td>\n<\/tr>\n<tr>\n<td>Fosfatidylserin (soja)<\/td>\n<td>600 mg<\/td>\n<\/tr>\n<tr>\n<td>Roseroot e.s-extrakt (Rhodiola Rosea, radix)<\/td>\n<td>500 mg<\/td>\n<\/tr>\n<tr>\n<td>GABA (gammaaminosm\u00f6rsyra)<\/td>\n<td>250 mg<\/td>\n<\/tr>\n<tr>\n<td>Magnesiumglycinat<\/td>\n<td>250 mg<\/td>\n<\/tr>\n<tr>\n<td>L-Theanin<\/td>\n<td>240 mg<\/td>\n<\/tr>\n<tr>\n<td colspan=\"2\"><strong>\u00d6vriga ingredienser: <\/strong>stabiliseringsmedel (E953, E470b, E551). vegansk kapsel (E1204)<\/td>\n<\/tr>\n<\/tbody>\n<\/table>\n<\/details>\n<p>&nbsp;<\/p>","protected":false},"featured_media":540,"template":"","meta":[],"product_cat":[155,309],"product_tag":[163,319],"class_list":{"0":"post-539","1":"product","2":"type-product","3":"status-publish","4":"has-post-thumbnail","6":"product_cat-weight-control-metabolism","7":"product_cat-weight-management-and-definition","8":"product_tag-weight-control-metabolism","9":"product_tag-weight-management-and-definition","11":"first","12":"instock","13":"taxable","14":"shipping-taxable","15":"purchasable","16":"product-type-simple"},"aioseo_notices":[],"_links":{"self":[{"href":"https:\/\/www.selfprotein.com\/sv\/wp-json\/wp\/v2\/product\/539"}],"collection":[{"href":"https:\/\/www.selfprotein.com\/sv\/wp-json\/wp\/v2\/product"}],"about":[{"href":"https:\/\/www.selfprotein.com\/sv\/wp-json\/wp\/v2\/types\/product"}],"wp:featuredmedia":[{"embeddable":true,"href":"https:\/\/www.selfprotein.com\/sv\/wp-json\/wp\/v2\/media\/540"}],"wp:attachment":[{"href":"https:\/\/www.selfprotein.com\/sv\/wp-json\/wp\/v2\/media?parent=539"}],"wp:term":[{"taxonomy":"product_cat","embeddable":true,"href":"https:\/\/www.selfprotein.com\/sv\/wp-json\/wp\/v2\/product_cat?post=539"},{"taxonomy":"product_tag","embeddable":true,"href":"https:\/\/www.selfprotein.com\/sv\/wp-json\/wp\/v2\/product_tag?post=539"}],"curies":[{"name":"wp","href":"https:\/\/api.w.org\/{rel}","templated":true}]}}