{"id":548,"date":"2023-11-27T13:18:08","date_gmt":"2023-11-27T12:18:08","guid":{"rendered":"https:\/\/34.88.231.180\/product\/dextrose\/"},"modified":"2026-05-01T00:23:43","modified_gmt":"2026-04-30T22:23:43","slug":"dextrose","status":"publish","type":"product","link":"https:\/\/www.selfprotein.com\/sv\/produkt\/dextrose\/","title":{"rendered":"Dextrose"},"content":{"rendered":"<p style=\"text-align: left;\" align=\"center\"><strong><span lang=\"en-US\">Dextrose<\/span><\/strong><\/p>\n<p><span lang=\"en-US\">Dextros, allm\u00e4nt k\u00e4nt som glukos, \u00e4r ett enkelt socker som finns i m\u00e5nga livsmedel och v\u00e4rdes\u00e4tts f\u00f6r sin f\u00f6rm\u00e5ga att fungera som s\u00f6tningsmedel och omedelbar energik\u00e4lla. Dextros \u00e4r en monosackarid, en enda sockermolekyl, och utg\u00f6r en av de prim\u00e4ra br\u00e4nslek\u00e4llorna f\u00f6r m\u00e4nniskokroppen. Dess snabba assimilering i blodomloppet ger omedelbar energi, vilket g\u00f6r den till en grundl\u00e4ggande komponent i sporttillskott och \u00e5terh\u00e4mtningsprodukter.<\/span><\/p>\n<p><span lang=\"en-US\">F\u00f6rdelar med dextros:<\/span><\/p>\n<ul>\n<li><strong><span lang=\"en-US\">Omedelbar energik\u00e4lla:<\/span><\/strong><span lang=\"en-US\"> P\u00e5 grund av sin monosackaridstruktur absorberas dextros snabbt av kroppen, vilket ger snabb energip\u00e5fyllning under intensiv eller l\u00e5ngvarig fysisk aktivitet.<\/span><\/li>\n<li><strong><span lang=\"en-US\">St\u00f6d f\u00f6r muskel\u00e5terh\u00e4mtning:<\/span><\/strong><span lang=\"en-US\"> Att inta dextros efter ett tr\u00e4ningspass kan hj\u00e4lpa till att \u00e5terst\u00e4lla de t\u00f6mda glykogenreserverna i musklerna, vilket underl\u00e4ttar musklernas \u00e5terh\u00e4mtningsprocess och minskar risken f\u00f6r tr\u00f6tthet.<\/span><\/li>\n<li><strong><span lang=\"en-US\">F\u00f6rb\u00e4ttrat upptag av andra n\u00e4rings\u00e4mnen:<\/span><\/strong><span lang=\"en-US\"> Dextros kan fr\u00e4mja absorptionen av andra n\u00e4rings\u00e4mnen, t.ex. proteiner, n\u00e4r de konsumeras tillsammans, vilket optimerar deras anv\u00e4ndning f\u00f6r muskelreparation och tillv\u00e4xt.<\/span><\/li>\n<li><strong><span lang=\"en-US\">M\u00e5ngsidighet i anv\u00e4ndningen:<\/span><\/strong><span lang=\"en-US\"> Dextros kan enkelt inf\u00f6rlivas i olika typer av kosttillskott, drycker eller energibars, vilket erbjuder ett bekv\u00e4mt s\u00e4tt att integrera omedelbar energi i den dagliga kosten.<\/span><\/li>\n<li><strong><span lang=\"en-US\">Reglering av glykemiskt index:<\/span><\/strong><span lang=\"en-US\"> Trots sitt h\u00f6ga glykemiska index kan dextros anv\u00e4ndas strategiskt f\u00f6r att ge en snabb energitopp n\u00e4r det beh\u00f6vs, s\u00e4rskilt under h\u00f6gintensiva tr\u00e4ningspass.<\/span><\/li>\n<\/ul>\n<p><\/p>\n<p><span lang=\"en-US\">Med sin f\u00f6rm\u00e5ga att ge en snabb och effektiv energik\u00e4lla har dextros f\u00e5tt en framtr\u00e4dande roll inom sportn\u00e4ring, vilket bidrar till att optimera fysisk prestation och fr\u00e4mja muskel\u00e5terh\u00e4mtning efter fysisk aktivitet.<\/span>\n<\/p>\n<p><strong><span lang=\"en-US\">Rekommenderad anv\u00e4ndning<\/span><\/strong><\/p>\n<p><span lang=\"en-US\">1 portion f\u00f6re och under tr\u00e4ningspass f\u00f6r att st\u00f6dja atletisk prestation<\/span><span lang=\"en-US\">.<\/span><\/p>\n<p><strong>Meddelande:<\/strong><\/p>\n<ul>\n<li>Endast f\u00f6r vuxna och ers\u00e4tter inte en varierad och balanserad kost och en h\u00e4lsosam livsstil.<\/li>\n<li>\u00d6verskrid inte den rekommenderade dosen.<\/li>\n<li>Anv\u00e4nd inte produkten under amning eller graviditet utan att r\u00e5dg\u00f6ra med l\u00e4kare.<\/li>\n<li>F\u00f6rvara produkten p\u00e5 en sval, torr plats i en v\u00e4l tillsluten f\u00f6rpackning utom r\u00e4ckh\u00e5ll f\u00f6r barn under 3 \u00e5r.<\/li>\n<li>Kan inneh\u00e5lla sp\u00e5r av mj\u00f6lk, havre, \u00e4gg, soja.<\/li>\n<li>Glutenfri.<\/li>\n<\/ul>","protected":false},"excerpt":{"rendered":"<details>\n<summary>N\u00e4ringsv\u00e4rde<\/summary>\n<table style=\"text-align: center;\">\n<tbody>\n<tr>\n<th>N\u00e4ringsv\u00e4rde<\/th>\n<th>per 100 g<\/th>\n<\/tr>\n<tr>\n<td>Energi<\/td>\n<td>360 kcal(1505kj)<\/td>\n<\/tr>\n<tr>\n<td>Fetter<\/td>\n<td>0g<\/td>\n<\/tr>\n<tr>\n<td>varav m\u00e4ttad<\/td>\n<td>0g<\/td>\n<\/tr>\n<tr>\n<td>Kolhydrater<\/td>\n<td>90g<\/td>\n<\/tr>\n<tr>\n<td>varav sockerarter<\/td>\n<td>90g<\/td>\n<\/tr>\n<tr>\n<td>Protein<\/td>\n<td>0g<\/td>\n<\/tr>\n<tr>\n<td>Kostfibrer<\/td>\n<td>0g<\/td>\n<\/tr>\n<tr>\n<td>Salt<\/td>\n<td>0g<\/td>\n<\/tr>\n<tr>\n<td colspan=\"2\"><strong>Ingredienser: <\/strong> dextros (majs)<\/td>\n<\/tr>\n<\/tbody>\n<\/table>\n<\/details>\n<p>&nbsp;<\/p>","protected":false},"featured_media":549,"template":"","meta":[],"product_cat":[310,217],"product_tag":[315,230],"class_list":{"0":"post-548","1":"product","2":"type-product","3":"status-publish","4":"has-post-thumbnail","6":"product_cat-performance-and-endurance","7":"product_cat-pre-workout-energy","8":"product_tag-performance-and-endurance","9":"product_tag-pre-workout-energy","11":"first","12":"instock","13":"taxable","14":"shipping-taxable","15":"purchasable","16":"product-type-simple"},"aioseo_notices":[],"_links":{"self":[{"href":"https:\/\/www.selfprotein.com\/sv\/wp-json\/wp\/v2\/product\/548"}],"collection":[{"href":"https:\/\/www.selfprotein.com\/sv\/wp-json\/wp\/v2\/product"}],"about":[{"href":"https:\/\/www.selfprotein.com\/sv\/wp-json\/wp\/v2\/types\/product"}],"wp:featuredmedia":[{"embeddable":true,"href":"https:\/\/www.selfprotein.com\/sv\/wp-json\/wp\/v2\/media\/549"}],"wp:attachment":[{"href":"https:\/\/www.selfprotein.com\/sv\/wp-json\/wp\/v2\/media?parent=548"}],"wp:term":[{"taxonomy":"product_cat","embeddable":true,"href":"https:\/\/www.selfprotein.com\/sv\/wp-json\/wp\/v2\/product_cat?post=548"},{"taxonomy":"product_tag","embeddable":true,"href":"https:\/\/www.selfprotein.com\/sv\/wp-json\/wp\/v2\/product_tag?post=548"}],"curies":[{"name":"wp","href":"https:\/\/api.w.org\/{rel}","templated":true}]}}